{"id":38446,"date":"2021-08-19T03:28:13","date_gmt":"2021-08-19T03:28:13","guid":{"rendered":"https:\/\/www.sisinternational.com\/?page_id=38446"},"modified":"2025-09-14T19:11:00","modified_gmt":"2025-09-14T23:11:00","slug":"pesquisa-de-mercado-de-cannabis","status":"publish","type":"page","link":"https:\/\/www.sisinternational.com\/pt\/pericia\/pesquisa-de-mercado-de-cannabis\/","title":{"rendered":"Pesquisa de mercado de cannabis"},"content":{"rendered":"<h1 class=\"wp-block-heading\">Pesquisa de mercado de cannabis<\/h1>\n\n\n\n<figure class=\"gb-block-image gb-block-image-fb5aba94\"><img loading=\"lazy\" decoding=\"async\" width=\"1456\" height=\"816\" class=\"gb-image gb-image-fb5aba94\" src=\"https:\/\/www.sisinternational.com\/wp-content\/uploads\/2025\/08\/Cannabis-3.jpg\" alt=\"Pesquisa e Estrat\u00e9gia de Mercado Internacional da SIS\" title=\"Cannabis (3)\" srcset=\"https:\/\/www.sisinternational.com\/wp-content\/uploads\/2025\/08\/Cannabis-3.jpg 1456w, https:\/\/www.sisinternational.com\/wp-content\/uploads\/2025\/08\/Cannabis-3-300x168.jpg 300w, https:\/\/www.sisinternational.com\/wp-content\/uploads\/2025\/08\/Cannabis-3-1024x574.jpg 1024w, https:\/\/www.sisinternational.com\/wp-content\/uploads\/2025\/08\/Cannabis-3-768x430.jpg 768w, https:\/\/www.sisinternational.com\/wp-content\/uploads\/2025\/08\/Cannabis-3-18x10.jpg 18w\" sizes=\"auto, (max-width: 1456px) 100vw, 1456px\"><\/figure>\n\n\n\n<p><\/p>\n\n\n\n<h2 class=\"wp-block-heading\">O que \u00e9 CDB<\/h2>\n\n\n\n<p>CBD \u00e9 canabidiol, que \u00e9 um produto qu\u00edmico da planta Cannabis sativa. Esta planta tamb\u00e9m \u00e9 conhecida como cannabis ou c\u00e2nhamo. A maconha e o c\u00e2nhamo s\u00e3o os dois tipos de cannabis, sendo que a maconha tem muito THC e pouco CBD. Os cientistas criam c\u00e2nhamo para remover a maior parte do THC. A estrutura qu\u00edmica do CBD n\u00e3o lhe d\u00e1 exatamente um \u201cbarato\u201d. Afeta o corpo de outras maneiras. Esse \u201cbarato\u201d vem do composto \u2018THC\u2019. Em contraste, o CBD retarda as respostas do corpo e acalma e relaxa o utilizador. Muitos usam o CBD como antiinflamat\u00f3rio e antioxidante.<\/p>\n\n\n\n<p>O <a href=\"https:\/\/www.sisinternational.com\/pt\/transportadoras-de-baixo-custo-na-industria-da-aviacao\/\" title=\"Pesquisa de mercado de companhias a\u00e9reas de baixo custo\"  data-wpil-monitor-id=\"7813\">global CBD market<\/a> had a value of US$553.7 million in 2020. Experts expect it to increase tenfold over the <a href=\"https:\/\/www.sisinternational.com\/pt\/pericia\/industrias\/pesquisa-de-mercado-automotivo\/futuro-dos-veiculos-eletricos-nos-eua\/\" title=\"The Future of Electric Vehicles in the USA &#8211; The Next 5 Years\"  data-wpil-monitor-id=\"7816\">next few years<\/a>.<\/p>\n\n\n\n<p>O FDA aprovou recentemente o Epidiolex. Este medicamento \u00e9 o primeiro derivado da cannabis. Ele tamb\u00e9m cont\u00e9m CBD. Os varejistas vendem CBD em \u00f3leos, sprays orais e cremes. Voc\u00ea tamb\u00e9m o encontra em comprimidos e alimentos.<\/p>\n\n\n\n<p>More people are getting into the use of CBD. They seek the benefits without the \u2018high.\u2019 Many parents, \u2018boomers\u2019, and white-collar workers use it. CBD is already legal in many states of America. This fact makes the CBD market an important one in the world.<\/p>\n\n\n\n<h2 class=\"wp-block-heading\">Por que a cannabis \u00e9 uma ind\u00fastria em crescimento<\/h2>\n\n\n\n<p>The cannabis industry is one of the fastest-growing in recent times. It has also received much support. Renowned investors and government officials alike are touting its benefits. The plant serves both medicinal and recreational purposes. The Covid-19 pandemic with its lockdowns caused sales of cannabis to increase to a great extent. Another reason for the runaway growth is the fact that more people are <a href=\"https:\/\/www.sisinternational.com\/pt\/global-beverage-market\/\" title=\"Global Beverage Market: Market Dynamics, Growth Projections &amp; Consumer Insights\"  data-wpil-monitor-id=\"7819\">consuming<\/a> cannabis than ever before.<\/p>\n\n\n\n<p>O mercado de can\u00e1bis tinha um valor de cerca de $20,5 mil milh\u00f5es de d\u00f3lares em 2020. Os especialistas esperam que quadruplique muito em breve. O crescimento desta ind\u00fastria tamb\u00e9m se deve ao aumento da legaliza\u00e7\u00e3o da cannabis. A erva agora \u00e9 legal na maioria dos estados. A maioria dos usu\u00e1rios de cannabis tem emprego. Uma base ativa de consumidores certamente manter\u00e1 o crescimento da ind\u00fastria.<\/p>\n\n\n\n<p>A cannabis tamb\u00e9m \u00e9 uma ind\u00fastria em crescimento porque \u00e9 nova. N\u00e3o \u00e9 preciso fazer muito para entrar nisso. As escolas est\u00e3o a ensinar mais aos alunos sobre a cannabis e a ind\u00fastria est\u00e1 a criar mais empregos. \u00c9 uma ind\u00fastria est\u00e1vel que n\u00e3o ir\u00e1 a lugar nenhum t\u00e3o cedo.<\/p>\n\n\n\n<h2 class=\"wp-block-heading\">O que s\u00e3o adapt\u00f3genos<\/h2>\n\n\n\n<figure class=\"gb-block-image gb-block-image-8e5c6aaa\"><img loading=\"lazy\" decoding=\"async\" width=\"1456\" height=\"816\" class=\"gb-image gb-image-8e5c6aaa\" src=\"https:\/\/www.sisinternational.com\/wp-content\/uploads\/2025\/08\/Cannabis-1.jpg\" alt=\"Pesquisa e Estrat\u00e9gia de Mercado Internacional da SIS\" title=\"Cannabis (1)\" srcset=\"https:\/\/www.sisinternational.com\/wp-content\/uploads\/2025\/08\/Cannabis-1.jpg 1456w, https:\/\/www.sisinternational.com\/wp-content\/uploads\/2025\/08\/Cannabis-1-300x168.jpg 300w, https:\/\/www.sisinternational.com\/wp-content\/uploads\/2025\/08\/Cannabis-1-1024x574.jpg 1024w, https:\/\/www.sisinternational.com\/wp-content\/uploads\/2025\/08\/Cannabis-1-768x430.jpg 768w, https:\/\/www.sisinternational.com\/wp-content\/uploads\/2025\/08\/Cannabis-1-18x10.jpg 18w\" sizes=\"auto, (max-width: 1456px) 100vw, 1456px\"><\/figure>\n\n\n\n<p><\/p>\n\n\n\n<p>Adapt\u00f3genos s\u00e3o plantas delicadas. A natureza projetou essas plantas para ajudar no estresse emocional e f\u00edsico. Vem da cultura asi\u00e1tica. Eles desaceleram os sistemas corporais que aceleraram. Eles tamb\u00e9m aceleram esses sistemas quando est\u00e3o lentos. Existem muitos adapt\u00f3genos diferentes, mas vamos nos concentrar na cannabis. Embora n\u00e3o seja exatamente visto como um adapt\u00f3geno, apresenta as mesmas propriedades.<\/p>\n\n\n\n<p>A cannabis ajuda os pacientes a lidar com o TEPT devido a eventos traum\u00e1ticos. Ele faz isso controlando a resposta de luta ou fuga de nossos corpos. \u00c9 tamb\u00e9m uma op\u00e7\u00e3o mais segura para pessoas com problemas com bebida. A cannabis ajuda a reduzir as chances de desenvolver Alzheimer. A planta tamb\u00e9m combate diabetes, c\u00e2ncer, glaucoma, depress\u00e3o e dores cr\u00f4nicas.<\/p>\n\n\n\n<p>As pessoas est\u00e3o se afastando do estigma da cannabis. A cannabis n\u00e3o \u00e9 apenas para &#039;chapados&#039;. Eles est\u00e3o come\u00e7ando a ver os benef\u00edcios duradouros da cannabis, uma planta que existe h\u00e1 s\u00e9culos.<\/p>\n\n\n\n<h2 class=\"wp-block-heading\">Legaliza\u00e7\u00e3o<\/h2>\n\n\n\n<p>A legaliza\u00e7\u00e3o da cannabis tem sido uma discuss\u00e3o popular h\u00e1 muitos anos. Muitos s\u00e3o a favor e muitos s\u00e3o contra. A maioria v\u00ea a legaliza\u00e7\u00e3o da cannabis como uma raz\u00e3o para o seu poss\u00edvel abuso. Legalizar a cannabis para uso recreativo e adulto tem seus benef\u00edcios. Aumenta o crescimento do emprego, os investimentos e as receitas fiscais.<\/p>\n\n\n\n<p>The legalization of cannabis is also essential for scientists. They believe that it could help develop cannabis-based medical treatments. This legalization also helps the judicial system. It saves money to tackle serious criminals. It also decreases jail time for these non-violent crimes. Besides, it drives cartels and street gangs out of business. It reduces the violent actions caused by these groups. It also helps the cannabis industry to flourish.<\/p>\n\n\n\n<p>Only a few countries have made the use of cannabis for recreation legal. Still, the penalties for its usage and sale have decreased. It makes it easier to <a href=\"https:\/\/www.sisinternational.com\/pt\/abrir-um-negocio-na-turquia\/\" title=\"Abrir um neg\u00f3cio na Turquia\"  data-wpil-monitor-id=\"7817\">set up more cannabis businesses<\/a> and trade. Investors are also taking note of this.<\/p>\n\n\n\n<h2 class=\"wp-block-heading\">Por que a pesquisa de mercado \u00e9 importante<\/h2>\n\n\n\n<p>Companies wishing to enter the cannabis industry will need to carry out <a href=\"https:\/\/www.sisinternational.com\/pt\/pericia\/curriculos-de-experiencia\/curriculo-de-experiencia-em-industrias-quimicas-e-energeticas\/\" title=\"Empresa de pesquisa de mercado qu\u00edmico e energ\u00e9tico\"  data-wpil-monitor-id=\"7814\">pesquisa de mercado<\/a>. It is a new industry. There are still many problems within that have to be fixed. There is also a need to educate investors about the benefits and risks of the industry. Investors <a href=\"https:\/\/www.sisinternational.com\/pt\/analysis-b2b\/\" title=\"What Business Leaders Need to Know Right Now\"  data-wpil-monitor-id=\"7818\">need to know<\/a> their consumer base. It is the only way to ensure the <a href=\"https:\/\/www.sisinternational.com\/pt\/predictive-analytics\/\" title=\"Predictive Analytics: Your Crystal Ball for Business Success\"  data-wpil-monitor-id=\"7815\">success of a business<\/a>.<\/p>\n\n\n\n<p>Voc\u00ea precisa de insights sobre a ind\u00fastria de CBD? Fornecemos pesquisas qualitativas, quantitativas e estrat\u00e9gicas. Tamb\u00e9m oferecemos grupos focais, entrevistas e pesquisas. Contate-nos hoje para uma consulta.<\/p>\n\n\n\n<p><\/p>","protected":false},"excerpt":{"rendered":"<p>A SIS \u00e9 uma empresa l\u00edder em pesquisa de mercado global. Descubra como expandir seus neg\u00f3cios com a Pesquisa de Mercado de Cannabis.<\/p>","protected":false},"author":1,"featured_media":63940,"parent":14514,"menu_order":73,"comment_status":"closed","ping_status":"closed","template":"","meta":{"footnotes":""},"class_list":["post-38446","page","type-page","status-publish","has-post-thumbnail"],"_links":{"self":[{"href":"https:\/\/www.sisinternational.com\/pt\/wp-json\/wp\/v2\/pages\/38446","targetHints":{"allow":["GET"]}}],"collection":[{"href":"https:\/\/www.sisinternational.com\/pt\/wp-json\/wp\/v2\/pages"}],"about":[{"href":"https:\/\/www.sisinternational.com\/pt\/wp-json\/wp\/v2\/types\/page"}],"author":[{"embeddable":true,"href":"https:\/\/www.sisinternational.com\/pt\/wp-json\/wp\/v2\/users\/1"}],"replies":[{"embeddable":true,"href":"https:\/\/www.sisinternational.com\/pt\/wp-json\/wp\/v2\/comments?post=38446"}],"version-history":[{"count":4,"href":"https:\/\/www.sisinternational.com\/pt\/wp-json\/wp\/v2\/pages\/38446\/revisions"}],"predecessor-version":[{"id":81319,"href":"https:\/\/www.sisinternational.com\/pt\/wp-json\/wp\/v2\/pages\/38446\/revisions\/81319"}],"up":[{"embeddable":true,"href":"https:\/\/www.sisinternational.com\/pt\/wp-json\/wp\/v2\/pages\/14514"}],"wp:featuredmedia":[{"embeddable":true,"href":"https:\/\/www.sisinternational.com\/pt\/wp-json\/wp\/v2\/media\/63940"}],"wp:attachment":[{"href":"https:\/\/www.sisinternational.com\/pt\/wp-json\/wp\/v2\/media?parent=38446"}],"curies":[{"name":"wp","href":"https:\/\/api.w.org\/{rel}","templated":true}]}}