{"id":38440,"date":"2021-08-19T03:05:58","date_gmt":"2021-08-19T03:05:58","guid":{"rendered":"https:\/\/www.sisinternational.com\/?page_id=38440"},"modified":"2025-09-14T19:21:10","modified_gmt":"2025-09-14T23:21:10","slug":"pesquisa-de-mercado-palestina","status":"publish","type":"page","link":"https:\/\/www.sisinternational.com\/pt\/cobertura\/pesquisa-de-mercado-medio-oriente\/pesquisa-de-mercado-palestina\/","title":{"rendered":"Pesquisa de mercado na Palestina"},"content":{"rendered":"<h1 class=\"wp-block-heading\">Pesquisa de mercado na Palestina<\/h1>\n\n\n\n<figure class=\"gb-block-image gb-block-image-250c1bab\"><img loading=\"lazy\" decoding=\"async\" width=\"1456\" height=\"816\" class=\"gb-image gb-image-250c1bab\" src=\"https:\/\/www.sisinternational.com\/wp-content\/uploads\/2025\/08\/Palestine-3.jpg\" alt=\"Pesquisa e Estrat\u00e9gia de Mercado Internacional da SIS\" title=\"Palestine (3)\" srcset=\"https:\/\/www.sisinternational.com\/wp-content\/uploads\/2025\/08\/Palestine-3.jpg 1456w, https:\/\/www.sisinternational.com\/wp-content\/uploads\/2025\/08\/Palestine-3-300x168.jpg 300w, https:\/\/www.sisinternational.com\/wp-content\/uploads\/2025\/08\/Palestine-3-1024x574.jpg 1024w, https:\/\/www.sisinternational.com\/wp-content\/uploads\/2025\/08\/Palestine-3-768x430.jpg 768w, https:\/\/www.sisinternational.com\/wp-content\/uploads\/2025\/08\/Palestine-3-18x10.jpg 18w\" sizes=\"auto, (max-width: 1456px) 100vw, 1456px\"><\/figure>\n\n\n\n<hr class=\"wp-block-separator has-alpha-channel-opacity is-style-dots\"\/>\n\n\n\n<p><span style=\"font-weight: 400;\">A Palestina tem um mercado \u00fanico marcado pela sua heran\u00e7a cultural diversificada e pela sua complexa paisagem geopol\u00edtica. Apesar de enfrentar numerosos desafios, incluindo tens\u00f5es pol\u00edticas e incertezas econ\u00f3micas, a pesquisa de mercado na Palestina apresenta oportunidades promissoras para empresas dispostas a navegar pelas suas complexidades.&nbsp;<\/span><\/p>\n\n\n\n<h2 class=\"wp-block-heading\"><strong>O que \u00e9 pesquisa de mercado na Palestina?<\/strong><\/h2>\n\n\n\n<p><span style=\"font-weight: 400;\">A pesquisa de mercado na Palestina estuda o comportamento do consumidor, identifica tend\u00eancias emergentes, avalia a concorr\u00eancia e avalia os quadros regulamentares. A din\u00e2mica \u00fanica do mercado da Palestina, influenciada pela instabilidade pol\u00edtica e pelas nuances culturais, exige abordagens personalizadas \u00e0 investiga\u00e7\u00e3o de mercado.&nbsp;<\/span><\/p>\n\n\n\n<h2 class=\"wp-block-heading\"><strong>Why Do Businesses Need Market Research in Palestine<\/strong><\/h2>\n\n\n\n<p><span style=\"font-weight: 400;\">As empresas enfrentam muitos desafios na navega\u00e7\u00e3o no mercado palestiniano, decorrentes do seu complexo ambiente geopol\u00edtico. A instabilidade pol\u00edtica, os conflitos regionais e as incertezas econ\u00f3micas t\u00eam um impacto significativo no comportamento dos consumidores, na din\u00e2mica do mercado e nos quadros regulamentares.&nbsp;<\/span><\/p>\n\n\n\n<p><span style=\"font-weight: 400;\">A pesquisa de mercado na Palestina ajuda as empresas a avaliar o cen\u00e1rio competitivo e a identificar os principais intervenientes no seu setor. Ao analisar os pontos fortes, fracos e o posicionamento de mercado dos concorrentes, as empresas podem desenvolver estrat\u00e9gias para se diferenciarem e conquistarem um nicho de mercado distinto. Al\u00e9m disso, a pesquisa de mercado ajuda as empresas a avaliar os requisitos regulamentares, as barreiras \u00e0 entrada no mercado e os riscos potenciais, permitindo-lhes tomar decis\u00f5es informadas e mitigar potenciais desafios no ambiente de neg\u00f3cios da Palestina.&nbsp;<\/span><\/p>\n\n\n\n<h2 class=\"wp-block-heading\"><strong>Quem usa pesquisa de mercado na Palestina?<\/strong><\/h2>\n\n\n\n<p><span style=\"font-weight: 400;\">Na Palestina, v\u00e1rios intervenientes contam com<a href=\"https:\/\/www.sisinternational.com\/pt\/cobertura\/pesquisa-de-mercado-medio-oriente\/\"> pesquisa de mercado<\/a> para informar seus processos de tomada de decis\u00e3o e iniciativas estrat\u00e9gicas. Aqui est\u00e3o algumas entidades principais que utilizam pesquisa de mercado:<\/span><\/p>\n\n\n\n<p><b>\u2022 Neg\u00f3cios Dom\u00e9sticos:<\/b><span style=\"font-weight: 400;\"> Palestinian companies across various industries leverage market research to gain insights into consumer behavior, market trends, and competitor strategies. By understanding the local market dynamics, these businesses can optimize their operations, refine their product offerings, and develop effective marketing strategies to better serve their customers.<\/span><\/p>\n\n\n\n<p><b>\u2022 Corpora\u00e7\u00f5es Internacionais:<\/b><span style=\"font-weight: 400;\"> As empresas multinacionais interessadas em entrar ou expandir a sua presen\u00e7a na Palestina realizam frequentemente pesquisas de mercado para avaliar a procura do mercado, o cen\u00e1rio competitivo, o ambiente regulamentar e as nuances culturais. Esta informa\u00e7\u00e3o permite-lhes adaptar as suas estrat\u00e9gias comerciais e ofertas ao mercado palestiniano, aumentando assim as suas hip\u00f3teses de sucesso.<\/span><\/p>\n\n\n\n<p><b>\u2022 Ag\u00eancias governamentais:<\/b><span style=\"font-weight: 400;\"> As entidades governamentais na Palestina, incluindo minist\u00e9rios, organismos reguladores e ag\u00eancias de desenvolvimento econ\u00f3mico, dependem de pesquisas de mercado para informar a elabora\u00e7\u00e3o de pol\u00edticas, o planeamento econ\u00f3mico e os esfor\u00e7os de promo\u00e7\u00e3o de investimentos.&nbsp;<\/span><\/p>\n\n\n\n<p><b>\u2022 Organiza\u00e7\u00f5es N\u00e3o Governamentais (ONG):<\/b><span style=\"font-weight: 400;\"> As ONG que operam na Palestina utilizam pesquisas de mercado para avaliar tend\u00eancias socioecon\u00f3micas, identificar necessidades comunit\u00e1rias e conceber projetos e programas de desenvolvimento que abordem desafios espec\u00edficos.&nbsp;<\/span><\/p>\n\n\n\n<h2 class=\"wp-block-heading\"><strong>Nossa an\u00e1lise e recomenda\u00e7\u00f5es atuais do mercado<\/strong><\/h2>\n\n\n\n<figure class=\"gb-block-image gb-block-image-43825adb\"><img loading=\"lazy\" decoding=\"async\" width=\"1456\" height=\"816\" class=\"gb-image gb-image-43825adb\" src=\"https:\/\/www.sisinternational.com\/wp-content\/uploads\/2025\/08\/Palestine-2.jpg\" alt=\"Pesquisa e Estrat\u00e9gia de Mercado Internacional da SIS\" title=\"Palestine (2)\" srcset=\"https:\/\/www.sisinternational.com\/wp-content\/uploads\/2025\/08\/Palestine-2.jpg 1456w, https:\/\/www.sisinternational.com\/wp-content\/uploads\/2025\/08\/Palestine-2-300x168.jpg 300w, https:\/\/www.sisinternational.com\/wp-content\/uploads\/2025\/08\/Palestine-2-1024x574.jpg 1024w, https:\/\/www.sisinternational.com\/wp-content\/uploads\/2025\/08\/Palestine-2-768x430.jpg 768w, https:\/\/www.sisinternational.com\/wp-content\/uploads\/2025\/08\/Palestine-2-18x10.jpg 18w\" sizes=\"auto, (max-width: 1456px) 100vw, 1456px\"><\/figure>\n\n\n\n<p><\/p>\n\n\n\n<p><span style=\"font-weight: 400;\">Acreditamos que o mercado da Palestina mostra resili\u00eancia e potencial de crescimento. Com iniciativas cont\u00ednuas de desenvolvimento de infraestrutura e esfor\u00e7os para promover o empreendedorismo e a inova\u00e7\u00e3o, o mercado est\u00e1 preparado para avan\u00e7os positivos nos pr\u00f3ximos anos. As empresas que se posicionam estrategicamente para aproveitar estas oportunidades poder\u00e3o beneficiar da evolu\u00e7\u00e3o do cen\u00e1rio econ\u00f3mico da Palestina.<\/span><\/p>\n\n\n\n<h2 class=\"wp-block-heading\"><strong>Resultados esperados dos servi\u00e7os de pesquisa de mercado da SIS<\/strong><\/h2>\n\n\n\n<p><span style=\"font-weight: 400;\">No <\/span><a href=\"https:\/\/twitter.com\/SISIntlResearch\" target=\"_blank\" rel=\"noopener\"><span style=\"font-weight: 400;\">SIS<\/span><\/a><span style=\"font-weight: 400;\">, nossos servi\u00e7os personalizados de pesquisa de mercado s\u00e3o projetados para fornecer insights pr\u00e1ticos e gerar resultados tang\u00edveis para empresas que operam na Palestina. Ao fazer parceria conosco, as empresas podem esperar os seguintes resultados:<\/span><\/p>\n\n\n\n<p><b>Compreens\u00e3o aprofundada do mercado:<\/b><span style=\"font-weight: 400;\">&nbsp;<\/span><\/p>\n\n\n\n<p><span style=\"font-weight: 400;\">Nossas rigorosas metodologias de pesquisa proporcionam \u00e0s empresas uma compreens\u00e3o profunda do cen\u00e1rio do mercado palestino, incluindo comportamento do consumidor, tend\u00eancias de mercado, din\u00e2mica competitiva e ambiente regulat\u00f3rio.&nbsp;<\/span><\/p>\n\n\n\n<p><b>Recomenda\u00e7\u00f5es Estrat\u00e9gicas:<\/b><span style=\"font-weight: 400;\">&nbsp;<\/span><\/p>\n\n\n\n<p><span style=\"font-weight: 400;\">Com base na nossa an\u00e1lise de mercado, oferecemos recomenda\u00e7\u00f5es estrat\u00e9gicas adaptadas aos objetivos e desafios \u00fanicos de cada cliente.&nbsp;<\/span><\/p>\n\n\n\n<p><b>Tomada de decis\u00e3o aprimorada:<\/b><span style=\"font-weight: 400;\">&nbsp;<\/span><\/p>\n\n\n\n<p><a href=\"https:\/\/www.linkedin.com\/company\/sisinternationalresearch\/\" target=\"_blank\" rel=\"noopener\"><span style=\"font-weight: 400;\">SIS Internacional<\/span><\/a><span style=\"font-weight: 400;\"> capacita as empresas com conhecimento e insights para tomar decis\u00f5es informadas em todas as fases do ciclo de vida do neg\u00f3cio.&nbsp;<\/span><\/p>\n\n\n\n<p><b>ROI melhorado:<\/b><span style=\"font-weight: 400;\">&nbsp;<\/span><\/p>\n\n\n\n<p><span style=\"font-weight: 400;\">Nossos insights permitem que as empresas aloquem recursos com mais efici\u00eancia, atinjam o p\u00fablico certo e otimizem os gastos com marketing, impulsionando, em \u00faltima an\u00e1lise, o crescimento da receita e a lucratividade.<\/span><\/p>\n\n\n\n<h2 class=\"wp-block-heading\">A Palestina, um pa\u00eds diversificado, j\u00e1 foi dividida em duas partes em 1947.<\/h2>\n\n\n\n<figure class=\"gb-block-image gb-block-image-bb31a76d\"><img loading=\"lazy\" decoding=\"async\" width=\"1456\" height=\"816\" class=\"gb-image gb-image-bb31a76d\" src=\"https:\/\/www.sisinternational.com\/wp-content\/uploads\/2025\/08\/Palestine-1.jpg\" alt=\"Pesquisa e Estrat\u00e9gia de Mercado Internacional da SIS\" title=\"Palestine (1)\" srcset=\"https:\/\/www.sisinternational.com\/wp-content\/uploads\/2025\/08\/Palestine-1.jpg 1456w, https:\/\/www.sisinternational.com\/wp-content\/uploads\/2025\/08\/Palestine-1-300x168.jpg 300w, https:\/\/www.sisinternational.com\/wp-content\/uploads\/2025\/08\/Palestine-1-1024x574.jpg 1024w, https:\/\/www.sisinternational.com\/wp-content\/uploads\/2025\/08\/Palestine-1-768x430.jpg 768w, https:\/\/www.sisinternational.com\/wp-content\/uploads\/2025\/08\/Palestine-1-18x10.jpg 18w\" sizes=\"auto, (max-width: 1456px) 100vw, 1456px\"><\/figure>\n\n\n\n<p><\/p>\n\n\n\n<p>O povo judeu e o estado \u00e1rabe (Palestina) j\u00e1 compartilharam a terra. Com efeito, a Palestina situa-se agora na regi\u00e3o oriental do Mediterr\u00e2neo, com partes de Israel na Faixa de Gaza. Al\u00e9m disso, \u00e9 uma \u00e1rea sagrada para judeus, crist\u00e3os e mu\u00e7ulmanos. Eles se referem a ela como \u201cTerra Santa\u201d. A sacralidade desta \u00e1rea para estas tr\u00eas religi\u00f5es levou a v\u00e1rias ocasi\u00f5es de guerra aberta no pa\u00eds.<\/p>\n\n\n\n<p>A Palestina, com 4,7 milh\u00f5es de habitantes, foi inicialmente chamada de Estado pelas Na\u00e7\u00f5es Unidas. Posteriormente, sua capital passou a ser Jerusal\u00e9m Oriental, que tem 540 mil habitantes. Jerusal\u00e9m tamb\u00e9m abriga alguns dos locais mais sagrados para judeus, crist\u00e3os e mu\u00e7ulmanos.<\/p>\n\n\n\n<h2 class=\"wp-block-heading\">Bairros<\/h2>\n\n\n\n<p>Gaza \u00e9 uma das \u00e1reas mais conhecidas da Palestina e \u00e9 uma regi\u00e3o aut\u00f4noma. Encontra-se em uma antiga rota comercial que sai do Egito.<\/p>\n\n\n\n<p>Outros bairros s\u00e3o Hebron e Khan Yunis Nablus.<\/p>\n\n\n\n<p>Em algumas aldeias, uma pr\u00e1tica comum \u00e9 ir para o campo. A maioria das pessoas tem terras com planta\u00e7\u00f5es no pa\u00eds, ent\u00e3o elas se retiram para tomar ch\u00e1 e apreciar a vista.<\/p>\n\n\n\n<h2 class=\"wp-block-heading\">Principais ind\u00fastrias<\/h2>\n\n\n\n<p>Alguns especialistas referem-se \u00e0 Palestina como um estado pobre. Por exemplo, n\u00e3o h\u00e1 muito acesso \u00e0 Internet. Apesar disso, as pessoas ainda utilizam os recursos de que disp\u00f5em.<\/p>\n\n\n\n<p>Plantar oliveiras \u00e9 uma forma de usar o que tem. Assim, cultivam oliveiras em mais de metade das terras ar\u00e1veis. As pessoas apreciam as oliveiras e comer destas \u00e1rvores \u00e9 simb\u00f3lico. Na verdade, eles se referem \u00e0s azeitonas como ouro verde e as utilizam para fazer azeite, sab\u00e3o, souvenirs e real\u00e7ar o sabor dos alimentos.<\/p>\n\n\n\n<p>Outras ind\u00fastrias incluem cimento, t\u00eaxteis, esculturas, processamento de alimentos e lembran\u00e7as de madrep\u00e9rola.<\/p>\n\n\n\n<h2 class=\"wp-block-heading\">Tend\u00eancias<\/h2>\n\n\n\n<p>O povo palestino tende a ser muito receptivo e amig\u00e1vel com os estrangeiros na chegada. Ainda assim, algumas transportadoras n\u00e3o viajam para a Palestina devido a conflitos recentes.<\/p>\n\n\n\n<p>A Faixa de Gaza ocupada por Israel causou desafios religiosos e muitos surtos extremamente violentos. No entanto, aumentou a sensibiliza\u00e7\u00e3o para os direitos humanos e as preocupa\u00e7\u00f5es humanit\u00e1rias, incluindo os limites da livre circula\u00e7\u00e3o, a falta de abastecimentos b\u00e1sicos e a falta de resposta \u00e0s necessidades das pessoas.<\/p>\n\n\n\n<p>Para al\u00e9m destes factores, a Autoridade Palestina deu uma reviravolta. Nos \u00faltimos anos, lan\u00e7ou as bases para o reconhecimento do Estado da Cisjord\u00e2nia. Esta ac\u00e7\u00e3o resultou em ganhos econ\u00f3micos e de seguran\u00e7a adequados na Cisjord\u00e2nia, que sofreu menos actos de viol\u00eancia.<\/p>\n\n\n\n<p>No que diz respeito a Gaza, os direitos humanos, socioecon\u00f3micos e de seguran\u00e7a continuam a ser \u00e1reas de preocupa\u00e7\u00e3o.<\/p>\n\n\n\n<h2 class=\"wp-block-heading\">Base de Consumidores<\/h2>\n\n\n\n<p>A agricultura \u00e9 uma pr\u00e1tica comum na Palestina. As pessoas colhem frutas e vegetais, incluindo azeitonas. As fam\u00edlias da aldeia possuem por\u00e7\u00f5es de terra no campo. Eles passam essas terras por gera\u00e7\u00f5es e as usam para cultivar suas planta\u00e7\u00f5es. Secar os frutos e vend\u00ea-los no mercado \u00e9 uma pr\u00e1tica comum.<\/p>\n\n\n\n<p>A maioria dos palestinos faz refei\u00e7\u00f5es em fam\u00edlia e cozinha, ent\u00e3o abrir um restaurante pode n\u00e3o ser sua melhor aposta. Quando fazem compras, compram produtos essenciais como farinha para fazer p\u00e3o. Eles tamb\u00e9m podem comprar o pr\u00f3prio p\u00e3o. Os palestinos tamb\u00e9m gastam dinheiro em roupas, produtos de higiene pessoal, carne e outros itens. O mercado \u00e9 onde a maioria das pessoas lucra com suas colheitas.<\/p>\n\n\n\n<h2 class=\"wp-block-heading\"><strong>Drivers de mercado<\/strong><\/h2>\n\n\n\n<p><span style=\"font-weight: 400;\">Para compreender a din\u00e2mica do mercado palestiniano, \u00e9 essencial identificar e analisar os factores que impulsionam o seu crescimento e desenvolvimento. Aqui est\u00e3o alguns fatores-chave que moldam o cen\u00e1rio do mercado automotivo na Palestina:<\/span><\/p>\n\n\n\n<ul class=\"wp-block-list\">\n<li><b>Crescimento econ\u00f4mico:<\/b><span style=\"font-weight: 400;\"> O desenvolvimento econ\u00f3mico cont\u00ednuo da Palestina, embora com desafios, est\u00e1 a impulsionar o aumento do poder de compra dos consumidores. \u00c0 medida que a economia cresce, aumenta tamb\u00e9m a procura de autom\u00f3veis para uso pessoal e comercial.<\/span><\/li>\n\n\n\n<li><b>Desenvolvimento de infraestrutura:<\/b><span style=\"font-weight: 400;\"> Os investimentos em infra-estruturas, tais como redes rodovi\u00e1rias e sistemas de transporte, desempenham um papel significativo no crescimento do sector autom\u00f3vel. A melhoria da infra-estrutura n\u00e3o s\u00f3 melhora a acessibilidade, mas tamb\u00e9m incentiva a propriedade e utiliza\u00e7\u00e3o de ve\u00edculos.<\/span><\/li>\n<\/ul>\n\n\n\n<h2 class=\"wp-block-heading\"><strong>Restri\u00e7\u00f5es de mercado<\/strong><\/h2>\n\n\n\n<p><span style=\"font-weight: 400;\">O mercado palestiniano enfrenta v\u00e1rios desafios e restri\u00e7\u00f5es que devem ser abordados para o desenvolvimento sustent\u00e1vel. Aqui est\u00e3o alguns fatores-chave que restringem o potencial do mercado:<\/span><\/p>\n\n\n\n<ul class=\"wp-block-list\">\n<li><b>Instabilidade pol\u00edtica:<\/b><span style=\"font-weight: 400;\"> Political tensions and regional conflicts contribute to economic uncertainty, affecting consumer confidence and investment decisions.\u00a0<\/span><\/li>\n\n\n\n<li><b>Limita\u00e7\u00f5es de infraestrutura:<\/b><span style=\"font-weight: 400;\"> Despite ongoing infrastructure development efforts, Palestine still needs help with adequate road networks, traffic congestion, and a lack of charging infrastructure for electric vehicles.\u00a0<\/span><\/li>\n\n\n\n<li><b>Acesso limitado ao financiamento:<\/b><span style=\"font-weight: 400;\"> Financing options for vehicle purchases remain limited in Palestine, particularly for individual consumers and small businesses.\u00a0<\/span><\/li>\n<\/ul>\n\n\n\n<h2 class=\"wp-block-heading\">Raz\u00f5es para expandir seus neg\u00f3cios na Palestina<\/h2>\n\n\n\n<p>A lei permite que uma empresa beneficie 100% do imposto de renda por cinco anos (ou mais). A Palestina tamb\u00e9m tem acordos de com\u00e9rcio livre com actores econ\u00f3micos globais. Tamb\u00e9m possui programas de incentivos e muitas oportunidades de investimento em diversos setores.<\/p>\n\n\n\n<h2 class=\"wp-block-heading\">Localiza\u00e7\u00e3o de nossas instala\u00e7\u00f5es em Nova York<\/h2>\n\n\n\n<p>  <iframe loading=\"lazy\" src=\"https:\/\/www.google.com\/maps\/embed?pb=!1m18!1m12!1m3!1d3022.976188376966!2d-73.99130312499956!3d40.740549471389315!2m3!1f0!2f0!3f0!3m2!1i1024!2i768!4f13.1!3m3!1m2!1s0x89c259a15798c731%3A0xd695d09bdd495f25!2s11%20E%2022nd%20St%20FL%202%2C%20New%20York%2C%20NY%2010010%2C%20USA!5e0!3m2!1sen!2spe!4v1726171763526!5m2!1sen!2spe\" width=\"600\" height=\"450\" allowfullscreen=\"allowfullscreen\" data-mce-fragment=\"1\"><\/iframe>  <\/p>\n\n\n\n<h3 class=\"wp-block-heading\">11 E 22nd Street, 2\u00ba andar, Nova York, NY 10010 T: +1(212) 505-6805<\/h3>\n\n\n\n<hr class=\"wp-block-separator has-alpha-channel-opacity\"\/>\n\n\n\n<h2 class=\"wp-block-heading\"><span style=\"font-weight: 400;\">Sobre SIS Internacional<\/span><\/h2>\n\n\n\n<p><a href=\"https:\/\/www.sisinternational.com\/pt\/\"><span style=\"font-weight: 400;\">SIS Internacional<\/span><\/a><span style=\"font-weight: 400;\"> oferece pesquisa quantitativa, qualitativa e estrat\u00e9gica. Fornecemos dados, ferramentas, estrat\u00e9gias, relat\u00f3rios e insights para a tomada de decis\u00f5es. Tamb\u00e9m realizamos entrevistas, pesquisas, grupos focais e outros m\u00e9todos e abordagens de Pesquisa de Mercado.<\/span><a href=\"https:\/\/www.sisinternational.com\/pt\/sobre-a-sis-international-research\/contact-sis-international-market-research\/\"><span style=\"font-weight: 400;\"> Entre em contato conosco<\/span><\/a><span style=\"font-weight: 400;\"> para o seu pr\u00f3ximo projeto de pesquisa de mercado.<\/span><\/p>\n\n\n\n<p><\/p>","protected":false},"excerpt":{"rendered":"<p>Descubra como expandir sua organiza\u00e7\u00e3o com Pesquisa de Mercado na Palestina.<\/p>","protected":false},"author":1,"featured_media":65091,"parent":36619,"menu_order":7,"comment_status":"closed","ping_status":"closed","template":"","meta":{"footnotes":""},"class_list":["post-38440","page","type-page","status-publish","has-post-thumbnail"],"_links":{"self":[{"href":"https:\/\/www.sisinternational.com\/pt\/wp-json\/wp\/v2\/pages\/38440","targetHints":{"allow":["GET"]}}],"collection":[{"href":"https:\/\/www.sisinternational.com\/pt\/wp-json\/wp\/v2\/pages"}],"about":[{"href":"https:\/\/www.sisinternational.com\/pt\/wp-json\/wp\/v2\/types\/page"}],"author":[{"embeddable":true,"href":"https:\/\/www.sisinternational.com\/pt\/wp-json\/wp\/v2\/users\/1"}],"replies":[{"embeddable":true,"href":"https:\/\/www.sisinternational.com\/pt\/wp-json\/wp\/v2\/comments?post=38440"}],"version-history":[{"count":10,"href":"https:\/\/www.sisinternational.com\/pt\/wp-json\/wp\/v2\/pages\/38440\/revisions"}],"predecessor-version":[{"id":68616,"href":"https:\/\/www.sisinternational.com\/pt\/wp-json\/wp\/v2\/pages\/38440\/revisions\/68616"}],"up":[{"embeddable":true,"href":"https:\/\/www.sisinternational.com\/pt\/wp-json\/wp\/v2\/pages\/36619"}],"wp:featuredmedia":[{"embeddable":true,"href":"https:\/\/www.sisinternational.com\/pt\/wp-json\/wp\/v2\/media\/65091"}],"wp:attachment":[{"href":"https:\/\/www.sisinternational.com\/pt\/wp-json\/wp\/v2\/media?parent=38440"}],"curies":[{"name":"wp","href":"https:\/\/api.w.org\/{rel}","templated":true}]}}