{"id":38424,"date":"2021-08-19T01:28:50","date_gmt":"2021-08-19T01:28:50","guid":{"rendered":"https:\/\/www.sisinternational.com\/?page_id=38424"},"modified":"2025-09-14T19:42:24","modified_gmt":"2025-09-14T23:42:24","slug":"pesquisa-de-mercado-iraque","status":"publish","type":"page","link":"https:\/\/www.sisinternational.com\/pt\/cobertura\/pesquisa-de-mercado-medio-oriente\/pesquisa-de-mercado-iraque\/","title":{"rendered":"Pesquisa de mercado no Iraque"},"content":{"rendered":"<h1 class=\"wp-block-heading\">Pesquisa de mercado no Iraque<\/h1>\n\n\n\n<figure class=\"gb-block-image gb-block-image-28003950\"><img loading=\"lazy\" decoding=\"async\" width=\"1456\" height=\"816\" class=\"gb-image gb-image-28003950\" src=\"https:\/\/www.sisinternational.com\/wp-content\/uploads\/2025\/08\/Iraq-2.jpg\" alt=\"Pesquisa e Estrat\u00e9gia de Mercado Internacional da SIS\" title=\"Iraq (2)\" srcset=\"https:\/\/www.sisinternational.com\/wp-content\/uploads\/2025\/08\/Iraq-2.jpg 1456w, https:\/\/www.sisinternational.com\/wp-content\/uploads\/2025\/08\/Iraq-2-300x168.jpg 300w, https:\/\/www.sisinternational.com\/wp-content\/uploads\/2025\/08\/Iraq-2-1024x574.jpg 1024w, https:\/\/www.sisinternational.com\/wp-content\/uploads\/2025\/08\/Iraq-2-768x430.jpg 768w, https:\/\/www.sisinternational.com\/wp-content\/uploads\/2025\/08\/Iraq-2-18x10.jpg 18w\" sizes=\"auto, (max-width: 1456px) 100vw, 1456px\"><\/figure>\n\n\n\n<hr class=\"wp-block-separator has-alpha-channel-opacity is-style-dots\"\/>\n\n\n\n<p><span style=\"font-weight: 400;\">Voc\u00ea j\u00e1 se perguntou sobre o potencial inexplorado do mercado iraquiano? Com a sua rica hist\u00f3ria, diversidade demogr\u00e1fica e economia em evolu\u00e7\u00e3o, o Iraque apresenta uma infinidade de oportunidades para as empresas. Com pesquisas estrat\u00e9gicas de mercado no Iraque, as empresas globais podem capitalizar este mercado em crescimento.<\/span><\/p>\n\n\n\n<h2 class=\"wp-block-heading\"><strong>O que \u00e9 pesquisa de mercado no Iraque?<\/strong><\/h2>\n\n\n\n<p><span style=\"font-weight: 400;\">A pesquisa de mercado no Iraque analisa dados relacionados ao mercado iraquiano para obter insights sobre o comportamento do consumidor, tend\u00eancias de mercado, estrat\u00e9gias da concorr\u00eancia e oportunidades de neg\u00f3cios.&nbsp;<\/span><\/p>\n\n\n\n<p><span style=\"font-weight: 400;\">Market research in Iraq aims to provide businesses with actionable insights and strategic recommendations that enable informed decision-making and market entry strategies. Actually, by understanding the Iraqi market landscape, including regulatory frameworks, cultural nuances, and consumer preferences, businesses can mitigate risks, identify growth opportunities, and optimize their <a href=\"https:\/\/www.sisinternational.com\/pt\/a-crise-global-de-talentos-um-white-paper-de-ruth-stanat\/\" title=\"Pesquisa de mercado de gest\u00e3o de talentos\"  data-wpil-monitor-id=\"11116\">market penetration strategies<\/a> effectively.<\/span><\/p>\n\n\n\n<h2 class=\"wp-block-heading\"><strong>Por que as empresas precisam de pesquisas de mercado no Iraque?<\/strong><\/h2>\n\n\n\n<p><span style=\"font-weight: 400;\">A pesquisa de mercado no Iraque revela oportunidades inexploradas no mercado iraquiano, incluindo tend\u00eancias de consumo emergentes, nichos de mercado e necessidades n\u00e3o satisfeitas. Ao analisar dados de mercado e percep\u00e7\u00f5es dos consumidores, as empresas podem identificar lacunas no mercado e desenvolver produtos ou servi\u00e7os inovadores que tenham repercuss\u00e3o entre os consumidores iraquianos.<\/span><\/p>\n\n\n\n<p><span style=\"font-weight: 400;\">Additionally, market research in Iraq helps businesses assess these risks, identify potential pitfalls, and develop risk mitigation strategies to safeguard their investments and operations in Iraq.<\/span><\/p>\n\n\n\n<p><span style=\"font-weight: 400;\">It also provides valuable insights into market entry barriers, competitive landscape, and consumer preferences, enabling businesses to tailor their strategies for success in Iraq.<\/span><\/p>\n\n\n\n<h2 class=\"wp-block-heading\"><strong>Nossa an\u00e1lise e recomenda\u00e7\u00f5es atuais do mercado<\/strong><\/h2>\n\n\n\n<p><span style=\"font-weight: 400;\">Notamos que a economia do Iraque tem registado uma recupera\u00e7\u00e3o e um crescimento graduais, ap\u00f3s anos de conflito e instabilidade. Sectores-chave como o petr\u00f3leo e o g\u00e1s, a constru\u00e7\u00e3o, as telecomunica\u00e7\u00f5es e o retalho impulsionam a actividade econ\u00f3mica e atraem investimento. No entanto, as atuais tens\u00f5es pol\u00edticas, as preocupa\u00e7\u00f5es de seguran\u00e7a e os desafios infraestruturais continuam a ter impacto na din\u00e2mica do mercado.<\/span><\/p>\n\n\n\n<p><span style=\"font-weight: 400;\">Apesar dos desafios, o Iraque apresenta um potencial de crescimento significativo para as empresas que enfrentam as suas complexidades. Com uma popula\u00e7\u00e3o jovem e crescente, uma urbaniza\u00e7\u00e3o crescente e ambiciosos projectos de infra-estruturas planeados para o futuro, o mercado iraquiano oferece diversas oportunidades em v\u00e1rios sectores. As empresas devem acompanhar de perto a evolu\u00e7\u00e3o e adaptar estrat\u00e9gias para capitalizar as tend\u00eancias emergentes e as mudan\u00e7as do mercado.<\/span><\/p>\n\n\n\n<p><b><i>ROI potencial<\/i><\/b><b>:&nbsp;<\/b><\/p>\n\n\n\n<p><span style=\"font-weight: 400;\">While investing in the Iraqi market presents risks, businesses that approach the market strategically and with a long-term perspective can achieve significant returns on investment. By leveraging market research insights, developing tailored <a href=\"https:\/\/www.sisinternational.com\/pt\/solucoes\/sis-crescimento-global\/estrategia-de-entrada-no-mercado\/\" title=\"Consultoria de entrada no mercado\"  data-wpil-monitor-id=\"11114\">estrat\u00e9gias de entrada no mercado<\/a>, and building strong local partnerships, businesses can mitigate risks and capitalize on growth opportunities, ultimately maximizing ROI.<\/span><\/p>\n\n\n\n<h2 class=\"wp-block-heading\"><strong>Resultados esperados dos servi\u00e7os de pesquisa de mercado do SIS no Iraque<\/strong><\/h2>\n\n\n\n<p><span style=\"font-weight: 400;\"><a href=\"https:\/\/www.sisinternational.com\/pt\/solucoes\/solucoes-de-branding-e-pesquisa-de-clientes\/pesquisa-de-mercado-para-testes-de-produtos\/sis-internationals-teste-de-sabor-de-comida\/\" title=\"O que torna a SIS International Research a TOP empresa de pesquisa de mercado para testes de sabor de alimentos na cidade de Nova York\"  data-wpil-monitor-id=\"11117\">SIS International&#8217;s market research<\/a> services in Iraq are designed to deliver tangible results and actionable insights that drive business success. Here&#8217;s what businesses can expect from our services:<\/span><\/p>\n\n\n\n<p><b>Insights abrangentes de mercado<\/b><span style=\"font-weight: 400;\">:&nbsp;<\/span><\/p>\n\n\n\n<p><span style=\"font-weight: 400;\">Atrav\u00e9s <\/span><a href=\"https:\/\/twitter.com\/SISIntlResearch\" target=\"_blank\" rel=\"noopener\"><span style=\"font-weight: 400;\">SIS<\/span><\/a><span style=\"font-weight: 400;\"> rigorous research methodologies and in-depth analysis, businesses can expect a comprehensive understanding of the Iraqi market landscape, including consumer behavior, market trends, competitive dynamics, and regulatory environment.&nbsp;<\/span><\/p>\n\n\n\n<p><b>Estrat\u00e9gias de mitiga\u00e7\u00e3o de riscos<\/b><span style=\"font-weight: 400;\">:&nbsp;<\/span><\/p>\n\n\n\n<p><span style=\"font-weight: 400;\">Ao identificar riscos e desafios potenciais no mercado iraquiano, a SIS International ajuda as empresas a desenvolver estrat\u00e9gias de mitiga\u00e7\u00e3o de riscos para salvaguardar os seus investimentos e opera\u00e7\u00f5es.&nbsp;<\/span><\/p>\n\n\n\n<p><b>ROI otimizado<\/b><span style=\"font-weight: 400;\">:&nbsp;<\/span><\/p>\n\n\n\n<p><span style=\"font-weight: 400;\">Nosso <a href=\"https:\/\/www.sisinternational.com\/pt\/solucoes\/pesquisa-de-consultoria-em-estrategia-fintech\/pesquisa-de-mercado-de-servicos-financeiros-na-asia\/\" title=\"Pesquisa de mercado de servi\u00e7os financeiros da \u00c1sia\" data-wpil-monitor-id=\"11118\">market research services<\/a> aim to optimize return on investment for businesses operating in Iraq. Providing actionable insights and strategic recommendations, we help companies allocate resources effectively, identify growth opportunities, and maximize ROI in the Iraqi market.<\/span><\/p>\n\n\n\n<p><b>Vantagem competitiva<\/b><span style=\"font-weight: 400;\">:&nbsp;<\/span><\/p>\n\n\n\n<p><span style=\"font-weight: 400;\"><a href=\"https:\/\/www.sisinternational.com\/pt\/dia-dos-namorados-como-sua-empresa-pode-sentir-o-amor\/\" title=\"Pesquisa de mercado do Dia dos Namorados: como sua empresa pode sentir o amor\" data-wpil-monitor-id=\"11115\">Businesses that leverage SIS International&#8217;s market research<\/a> services gain a competitive advantage in Iraq&#8217;s marketplace. Our insights enable companies to differentiate themselves from competitors, capitalize on market opportunities, and outperform rivals, ultimately driving sustainable growth and success.<\/span><\/p>\n\n\n\n<h2 class=\"wp-block-heading\">Principais ind\u00fastrias<\/h2>\n\n\n\n<p>Agricultura, servi\u00e7os e petr\u00f3leo s\u00e3o os principais setores. Todos eles se movem para impulsionar a economia.<\/p>\n\n\n\n<p>The oil sector of Iraq plays a vital role in the country\u2019s growth. Oil production and sales contribute a vast amount to increasing the country&#8217;s GDP. This sector also provides the majority of the government\u2019s revenue. Iraq is another gem in the world\u2019s oil market, producing millions of barrels daily and a large portion of the world\u2019s total oil supply.<\/p>\n\n\n\n<p>Agriculture also forms part of the country\u2019s GDP. Another key point about this sector is that it employs a lot of the workforce. Past wars have affected this sector. Still, Iraq has taken measures to rebuild it. It has become more modernized with irrigation systems used in many farms. These advances further increase the amount of produce the country harvests. Wheat, barley, rice, and fruit and vegetables are the primary crops. Iraq is also a large-scale producer and exporter of dates.<\/p>\n\n\n\n<p>O sector dos servi\u00e7os \u00e9 um motor econ\u00f3mico cr\u00edtico no Iraque. Envolve finan\u00e7as, varejo, seguran\u00e7a, transporte e servi\u00e7os governamentais. Al\u00e9m disso, \u00e9 importante observar a origem do financiamento. As receitas do petr\u00f3leo ajudam a financiar a maioria dos projectos realizados pela ind\u00fastria de servi\u00e7os.<\/p>\n\n\n\n<h2 class=\"wp-block-heading\"><strong>Principais players em ind\u00fastrias-chave no Iraque<\/strong><\/h2>\n\n\n\n<p><span style=\"font-weight: 400;\">No cen\u00e1rio empresarial din\u00e2mico do Iraque, v\u00e1rios intervenientes l\u00edderes dominam ind\u00fastrias-chave, impulsionando a inova\u00e7\u00e3o, o crescimento e a competitividade do mercado. Aqui est\u00e3o algumas das empresas e marcas l\u00edderes em setores-chave no Iraque:<\/span><\/p>\n\n\n\n<ul class=\"wp-block-list\">\n<li><b>Companhia Nacional de Petr\u00f3leo do Iraque (INOC):<\/b><span style=\"font-weight: 400;\"> Enquanto entidade estatal respons\u00e1vel pelo sector do petr\u00f3leo e do g\u00e1s do Iraque, o INOC desempenha um papel central na gest\u00e3o e no desenvolvimento das reservas petrol\u00edferas do pa\u00eds.<\/span><\/li>\n\n\n\n<li><b>BP, ExxonMobil, Shell:<\/b><span style=\"font-weight: 400;\"> As empresas petrol\u00edferas internacionais (COI), como a BP, a ExxonMobil e a Shell, est\u00e3o envolvidas em v\u00e1rios projectos de explora\u00e7\u00e3o, produ\u00e7\u00e3o e desenvolvimento de petr\u00f3leo e g\u00e1s no Iraque atrav\u00e9s de parcerias e joint ventures.<\/span><\/li>\n\n\n\n<li><b>Constru\u00e7\u00e3o Orascom:<\/b><span style=\"font-weight: 400;\"> A Orascom Construction, uma empresa de constru\u00e7\u00e3o l\u00edder internacional, esteve envolvida em v\u00e1rios projetos de infraestrutura no Iraque, incluindo estradas, pontes e servi\u00e7os p\u00fablicos.<\/span><\/li>\n\n\n\n<li><b>LafargeHolcim:<\/b><span style=\"font-weight: 400;\"> A LafargeHolcim, l\u00edder global em materiais de constru\u00e7\u00e3o, fornece solu\u00e7\u00f5es de cimento e concreto para projetos de constru\u00e7\u00e3o no Iraque.<\/span><\/li>\n\n\n\n<li><b>Zain Iraque: <\/b><span style=\"font-weight: 400;\">A Zain Iraq, uma subsidi\u00e1ria do Grupo Zain, \u00e9 uma das principais operadoras de telecomunica\u00e7\u00f5es do Iraque, fornecendo servi\u00e7os m\u00f3veis e de dados a milh\u00f5es de assinantes em todo o pa\u00eds.<\/span><\/li>\n\n\n\n<li><b>\u00c1siac\u00e9lula: <\/b><span style=\"font-weight: 400;\">A Asiacell, parte do Grupo Ooredoo, \u00e9 outra grande operadora de telecomunica\u00e7\u00f5es no Iraque. Oferece servi\u00e7os m\u00f3veis, de Internet e de valor agregado aos consumidores iraquianos.<\/span><\/li>\n\n\n\n<li><b>Carrefour:<\/b><span style=\"font-weight: 400;\"> O Carrefour, uma empresa multinacional de varejo, opera hipermercados e supermercados no Iraque e oferece uma ampla variedade de bens de consumo e produtos dom\u00e9sticos.<\/span><\/li>\n\n\n\n<li><b>Jawad Al Kharsa &amp; Co.:<\/b><span style=\"font-weight: 400;\"> Jawad Al Kharsa &amp; Co. \u00e9 um grupo varejista l\u00edder no Iraque, com um portf\u00f3lio diversificado de marcas de varejo em setores como moda, eletr\u00f4nicos e eletrodom\u00e9sticos.<\/span><\/li>\n\n\n\n<li><span style=\"font-weight: 400;\">\u00a0Rotana Hotels, a leading <a href=\"https:\/\/www.sisinternational.com\/pt\/solucoes\/consultoria-em-hotelaria-e-turismo-em-viagens\/consultoria-em-estrategia-de-pesquisa-de-mercado-para-empresa-de-gestao-hoteleira\/\" title=\"Pesquisa de mercado e consultoria estrat\u00e9gica para empresas de gest\u00e3o hoteleira\" data-wpil-monitor-id=\"11121\">hotel management company<\/a>, operates several luxury hotels and resorts in Iraq, catering to business and leisure travelers.<\/span><\/li>\n\n\n\n<li><b>Sheraton Bagd\u00e1 Hotel:<\/b><span style=\"font-weight: 400;\"> Este marco proeminente na cidade oferece acomoda\u00e7\u00f5es de luxo, restaurantes e instala\u00e7\u00f5es para eventos para viajantes que visitam a capital do Iraque.<\/span><\/li>\n<\/ul>\n\n\n\n<h2 class=\"wp-block-heading\">Bairros<\/h2>\n\n\n\n<h3 class=\"wp-block-heading\">Bagd\u00e1<\/h3>\n\n\n\n<p>Bagd\u00e1 \u00e9 a capital e maior cidade do Iraque. A cidade tamb\u00e9m \u00e9 a segunda maior do mundo \u00e1rabe e da \u00c1sia Ocidental. A sua localiza\u00e7\u00e3o permitiu-lhe evoluir e comercializar ao longo do Tigre. Assim, o Tigre n\u00e3o s\u00f3 fornece \u00e1gua para aliviar o clima seco e a seca, mas tamb\u00e9m \u00e9 um local comercial e cultural para o povo. Este rio tamb\u00e9m separa Bagd\u00e1 em Risafa, a leste, e Karkh, a oeste. A pr\u00f3pria cidade certamente contribui para o PIB.<\/p>\n\n\n\n<h3 class=\"wp-block-heading\">Ba\u00e7or\u00e1<\/h3>\n\n\n\n<p>Basra \u00e9 a segunda maior cidade do Iraque. \u00c9 uma cidade portu\u00e1ria em geral, mas tamb\u00e9m beneficia os agricultores. Muitos riachos e canais correm por toda parte e servem como irriga\u00e7\u00e3o. A economia de Basra tamb\u00e9m depende da ind\u00fastria petrol\u00edfera.<\/p>\n\n\n\n<h3 class=\"wp-block-heading\">Hillah<\/h3>\n\n\n\n<p>Hillah fica em uma regi\u00e3o rica em agricultura no centro do Iraque. Fica perto do bra\u00e7o Hillah do rio Eufrates, perto das ru\u00ednas da antiga Babil\u00f4nia. Esta cidade \u00e9 um playground cultural. As fazendas Hillah produzem colheitas, frutas e t\u00eaxteis.<\/p>\n\n\n\n<h2 class=\"wp-block-heading\">Tend\u00eancias<\/h2>\n\n\n\n<p>Some of the major trends happening in Iraq now are real estate and eCommerce. More companies are looking to cement their place in the country and the economy. Thus, they buy long-term office spaces and land. It also allows them to become more engaged with the consumers and people.<\/p>\n\n\n\n<p>Technology is another growing trend in Iraq and the world. When Covid-19 hit, access to many stores was put on hold. As a result, more people are getting involved in e-commerce. <a href=\"https:\/\/www.sisinternational.com\/pt\/pericia\/industrias\/pesquisa-de-mercado-de-entrega-de-comida-on-line\/\" title=\"Pesquisa de mercado de entrega de alimentos on-line\" data-wpil-monitor-id=\"11124\">Food delivery and online<\/a> grocery shopping had a rapid increase.<\/p>\n\n\n\n<h2 class=\"wp-block-heading\">Benef\u00edcios e pontos fortes do mercado<\/h2>\n\n\n\n<p>O mercado do Iraque se destaca por alguns benef\u00edcios. Por um lado, o Iraque \u00e9 um dos principais fornecedores de petr\u00f3leo do mundo e um dos membros originais da Organiza\u00e7\u00e3o dos Pa\u00edses Exportadores de Petr\u00f3leo (OPEP).<\/p>\n\n\n\n<p>O pa\u00eds possui bilh\u00f5es de barris em reservas comprovadas de petr\u00f3leo, o que o torna um dos maiores produtores do mundo.<\/p>\n\n\n\n<p>Outro ponto forte do mercado \u00e9 o suporte internacional. O Iraque ainda recebe apoio das Na\u00e7\u00f5es Unidas.<\/p>\n\n\n\n<p>The country also receives other international financial support, such as the IMF and bilateral loans.<\/p>\n\n\n\n<p>Iraq has a robust labor force because almost two-thirds of the population is under 30. The youth of Iraq are eager to show their creativity in business ventures. The labor force has seen a huge increase compared to recent years. Thus, companies don\u2019t have to search far for talent.<\/p>\n\n\n\n<h2 class=\"wp-block-heading\">Base de Consumidores<\/h2>\n\n\n\n<p>Iraq&#8217;s consumer base is neither too strong nor too weak. Consumer spending has also been increasing over the years, and the employment rate is likely to increase. Companies need consumer loyalty for their survival. Consumers, on the other hand, need product security and excellent customer service. In fact, the consumer base will increase if people get the right incentives.<\/p>\n\n\n\n<h2 class=\"wp-block-heading\">Raz\u00f5es para expandir seu neg\u00f3cio no mercado<\/h2>\n\n\n\n<p>O Iraque possui recursos naturais, terras f\u00e9rteis e pessoas inteligentes. O pa\u00eds tamb\u00e9m tem sido v\u00edtima de m\u00e1 gest\u00e3o, mas isto est\u00e1 a mudar.<\/p>\n\n\n\n<p>O Iraque foi afetado por muitos conflitos ao longo dos anos. Ainda assim, oferece muitas oportunidades para investidores tolerantes ao risco. Quase todos os sectores necessitam de investimento e os 40 milh\u00f5es de habitantes do pa\u00eds constituem um mercado \u00e1vido por uma nova vida.<\/p>\n\n\n\n<p>There has been a dramatic improvement in Iraq\u2019s security problem. The number of people killed in attacks has decreased in recent years. The increasing safety is a benefit. It makes the thought of investment in Iraq more palatable. Still, it may be hard for foreign companies because of the stigma toward them.<\/p>\n\n\n\n<h2 class=\"wp-block-heading\"><strong>Oportunidades no Iraque para empresas<\/strong><\/h2>\n\n\n\n<p><span style=\"font-weight: 400;\">Apesar dos desafios, o Iraque apresenta oportunidades significativas para empresas em v\u00e1rios setores. Aqui est\u00e3o algumas oportunidades importantes para empresas que operam no Iraque:<\/span><\/p>\n\n\n\n<ul class=\"wp-block-list\">\n<li><b>Desenvolvimento de infraestrutura<\/b><span style=\"font-weight: 400;\">: Com os esfor\u00e7os cont\u00ednuos de reconstru\u00e7\u00e3o e o investimento em projectos de infra-estruturas, existem amplas oportunidades para empresas nos sectores da constru\u00e7\u00e3o, engenharia e desenvolvimento de infra-estruturas. Os projetos incluem constru\u00e7\u00e3o de estradas, constru\u00e7\u00e3o de novas instala\u00e7\u00f5es e moderniza\u00e7\u00e3o de servi\u00e7os p\u00fablicos.<\/span><\/li>\n\n\n\n<li><b>\u00d3leo e g\u00e1s<\/b><span style=\"font-weight: 400;\">: As abundantes reservas de petr\u00f3leo do Iraque tornam-no num destino atraente para investimentos no sector do petr\u00f3leo e do g\u00e1s. Existem oportunidades para explora\u00e7\u00e3o, produ\u00e7\u00e3o, refina\u00e7\u00e3o e desenvolvimento de infra-estruturas e em ind\u00fastrias relacionadas, como log\u00edstica, servi\u00e7os e tecnologia.<\/span><\/li>\n\n\n\n<li><b>Telecomunica\u00e7\u00f5es<\/b><span style=\"font-weight: 400;\">: O setor de telecomunica\u00e7\u00f5es no Iraque oferece oportunidades para empresas que fornecem servi\u00e7os m\u00f3veis, de Internet e digitais. Com a crescente procura de conectividade e a expans\u00e3o das redes, h\u00e1 espa\u00e7o para investimento em infraestruturas, tecnologia e servi\u00e7os de valor acrescentado.<\/span><\/li>\n\n\n\n<li><b>Agricultura e Processamento de Alimentos<\/b><span style=\"font-weight: 400;\">: A agricultura continua a ser um sector vital no Iraque, com oportunidades de investimento no cultivo de culturas, na pecu\u00e1ria e em empreendimentos de agroneg\u00f3cio. H\u00e1 procura de pr\u00e1ticas agr\u00edcolas modernas, sistemas de irriga\u00e7\u00e3o e instala\u00e7\u00f5es de processamento de alimentos.<\/span><\/li>\n<\/ul>\n\n\n\n<h2 class=\"wp-block-heading\"><strong>Desafios de fazer neg\u00f3cios no Iraque<\/strong><\/h2>\n\n\n\n<p><span style=\"font-weight: 400;\">While Iraq presents lucrative opportunities, businesses must face several challenges when operating there. Here are some of the key challenges:<\/span><\/p>\n\n\n\n<ul class=\"wp-block-list\">\n<li><b>Preocupa\u00e7\u00f5es com seguran\u00e7a<\/b><span style=\"font-weight: 400;\">: O Iraque tem enfrentado desafios de seguran\u00e7a devido \u00e0 instabilidade pol\u00edtica, terrorismo e conflitos armados. Os riscos de seguran\u00e7a, incluindo terrorismo, insurg\u00eancia e agita\u00e7\u00e3o civil, podem perturbar as opera\u00e7\u00f5es comerciais, amea\u00e7ar a seguran\u00e7a dos funcion\u00e1rios e danificar infraestruturas.<\/span><\/li>\n\n\n\n<li><b>Instabilidade pol\u00edtica<\/b><span style=\"font-weight: 400;\">: O cen\u00e1rio pol\u00edtico do Iraque \u00e9 caracterizado pela volatilidade, com mudan\u00e7as frequentes de governo e tens\u00f5es pol\u00edticas entre diferentes fac\u00e7\u00f5es. A instabilidade pol\u00edtica pode criar incerteza nos neg\u00f3cios, impactando as decis\u00f5es de investimento, os ambientes regulat\u00f3rios e a din\u00e2mica do mercado.<\/span><\/li>\n\n\n\n<li><b>Defici\u00eancias de infraestrutura<\/b><span style=\"font-weight: 400;\">: A infra-estrutura do Iraque, incluindo estradas, servi\u00e7os p\u00fablicos e telecomunica\u00e7\u00f5es, sofre de defici\u00eancias e requer investimentos significativos para melhoria. Infraestruturas deficientes podem dificultar as opera\u00e7\u00f5es comerciais, aumentar os custos e limitar o acesso ao mercado, especialmente em \u00e1reas remotas ou afetadas por conflitos.<\/span><\/li>\n\n\n\n<li><b>Corrup\u00e7\u00e3o e Burocracia<\/b><span style=\"font-weight: 400;\">: A corrup\u00e7\u00e3o e as inefici\u00eancias burocr\u00e1ticas prevalecem no Iraque, colocando desafios \u00e0s empresas na obten\u00e7\u00e3o de autoriza\u00e7\u00f5es, licen\u00e7as e aprova\u00e7\u00f5es. A corrup\u00e7\u00e3o pode aumentar custos, atrasar projetos e minar a integridade empresarial, exigindo que as empresas naveguem cuidadosamente em ambientes regulamentares complexos.<\/span><\/li>\n\n\n\n<li><b>Restri\u00e7\u00f5es de capital humano<\/b><span style=\"font-weight: 400;\">: O Iraque enfrenta escassez de m\u00e3o de obra qualificada, especialmente em ind\u00fastrias especializadas, como engenharia, sa\u00fade e tecnologia. As empresas podem ter dificuldades para recrutar e reter talentos qualificados, o que pode afetar a produtividade, a inova\u00e7\u00e3o e a competitividade.<\/span><\/li>\n\n\n\n<li><b>Volatilidade cambial<\/b>: O dinar iraquiano (IQD) do Iraque est\u00e1 sujeito \u00e0 volatilidade e \u00e0 flutua\u00e7\u00e3o em rela\u00e7\u00e3o \u00e0s principais moedas, como o d\u00f3lar americano. A volatilidade cambial pode impactar o planejamento de neg\u00f3cios, as previs\u00f5es financeiras e a lucratividade, exigindo que as empresas gerenciem os riscos cambiais de maneira eficaz.<\/li>\n<\/ul>\n\n\n\n<h2 class=\"wp-block-heading\">Localiza\u00e7\u00e3o de nossas instala\u00e7\u00f5es em Nova York<\/h2>\n\n\n\n<p>  <iframe loading=\"lazy\" src=\"https:\/\/www.google.com\/maps\/embed?pb=!1m18!1m12!1m3!1d3022.976188376966!2d-73.99130312499956!3d40.740549471389315!2m3!1f0!2f0!3f0!3m2!1i1024!2i768!4f13.1!3m3!1m2!1s0x89c259a15798c731%3A0xd695d09bdd495f25!2s11%20E%2022nd%20St%20FL%202%2C%20New%20York%2C%20NY%2010010%2C%20USA!5e0!3m2!1sen!2spe!4v1726171763526!5m2!1sen!2spe\" width=\"600\" height=\"450\" allowfullscreen=\"allowfullscreen\" data-mce-fragment=\"1\"><\/iframe>  <\/p>\n\n\n\n<h3 class=\"wp-block-heading\">11 E 22nd Street, 2\u00ba andar, Nova York, NY 10010 T: +1(212) 505-6805<\/h3>\n\n\n\n<hr class=\"wp-block-separator has-alpha-channel-opacity\"\/>\n\n\n\n<h2 class=\"wp-block-heading\"><span style=\"font-weight: 400;\">Sobre SIS Internacional<\/span><\/h2>\n\n\n\n<p><a href=\"https:\/\/www.sisinternational.com\/pt\/\"><span style=\"font-weight: 400;\">SIS Internacional<\/span><\/a><span style=\"font-weight: 400;\"> offers Quantitative, Qualitative, and Strategy Research. We provide data, tools, strategies, reports, and insights for decision-making. We also conduct interviews, surveys, focus groups, and other <a href=\"https:\/\/www.sisinternational.com\/pt\/quantitative-market-research-methods-and-techniques\/\" title=\"Quantitative Market Research Methods and Techniques\" data-wpil-monitor-id=\"11119\">Market Research methods<\/a> and approaches.<\/span><a href=\"https:\/\/www.sisinternational.com\/pt\/sobre-a-sis-international-research\/contact-sis-international-market-research\/\"><span style=\"font-weight: 400;\"> Entre em contato conosco<\/span><\/a><span style=\"font-weight: 400;\"> para o seu pr\u00f3ximo projeto de pesquisa de mercado.<\/span><\/p>\n\n\n\n<p><\/p>\n\n\n\n<p><\/p>","protected":false},"excerpt":{"rendered":"<p>Descubra como expandir sua organiza\u00e7\u00e3o com Pesquisa de Mercado no Iraque.<\/p>","protected":false},"author":1,"featured_media":65064,"parent":36619,"menu_order":4,"comment_status":"closed","ping_status":"closed","template":"","meta":{"footnotes":""},"class_list":["post-38424","page","type-page","status-publish","has-post-thumbnail"],"_links":{"self":[{"href":"https:\/\/www.sisinternational.com\/pt\/wp-json\/wp\/v2\/pages\/38424","targetHints":{"allow":["GET"]}}],"collection":[{"href":"https:\/\/www.sisinternational.com\/pt\/wp-json\/wp\/v2\/pages"}],"about":[{"href":"https:\/\/www.sisinternational.com\/pt\/wp-json\/wp\/v2\/types\/page"}],"author":[{"embeddable":true,"href":"https:\/\/www.sisinternational.com\/pt\/wp-json\/wp\/v2\/users\/1"}],"replies":[{"embeddable":true,"href":"https:\/\/www.sisinternational.com\/pt\/wp-json\/wp\/v2\/comments?post=38424"}],"version-history":[{"count":7,"href":"https:\/\/www.sisinternational.com\/pt\/wp-json\/wp\/v2\/pages\/38424\/revisions"}],"predecessor-version":[{"id":68600,"href":"https:\/\/www.sisinternational.com\/pt\/wp-json\/wp\/v2\/pages\/38424\/revisions\/68600"}],"up":[{"embeddable":true,"href":"https:\/\/www.sisinternational.com\/pt\/wp-json\/wp\/v2\/pages\/36619"}],"wp:featuredmedia":[{"embeddable":true,"href":"https:\/\/www.sisinternational.com\/pt\/wp-json\/wp\/v2\/media\/65064"}],"wp:attachment":[{"href":"https:\/\/www.sisinternational.com\/pt\/wp-json\/wp\/v2\/media?parent=38424"}],"curies":[{"name":"wp","href":"https:\/\/api.w.org\/{rel}","templated":true}]}}