{"id":38376,"date":"2021-08-13T13:38:10","date_gmt":"2021-08-13T13:38:10","guid":{"rendered":"https:\/\/www.sisinternational.com\/?page_id=38376"},"modified":"2025-09-14T18:33:54","modified_gmt":"2025-09-14T22:33:54","slug":"pesquisa-de-mercado-de-vaporizacao","status":"publish","type":"page","link":"https:\/\/www.sisinternational.com\/pt\/pericia\/pesquisa-de-mercado-de-vaporizacao\/","title":{"rendered":"Pesquisa de mercado de vaporiza\u00e7\u00e3o"},"content":{"rendered":"<h1 class=\"wp-block-heading\">Pesquisa de mercado de vaporiza\u00e7\u00e3o<\/h1>\n\n\n\n<figure class=\"gb-block-image gb-block-image-d904fa7c\"><img loading=\"lazy\" decoding=\"async\" width=\"1456\" height=\"816\" class=\"gb-image gb-image-d904fa7c\" src=\"https:\/\/www.sisinternational.com\/wp-content\/uploads\/2025\/08\/Vape-vaping-6.jpg\" alt=\"Pesquisa e Estrat\u00e9gia de Mercado Internacional da SIS\" title=\"Vape vaping (6)\" srcset=\"https:\/\/www.sisinternational.com\/wp-content\/uploads\/2025\/08\/Vape-vaping-6.jpg 1456w, https:\/\/www.sisinternational.com\/wp-content\/uploads\/2025\/08\/Vape-vaping-6-300x168.jpg 300w, https:\/\/www.sisinternational.com\/wp-content\/uploads\/2025\/08\/Vape-vaping-6-1024x574.jpg 1024w, https:\/\/www.sisinternational.com\/wp-content\/uploads\/2025\/08\/Vape-vaping-6-768x430.jpg 768w, https:\/\/www.sisinternational.com\/wp-content\/uploads\/2025\/08\/Vape-vaping-6-18x10.jpg 18w\" sizes=\"auto, (max-width: 1456px) 100vw, 1456px\"><\/figure>\n\n\n\n<p><\/p>\n\n\n\n<h2 class=\"wp-block-heading\">Em 2003, o primeiro cigarro eletr\u00f4nico (vape) foi inventado como uma alternativa mais segura ao consumo de cigarros e abriu caminho para a ind\u00fastria de vaporiza\u00e7\u00e3o que \u00e9 amplamente conhecida hoje.<\/h2>\n\n\n\n<p>Desde a sua cria\u00e7\u00e3o, a vaporiza\u00e7\u00e3o tornou-se amplamente popular em escala global, mas n\u00e3o sem controv\u00e9rsia. Hoje, o mercado de vaporiza\u00e7\u00e3o envolve muito mais do que o tabaco sem combust\u00e3o, embora a maior parte do mercado ainda se concentre no fornecimento de alternativas de tabaco mais seguras.<\/p>\n\n\n\n<h2 class=\"wp-block-heading\">Por que a ind\u00fastria de vaporiza\u00e7\u00e3o \u00e9 importante?<\/h2>\n\n\n\n<p>Embora a vaporiza\u00e7\u00e3o acarrete seu pr\u00f3prio conjunto de riscos potenciais para os consumidores, h\u00e1 v\u00e1rios benef\u00edcios potenciais em escolher vaporizadores em vez de subst\u00e2ncias combust\u00edveis como tabaco ou maconha:<\/p>\n\n\n\n<ol class=\"wp-block-list\">\n<li>Conveni\u00eancia \u2013 Para muitos usu\u00e1rios, a vaporiza\u00e7\u00e3o permite uma maneira muito mais conveniente de ingerir a subst\u00e2ncia de sua escolha. Seja nicotina, THC, CBD ou apenas sucos aromatizados, a vaporiza\u00e7\u00e3o permite que os indiv\u00edduos fumem dentro de sua resid\u00eancia ou em eventos (quando permitido) sem deixar odores desagrad\u00e1veis ou produtos qu\u00edmicos para tr\u00e1s. N\u00e3o deixa o usu\u00e1rio final com cheiro de fuma\u00e7a, beneficiando quem trabalha em um escrit\u00f3rio ou mora perto de outras pessoas.<\/li>\n\n\n\n<li>Cessa\u00e7\u00e3o \u2013 Muitos fumantes usaram vaporiza\u00e7\u00e3o para abandonar ou substituir totalmente os combust\u00edveis e descobriram que o vapor \u00e9 calmante em alguns casos. Para aqueles que gostam das sensa\u00e7\u00f5es associadas ao fumo real, a vaporiza\u00e7\u00e3o procura proporcionar essa sensa\u00e7\u00e3o com um m\u00e9todo de entrega presumivelmente mais seguro.<\/li>\n\n\n\n<li>Entrega de Medicamentos \u2013 A aplica\u00e7\u00e3o do Vaping como via de entrega para diferentes medicamentos tem testemunhado um tremendo sucesso ao longo do tempo. Para indiv\u00edduos que t\u00eam dificuldade em processar medicamentos sem sentir n\u00e1useas ou apenas dificuldade para engolir, a vaporiza\u00e7\u00e3o oferece um m\u00e9todo r\u00e1pido e eficaz para atender \u00e0s suas necessidades.<\/li>\n\n\n\n<li>Seguran\u00e7a \u2013 Embora os efeitos a longo prazo n\u00e3o sejam totalmente compreendidos, a vaporiza\u00e7\u00e3o \u00e9 comumente vista como uma alternativa mais segura ao tabaco ou outros combust\u00edveis. Al\u00e9m disso, como o vapor se dissipa muito mais r\u00e1pido e facilmente do que o fumo real, h\u00e1 menos probabilidade de prejudicar outras pessoas com o fumo passivo.<\/li>\n<\/ol>\n\n\n\n<p>N\u00e3o importa a aplica\u00e7\u00e3o, a ind\u00fastria de vaporiza\u00e7\u00e3o \u00e9 crucial porque atende a uma necessidade. A ind\u00fastria de vaporiza\u00e7\u00e3o est\u00e1 mudando rapidamente, desde alternativas ao fumo at\u00e9 a distribui\u00e7\u00e3o de medicamentos, e provavelmente ter\u00e1 grande sucesso nos pr\u00f3ximos anos.<\/p>\n\n\n\n<h2 class=\"wp-block-heading\">Tend\u00eancias no mercado de vaping<\/h2>\n\n\n\n<p>A ind\u00fastria de vaporiza\u00e7\u00e3o continuar\u00e1 a evoluir junto com a sociedade, seja um novo dispositivo, produto ou estilo; todos os anos, os principais intervenientes no setor de vaping lan\u00e7am algo novo e o futuro provavelmente n\u00e3o ser\u00e1 diferente. Embora o mercado de vaping continue a evoluir, algumas das tend\u00eancias mais significativas neste espa\u00e7o impactar\u00e3o a ind\u00fastria para sempre.<\/p>\n\n\n\n<ul class=\"wp-block-list\">\n<li>Shapes &amp; Size \u2013 As manufacturing processes in the vape industry have evolved, the ability to introduce smaller, longer-lasting vapes for <a href=\"https:\/\/www.sisinternational.com\/pt\/solucoes\/solucoes-de-branding-e-pesquisa-de-clientes\/teste-de-usabilidade-pesquisa-de-experiencia-do-usuario\/\" title=\"Pesquisa de mercado de usu\u00e1rios e testes de usabilidade\"  data-wpil-monitor-id=\"8670\">users has allowed the market<\/a> to expand exponentially. The first public offerings of vapes were cheap and resembled the likes of a cigarette, hence the term e-cigarette. Additionally, they did not last long, so consumers were inclined to purchase multiple at once or make numerous trips to their local supplier. Today, vapes exist in various shapes, sizes, and colors that appeal to a wide range of audiences. Brands like JUUL, Posh, Cali Plus, Puff Bar, and more have established many different sizes for consumers to choose from, allowing individuals to select a vape depending on their needs. Furthermore, the flexibility in manufacturing has enabled brands to customize the tips of vapes and bring end-users a variety of experiences around mouthfeel and inhalation.<\/li>\n\n\n\n<li>Nicotine Salts \u2013 E-juices, the fluids used in vapes to produce a smoke-like effect, are typically created using propylene glycol or vegetable glycerin. These bases are infused with flavorings and nicotine to produce the desired outcome. Unlike the traditional nicotine used in vapes (freebase nicotine), nicotine salts form when introducing an organic acid like benzoic or citric acid. This additional acid lowers the pH of freebase nicotine and provides a more pleasant experience to the end-user. The introduction of nicotine salts in the vaping industry has made vaping more accessible to first-time users by limiting the harsh effects that previous liquids had on the lungs and throat. Bridging this gap has vastly expanded the potential <a href=\"https:\/\/www.sisinternational.com\/pt\/solucoes\/consultoria-em-hotelaria-e-turismo-em-viagens\/pesquisa-de-mercado-de-empresa-de-guia-turistico\/\" title=\"Pesquisa de mercado da empresa de guia tur\u00edstico\"  data-wpil-monitor-id=\"8671\">market for companies<\/a> in this space.<\/li>\n\n\n\n<li>Descart\u00e1veis \u2013 Com a ado\u00e7\u00e3o generalizada da vaporiza\u00e7\u00e3o, muitas organiza\u00e7\u00f5es utilizaram t\u00e9cnicas de rebranding para alavancar fornecedores de marca pr\u00f3pria de alto volume e vender vapores descart\u00e1veis em grande escala. Essa t\u00e9cnica tornou a vaporiza\u00e7\u00e3o muito mais acess\u00edvel aos consumidores e colocou vaporizadores descart\u00e1veis em quase todos os postos de gasolina ou tabacarias nos EUA. Com a introdu\u00e7\u00e3o dos vaporizadores descart\u00e1veis, os usu\u00e1rios finais agora t\u00eam uma ampla sele\u00e7\u00e3o de marcas, cores, formatos, sabores e tamanhos \u00e0 sua escolha.<\/li>\n\n\n\n<li>Sabores \u2013 Os sabores dispon\u00edveis em vapes descart\u00e1veis e e-juices j\u00e1 percorreram um longo caminho desde a sua cria\u00e7\u00e3o. Inicialmente, os sabores usados nos vapes imitavam o sabor do tabaco, o que levou \u00e0 distribui\u00e7\u00e3o de sucos com sabor de tabaco, mentol e menta. \u00c0 medida que o mercado evoluiu, marcas e amadores come\u00e7aram a formular e-l\u00edquidos que imitavam quase todos os sabores imagin\u00e1veis. Do morango ao alho, a evolu\u00e7\u00e3o do e-l\u00edquido deu aos consumidores a op\u00e7\u00e3o de vaporizar praticamente qualquer sabor que escolherem; no entanto, os sabores frutados e \u00e0 base de mentol s\u00e3o alguns dos sabores mais consumidos na ind\u00fastria.<\/li>\n<\/ul>\n\n\n\n<h2 class=\"wp-block-heading\">Oportunidades na ind\u00fastria de vaporiza\u00e7\u00e3o<\/h2>\n\n\n\n<figure class=\"gb-block-image gb-block-image-0b4038ff\"><img loading=\"lazy\" decoding=\"async\" width=\"1456\" height=\"816\" class=\"gb-image gb-image-0b4038ff\" src=\"https:\/\/www.sisinternational.com\/wp-content\/uploads\/2025\/08\/Vape-vaping-3.jpg\" alt=\"Pesquisa e Estrat\u00e9gia de Mercado Internacional da SIS\" title=\"Vape vaping (3)\" srcset=\"https:\/\/www.sisinternational.com\/wp-content\/uploads\/2025\/08\/Vape-vaping-3.jpg 1456w, https:\/\/www.sisinternational.com\/wp-content\/uploads\/2025\/08\/Vape-vaping-3-300x168.jpg 300w, https:\/\/www.sisinternational.com\/wp-content\/uploads\/2025\/08\/Vape-vaping-3-1024x574.jpg 1024w, https:\/\/www.sisinternational.com\/wp-content\/uploads\/2025\/08\/Vape-vaping-3-768x430.jpg 768w, https:\/\/www.sisinternational.com\/wp-content\/uploads\/2025\/08\/Vape-vaping-3-18x10.jpg 18w\" sizes=\"auto, (max-width: 1456px) 100vw, 1456px\"><\/figure>\n\n\n\n<p><\/p>\n\n\n\n<p>H\u00e1 um n\u00famero enorme de oportunidades no mundo da vaporiza\u00e7\u00e3o. \u00c0 medida que as capacidades de fabrica\u00e7\u00e3o se tornam mais avan\u00e7adas e os avan\u00e7os na formula\u00e7\u00e3o de e-l\u00edquidos continuam a progredir, as marcas t\u00eam muito mais espa\u00e7o para se diferenciarem no mercado. Algumas das \u00e1reas mais promissoras do mercado de vaporiza\u00e7\u00e3o incluem:<\/p>\n\n\n\n<ul class=\"wp-block-list\">\n<li>Formula\u00e7\u00f5es de sucos mais saud\u00e1veis \u2013 Os consumidores procuram e-l\u00edquidos e sucos que contenham menos aditivos e mais compostos org\u00e2nicos, como a glicerina vegetal.<\/li>\n\n\n\n<li>Cannabis \u2013 The cannabis industry is growing at an alarming rate. The introduction of cannabinoid-based e-liquids has created a massive <a href=\"https:\/\/www.sisinternational.com\/pt\/solucoes\/consultoria-em-hotelaria-e-turismo-em-viagens\/consultoria-em-estrategia-de-pesquisa-de-mercado-para-empresa-de-gestao-hoteleira\/\" title=\"Pesquisa de mercado e consultoria estrat\u00e9gica para empresas de gest\u00e3o hoteleira\"  data-wpil-monitor-id=\"8672\">market potential for companies<\/a> entering the recreational or medicinal marijuana industry.<\/li>\n\n\n\n<li>Rotulagem privada \u2013 A rotulagem privada de vapes descart\u00e1veis e recarreg\u00e1veis tornou a ind\u00fastria muito mais acess\u00edvel aos intervenientes que n\u00e3o t\u00eam capital para investir na produ\u00e7\u00e3o de equipamentos ou na cadeia de abastecimento. Seja como fornecedor ou distribuidor, a etiquetagem privada na ind\u00fastria de vaporiza\u00e7\u00e3o teve um impacto tremendo no panorama do mercado.<\/li>\n<\/ul>\n\n\n\n<h2 class=\"wp-block-heading\">Desafios na ind\u00fastria<\/h2>\n\n\n\n<ul class=\"wp-block-list\">\n<li>Preocupa\u00e7\u00f5es com a sa\u00fade \u2013 Como a vaporiza\u00e7\u00e3o \u00e9 um conceito relativamente novo, os investigadores n\u00e3o tiveram tempo suficiente para compreender o seu impacto total na sa\u00fade a curto e a longo prazo. Com o potencial de danificar os pulm\u00f5es, o cora\u00e7\u00e3o, a garganta e outros consumidores, as organiza\u00e7\u00f5es da ind\u00fastria de vaporiza\u00e7\u00e3o devem ser cautelosas quanto aos fornecedores que escolhem.<\/li>\n\n\n\n<li>Regulation \u2013 Increasing regulation around the formulation, design, packaging, and distribution of vapes has made it increasingly difficult for <a href=\"https:\/\/www.sisinternational.com\/pt\/pericia\/industrias\/pesquisa-de-mercado-de-organizacoes-de-pesquisa-contratada\/\" title=\"Pesquisa de mercado de organiza\u00e7\u00f5es de pesquisa de contrato\"  data-wpil-monitor-id=\"8675\">organizations to navigate and understand the market<\/a> they serve. Companies in this market must be cautious about their advertising techniques and the chemicals they use in vapes to ensure they do not appeal to children and open doors for potential lawsuits.<\/li>\n\n\n\n<li>Competition \u2013 Due to the growing popularity of vaping, more and more players are entering the space each day. Restricted by regulations on marketing and advertisement, brands must continue to find ways to stand out in the crowded <a href=\"https:\/\/www.sisinternational.com\/pt\/solucoes\/legal-market-research\/\" title=\"Legal Market Research\"  data-wpil-monitor-id=\"8673\">market while remaining compliant with any legal<\/a> authority.<\/li>\n<\/ul>\n\n\n\n<h2 class=\"wp-block-heading\">O que \u00e9 pesquisa de mercado de vaporiza\u00e7\u00e3o?<\/h2>\n\n\n\n<p>Vaping market research provides organizations a comprehensive view into the trends, competition, outlooks, geographies, and <a href=\"https:\/\/www.sisinternational.com\/pt\/transportadoras-de-baixo-custo-na-industria-da-aviacao\/\" title=\"Pesquisa de mercado de companhias a\u00e9reas de baixo custo\"  data-wpil-monitor-id=\"8668\">global<\/a> policies surrounding the vaping industry and helps brands better position themselves to compete within or against this market. Organizations entering the vaping market without knowledge surrounding their target consumers will have a difficult time establishing differentiation.<\/p>\n\n\n\n<p>Conducting qualitative research surrounding the vaping industry can enable brands to understand their intended <a href=\"https:\/\/www.sisinternational.com\/pt\/solucoes\/teste-de-sabor\/testes-de-produtos-de-consumo-em-nova-york\/\" title=\"Testes de produtos de consumo em Nova York\"  data-wpil-monitor-id=\"8674\">consumers&#8217; lives better and create products<\/a> that suit their needs. Product testing, <a class=\"wpil_keyword_link\" href=\"https:\/\/www.sisinternational.com\/pt\/solucoes\/solucoes-de-pesquisa-quantitativa-qualitativa\/em-testes-de-uso-domestico-ihuts\/\"   title=\"Pesquisa de Mercado IHUT\" data-wpil-keyword-link=\"linked\"  data-wpil-monitor-id=\"424\">in-home use tests (iHUTs)<\/a>, central location tests (CLTs), focus groups, and in-depth interviews (IDIs) can give companies access to their end-users&#8217; thought processes and help them position themselves strategically within the marketplace.<\/p>\n\n\n\n<p>A execu\u00e7\u00e3o de pesquisas quantitativas na ind\u00fastria de vaping fornecer\u00e1 \u00e0s marcas uma representa\u00e7\u00e3o num\u00e9rica estatisticamente significativa do mercado que atendem ou pretendem atender. A realiza\u00e7\u00e3o de pesquisas de satisfa\u00e7\u00e3o, pesquisas demogr\u00e1ficas e muito mais permitir\u00e1 que as empresas prevejam, controlem ou descrevam vari\u00e1veis de interesse. Estas an\u00e1lises permitem previs\u00f5es baseadas em factos que permitir\u00e3o \u00e0s empresas definir melhor os seus p\u00fablicos-alvo, compreender os pr\u00f3s e os contras das suas diferentes ofertas e criar melhores produtos e campanhas.<\/p>\n\n\n\n<p>Utilizing or performing <a href=\"https:\/\/www.sisinternational.com\/pt\/pericia\/industrias\/pesquisa-de-mercado-industrial\/\" title=\"Pesquisa e Estrat\u00e9gia de Mercado Industrial\"  data-wpil-monitor-id=\"8669\">market research in the vaping industry<\/a> is essential because it enables organizations to create a macroscopic view of their market and formulate strategic, well-defined business plans backed by empirical evidence. Without these insights, organizations frequently make ill-informed investments into different sectors of the vaping industry. These decisions can be tough to recover from if not identified early on. Vaping market research helps companies avoid these issues by adequately informing brands on their best next steps and putting them on a path to success.<\/p>","protected":false},"excerpt":{"rendered":"<p>A pesquisa de mercado de vaporiza\u00e7\u00e3o oferece uma vis\u00e3o abrangente das tend\u00eancias, concorr\u00eancia, perspectivas e pol\u00edticas da ind\u00fastria de vaporiza\u00e7\u00e3o.<\/p>","protected":false},"author":1,"featured_media":63623,"parent":14514,"menu_order":72,"comment_status":"closed","ping_status":"closed","template":"","meta":{"footnotes":""},"class_list":["post-38376","page","type-page","status-publish","has-post-thumbnail"],"_links":{"self":[{"href":"https:\/\/www.sisinternational.com\/pt\/wp-json\/wp\/v2\/pages\/38376","targetHints":{"allow":["GET"]}}],"collection":[{"href":"https:\/\/www.sisinternational.com\/pt\/wp-json\/wp\/v2\/pages"}],"about":[{"href":"https:\/\/www.sisinternational.com\/pt\/wp-json\/wp\/v2\/types\/page"}],"author":[{"embeddable":true,"href":"https:\/\/www.sisinternational.com\/pt\/wp-json\/wp\/v2\/users\/1"}],"replies":[{"embeddable":true,"href":"https:\/\/www.sisinternational.com\/pt\/wp-json\/wp\/v2\/comments?post=38376"}],"version-history":[{"count":6,"href":"https:\/\/www.sisinternational.com\/pt\/wp-json\/wp\/v2\/pages\/38376\/revisions"}],"predecessor-version":[{"id":81454,"href":"https:\/\/www.sisinternational.com\/pt\/wp-json\/wp\/v2\/pages\/38376\/revisions\/81454"}],"up":[{"embeddable":true,"href":"https:\/\/www.sisinternational.com\/pt\/wp-json\/wp\/v2\/pages\/14514"}],"wp:featuredmedia":[{"embeddable":true,"href":"https:\/\/www.sisinternational.com\/pt\/wp-json\/wp\/v2\/media\/63623"}],"wp:attachment":[{"href":"https:\/\/www.sisinternational.com\/pt\/wp-json\/wp\/v2\/media?parent=38376"}],"curies":[{"name":"wp","href":"https:\/\/api.w.org\/{rel}","templated":true}]}}