{"id":38077,"date":"2021-07-16T03:35:37","date_gmt":"2021-07-16T03:35:37","guid":{"rendered":"https:\/\/www.sisinternational.com\/?page_id=38077"},"modified":"2026-01-24T16:40:40","modified_gmt":"2026-01-24T21:40:40","slug":"pesquisa-de-mercado-em-uganda-africa","status":"publish","type":"page","link":"https:\/\/www.sisinternational.com\/pt\/cobertura\/pesquisa-de-mercado-africa\/pesquisa-de-mercado-em-uganda-africa\/","title":{"rendered":"Pesquisa de mercado em Uganda, \u00c1frica Oriental"},"content":{"rendered":"<h1 class=\"wp-block-heading\">Pesquisa de mercado em Uganda, \u00c1frica<\/h1>\n\n\n\n<figure class=\"gb-block-image gb-block-image-82f7095d\"><img loading=\"lazy\" decoding=\"async\" width=\"1456\" height=\"816\" class=\"gb-image gb-image-82f7095d\" src=\"https:\/\/www.sisinternational.com\/wp-content\/uploads\/2025\/08\/Uganda-2.jpg\" alt=\"Pesquisa e Estrat\u00e9gia de Mercado Internacional da SIS\" title=\"Uganda (2)\" srcset=\"https:\/\/www.sisinternational.com\/wp-content\/uploads\/2025\/08\/Uganda-2.jpg 1456w, https:\/\/www.sisinternational.com\/wp-content\/uploads\/2025\/08\/Uganda-2-300x168.jpg 300w, https:\/\/www.sisinternational.com\/wp-content\/uploads\/2025\/08\/Uganda-2-1024x574.jpg 1024w, https:\/\/www.sisinternational.com\/wp-content\/uploads\/2025\/08\/Uganda-2-768x430.jpg 768w, https:\/\/www.sisinternational.com\/wp-content\/uploads\/2025\/08\/Uganda-2-18x10.jpg 18w\" sizes=\"auto, (max-width: 1456px) 100vw, 1456px\"><\/figure>\n\n\n\n<p><\/p>\n\n\n\n<p>A pandemia da COVID-19 fez com que o Uganda estagnasse. Tamb\u00e9m causou a fal\u00eancia de muitas empresas e um grande n\u00famero de ugandeses perderam os seus empregos. Entretanto, uma invas\u00e3o de gafanhotos e inunda\u00e7\u00f5es destru\u00edram colheitas em todo o pa\u00eds. Como resultado, os ugandeses t\u00eam menos poder de compra, pelo que compram menos bens. Vale a pena investir em Uganda? Leia mais para descobrir.<\/p>\n\n\n\n<h2 class=\"wp-block-heading\">Principais ind\u00fastrias<\/h2>\n\n\n\n<p>Algod\u00e3o, cimento, a\u00e7\u00facar, tabaco, cervejarias e produ\u00e7\u00e3o de a\u00e7o s\u00e3o as principais ind\u00fastrias de Uganda. Outras exporta\u00e7\u00f5es incluem ch\u00e1, caf\u00e9, ouro, produtos vegetais e peixes. As grandes empresas dominam este sector atrav\u00e9s das suas filiais locais. No entanto, \u00e9 pequeno em compara\u00e7\u00e3o com o dos pa\u00edses mais desenvolvidos. A fonte de alimenta\u00e7\u00e3o \u00e9 irregular, o que dificulta a produ\u00e7\u00e3o. O Ruanda e o Qu\u00e9nia s\u00e3o os principais parceiros de exporta\u00e7\u00e3o do Uganda.<\/p>\n\n\n\n<h2 class=\"wp-block-heading\">Bairros<\/h2>\n\n\n\n<p>A capital de Uganda \u00e9 Kampala, que tamb\u00e9m \u00e9 a maior cidade. Localizada no extremo norte do Lago Vit\u00f3ria, Kampala \u00e9 uma das cidades que mais cresce no mundo. Algumas pessoas consideram que \u00e9 a melhor cidade da \u00c1frica Oriental.<\/p>\n\n\n\n<p>Entebbe \u00e9 outra das maiores cidades de Uganda, localizada ao sul de Kampala. Entebbe \u00e9 a porta de entrada para algumas das atra\u00e7\u00f5es tur\u00edsticas do pa\u00eds. Assim como Kampala, sua localiza\u00e7\u00e3o \u00e9 pr\u00f3xima ao Lago Vit\u00f3ria. Esta cidade tamb\u00e9m possui um aeroporto.<\/p>\n\n\n\n<p>Jinja tamb\u00e9m fica perto de Kampala e \u00e9 famosa como a nascente do Nilo Branco. Os guias de viagem referem-se a ela como a Capital da Aventura da \u00c1frica Oriental. O acesso \u00e9 f\u00e1cil a partir de Kampala \u2013 voc\u00ea pode chegar l\u00e1 por estrada ou avi\u00e3o.<\/p>\n\n\n\n<h2 class=\"wp-block-heading\">Tend\u00eancias<\/h2>\n\n\n\n<p>A economia do Uganda est\u00e1 numa espiral descendente causada pela COVID-19. As perspectivas s\u00e3o sombrias, especialmente se o v\u00edrus continuar a espalhar-se. Uma pandemia prolongada tornar\u00e1 mais dif\u00edcil a recupera\u00e7\u00e3o das exporta\u00e7\u00f5es do Uganda. Tamb\u00e9m prejudicar\u00e1 o turismo e os ugandeses no estrangeiro n\u00e3o poder\u00e3o enviar dinheiro para casa.<\/p>\n\n\n\n<p>Uganda tem uma elevada taxa de natalidade, mas muitas crian\u00e7as morrem ao nascer. A pobreza \u00e9 generalizada. A pandemia tamb\u00e9m est\u00e1 a fazer recuar os recentes ganhos em capital humano e sa\u00fade.<\/p>\n\n\n\n<p>Do lado positivo, o Uganda iniciar\u00e1 a produ\u00e7\u00e3o de petr\u00f3leo dentro de alguns anos.<\/p>\n\n\n\n<h2 class=\"wp-block-heading\">Benef\u00edcios e pontos fortes no mercado<\/h2>\n\n\n\n<p>Uganda has many strengths. For example, it has oil fields, fertile land, and hydroelectric power potential. Another benefit to investing in Uganda is the support it gets from donor countries. These countries help with the building of roads, bridges, and the like. They help make it easier for investors to get their <a href=\"https:\/\/www.sisinternational.com\/pt\/pericia\/curriculos-de-experiencia\/pesquisa-de-mercado-de-produtos-de-higiene-pessoal\/\" title=\"Pesquisa de mercado de produtos de cuidados pessoais\"  data-wpil-monitor-id=\"11110\">products to market<\/a>. Uganda also has a strategic location. Finally, the country has been stable over the last few decades, which is always a plus.<\/p>\n\n\n\n<h2 class=\"wp-block-heading\">Base de Consumidores<\/h2>\n\n\n\n<p>Apenas alguns ugandeses t\u00eam acesso \u00e0 Internet, embora muitos tenham telem\u00f3veis. Os ugandeses dependem dos telem\u00f3veis para se manterem ligados. As mensagens de texto s\u00e3o a atividade mais popular, especialmente entre os adolescentes. A maioria dos ugandenses tamb\u00e9m possui uma TV. A maioria deles tamb\u00e9m vive em \u00e1reas rurais, mas os n\u00fameros urbanos est\u00e3o a crescer rapidamente.<\/p>\n\n\n\n<p>Metade de todos os ugandeses tem entre 15 e 64 anos. Assim, existe uma vasta base de consumidores.<\/p>\n\n\n\n<h2 class=\"wp-block-heading\">Raz\u00f5es para expandir seus neg\u00f3cios em Uganda<\/h2>\n\n\n\n<p>Al\u00e9m de um grande n\u00famero de pessoas em idade ativa, a renda per capita \u00e9 baixa. Isto significa que os custos laborais no Uganda tamb\u00e9m s\u00e3o pequenos. Entretanto, o Uganda tem um elevado d\u00e9fice comercial. Assim, os bens que produz n\u00e3o s\u00e3o suficientes para satisfazer a procura local. Assim, os investidores estrangeiros podem preencher as lacunas.<\/p>\n\n\n\n<p>O Governo do Uganda tomou medidas para melhorar a facilidade de fazer neg\u00f3cios. Por exemplo, tem um \u201cCentro \u00danico\u201d para iniciar um neg\u00f3cio.<\/p>\n\n\n\n<h2 class=\"wp-block-heading\">Pesquisa de mercado em Uganda, \u00c1frica Oriental<\/h2>\n\n\n\n<p><a href=\"https:\/\/www.sisinternational.com\/pt\/solucoes\/solucoes-de-pesquisa-quantitativa-qualitativa\/\">Pesquisa Quantitativa e Qualitativa<\/a> is crucial before starting your business in Uganda. Such <a href=\"https:\/\/www.sisinternational.com\/pt\/considerando-o-oriente-medio-para-pesquisa-de-mercado\/\" title=\"Pesquisa de entrada no mercado do Oriente M\u00e9dio\"  data-wpil-monitor-id=\"1427\">research offers critical data about your market<\/a> and business scene. <a href=\"https:\/\/www.sisinternational.com\/pt\/what-to-expect-in-your-first-year-entering-a-new-market-5-essential-strategies\/\" title=\"What to Expect in Your First Year Entering a New Market: 5 Essential Strategies\"  data-wpil-monitor-id=\"11112\">Strategy Research is also essential<\/a>. It can help you to come up with your <a href=\"https:\/\/www.sisinternational.com\/pt\/solucoes\/teste-de-sabor\/servicos-de-teste-de-produtos-em-nova-york\/\" title=\"Servi\u00e7os de teste de produtos em Nova York\"  data-wpil-monitor-id=\"11113\">products and services<\/a>. Finally, Focus Groups, Surveys, and Interviews also make a difference. They allow you to <a href=\"https:\/\/www.sisinternational.com\/pt\/solucoes\/consultoria-estrategica\/pesquisa-de-mercado-de-produto-minimo-viavel\/\" title=\"Pesquisa de mercado de produto m\u00ednimo vi\u00e1vel\"  data-wpil-monitor-id=\"11111\">market your products<\/a> to the right Ugandan consumers.<\/p>\n\n\n\n<p><\/p>","protected":false},"excerpt":{"rendered":"<p>Pesquisa de mercado em Uganda. A pesquisa quantitativa e qualitativa \u00e9 crucial antes de come\u00e7ar. Comercialize seus produtos para os consumidores certos.<\/p>","protected":false},"author":1,"featured_media":65153,"parent":14281,"menu_order":44,"comment_status":"closed","ping_status":"closed","template":"","meta":{"footnotes":""},"class_list":["post-38077","page","type-page","status-publish","has-post-thumbnail"],"_links":{"self":[{"href":"https:\/\/www.sisinternational.com\/pt\/wp-json\/wp\/v2\/pages\/38077","targetHints":{"allow":["GET"]}}],"collection":[{"href":"https:\/\/www.sisinternational.com\/pt\/wp-json\/wp\/v2\/pages"}],"about":[{"href":"https:\/\/www.sisinternational.com\/pt\/wp-json\/wp\/v2\/types\/page"}],"author":[{"embeddable":true,"href":"https:\/\/www.sisinternational.com\/pt\/wp-json\/wp\/v2\/users\/1"}],"replies":[{"embeddable":true,"href":"https:\/\/www.sisinternational.com\/pt\/wp-json\/wp\/v2\/comments?post=38077"}],"version-history":[{"count":6,"href":"https:\/\/www.sisinternational.com\/pt\/wp-json\/wp\/v2\/pages\/38077\/revisions"}],"predecessor-version":[{"id":81816,"href":"https:\/\/www.sisinternational.com\/pt\/wp-json\/wp\/v2\/pages\/38077\/revisions\/81816"}],"up":[{"embeddable":true,"href":"https:\/\/www.sisinternational.com\/pt\/wp-json\/wp\/v2\/pages\/14281"}],"wp:featuredmedia":[{"embeddable":true,"href":"https:\/\/www.sisinternational.com\/pt\/wp-json\/wp\/v2\/media\/65153"}],"wp:attachment":[{"href":"https:\/\/www.sisinternational.com\/pt\/wp-json\/wp\/v2\/media?parent=38077"}],"curies":[{"name":"wp","href":"https:\/\/api.w.org\/{rel}","templated":true}]}}