{"id":38073,"date":"2021-07-16T03:12:42","date_gmt":"2021-07-16T03:12:42","guid":{"rendered":"https:\/\/www.sisinternational.com\/?page_id=38073"},"modified":"2026-01-24T20:50:46","modified_gmt":"2026-01-25T01:50:46","slug":"pesquisa-de-mercado-na-somalia-africa","status":"publish","type":"page","link":"https:\/\/www.sisinternational.com\/pt\/cobertura\/pesquisa-de-mercado-africa\/pesquisa-de-mercado-na-somalia-africa\/","title":{"rendered":"Pesquisa de mercado na Som\u00e1lia, \u00c1frica"},"content":{"rendered":"<h1 class=\"wp-block-heading\">Pesquisa de mercado na Som\u00e1lia, \u00c1frica<\/h1>\n\n\n\n<figure class=\"gb-block-image gb-block-image-123a9767\"><img loading=\"lazy\" decoding=\"async\" width=\"1456\" height=\"816\" class=\"gb-image gb-image-123a9767\" src=\"https:\/\/www.sisinternational.com\/wp-content\/uploads\/2025\/08\/Somalia-3.jpg\" alt=\"Pesquisa e Estrat\u00e9gia de Mercado Internacional da SIS\" title=\"Somalia, (3)\" srcset=\"https:\/\/www.sisinternational.com\/wp-content\/uploads\/2025\/08\/Somalia-3.jpg 1456w, https:\/\/www.sisinternational.com\/wp-content\/uploads\/2025\/08\/Somalia-3-300x168.jpg 300w, https:\/\/www.sisinternational.com\/wp-content\/uploads\/2025\/08\/Somalia-3-1024x574.jpg 1024w, https:\/\/www.sisinternational.com\/wp-content\/uploads\/2025\/08\/Somalia-3-768x430.jpg 768w, https:\/\/www.sisinternational.com\/wp-content\/uploads\/2025\/08\/Somalia-3-18x10.jpg 18w\" sizes=\"auto, (max-width: 1456px) 100vw, 1456px\"><\/figure>\n\n\n\n<p><\/p>\n\n\n\n<p>A Som\u00e1lia \u00e9 um pa\u00eds da \u00c1frica Oriental que circunda o Chifre da \u00c1frica. Como pode ser visto no mapa, este promont\u00f3rio pontiagudo no continente africano estende-se at\u00e9 ao Oceano \u00cdndico.<\/p>\n\n\n\n<p>O pa\u00eds \u00e9 plano e seco, com condi\u00e7\u00f5es des\u00e9rticas. Muitos somalis ainda s\u00e3o n\u00f3madas ou semi-n\u00f3madas. Como resultado, eles se deslocam de um lugar para outro, em busca de terras ar\u00e1veis para criar gado, camelos, cabras e ovelhas. Por outro lado, muitos somalis s\u00e3o agricultores.<\/p>\n\n\n\n<p>Este pa\u00eds tem uma longa hist\u00f3ria influenciada pela \u00c1frica e pela Ar\u00e1bia. Tem um grupo \u00e9tnico, os somalis, mas outros imp\u00e9rios tamb\u00e9m governaram. A It\u00e1lia e a Gr\u00e3-Bretanha foram as \u00faltimas pot\u00eancias governantes, chegando em 1800 e 1900. Quando essas col\u00f4nias se fundiram, causou muita rivalidade e disputas. Devido a isso, a guerra civil eclodiu em 1991. Desde ent\u00e3o, n\u00e3o houve um governo central real.<\/p>\n\n\n\n<h2 class=\"wp-block-heading\">Principais ind\u00fastrias<\/h2>\n\n\n\n<p>As principais exporta\u00e7\u00f5es s\u00e3o gado, peixe e produtos agr\u00edcolas.<\/p>\n\n\n\n<p>A economia \u00e9 informal e funciona sem mandato ou controlo governamental. Tamb\u00e9m n\u00e3o \u00e9 tributado. Na verdade, um \u00f3rg\u00e3o do governo federal administra o pa\u00eds, auxiliado por diversos \u00f3rg\u00e3os.<\/p>\n\n\n\n<p>This shaky governance and corruption jeopardize the progress of the country. Still, the economy is buoyant, and growing thanks to foreign companies. These overseas <a href=\"https:\/\/www.sisinternational.com\/pt\/pericia\/industrias\/solucoes-de-pesquisa-de-mercado-de-saude\/\" title=\"Empresa de pesquisa de mercado no setor de sa\u00fade\"  data-wpil-monitor-id=\"11136\">firms<\/a> run outlets in the local Somali market. What\u2019s more, they control these outlets remotely from more developed countries. Thus, they have access to resources like banks and a skilled workforce. They also get stable legal frameworks.<\/p>\n\n\n\n<h2 class=\"wp-block-heading\">Bairros<\/h2>\n\n\n\n<p>Mogadishu is an important port city on the <a href=\"https:\/\/www.sisinternational.com\/pt\/cobertura\/pesquisa-de-mercado-africa\/pesquisa-de-mercado-nas-mauricias-africa\/\" title=\"Market Research in Mauritius \u2014 Island off Africa&#8217;s East Coast\"  data-wpil-monitor-id=\"11132\">East African coast<\/a>. Known to locals as \u201cXamar\u201d or \u201cHamar,\u201d it is the capital city. Somali and Arabic are the official languages. Yet, it is common to hear Swahili, English, and Italian in its busy streets. The city is lively, with many street markets, cafes, and grocery stores. It is a peaceful city, and locals feel safe shopping and living there.<\/p>\n\n\n\n<p>As pessoas vivem e comercializam neste pa\u00eds h\u00e1 milhares de anos. Na verdade, voc\u00ea pode ver a hist\u00f3ria na arte rupestre. Aproveite esta arte em lugares como o antigo complexo de cavernas Laas Geel, que mostra a rica e antiga cultura da regi\u00e3o da costa norte. Pir\u00e2mides primitivas chamadas \u201ctaalo\u201d tamb\u00e9m pontilham a paisagem. Estas j\u00e1 foram estruturas funer\u00e1rias.<\/p>\n\n\n\n<h2 class=\"wp-block-heading\">Tend\u00eancias<\/h2>\n\n\n\n<p>As empresas estrangeiras est\u00e3o ansiosas para investir neste pa\u00eds. Possui reservas de recursos naturais, como ur\u00e2nio, min\u00e9rio de ferro e g\u00e1s natural. As empresas mineiras estrangeiras procuram dep\u00f3sitos de ur\u00e2nio. Os dep\u00f3sitos neste pa\u00eds podem ser os maiores do mundo. Ent\u00e3o, esse setor oferece oportunidade de crescimento empresarial para o pa\u00eds.<\/p>\n\n\n\n<p>Another key point is that&nbsp;Arab countries are investing in livestock infrastructure.&nbsp;For instance, countries like the <a href=\"https:\/\/www.sisinternational.com\/pt\/cobertura\/pesquisa-de-mercado-medio-oriente\/pesquisa-de-mercado-nos-emirados-arabes-unidos\/\" title=\"Pesquisa de mercado nos Emirados \u00c1rabes Unidos\"  data-wpil-monitor-id=\"11130\">Emirados \u00c1rabes Unidos<\/a> are purchasing large farms. These countries have a long history of trading with their African neighbors. They remain hopeful about the future growth Somalia promises.<\/p>\n\n\n\n<p>O com\u00e9rcio global tamb\u00e9m est\u00e1 em ascens\u00e3o e a classe empresarial somali est\u00e1 a contribuir para a economia em r\u00e1pido crescimento.<\/p>\n\n\n\n<p>The widespread violence and starvation in the 1990s pushed many to become refugees.\u00a0More than a million Somali people have fled the country since 1991.\u00a0They left to find a better life in other countries.\u00a0As a result, the country now has a large diaspora, which takes an interest in its progress. The diaspora and the private sector are the lifelines of the nation.<\/p>\n\n\n\n<h2 class=\"wp-block-heading\">Benef\u00edcios e pontos fortes<\/h2>\n\n\n\n<p>Somalia is near the Arab Peninsula, and traders on both sides of the Persian Gulf take <a href=\"https:\/\/www.sisinternational.com\/pt\/pericia\/industrias\/viagem-de-turismo\/vantagem-de-nyc-como-um-mercado-de-teste-para-viagens\/\" title=\"A vantagem estrat\u00e9gica de usar NYC como um mercado de teste para viagens e turismo\"  data-wpil-monitor-id=\"11133\">advantage of this strategic<\/a> spot. Animals are one of the biggest exports, and they go to the Middle East. Somali livestock is of high quality and sells at a great price.<\/p>\n\n\n\n<h2 class=\"wp-block-heading\">Base de Consumidores<\/h2>\n\n\n\n<p>Os cl\u00e3s n\u00f4mades constituem uma grande parte da popula\u00e7\u00e3o. Seu estilo de vida \u00e9 muito fora da rede. Eles n\u00e3o t\u00eam acesso a coisas como servi\u00e7os banc\u00e1rios e contas poupan\u00e7a. Em vez disso, a maioria das transa\u00e7\u00f5es monet\u00e1rias acontece por telefone.<\/p>\n\n\n\n<p>Os somalis dependem de fundos enviados do estrangeiro como parte do seu rendimento. Na verdade, muitos somalis vivem abaixo da linha da pobreza.<\/p>\n\n\n\n<h2 class=\"wp-block-heading\">Raz\u00f5es para expandir seus neg\u00f3cios na Som\u00e1lia<\/h2>\n\n\n\n<p>The country\u2019s economy is growing stronger. As it expands in the cities, more companies are opening. But, be warned: doing <a href=\"https:\/\/www.sisinternational.com\/pt\/dia-dos-namorados-como-sua-empresa-pode-sentir-o-amor\/\" title=\"Pesquisa de mercado do Dia dos Namorados: como sua empresa pode sentir o amor\"  data-wpil-monitor-id=\"11135\">business will feel<\/a> odd without government oversight. In fact, investors form part of the informal economy.<\/p>\n\n\n\n<h2 class=\"wp-block-heading\">Sobre pesquisa de mercado na Som\u00e1lia<\/h2>\n\n\n\n<p>There\u2019s nothing like knowing exactly who your customers are. That\u2019s why we provide <a href=\"https:\/\/www.sisinternational.com\/pt\/pesquisa-de-mercado-na-africa\/\" title=\"Pesquisa de Mercado em \u00c1frica\"  data-wpil-monitor-id=\"2926\">market strategy research<\/a> in Somalia. Our <a href=\"https:\/\/www.sisinternational.com\/pt\/solucoes\/solucoes-de-pesquisa-quantitativa-qualitativa\/\">Pesquisa qualitativa e quantitativa<\/a> fornece os dados que voc\u00ea precisa. N\u00f3s ajudamos voc\u00ea a expandir seu neg\u00f3cio. Voc\u00ea tamb\u00e9m pode usar nossos Focus Groups para aprender sobre oportunidades na Som\u00e1lia.<\/p>\n\n\n\n<p>We also use interviews and surveys. These tools help you pinpoint the right place and time for <a href=\"https:\/\/www.sisinternational.com\/pt\/solucoes\/consultoria-estrategica\/pesquisa-de-oportunidade-de-entrada-no-mercado\/a-eficacia-dos-testes-de-produtos-em-nova-york-para-entrar-no-mercado-americano\/\" title=\"A efic\u00e1cia dos testes de produtos em Nova York para entrar no mercado americano\"  data-wpil-monitor-id=\"11134\">entering the market<\/a>. <a href=\"https:\/\/www.sisinternational.com\/pt\/pericia\/curriculos-de-experiencia\/pesquisa-de-marca\/\" title=\"Empresa de pesquisa de marca\"  data-wpil-monitor-id=\"11131\">Companies can grow with the right research<\/a> team. Contact us today to get started with your Somali investment.<\/p>\n\n\n\n<p><\/p>","protected":false},"excerpt":{"rendered":"<p>Pesquisa de Mercado na Som\u00e1lia; nossa pesquisa qualitativa e quantitativa fornece os dados que voc\u00ea precisa. N\u00f3s ajudamos voc\u00ea a expandir seu neg\u00f3cio.<\/p>","protected":false},"author":1,"featured_media":65220,"parent":14281,"menu_order":42,"comment_status":"closed","ping_status":"closed","template":"","meta":{"footnotes":""},"class_list":["post-38073","page","type-page","status-publish","has-post-thumbnail"],"_links":{"self":[{"href":"https:\/\/www.sisinternational.com\/pt\/wp-json\/wp\/v2\/pages\/38073","targetHints":{"allow":["GET"]}}],"collection":[{"href":"https:\/\/www.sisinternational.com\/pt\/wp-json\/wp\/v2\/pages"}],"about":[{"href":"https:\/\/www.sisinternational.com\/pt\/wp-json\/wp\/v2\/types\/page"}],"author":[{"embeddable":true,"href":"https:\/\/www.sisinternational.com\/pt\/wp-json\/wp\/v2\/users\/1"}],"replies":[{"embeddable":true,"href":"https:\/\/www.sisinternational.com\/pt\/wp-json\/wp\/v2\/comments?post=38073"}],"version-history":[{"count":6,"href":"https:\/\/www.sisinternational.com\/pt\/wp-json\/wp\/v2\/pages\/38073\/revisions"}],"predecessor-version":[{"id":81819,"href":"https:\/\/www.sisinternational.com\/pt\/wp-json\/wp\/v2\/pages\/38073\/revisions\/81819"}],"up":[{"embeddable":true,"href":"https:\/\/www.sisinternational.com\/pt\/wp-json\/wp\/v2\/pages\/14281"}],"wp:featuredmedia":[{"embeddable":true,"href":"https:\/\/www.sisinternational.com\/pt\/wp-json\/wp\/v2\/media\/65220"}],"wp:attachment":[{"href":"https:\/\/www.sisinternational.com\/pt\/wp-json\/wp\/v2\/media?parent=38073"}],"curies":[{"name":"wp","href":"https:\/\/api.w.org\/{rel}","templated":true}]}}