{"id":38071,"date":"2021-07-16T03:06:23","date_gmt":"2021-07-16T03:06:23","guid":{"rendered":"https:\/\/www.sisinternational.com\/?page_id=38071"},"modified":"2025-09-14T18:37:39","modified_gmt":"2025-09-14T22:37:39","slug":"pesquisa-de-mercado-em-serra-leoa-africa","status":"publish","type":"page","link":"https:\/\/www.sisinternational.com\/pt\/cobertura\/pesquisa-de-mercado-africa\/pesquisa-de-mercado-em-serra-leoa-africa\/","title":{"rendered":"Pesquisa de mercado em Serra Leoa, \u00c1frica"},"content":{"rendered":"<h1 class=\"wp-block-heading\">Pesquisa de mercado em Serra Leoa, \u00c1frica<\/h1>\n\n\n\n<figure class=\"gb-block-image gb-block-image-d0617c66\"><img loading=\"lazy\" decoding=\"async\" width=\"1456\" height=\"816\" class=\"gb-image gb-image-d0617c66\" src=\"https:\/\/www.sisinternational.com\/wp-content\/uploads\/2025\/08\/Sierra-Leone-1.jpg\" alt=\"Pesquisa e Estrat\u00e9gia de Mercado Internacional da SIS\" title=\"Sierra Leone, (1)\" srcset=\"https:\/\/www.sisinternational.com\/wp-content\/uploads\/2025\/08\/Sierra-Leone-1.jpg 1456w, https:\/\/www.sisinternational.com\/wp-content\/uploads\/2025\/08\/Sierra-Leone-1-300x168.jpg 300w, https:\/\/www.sisinternational.com\/wp-content\/uploads\/2025\/08\/Sierra-Leone-1-1024x574.jpg 1024w, https:\/\/www.sisinternational.com\/wp-content\/uploads\/2025\/08\/Sierra-Leone-1-768x430.jpg 768w, https:\/\/www.sisinternational.com\/wp-content\/uploads\/2025\/08\/Sierra-Leone-1-18x10.jpg 18w\" sizes=\"auto, (max-width: 1456px) 100vw, 1456px\"><\/figure>\n\n\n\n<p><\/p>\n\n\n\n<p>Serra Leoa \u00e9 um pa\u00eds da \u00c1frica Ocidental. Este pa\u00eds enfrentou muitas lutas nos \u00faltimos anos. Na verdade, passou por uma guerra civil de 1991 a 2002. O filme Blood Diamond de 2006 foi baseado nesta guerra civil. O \u00c9bola tamb\u00e9m devastou o pa\u00eds em 2014, ceifando 11 mil vidas. Come\u00e7ou a recuperar, mas a COVID-19 est\u00e1 a abrand\u00e1-la. Ent\u00e3o, por que voc\u00ea deveria investir em Serra Leoa? Leia mais para descobrir.<\/p>\n\n\n\n<h2 class=\"wp-block-heading\">Principais ind\u00fastrias<\/h2>\n\n\n\n<p>Sierra Leone is one of the world\u2019s main suppliers of titanium. Diamond mining is also a source of income.&nbsp;Both industries provide jobs and boost tax revenues.<\/p>\n\n\n\n<p>A Serra Leoa possui terras f\u00e9rteis e a agricultura \u00e9 outra importante fonte de rendimento. Os parceiros comerciais do pa\u00eds s\u00e3o os Estados Unidos, B\u00e9lgica, Holanda e Fran\u00e7a. As principais exporta\u00e7\u00f5es s\u00e3o caf\u00e9 e cacau.<\/p>\n\n\n\n<p>Serra Leoa tamb\u00e9m produz madeira para exporta\u00e7\u00e3o. Al\u00e9m disso, o pa\u00eds exporta pescado. Esta ind\u00fastria cria empregos atrav\u00e9s da constru\u00e7\u00e3o de barcos, venda de peixe e marketing.<\/p>\n\n\n\n<p>Os sectores do turismo e da ind\u00fastria transformadora tamb\u00e9m est\u00e3o a crescer.<\/p>\n\n\n\n<h2 class=\"wp-block-heading\">Bairros<\/h2>\n\n\n\n<p>Freetown \u00e9 a capital da Serra Leoa. O porto de \u00e1guas profundas desta cidade est\u00e1 entre os maiores do mundo. Freetown tamb\u00e9m \u00e9 famosa pela enorme \u00e1rvore de algod\u00e3o de seda no centro da cidade. A \u00e1rvore \u00e9 um s\u00edmbolo de liberdade.<\/p>\n\n\n\n<p>O Museu da Serra Leoa \u00e9 outra atra\u00e7\u00e3o. O museu abriga v\u00e1rios artefatos. Exemplos s\u00e3o a Pedra Ruiter e o tambor original de Bai Bureh.<\/p>\n\n\n\n<h2 class=\"wp-block-heading\">Tend\u00eancias<\/h2>\n\n\n\n<p>Sierra Leone\u2019s <a href=\"https:\/\/www.sisinternational.com\/pt\/pericia\/industrias\/pesquisa-de-mercado-de-petroleo-e-gas\/\" title=\"Pesquisa de mercado de petr\u00f3leo e g\u00e1s\"  data-wpil-monitor-id=\"8649\">oil and gas<\/a> sector is still in the research stage. The government hopes to attract investments in this sector. But first, it needs to find deposits.<\/p>\n\n\n\n<h2 class=\"wp-block-heading\">Benef\u00edcios e pontos fortes no mercado<\/h2>\n\n\n\n<p>A Serra Leoa ainda luta com o impacto da COVID-19. Al\u00e9m do mais, o pa\u00eds ainda n\u00e3o recuperou do surto do v\u00edrus \u00c9bola.<\/p>\n\n\n\n<p>Still, the government is looking for <a href=\"https:\/\/www.sisinternational.com\/pt\/analise-de-satisfacao-do-cliente\/\" title=\"8 maneiras de aumentar a satisfa\u00e7\u00e3o do cliente no varejo\"  data-wpil-monitor-id=\"8650\">ways to boost<\/a> the economy. One of these avenues is organic farming. It is also looking at eco-tourism and renewable energy. Sierra Leone is aiming to become Africa\u2019s first Zero-Carbon middle economy.<\/p>\n\n\n\n<h2 class=\"wp-block-heading\">Base de Consumidores<\/h2>\n\n\n\n<p>Sierra Leone\u2019s economy has matured over the years. At heart, farming employs many working people. Many of the people are tenant farmers. Despite its profits, the economy is in trouble. For example, there is a high rate of unemployed youths.&nbsp;Still, the country is now stable and the climate is right for investors.<\/p>\n\n\n\n<h2 class=\"wp-block-heading\">Raz\u00f5es para expandir seu neg\u00f3cio no mercado<\/h2>\n\n\n\n<p>Ent\u00e3o, porqu\u00ea investir na Serra Leoa? Por um lado, o mercado oferece muitas op\u00e7\u00f5es aos investidores. Por exemplo, h\u00e1 um aumento da procura global por dep\u00f3sitos minerais. Serra Leoa possui vastos dep\u00f3sitos de bauxita e diamantes. Tamb\u00e9m possui ouro, platina, coltan e outros recursos naturais. Assim, oferece cinco tipos de licen\u00e7as para empresas estrangeiras extrairem esses minerais.<\/p>\n\n\n\n<p>O pa\u00eds tamb\u00e9m promove a agricultura e os pequenos neg\u00f3cios. As taxas de juro reduzidas est\u00e3o a tornar estes sectores mais atraentes. Al\u00e9m disso, o governo da Serra Leoa procura atrair outros investidores. Por exemplo, procura impulsionar a economia com investimentos no turismo. Assim, os potenciais investidores devem explorar o sector do turismo.<\/p>\n\n\n\n<h2 class=\"wp-block-heading\">Sobre pesquisa de mercado em Serra Leoa<\/h2>\n\n\n\n<p>O povo da Serra Leoa luta contra a pobreza. Apenas algumas pessoas s\u00e3o ricas ou t\u00eam rendimentos m\u00e9dios. Al\u00e9m disso, o pa\u00eds n\u00e3o est\u00e1 bem desenvolvido.<\/p>\n\n\n\n<p>That\u2019s why we provide <a href=\"https:\/\/www.sisinternational.com\/pt\/how-to-design-effective-surveys-for-quantitative-research\/\" title=\"How to Design Effective Surveys for Quantitative Research\"  data-wpil-monitor-id=\"8648\">Pesquisa Quantitativa e Qualitativa<\/a> services. We also offer surveys, interviews, and focus groups. These tools can help you decide if investing in <a href=\"https:\/\/statehouse.gov.sl\" target=\"_blank\" rel=\"noopener\">Serra Leoa<\/a> \u00e9 o movimento certo para voc\u00ea.<\/p>\n\n\n\n<p>N\u00f3s tamb\u00e9m oferecemos <a href=\"https:\/\/www.sisinternational.com\/pt\/solucoes\/consultoria-estrategica\/como-a-pesquisa-estrategica-pode-impulsionar-seu-desempenho\/\">Pesquisa de estrat\u00e9gia<\/a>. Este tipo crucial de pesquisa informa ao investidor o que funcionar\u00e1 melhor na Serra Leoa<\/p>\n\n\n\n<p>Voc\u00ea est\u00e1 pensando em investir em Serra Leoa?<\/p>\n\n\n\n<p><\/p>","protected":false},"excerpt":{"rendered":"<p>Pesquisa de Mercado em Serra Leoa; pesquisas, entrevistas, grupos focais. Essas ferramentas podem ajud\u00e1-lo a decidir se investir \u00e9 a decis\u00e3o certa para voc\u00ea.<\/p>","protected":false},"author":1,"featured_media":65215,"parent":14281,"menu_order":41,"comment_status":"closed","ping_status":"closed","template":"","meta":{"footnotes":""},"class_list":["post-38071","page","type-page","status-publish","has-post-thumbnail"],"_links":{"self":[{"href":"https:\/\/www.sisinternational.com\/pt\/wp-json\/wp\/v2\/pages\/38071","targetHints":{"allow":["GET"]}}],"collection":[{"href":"https:\/\/www.sisinternational.com\/pt\/wp-json\/wp\/v2\/pages"}],"about":[{"href":"https:\/\/www.sisinternational.com\/pt\/wp-json\/wp\/v2\/types\/page"}],"author":[{"embeddable":true,"href":"https:\/\/www.sisinternational.com\/pt\/wp-json\/wp\/v2\/users\/1"}],"replies":[{"embeddable":true,"href":"https:\/\/www.sisinternational.com\/pt\/wp-json\/wp\/v2\/comments?post=38071"}],"version-history":[{"count":5,"href":"https:\/\/www.sisinternational.com\/pt\/wp-json\/wp\/v2\/pages\/38071\/revisions"}],"predecessor-version":[{"id":81451,"href":"https:\/\/www.sisinternational.com\/pt\/wp-json\/wp\/v2\/pages\/38071\/revisions\/81451"}],"up":[{"embeddable":true,"href":"https:\/\/www.sisinternational.com\/pt\/wp-json\/wp\/v2\/pages\/14281"}],"wp:featuredmedia":[{"embeddable":true,"href":"https:\/\/www.sisinternational.com\/pt\/wp-json\/wp\/v2\/media\/65215"}],"wp:attachment":[{"href":"https:\/\/www.sisinternational.com\/pt\/wp-json\/wp\/v2\/media?parent=38071"}],"curies":[{"name":"wp","href":"https:\/\/api.w.org\/{rel}","templated":true}]}}