{"id":38069,"date":"2021-07-16T02:56:20","date_gmt":"2021-07-16T02:56:20","guid":{"rendered":"https:\/\/www.sisinternational.com\/?page_id=38069"},"modified":"2026-01-24T20:50:47","modified_gmt":"2026-01-25T01:50:47","slug":"pesquisa-de-mercado-em-seychelles-africa","status":"publish","type":"page","link":"https:\/\/www.sisinternational.com\/pt\/cobertura\/pesquisa-de-mercado-africa\/pesquisa-de-mercado-em-seychelles-africa\/","title":{"rendered":"Pesquisa de mercado em Seychelles, \u00c1frica"},"content":{"rendered":"<h1 class=\"wp-block-heading\">Pesquisa de mercado em Seychelles, \u00c1frica<\/h1>\n\n\n\n<figure class=\"gb-block-image gb-block-image-2e2a6b72\"><img loading=\"lazy\" decoding=\"async\" width=\"1456\" height=\"816\" class=\"gb-image gb-image-2e2a6b72\" src=\"https:\/\/www.sisinternational.com\/wp-content\/uploads\/2025\/08\/Seychelles-4.jpg\" alt=\"Pesquisa e Estrat\u00e9gia de Mercado Internacional da SIS\" title=\"Seychelles, (4)\" srcset=\"https:\/\/www.sisinternational.com\/wp-content\/uploads\/2025\/08\/Seychelles-4.jpg 1456w, https:\/\/www.sisinternational.com\/wp-content\/uploads\/2025\/08\/Seychelles-4-300x168.jpg 300w, https:\/\/www.sisinternational.com\/wp-content\/uploads\/2025\/08\/Seychelles-4-1024x574.jpg 1024w, https:\/\/www.sisinternational.com\/wp-content\/uploads\/2025\/08\/Seychelles-4-768x430.jpg 768w, https:\/\/www.sisinternational.com\/wp-content\/uploads\/2025\/08\/Seychelles-4-18x10.jpg 18w\" sizes=\"auto, (max-width: 1456px) 100vw, 1456px\"><\/figure>\n\n\n\n<p><\/p>\n\n\n\n<p>Seychelles \u00e9 um lindo pa\u00eds com 115 ilhas. Est\u00e1 localizado no Mar da Som\u00e1lia, nas costas do Qu\u00eania e de Madagascar. Apesar de ser uma na\u00e7\u00e3o insular, as Seicheles s\u00e3o membros da Uni\u00e3o Africana.<\/p>\n\n\n\n<h2 class=\"wp-block-heading\">Principais ind\u00fastrias<\/h2>\n\n\n\n<p>Seychelles costumava ser agr\u00e1ria. \u00c9 agora um pa\u00eds pr\u00f3spero baseado no turismo. Na verdade, o turismo fornece a maior parte das receitas do pa\u00eds. Como resultado, as Seicheles t\u00eam o PIB per capita nominal mais elevado de \u00c1frica.<\/p>\n\n\n\n<p>O setor do turismo tamb\u00e9m \u00e9 um grande empregador. Al\u00e9m disso, aumenta o total das receitas externas. A maioria dos turistas vem da Europa.<\/p>\n\n\n\n<p>The fishing <a href=\"https:\/\/www.sisinternational.com\/pt\/pericia\/industrias\/pesquisa-de-mercado-industrial\/\" title=\"Pesquisa e Estrat\u00e9gia de Mercado Industrial\"  data-wpil-monitor-id=\"11262\">industry supplies both local and foreign markets<\/a>. Another benefit of this <a href=\"https:\/\/www.sisinternational.com\/pt\/solucoes\/pesquisa-de-mercado-da-industria-de-bebidas-alimenticias\/\" title=\"Pesquisa de mercado do setor de alimentos e bebidas\"  data-wpil-monitor-id=\"11265\">industry is that it boosts food<\/a> security. In addition, it provides income. Seychelles exports high-quality fish to Europe, Japan, France, and Germany. It also targets countries like the United Kingdom and Mauritius.<\/p>\n\n\n\n<p>O governo das Seicheles est\u00e1 a tentar reduzir as importa\u00e7\u00f5es de alimentos. Ainda assim, a agricultura representa apenas uma frac\u00e7\u00e3o do Produto Interno Bruto do pa\u00eds.<\/p>\n\n\n\n<p>O setor manufatureiro do pa\u00eds tamb\u00e9m est\u00e1 crescendo. Este setor possui diversas f\u00e1bricas de processamento de alimentos. Al\u00e9m disso, Seychelles possui ind\u00fastrias qu\u00edmicas e de fabrica\u00e7\u00e3o de m\u00f3veis.<\/p>\n\n\n\n<h2 class=\"wp-block-heading\">Bairros<\/h2>\n\n\n\n<p>Victoria is the capital of Seychelles. It is on the northeastern <a href=\"https:\/\/www.sisinternational.com\/pt\/cobertura\/pesquisa-de-mercado-africa\/pesquisa-de-mercado-nas-mauricias-africa\/\" title=\"Market Research in Mauritius \u2014 Island off Africa&#8217;s East Coast\"  data-wpil-monitor-id=\"11266\">coast of Mahe Island<\/a>. Since it is the country\u2019s only port, all exports leave from there.<\/p>\n\n\n\n<p>A capital tamb\u00e9m \u00e9 a sede do governo nacional. A State House, que \u00e9 o Gabinete do Presidente, tamb\u00e9m fica na capital. Al\u00e9m disso, a capital \u00e9 o centro de neg\u00f3cios culturais do pa\u00eds. Um de seus marcos \u00e9 a Torre do Rel\u00f3gio. Esta torre resistiu ao teste do tempo, desde 1903.<\/p>\n\n\n\n<p>Anse Boileau \u00e9 outro distrito na costa oeste de Mahe. Este lindo local fica no sop\u00e9 de uma montanha. Possui uma variedade de riachos, miniflorestas, riachos e lagoas. Anse Boileau abriga uma delegacia de pol\u00edcia, mercearias e lojas. A praia \u00e9 de f\u00e1cil acesso de ve\u00edculo ou a p\u00e9. Tamb\u00e9m \u00e9 adequado para nata\u00e7\u00e3o e mergulho com snorkel gra\u00e7as \u00e0s suas ondas pequenas e \u00e1guas rasas. Os visitantes tamb\u00e9m podem desfrutar de um lindo p\u00f4r do sol.<\/p>\n\n\n\n<h2 class=\"wp-block-heading\">Tend\u00eancias<\/h2>\n\n\n\n<p>A gest\u00e3o do v\u00edrus COVID-19 continua a ser uma preocupa\u00e7\u00e3o primordial. Na verdade, o governo concede financiamento extra aos sectores que mais necessitam.<\/p>\n\n\n\n<p>Os gastos or\u00e7ament\u00e1rios mudaram para:<\/p>\n\n\n\n<ol class=\"wp-block-list\">\n<li>Cuidados de sa\u00fade para conter e combater o v\u00edrus<\/li>\n\n\n\n<li>Seguran\u00e7a alimentar durante a crise<\/li>\n\n\n\n<li>Garantir que os funcion\u00e1rios do setor privado mantenham os seus empregos e sejam pagos<\/li>\n\n\n\n<li>Prote\u00e7\u00e3o social para garantir a seguran\u00e7a das pessoas em maior risco<\/li>\n\n\n\n<li>Mais medidas para prevenir o crime durante a recess\u00e3o<\/li>\n\n\n\n<li>Investimentos para apoiar o crescimento<\/li>\n<\/ol>\n\n\n\n<h2 class=\"wp-block-heading\">Benef\u00edcios e pontos fortes no mercado das Seychelles<\/h2>\n\n\n\n<p>A pandemia fez com que o crescimento diminu\u00edsse devido \u00e0 redu\u00e7\u00e3o do turismo.<\/p>\n\n\n\n<p>Por outro lado, a ind\u00fastria pesqueira continua a ter um bom desempenho. Assim, as Seicheles podem sobreviver. A ind\u00fastria tem tr\u00eas componentes principais. Eles s\u00e3o:<\/p>\n\n\n\n<ol class=\"wp-block-list\">\n<li>A pesca artesanal, feita por pescadores locais em pequenas lanchas.<\/li>\n\n\n\n<li>A pesca semi-industrial, tamb\u00e9m propriedade dos habitantes locais. Eles pescam em mar aberto, usando palangres.<\/li>\n\n\n\n<li>A pesca industrial, composta principalmente por frotas estrangeiras. Esta \u00e9 a espinha dorsal da ind\u00fastria pesqueira e tem como alvo as esp\u00e9cies de atum.<\/li>\n<\/ol>\n\n\n\n<h2 class=\"wp-block-heading\">Base de Consumidores<\/h2>\n\n\n\n<p>Despite the growth in Seychelles, poverty is still widespread.&nbsp;This is due to unequal wealth distribution among its population.<\/p>\n\n\n\n<h2 class=\"wp-block-heading\">Raz\u00f5es para expandir seus neg\u00f3cios no mercado das Seychelles<\/h2>\n\n\n\n<p>O governo est\u00e1 a implementar v\u00e1rias medidas para apoiar os agricultores e pescadores locais. Est\u00e1 auxiliando-os na produ\u00e7\u00e3o de carne, vegetais e peixes.<\/p>\n\n\n\n<p>As fronteiras das Seicheles permanecem fechadas. Na verdade, vimos que o sector do turismo est\u00e1 em recess\u00e3o. Assim, o pa\u00eds precisa se diversificar. Precisa de reduzir a sua depend\u00eancia excessiva do sector do turismo. Ao faz\u00ea-lo, o governo deve tamb\u00e9m preservar os padr\u00f5es de vida do seu povo. Tamb\u00e9m deve permanecer est\u00e1vel.<\/p>\n\n\n\n<p>That\u2019s why it\u2019s important to attract new investors. Once a business starts <a href=\"https:\/\/www.sisinternational.com\/pt\/pericia\/curriculos-de-experiencia\/pesquisa-de-mercado-de-produtos-de-higiene-pessoal\/\" title=\"Pesquisa de mercado de produtos de cuidados pessoais\"  data-wpil-monitor-id=\"11263\">marketing its products<\/a> it can boost the growth of the country.<\/p>\n\n\n\n<h2 class=\"wp-block-heading\">Sobre pesquisa de mercado nas Seychelles<\/h2>\n\n\n\n<p>Focus groups play a crucial role in protecting investors. That\u2019s why it\u2019s important to conduct surveys on the country. Such <a href=\"https:\/\/www.sisinternational.com\/pt\/pesquisa-de-mercado-na-africa\/\" title=\"Pesquisa de Mercado em \u00c1frica\"  data-wpil-monitor-id=\"2929\">research is necessary to understand the market<\/a>. <a href=\"https:\/\/www.sisinternational.com\/pt\/solucoes\/solucoes-de-pesquisa-quantitativa-qualitativa\/recrutamento-de-pesquisa-qualitativa\/\" title=\"Recrutamento de Pesquisa Qualitativa\"  data-wpil-monitor-id=\"11264\">Qualitative and Quantitative research<\/a> will also help business owners. Investors can determine if investing in Seychelles will benefit them.<\/p>\n\n\n\n<p><a href=\"https:\/\/www.sisinternational.com\/pt\/solucoes\/consultoria-estrategica\/como-a-pesquisa-estrategica-pode-impulsionar-seu-desempenho\/\">Pesquisa estrat\u00e9gica<\/a> is also essential.&nbsp;It tells the investor what will work best in Seychelles.<\/p>\n\n\n\n<p>Voc\u00ea est\u00e1 pensando em investir nas Seychelles? Estamos felizes em fornecer sua pesquisa de mercado. Queremos ajud\u00e1-lo a decidir. Entre em contato conosco agora!<\/p>\n\n\n\n<p><\/p>","protected":false},"excerpt":{"rendered":"<p>Pesquisa de Mercado nas Seicheles; voc\u00ea est\u00e1 pensando em investir? Estamos felizes em fornecer sua pesquisa de mercado. Queremos ajud\u00e1-lo a decidir.<\/p>","protected":false},"author":1,"featured_media":65214,"parent":14281,"menu_order":40,"comment_status":"closed","ping_status":"closed","template":"","meta":{"footnotes":""},"class_list":["post-38069","page","type-page","status-publish","has-post-thumbnail"],"_links":{"self":[{"href":"https:\/\/www.sisinternational.com\/pt\/wp-json\/wp\/v2\/pages\/38069","targetHints":{"allow":["GET"]}}],"collection":[{"href":"https:\/\/www.sisinternational.com\/pt\/wp-json\/wp\/v2\/pages"}],"about":[{"href":"https:\/\/www.sisinternational.com\/pt\/wp-json\/wp\/v2\/types\/page"}],"author":[{"embeddable":true,"href":"https:\/\/www.sisinternational.com\/pt\/wp-json\/wp\/v2\/users\/1"}],"replies":[{"embeddable":true,"href":"https:\/\/www.sisinternational.com\/pt\/wp-json\/wp\/v2\/comments?post=38069"}],"version-history":[{"count":6,"href":"https:\/\/www.sisinternational.com\/pt\/wp-json\/wp\/v2\/pages\/38069\/revisions"}],"predecessor-version":[{"id":81837,"href":"https:\/\/www.sisinternational.com\/pt\/wp-json\/wp\/v2\/pages\/38069\/revisions\/81837"}],"up":[{"embeddable":true,"href":"https:\/\/www.sisinternational.com\/pt\/wp-json\/wp\/v2\/pages\/14281"}],"wp:featuredmedia":[{"embeddable":true,"href":"https:\/\/www.sisinternational.com\/pt\/wp-json\/wp\/v2\/media\/65214"}],"wp:attachment":[{"href":"https:\/\/www.sisinternational.com\/pt\/wp-json\/wp\/v2\/media?parent=38069"}],"curies":[{"name":"wp","href":"https:\/\/api.w.org\/{rel}","templated":true}]}}