{"id":38051,"date":"2021-07-09T03:27:16","date_gmt":"2021-07-09T03:27:16","guid":{"rendered":"https:\/\/www.sisinternational.com\/?page_id=38051"},"modified":"2026-01-26T17:19:55","modified_gmt":"2026-01-26T22:19:55","slug":"pesquisa-de-mercado-no-sudao-africa","status":"publish","type":"page","link":"https:\/\/www.sisinternational.com\/pt\/cobertura\/pesquisa-de-mercado-africa\/pesquisa-de-mercado-no-sudao-africa\/","title":{"rendered":"Pesquisa de mercado no Sud\u00e3o, \u00c1frica"},"content":{"rendered":"<h1 class=\"wp-block-heading\">Pesquisa de mercado no Sud\u00e3o, \u00c1frica<\/h1>\n\n\n\n<figure class=\"gb-block-image gb-block-image-64453e76\"><img loading=\"lazy\" decoding=\"async\" width=\"1456\" height=\"816\" class=\"gb-image gb-image-64453e76\" src=\"https:\/\/www.sisinternational.com\/wp-content\/uploads\/2025\/08\/Sudan-1.jpg\" alt=\"Pesquisa e Estrat\u00e9gia de Mercado Internacional da SIS\" title=\"Sudan (1)\" srcset=\"https:\/\/www.sisinternational.com\/wp-content\/uploads\/2025\/08\/Sudan-1.jpg 1456w, https:\/\/www.sisinternational.com\/wp-content\/uploads\/2025\/08\/Sudan-1-300x168.jpg 300w, https:\/\/www.sisinternational.com\/wp-content\/uploads\/2025\/08\/Sudan-1-1024x574.jpg 1024w, https:\/\/www.sisinternational.com\/wp-content\/uploads\/2025\/08\/Sudan-1-768x430.jpg 768w, https:\/\/www.sisinternational.com\/wp-content\/uploads\/2025\/08\/Sudan-1-18x10.jpg 18w\" sizes=\"auto, (max-width: 1456px) 100vw, 1456px\"><\/figure>\n\n\n\n<p><\/p>\n\n\n\n<p>A Rep\u00fablica do Sud\u00e3o \u00e9 um pa\u00eds do Nordeste Africano. Fica ao sul do Egito e ao norte do Sud\u00e3o do Sul. Nas suas fronteiras oriental e ocidental est\u00e3o a Eritreia e o Chade. O Mar Vermelho fica a nordeste do Sud\u00e3o.<\/p>\n\n\n\n<h2 class=\"wp-block-heading\">Principais ind\u00fastrias<\/h2>\n\n\n\n<p>The primary Sudanese industries are agriculture, tourism, <a href=\"https:\/\/www.sisinternational.com\/pt\/pericia\/industrias\/pesquisa-de-mercado-de-petroleo-e-gas\/\" title=\"Pesquisa de mercado de petr\u00f3leo e g\u00e1s\"  data-wpil-monitor-id=\"11198\">oil &amp; gas<\/a>, and mining.<\/p>\n\n\n\n<p>O Sud\u00e3o exporta petr\u00f3leo bruto, sementes oleaginosas, ovinos e caprinos. O pa\u00eds tamb\u00e9m \u00e9 um exportador significativo de ouro, gomas naturais e algod\u00e3o.<\/p>\n\n\n\n<p>Uma grande parte da \u00e1rea terrestre do Sud\u00e3o \u00e9 adequada para pr\u00e1ticas agr\u00edcolas. Al\u00e9m disso, estas terras f\u00e9rteis ajudam a sustentar a s\u00f3lida ind\u00fastria agr\u00e1ria do pa\u00eds, que emprega a maior parte da popula\u00e7\u00e3o. O Sud\u00e3o tamb\u00e9m se dedica \u00e0 agricultura irrigada. Na verdade, produz diversas culturas comerciais sob irriga\u00e7\u00e3o. Por exemplo, os agricultores plantam algod\u00e3o desta forma.<\/p>\n\n\n\n<p>Outro ponto chave \u00e9 que a principal fonte de \u00e1gua para irriga\u00e7\u00e3o \u00e9 o Rio Nilo. A ind\u00fastria agr\u00edcola tamb\u00e9m utiliza outros pequenos rios.<\/p>\n\n\n\n<p>Sudan is famous for its rich history. Another feature of Sudan is the pyramids throughout the country, which attract high levels of tourism. Many ancient sites have gained further popularity with international tourists. For example, one can visit the ancient Kush sites of Meroe Island. Sudan continues to <a href=\"https:\/\/www.sisinternational.com\/pt\/solucoes\/consultoria-em-hotelaria-e-turismo-em-viagens\/consultoria-em-desenvolvimento-turistico\/\" title=\"Consultoria em Desenvolvimento Tur\u00edstico\"  data-wpil-monitor-id=\"11195\">develop the tourism<\/a> sector, in particular by investing in it.<\/p>\n\n\n\n<p>The oil and gas sector dominates the share of exports in Sudan. In short, Sudan exports <a href=\"https:\/\/www.sisinternational.com\/pt\/pericia\/industrias\/pesquisa-de-mercado-de-petroleo\/\" title=\"Pesquisa de mercado de petr\u00f3leo\"  data-wpil-monitor-id=\"6477\">petroleum products to markets<\/a> in China, Japan, South Korea, and India. In fact, the largest Sudanese oil reserves are in the Southern part of the country. These are in Melut Rift and Muglad basins. Sudan is also home to many oil refineries, which allow it to meet external demand.<\/p>\n\n\n\n<p>Uma grande variedade de minerais existe no Sud\u00e3o. Isso inclui ouro, ferro, cobre, m\u00e1rmore e calc\u00e1rio. Os sudaneses utilizam muitas das minas, como Gebeit, para extrair grandes quantidades de ouro. Existem grandes reservas de ouro no pa\u00eds. O Sud\u00e3o extrai ouro h\u00e1 d\u00e9cadas e continua a ser uma ind\u00fastria muito lucrativa.<\/p>\n\n\n\n<h2 class=\"wp-block-heading\">Bairros<\/h2>\n\n\n\n<p>A maior parte da popula\u00e7\u00e3o sudanesa vive em \u00e1reas rurais. A cidade mais populosa \u00e9 Omdurman, no estado de Cartum. A cidade Cartum \u00e9 a segunda maior cidade em popula\u00e7\u00e3o.<\/p>\n\n\n\n<p>A cidade de Cartum \u00e9 a capital administrativa do Sud\u00e3o. Fica no estado de Cartum e fica entre o Nilo Azul e o Nilo Branco. Cartum \u00e9 uma cidade empobrecida. Consiste em apenas algumas ruas pavimentadas e arborizadas.<\/p>\n\n\n\n<p>Em contraste, a cidade, Omdurman, fica a oeste do Nilo. \u00c9 um centro de atividade comercial no Sud\u00e3o. O clima em Omdurman \u00e9 ensolarado durante todo o ano, com baixa precipita\u00e7\u00e3o. Esta cidade \u00e9 a capital hist\u00f3rica, cultural e espiritual do Sud\u00e3o.<\/p>\n\n\n\n<h2 class=\"wp-block-heading\">Tend\u00eancias<\/h2>\n\n\n\n<figure class=\"gb-block-image gb-block-image-ef5f3f83\"><img loading=\"lazy\" decoding=\"async\" width=\"1456\" height=\"816\" class=\"gb-image gb-image-ef5f3f83\" src=\"https:\/\/www.sisinternational.com\/wp-content\/uploads\/2025\/08\/Sudan-1.jpg\" alt=\"Pesquisa e Estrat\u00e9gia de Mercado Internacional da SIS\" title=\"Sudan (1)\" srcset=\"https:\/\/www.sisinternational.com\/wp-content\/uploads\/2025\/08\/Sudan-1.jpg 1456w, https:\/\/www.sisinternational.com\/wp-content\/uploads\/2025\/08\/Sudan-1-300x168.jpg 300w, https:\/\/www.sisinternational.com\/wp-content\/uploads\/2025\/08\/Sudan-1-1024x574.jpg 1024w, https:\/\/www.sisinternational.com\/wp-content\/uploads\/2025\/08\/Sudan-1-768x430.jpg 768w, https:\/\/www.sisinternational.com\/wp-content\/uploads\/2025\/08\/Sudan-1-18x10.jpg 18w\" sizes=\"auto, (max-width: 1456px) 100vw, 1456px\"><\/figure>\n\n\n\n<p>H\u00e1 uma necessidade urgente de investimento estrangeiro directo no Sud\u00e3o para garantir a sua sobreviv\u00eancia. H\u00e1 um interesse crescente no mercado hidroel\u00e9ctrico porque o Sud\u00e3o \u00e9 um importador l\u00edquido de energia. O governo pretende reverter isso. O seu objectivo \u00e9 satisfazer a procura de energia utilizando os recursos do pa\u00eds. Est\u00e1 a explorar novos desenvolvimentos na energia nuclear para atingir este objectivo.<\/p>\n\n\n\n<h2 class=\"wp-block-heading\">Benef\u00edcios e pontos fortes no mercado<\/h2>\n\n\n\n<p>O Sud\u00e3o tem muitos recursos naturais, incluindo terras f\u00e9rteis ricas e vida selvagem diversificada. Possui uma localiza\u00e7\u00e3o \u00fanica, com f\u00e1cil acesso ao mar, e tamb\u00e9m possui uma grande for\u00e7a de trabalho. Estes atributos podem ajudar a melhorar a economia sudanesa. Atualmente s\u00e3o subutilizados e representam uma oportunidade de investimento.<\/p>\n\n\n\n<h2 class=\"wp-block-heading\">Base de Consumidores<\/h2>\n\n\n\n<p>A large part of the population is food insecure. The people experience high levels of unemployment. As a result, people engage in activities such as subsistence farming, which provides no wages. The Sudanese people also suffer from high levels of illiteracy. There is room for improvement within the education system.<\/p>\n\n\n\n<h2 class=\"wp-block-heading\">Raz\u00f5es para expandir o seu neg\u00f3cio no mercado sudan\u00eas<\/h2>\n\n\n\n<p>Despite the many challenges, Sudan is an investment opportunity hub. With adequate funding, businesses in the agricultural and mining sectors will thrive. The Sudanese people tend to underutilize the country\u2019s natural resources and agricultural land. They have not developed the livestock <a href=\"https:\/\/www.sisinternational.com\/pt\/venezuela-oil-mining-industry-potential-strategic-forecast-2026-2036\/\" title=\"Venezuela Oil &amp; Mining Industry Potential: Strategic Forecast 2026-2036\"  data-wpil-monitor-id=\"11197\">industry to its full potential<\/a>. Thus, these sectors are ripe for foreign investment.<\/p>\n\n\n\n<p>O Sud\u00e3o tamb\u00e9m precisa de melhorar a sua rede de transportes. Os transportes e outros desenvolvimentos infra-estruturais s\u00e3o boas oportunidades de neg\u00f3cio.<\/p>\n\n\n\n<p>O mercado sudan\u00eas est\u00e1 subdesenvolvido e tem um enorme potencial de crescimento.<\/p>\n\n\n\n<h2 class=\"wp-block-heading\">Sobre pesquisa de mercado no Sud\u00e3o<\/h2>\n\n\n\n<p>Businesses should conduct Quantitative, Qualitative, and Strategic <a href=\"https:\/\/www.sisinternational.com\/pt\/pesquisa-de-mercado-na-africa\/\" title=\"Pesquisa de Mercado em \u00c1frica\"  data-wpil-monitor-id=\"2933\">Research before market<\/a> entry. Such <a href=\"https:\/\/www.sisinternational.com\/pt\/pericia\/industrias\/diretor-de-informacoes-cio-pesquisa-de-mercado\/\" title=\"Diretor de Informa\u00e7\u00f5es (CIO) Pesquisa de Mercado\"  data-wpil-monitor-id=\"11200\">research analyzes current information<\/a>. It helps investors to make decisions on <a href=\"https:\/\/www.sisinternational.com\/pt\/pericia\/curriculos-de-experiencia\/pesquisa-de-mercado-de-produtos-de-higiene-pessoal\/\" title=\"Pesquisa de mercado de produtos de cuidados pessoais\"  data-wpil-monitor-id=\"11193\">market entry and on which products<\/a> to sell. <a href=\"https:\/\/www.sisinternational.com\/pt\/solucoes\/solucoes-de-branding-e-pesquisa-de-clientes\/pesquisa-de-mercado-de-posicionamento-de-marca\/\" title=\"Pesquisa de mercado de posicionamento de marca\"  data-wpil-monitor-id=\"11192\">Market Research can have a positive<\/a> impact on your business ventures. Thus, it\u2019s essential to give it some consideration before <a href=\"https:\/\/www.sisinternational.com\/pt\/solucoes\/consultoria-estrategica\/pesquisa-de-oportunidade-de-entrada-no-mercado\/a-eficacia-dos-testes-de-produtos-em-nova-york-para-entrar-no-mercado-americano\/\" title=\"A efic\u00e1cia dos testes de produtos em Nova York para entrar no mercado americano\"  data-wpil-monitor-id=\"11202\">entering the Sudanese market<\/a>.<\/p>\n\n\n\n<p><\/p>","protected":false},"excerpt":{"rendered":"<p>Pesquisa de Mercado no Sud\u00e3o, \u00c1frica A Rep\u00fablica do Sud\u00e3o \u00e9 um pa\u00eds do Nordeste Africano. Fica ao sul do Egito e ao norte do Sud\u00e3o do Sul. Nas suas fronteiras oriental e ocidental est\u00e3o a Eritreia e o Chade. O Mar Vermelho fica a nordeste do Sud\u00e3o. Ind\u00fastrias-chave As principais ind\u00fastrias sudanesas s\u00e3o a agricultura, o turismo, o petr\u00f3leo\u2026 <a title=\"Pesquisa de mercado no Sud\u00e3o, \u00c1frica\" class=\"read-more\" href=\"https:\/\/www.sisinternational.com\/pt\/cobertura\/pesquisa-de-mercado-africa\/pesquisa-de-mercado-no-sudao-africa\/\" aria-label=\"Leia mais sobre Pesquisa de Mercado no Sud\u00e3o, \u00c1frica\">Leia mais<\/a><\/p>","protected":false},"author":1,"featured_media":65226,"parent":14281,"menu_order":39,"comment_status":"closed","ping_status":"closed","template":"","meta":{"footnotes":""},"class_list":["post-38051","page","type-page","status-publish","has-post-thumbnail"],"_links":{"self":[{"href":"https:\/\/www.sisinternational.com\/pt\/wp-json\/wp\/v2\/pages\/38051","targetHints":{"allow":["GET"]}}],"collection":[{"href":"https:\/\/www.sisinternational.com\/pt\/wp-json\/wp\/v2\/pages"}],"about":[{"href":"https:\/\/www.sisinternational.com\/pt\/wp-json\/wp\/v2\/types\/page"}],"author":[{"embeddable":true,"href":"https:\/\/www.sisinternational.com\/pt\/wp-json\/wp\/v2\/users\/1"}],"replies":[{"embeddable":true,"href":"https:\/\/www.sisinternational.com\/pt\/wp-json\/wp\/v2\/comments?post=38051"}],"version-history":[{"count":5,"href":"https:\/\/www.sisinternational.com\/pt\/wp-json\/wp\/v2\/pages\/38051\/revisions"}],"predecessor-version":[{"id":81827,"href":"https:\/\/www.sisinternational.com\/pt\/wp-json\/wp\/v2\/pages\/38051\/revisions\/81827"}],"up":[{"embeddable":true,"href":"https:\/\/www.sisinternational.com\/pt\/wp-json\/wp\/v2\/pages\/14281"}],"wp:featuredmedia":[{"embeddable":true,"href":"https:\/\/www.sisinternational.com\/pt\/wp-json\/wp\/v2\/media\/65226"}],"wp:attachment":[{"href":"https:\/\/www.sisinternational.com\/pt\/wp-json\/wp\/v2\/media?parent=38051"}],"curies":[{"name":"wp","href":"https:\/\/api.w.org\/{rel}","templated":true}]}}