{"id":38049,"date":"2021-07-09T03:17:46","date_gmt":"2021-07-09T03:17:46","guid":{"rendered":"https:\/\/www.sisinternational.com\/?page_id=38049"},"modified":"2026-01-27T16:37:03","modified_gmt":"2026-01-27T21:37:03","slug":"pesquisa-de-mercado-no-togo-africa","status":"publish","type":"page","link":"https:\/\/www.sisinternational.com\/pt\/cobertura\/pesquisa-de-mercado-africa\/pesquisa-de-mercado-no-togo-africa\/","title":{"rendered":"Pesquisa de mercado no Togo, \u00c1frica"},"content":{"rendered":"<h1 class=\"wp-block-heading\">Pesquisa de mercado no Togo, \u00c1frica<\/h1>\n\n\n\n<figure class=\"gb-block-image gb-block-image-ee6d7afd\"><img loading=\"lazy\" decoding=\"async\" width=\"1456\" height=\"816\" class=\"gb-image gb-image-ee6d7afd\" src=\"https:\/\/www.sisinternational.com\/wp-content\/uploads\/2025\/08\/Togo-2.jpg\" alt=\"Pesquisa e Estrat\u00e9gia de Mercado Internacional da SIS\" title=\"Togo (2)\" srcset=\"https:\/\/www.sisinternational.com\/wp-content\/uploads\/2025\/08\/Togo-2.jpg 1456w, https:\/\/www.sisinternational.com\/wp-content\/uploads\/2025\/08\/Togo-2-300x168.jpg 300w, https:\/\/www.sisinternational.com\/wp-content\/uploads\/2025\/08\/Togo-2-1024x574.jpg 1024w, https:\/\/www.sisinternational.com\/wp-content\/uploads\/2025\/08\/Togo-2-768x430.jpg 768w, https:\/\/www.sisinternational.com\/wp-content\/uploads\/2025\/08\/Togo-2-18x10.jpg 18w\" sizes=\"auto, (max-width: 1456px) 100vw, 1456px\"><\/figure>\n\n\n\n<p><\/p>\n\n\n\n<p>O Togo \u00e9 um pequeno pa\u00eds da \u00c1frica Ocidental. Sua \u00e1rea \u00e9 de apenas 35.400 milhas quadradas e fica ao sul de Burkina Faso, Mali e N\u00edger. O nome oficial do Togo \u00e9 Rep\u00fablica Togolesa.<\/p>\n\n\n\n<p>O Togo costumava ser o centro comercial da regi\u00e3o da \u00c1frica Ocidental. Na verdade, governou a rota comercial no s\u00e9culo XVI. Durante este per\u00edodo, a localiza\u00e7\u00e3o do Togo no Golfo da Guin\u00e9 foi uma grande vantagem. O Togo serviu como centro de com\u00e9rcio. Na verdade, era um centro para o com\u00e9rcio transatl\u00e2ntico de escravos europeu. O Togo tamb\u00e9m foi um centro do com\u00e9rcio transsaariano de escravos controlado pelos \u00e1rabes. Como resultado, o Togo e as regi\u00f5es vizinhas ganharam o nome de \u201cCosta dos Escravos\u201d.<\/p>\n\n\n\n<h2 class=\"wp-block-heading\">Principais ind\u00fastrias<\/h2>\n\n\n\n<p>Os fosfatos s\u00e3o o principal produto de exporta\u00e7\u00e3o do Togo porque possui milh\u00f5es de toneladas de reservas de fosfato.<\/p>\n\n\n\n<p>The country depends on subsistence agriculture as its economic pillar. So, to encourage agriculture, the government has built more roads and renovated the Lom\u00e9 port. As a result, agricultural production has grown. As a matter of fact, this sector employs most of the population. Farmers sell their harvests <a href=\"https:\/\/www.sisinternational.com\/pt\/solucoes\/solucoes-de-branding-e-pesquisa-de-clientes\/pesquisa-de-mercado-de-varejo\/\" title=\"Pesquisa de mercado de varejo | Pesquisa de mercado na loja\"  data-wpil-monitor-id=\"8759\">retail and wholesale in informal markets<\/a> across every town and village.<\/p>\n\n\n\n<p>O Togo tem uma economia subdesenvolvida. O sector privado est\u00e1 bem, mas este crescimento n\u00e3o beneficia todos. Na verdade, a pobreza e a desigualdade s\u00e3o elevadas no Togo moderno, especialmente nas zonas rurais. Al\u00e9m disso, possui uma alta taxa de fertilidade. A popula\u00e7\u00e3o est\u00e1 crescendo muito r\u00e1pido e a economia n\u00e3o consegue acompanhar. Nem os servi\u00e7os p\u00fablicos do pa\u00eds. Como resultado, muitas pessoas n\u00e3o t\u00eam acesso a esses servi\u00e7os. Mesmo assim, o Togo \u00e9 autossuficiente no que diz respeito \u00e0 alimenta\u00e7\u00e3o. Em anos de colheitas m\u00e9dias e boas, consegue se sustentar.<\/p>\n\n\n\n<h2 class=\"wp-block-heading\">Bairros<\/h2>\n\n\n\n<p>Lom\u00e9, the capital of Togo, is a coastal city. It has gone through several colonial powers one after the other.&nbsp;The architecture has heavy German and French influences, which you can see&nbsp;in churches and government&nbsp;buildings.&nbsp;Another key point about Lom\u00e9 is that it is peaceful. Togolese people are friendly and welcoming.<\/p>\n\n\n\n<p>Lom\u00e9 is at the southwest tip of Togo, near the border with Ghana. It\u2019s on a lagoon that extends toward the Tokoin Plateau. The city is perfect for the casual walker. Attractions like the Lom\u00e9 Grand <a href=\"https:\/\/www.sisinternational.com\/pt\/pericia\/industrias\/pesquisa-de-mercado-de-oftalmologia\/\" title=\"Pesquisa de mercado de cuidados com os olhos\"  data-wpil-monitor-id=\"8762\">Mercado<\/a> and the Lom\u00e9 Cathedral catch the eye. Lome also has many beaches and a voodoo <a href=\"https:\/\/www.sisinternational.com\/pt\/solucoes\/pesquisa-de-consultoria-em-estrategia-fintech\/pesquisa-de-mercado-de-capital-de-risco\/\" title=\"Pesquisa de mercado de capital de risco\"  data-wpil-monitor-id=\"8760\">market for those daring enough to venture<\/a> there.<\/p>\n\n\n\n<h2 class=\"wp-block-heading\">Tend\u00eancias<\/h2>\n\n\n\n<p>A utiliza\u00e7\u00e3o da Internet \u00e9 elevada no Togo e isto oferece uma vasta oportunidade para o crescimento dos neg\u00f3cios. Na verdade, investir num neg\u00f3cio digital \u00e0 medida que a economia togolesa se estabiliza pode gerar muito dinheiro. Da mesma forma, a infra-estrutura digital na \u00c1frica Ocidental tem de se expandir para satisfazer a procura crescente. Assim, o Togo pode servir de ponto de partida para uma revolu\u00e7\u00e3o digital.<\/p>\n\n\n\n<h2 class=\"wp-block-heading\">Benef\u00edcios e pontos fortes<\/h2>\n\n\n\n<p>Togo is still a regional hub. It no longer deals in human cargo, but in business activity. Thus, it is an excellent choice if you want to expand your <a href=\"https:\/\/www.sisinternational.com\/pt\/o-efeito-das-culturas-de-mercado-nigerianas-nos-negocios\/\" title=\"O mercado nigeriano: o efeito da cultura nos neg\u00f3cios\"  data-wpil-monitor-id=\"7479\">business into the rest of West Africa<\/a>. In addition, the Trans-West African Coastal Highway runs through Togo. This major route is another benefit since it connects Togo to Nigeria and Benin in the east. It also connects the country to Cote d\u2019Ivoire and Ghana on the west.<\/p>\n\n\n\n<h2 class=\"wp-block-heading\">Base de Consumidores<\/h2>\n\n\n\n<figure class=\"gb-block-image gb-block-image-c275dee0\"><img loading=\"lazy\" decoding=\"async\" width=\"1456\" height=\"816\" class=\"gb-image gb-image-c275dee0\" src=\"https:\/\/www.sisinternational.com\/wp-content\/uploads\/2025\/08\/Togo-3.jpg\" alt=\"Pesquisa e Estrat\u00e9gia de Mercado Internacional da SIS\" title=\"Togo (3)\" srcset=\"https:\/\/www.sisinternational.com\/wp-content\/uploads\/2025\/08\/Togo-3.jpg 1456w, https:\/\/www.sisinternational.com\/wp-content\/uploads\/2025\/08\/Togo-3-300x168.jpg 300w, https:\/\/www.sisinternational.com\/wp-content\/uploads\/2025\/08\/Togo-3-1024x574.jpg 1024w, https:\/\/www.sisinternational.com\/wp-content\/uploads\/2025\/08\/Togo-3-768x430.jpg 768w, https:\/\/www.sisinternational.com\/wp-content\/uploads\/2025\/08\/Togo-3-18x10.jpg 18w\" sizes=\"auto, (max-width: 1456px) 100vw, 1456px\"><\/figure>\n\n\n\n<p><\/p>\n\n\n\n<p>O povo togol\u00eas luta por uma oportunidade de desenvolvimento no seu pa\u00eds. A corrup\u00e7\u00e3o \u00e9 abundante. Al\u00e9m disso, cerca de metade dos 8 milh\u00f5es de togoleses vivem abaixo do limiar da pobreza absoluta. A renda per capita \u00e9 baixa. As taxas de emprego e subemprego s\u00e3o elevadas entre os jovens. Existem poucas oportunidades de educa\u00e7\u00e3o e forma\u00e7\u00e3o cont\u00ednua. Mas o sector privado est\u00e1 a exigir mais m\u00e3o-de-obra. Portanto, o treinamento de habilidades \u00e9 uma oportunidade de neg\u00f3cio. Pode fazer-lhe ganhar dinheiro e ajudar a resolver o problema do emprego jovem, tudo ao mesmo tempo.<\/p>\n\n\n\n<h2 class=\"wp-block-heading\">Raz\u00f5es para expandir seus neg\u00f3cios no Togo<\/h2>\n\n\n\n<p>Impostos elevados impedem o desenvolvimento do sector privado. A obten\u00e7\u00e3o de financiamento \u00e9 outro problema enfrentado pelos investidores privados. As empresas enfrentar\u00e3o muitos outros obst\u00e1culos. Por que? Porque o Togo ainda \u00e9 politicamente inst\u00e1vel. A situa\u00e7\u00e3o est\u00e1 melhorando, mas ainda est\u00e1 presente. Em suma, o Togo n\u00e3o \u00e9 muito amig\u00e1vel com os investidores. Ainda assim, o Togo tem muito a oferecer aos investidores, por isso n\u00e3o deixe que isso o detenha.<\/p>\n\n\n\n<h2 class=\"wp-block-heading\">Pesquisa de mercado no Togo<\/h2>\n\n\n\n<p>N\u00f3s provemos <a href=\"https:\/\/www.sisinternational.com\/pt\/qualitative-research-to-enhance-customer-experience\/\" title=\"Qualitative Research to Enhance Customer Experience\"  data-wpil-monitor-id=\"8758\">Pesquisa qualitativa e quantitativa<\/a> to tell you who and where your customers are. Strategy Research in Togo is also crucial. It helps investors to understand how to <a href=\"https:\/\/www.sisinternational.com\/pt\/abrir-um-negocio-na-turquia\/\" title=\"Abrir um neg\u00f3cio na Turquia\"  data-wpil-monitor-id=\"8761\">set realistic targets for their business<\/a>. We use Interviews and Surveys, so you can find new customers and know the best time to expand. We also use <a href=\"https:\/\/www.sisinternational.com\/pt\/empresa-lider-global-em-grupos-focais\/\" title=\"Empresa l\u00edder global em grupos focais\"  data-wpil-monitor-id=\"8757\">Focus Groups to assist companies<\/a> in making the best business decisions. Contact us today, so we can work together to build your business in Togo.<\/p>\n\n\n\n<p><\/p>","protected":false},"excerpt":{"rendered":"<p>Pesquisa de Mercado no Togo, \u00c1frica O Togo \u00e9 um pequeno pa\u00eds da \u00c1frica Ocidental. Sua \u00e1rea \u00e9 de apenas 35.400 milhas quadradas e fica ao sul de Burkina Faso, Mali e N\u00edger. O nome oficial do Togo \u00e9 Rep\u00fablica Togolesa. O Togo costumava ser o centro comercial da regi\u00e3o da \u00c1frica Ocidental. Na verdade, governou o ... <a title=\"Pesquisa de mercado no Togo, \u00c1frica\" class=\"read-more\" href=\"https:\/\/www.sisinternational.com\/pt\/cobertura\/pesquisa-de-mercado-africa\/pesquisa-de-mercado-no-togo-africa\/\" aria-label=\"Leia mais sobre Pesquisa de Mercado no Togo, \u00c1frica\">Leia mais<\/a><\/p>","protected":false},"author":1,"featured_media":65234,"parent":14281,"menu_order":38,"comment_status":"closed","ping_status":"closed","template":"","meta":{"footnotes":""},"class_list":["post-38049","page","type-page","status-publish","has-post-thumbnail"],"_links":{"self":[{"href":"https:\/\/www.sisinternational.com\/pt\/wp-json\/wp\/v2\/pages\/38049","targetHints":{"allow":["GET"]}}],"collection":[{"href":"https:\/\/www.sisinternational.com\/pt\/wp-json\/wp\/v2\/pages"}],"about":[{"href":"https:\/\/www.sisinternational.com\/pt\/wp-json\/wp\/v2\/types\/page"}],"author":[{"embeddable":true,"href":"https:\/\/www.sisinternational.com\/pt\/wp-json\/wp\/v2\/users\/1"}],"replies":[{"embeddable":true,"href":"https:\/\/www.sisinternational.com\/pt\/wp-json\/wp\/v2\/comments?post=38049"}],"version-history":[{"count":4,"href":"https:\/\/www.sisinternational.com\/pt\/wp-json\/wp\/v2\/pages\/38049\/revisions"}],"predecessor-version":[{"id":81469,"href":"https:\/\/www.sisinternational.com\/pt\/wp-json\/wp\/v2\/pages\/38049\/revisions\/81469"}],"up":[{"embeddable":true,"href":"https:\/\/www.sisinternational.com\/pt\/wp-json\/wp\/v2\/pages\/14281"}],"wp:featuredmedia":[{"embeddable":true,"href":"https:\/\/www.sisinternational.com\/pt\/wp-json\/wp\/v2\/media\/65234"}],"wp:attachment":[{"href":"https:\/\/www.sisinternational.com\/pt\/wp-json\/wp\/v2\/media?parent=38049"}],"curies":[{"name":"wp","href":"https:\/\/api.w.org\/{rel}","templated":true}]}}