{"id":38047,"date":"2021-07-09T03:13:57","date_gmt":"2021-07-09T03:13:57","guid":{"rendered":"https:\/\/www.sisinternational.com\/?page_id=38047"},"modified":"2025-09-14T17:48:07","modified_gmt":"2025-09-14T21:48:07","slug":"pesquisa-de-mercado-na-zambia-africa","status":"publish","type":"page","link":"https:\/\/www.sisinternational.com\/pt\/cobertura\/pesquisa-de-mercado-africa\/pesquisa-de-mercado-na-zambia-africa\/","title":{"rendered":"Pesquisa de mercado na Z\u00e2mbia, \u00c1frica"},"content":{"rendered":"<h1 class=\"wp-block-heading\">Pesquisa de mercado na Z\u00e2mbia, \u00c1frica<\/h1>\n\n\n\n<figure class=\"gb-block-image gb-block-image-d86cc733\"><img loading=\"lazy\" decoding=\"async\" width=\"1456\" height=\"816\" class=\"gb-image gb-image-d86cc733\" src=\"https:\/\/www.sisinternational.com\/wp-content\/uploads\/2025\/08\/Zambia-3.jpg\" alt=\"Pesquisa e Estrat\u00e9gia de Mercado Internacional da SIS\" title=\"Zambia (3)\" srcset=\"https:\/\/www.sisinternational.com\/wp-content\/uploads\/2025\/08\/Zambia-3.jpg 1456w, https:\/\/www.sisinternational.com\/wp-content\/uploads\/2025\/08\/Zambia-3-300x168.jpg 300w, https:\/\/www.sisinternational.com\/wp-content\/uploads\/2025\/08\/Zambia-3-1024x574.jpg 1024w, https:\/\/www.sisinternational.com\/wp-content\/uploads\/2025\/08\/Zambia-3-768x430.jpg 768w, https:\/\/www.sisinternational.com\/wp-content\/uploads\/2025\/08\/Zambia-3-18x10.jpg 18w\" sizes=\"auto, (max-width: 1456px) 100vw, 1456px\"><\/figure>\n\n\n\n<p><\/p>\n\n\n\n<p>A Z\u00e2mbia \u00e9 o lar das mundialmente famosas Cataratas Vit\u00f3ria. Este pa\u00eds sem litoral na \u00c1frica Centro-Sul fica num planalto. V\u00e1rios cursos de \u00e1gua o cercam. Com mais de 18 milh\u00f5es de pessoas, a Z\u00e2mbia tamb\u00e9m abriga mais de 70 grupos \u00e9tnicos. Tem uma pequena presen\u00e7a asi\u00e1tica e expatriados da Europa, Gr\u00e3-Bretanha e \u00c1frica do Sul.<\/p>\n\n\n\n<p>Uma das principais desvantagens da Z\u00e2mbia s\u00e3o as infra-estruturas. N\u00e3o possui pontes sobre grandes rios e riachos e possui redes rodovi\u00e1rias prec\u00e1rias nas \u00e1reas rurais. H\u00e1 quase meio s\u00e9culo, as fronteiras foram fechadas devido \u00e0 guerra de guerrilhas na vizinha Rod\u00e9sia do Sul (actual Zimbabu\u00e9). Desde ent\u00e3o, as redes rodovi\u00e1rias t\u00eam melhorado. Ainda assim, h\u00e1 espa\u00e7o para um maior desenvolvimento.<\/p>\n\n\n\n<h2 class=\"wp-block-heading\">Bairros<\/h2>\n\n\n\n<p>Zambia\u2019s capital, Lusaka, is one of Africa\u2019s fastest-growing cities. New buildings are going up everywhere. Shopping malls and chain stores are springing up all over the sprawling suburbs. The <a href=\"https:\/\/www.sisinternational.com\/pt\/garantindo-que-os-clientes-se-lembrem-de-sua-mensagem\/\" title=\"Pesquisa de mercado de ativa\u00e7\u00e3o de marca\"  data-wpil-monitor-id=\"7745\">markets are hives of activity<\/a> with thousands of stalls. They house a myriad of restaurants, motor spares dealers, fishmongers, hairdressers, and fruit sellers. You\u2019ll also find row upon row of \u201csalaula\u201d \u2013 stalls of used clothing from the West sold to Africa by the bale.<\/p>\n\n\n\n<p>Kitwe \u00e9 a segunda maior cidade da Z\u00e2mbia e \u00e9 o centro da \u00e1rea de Copperbelt e o principal centro comercial e industrial do pa\u00eds. Kitwe \u00e9 uma cidade moderna com cinema, teatro e v\u00e1rios hot\u00e9is. \u00c9 uma escolha popular para desenvolvedores industriais e possui diversos setores. Por exemplo, Kitwe produz baterias, roupas e m\u00f3veis. Tamb\u00e9m possui ind\u00fastrias pr\u00f3speras de bens de consumo, cimento e produ\u00e7\u00e3o de amianto.<\/p>\n\n\n\n<h2 class=\"wp-block-heading\">Tend\u00eancias<\/h2>\n\n\n\n<p>A Z\u00e2mbia est\u00e1 a passar por uma mudan\u00e7a demogr\u00e1fica significativa. \u00c9 um pa\u00eds jovem em termos de idade m\u00e9dia. Quase metade da popula\u00e7\u00e3o da Z\u00e2mbia tem menos de 15 anos. A Z\u00e2mbia tem uma elevada taxa de fertilidade e a popula\u00e7\u00e3o apresenta um r\u00e1pido crescimento. Dobra a cada 25 anos ou mais.<\/p>\n\n\n\n<p>O pa\u00eds enfrenta a amea\u00e7a de impactos prolongados da COVID-19. A pandemia contribuiu para o decl\u00ednio de diversas atividades econ\u00f3micas. A pobreza est\u00e1 a aumentar devido \u00e0s pesadas perdas de empregos no turismo e na ind\u00fastria transformadora. Esta situa\u00e7\u00e3o, se prolongada, poder\u00e1 afectar o crescimento econ\u00f3mico.<\/p>\n\n\n\n<h2 class=\"wp-block-heading\">Principais ind\u00fastrias<\/h2>\n\n\n\n<p>Copper and cobalt <a href=\"https:\/\/www.sisinternational.com\/pt\/venezuela-oil-mining-industry-potential-strategic-forecast-2026-2036\/\" title=\"Venezuela Oil &amp; Mining Industry Potential: Strategic Forecast 2026-2036\"  data-wpil-monitor-id=\"7746\">mining is the primary industry<\/a> in Zambia, but agriculture, forestry, fishing, textile manufacturing, and tourism are also promising ventures. Export crops include tobacco, cotton, fresh vegetables, and flowers. The country also exports gemstones, copper wire, cables, chemicals, and chemical products. In addition, it manufactures equipment and machinery.<\/p>\n\n\n\n<p>Corn, millet, peanuts, cassava, and sorghum are the primary food sources for local consumption. Further, Zambians have a robust timber industry with several species of exotic softwoods. The country has improved sugarcane <a href=\"https:\/\/www.sisinternational.com\/pt\/pericia\/curriculos-de-experiencia\/pesquisa-de-mercado-de-produtos-de-higiene-pessoal\/\" title=\"Pesquisa de mercado de produtos de cuidados pessoais\"  data-wpil-monitor-id=\"7744\">production for the local and domestic markets<\/a>. Zambian farmers also grow wheat, tobacco, tea, and coffee.<\/p>\n\n\n\n<p>Al\u00e9m disso, uma grande parte da popula\u00e7\u00e3o depende de outras madeiras para produzir carv\u00e3o. Este carv\u00e3o serve como combust\u00edvel para cozinhar nas casas rurais. A pesca tamb\u00e9m \u00e9 uma op\u00e7\u00e3o econ\u00f4mica pr\u00f3spera devido \u00e0 profus\u00e3o de lagos, rios e p\u00e2ntanos.<\/p>\n\n\n\n<p>O que \u00e9 significativo \u00e9 a rica oferta de alguns dos maiores dep\u00f3sitos de esmeraldas do mundo na Z\u00e2mbia. Al\u00e9m disso, existem outras gemas como turmalina, \u00e1gua-marinha e ametista. A Z\u00e2mbia tamb\u00e9m produz talco, ouro, cobalto, min\u00e9rio de ferro, prata e sucata para uso cosm\u00e9tico.<\/p>\n\n\n\n<p>Os principais parceiros de exporta\u00e7\u00e3o da Z\u00e2mbia incluem:<\/p>\n\n\n\n<ul class=\"wp-block-list\">\n<li>China<\/li>\n\n\n\n<li>\u00c1frica do Sul<\/li>\n\n\n\n<li>Su\u00ed\u00e7a<\/li>\n\n\n\n<li>A Rep\u00fablica Democr\u00e1tica do Congo<\/li>\n<\/ul>\n\n\n\n<h2 class=\"wp-block-heading\">Base de Consumidores<\/h2>\n\n\n\n<p>Quase metade da popula\u00e7\u00e3o da Z\u00e2mbia vive em vilas ou cidades. Assim, \u00e9 um dos pa\u00edses mais urbanizados da \u00c1frica. Esta tend\u00eancia parece destinada a aumentar nos pr\u00f3ximos anos \u00e0 medida que a economia continua a crescer. Cada vez mais habitantes rurais pobres est\u00e3o a mudar-se para estas \u00e1reas urbanas, o que \u00e9 uma vantagem para algumas empresas.<\/p>\n\n\n\n<h2 class=\"wp-block-heading\">Raz\u00f5es para expandir o seu neg\u00f3cio na Z\u00e2mbia<\/h2>\n\n\n\n<p>A Z\u00e2mbia \u00e9 segura, com uma forma de governo est\u00e1vel e um povo caloroso e amig\u00e1vel. Tem desafios em alguns setores. Ainda assim, este pa\u00eds de rendimento m\u00e9dio-baixo \u00e9 rico em v\u00e1rios recursos naturais. Estes recursos podem alimentar a actividade econ\u00f3mica. Embora o PIB tenha ca\u00eddo recentemente, as perspectivas permanecem favor\u00e1veis. A Z\u00e2mbia est\u00e1 madura para investimentos na minera\u00e7\u00e3o de cobre, no turismo e na ind\u00fastria transformadora.<\/p>\n\n\n\n<h2 class=\"wp-block-heading\">Sobre pesquisa de mercado na Z\u00e2mbia<\/h2>\n\n\n\n<p>Are you <a href=\"https:\/\/www.sisinternational.com\/pt\/perspectivas-economicas-do-catar\/\" title=\"Perspectivas Econ\u00f4micas e Pesquisa de Mercado do Catar\"  data-wpil-monitor-id=\"7743\">researching the economic outlook<\/a> and growth rate for Zambia? Are you searching for good investment opportunities? Then we can put you in an excellent position to explore several exciting prospects. Our extensive study includes Qualitative, Quantitative, and Strategy Research methods. We will help you to make an informed decision about investing in this resource-rich country.<\/p>","protected":false},"excerpt":{"rendered":"<p>Pesquisa de Mercado na Z\u00e2mbia, \u00c1frica A Z\u00e2mbia abriga as mundialmente famosas Cataratas Vit\u00f3ria. Este pa\u00eds sem litoral na \u00c1frica Centro-Sul fica num planalto. V\u00e1rios cursos de \u00e1gua o cercam. Com mais de 18 milh\u00f5es de pessoas, a Z\u00e2mbia tamb\u00e9m abriga mais de 70 grupos \u00e9tnicos. Tem uma pequena presen\u00e7a asi\u00e1tica e expatriados da Europa, Gr\u00e3-Bretanha e \u00c1frica do Sul. \u2026 <a title=\"Pesquisa de mercado na Z\u00e2mbia, \u00c1frica\" class=\"read-more\" href=\"https:\/\/www.sisinternational.com\/pt\/cobertura\/pesquisa-de-mercado-africa\/pesquisa-de-mercado-na-zambia-africa\/\" aria-label=\"Leia mais sobre Pesquisa de Mercado na Z\u00e2mbia, \u00c1frica\">Leia mais<\/a><\/p>","protected":false},"author":1,"featured_media":65157,"parent":14281,"menu_order":37,"comment_status":"closed","ping_status":"closed","template":"","meta":{"footnotes":""},"class_list":["post-38047","page","type-page","status-publish","has-post-thumbnail"],"_links":{"self":[{"href":"https:\/\/www.sisinternational.com\/pt\/wp-json\/wp\/v2\/pages\/38047","targetHints":{"allow":["GET"]}}],"collection":[{"href":"https:\/\/www.sisinternational.com\/pt\/wp-json\/wp\/v2\/pages"}],"about":[{"href":"https:\/\/www.sisinternational.com\/pt\/wp-json\/wp\/v2\/types\/page"}],"author":[{"embeddable":true,"href":"https:\/\/www.sisinternational.com\/pt\/wp-json\/wp\/v2\/users\/1"}],"replies":[{"embeddable":true,"href":"https:\/\/www.sisinternational.com\/pt\/wp-json\/wp\/v2\/comments?post=38047"}],"version-history":[{"count":3,"href":"https:\/\/www.sisinternational.com\/pt\/wp-json\/wp\/v2\/pages\/38047\/revisions"}],"predecessor-version":[{"id":81306,"href":"https:\/\/www.sisinternational.com\/pt\/wp-json\/wp\/v2\/pages\/38047\/revisions\/81306"}],"up":[{"embeddable":true,"href":"https:\/\/www.sisinternational.com\/pt\/wp-json\/wp\/v2\/pages\/14281"}],"wp:featuredmedia":[{"embeddable":true,"href":"https:\/\/www.sisinternational.com\/pt\/wp-json\/wp\/v2\/media\/65157"}],"wp:attachment":[{"href":"https:\/\/www.sisinternational.com\/pt\/wp-json\/wp\/v2\/media?parent=38047"}],"curies":[{"name":"wp","href":"https:\/\/api.w.org\/{rel}","templated":true}]}}