{"id":38036,"date":"2021-07-09T02:27:58","date_gmt":"2021-07-09T02:27:58","guid":{"rendered":"https:\/\/www.sisinternational.com\/?page_id=38036"},"modified":"2026-01-27T16:37:05","modified_gmt":"2026-01-27T21:37:05","slug":"pesquisa-de-mercado-no-zimbabwe-africa","status":"publish","type":"page","link":"https:\/\/www.sisinternational.com\/pt\/cobertura\/pesquisa-de-mercado-africa\/pesquisa-de-mercado-no-zimbabwe-africa\/","title":{"rendered":"Pesquisa de mercado no Zimb\u00e1bue, \u00c1frica"},"content":{"rendered":"<h1 class=\"wp-block-heading\">Pesquisa de mercado no Zimb\u00e1bue, \u00c1frica<\/h1>\n\n\n\n<figure class=\"gb-block-image gb-block-image-b926d6f2\"><img loading=\"lazy\" decoding=\"async\" width=\"1456\" height=\"816\" class=\"gb-image gb-image-b926d6f2\" src=\"https:\/\/www.sisinternational.com\/wp-content\/uploads\/2025\/08\/Zimbabwe-3.jpg\" alt=\"Pesquisa e Estrat\u00e9gia de Mercado Internacional da SIS\" title=\"Zimbabwe, (3)\" srcset=\"https:\/\/www.sisinternational.com\/wp-content\/uploads\/2025\/08\/Zimbabwe-3.jpg 1456w, https:\/\/www.sisinternational.com\/wp-content\/uploads\/2025\/08\/Zimbabwe-3-300x168.jpg 300w, https:\/\/www.sisinternational.com\/wp-content\/uploads\/2025\/08\/Zimbabwe-3-1024x574.jpg 1024w, https:\/\/www.sisinternational.com\/wp-content\/uploads\/2025\/08\/Zimbabwe-3-768x430.jpg 768w, https:\/\/www.sisinternational.com\/wp-content\/uploads\/2025\/08\/Zimbabwe-3-18x10.jpg 18w\" sizes=\"auto, (max-width: 1456px) 100vw, 1456px\"><\/figure>\n\n\n\n<p><\/p>\n\n\n\n<p>A Rep\u00fablica do Zimbabu\u00e9, antiga Rod\u00e9sia, oferece algumas das paisagens mais deslumbrantes da \u00c1frica Austral. \u00c9 um territ\u00f3rio sem litoral espremido entre os rios Limpopo e Zambeze. Sua \u00e1rea total \u00e9 de mais de 150.000 milhas quadradas.<\/p>\n\n\n\n<p>The country borders Mozambique to the <a href=\"https:\/\/www.sisinternational.com\/pt\/cobertura\/pesquisa-de-mercado-africa\/pesquisa-de-mercado-em-uganda-africa\/\" title=\"Pesquisa de mercado em Uganda, \u00c1frica Oriental\"  data-wpil-monitor-id=\"6087\">east and South Africa<\/a> to the south. Zambia and Botswana are to the <a href=\"https:\/\/www.sisinternational.com\/pt\/cobertura\/pesquisa-de-mercado-africa\/pesquisa-de-mercado-em-marrocos-norte-da-africa\/\" title=\"Pesquisa de Mercado em Marrocos, Continente Noroeste Africano\"  data-wpil-monitor-id=\"11238\">north and west<\/a>. After years of civil and military unrest, Zimbabwe began to settle down around 1980. Yet, although it had a more stable form of government, it still faced hardships. For example, its struggle with hyperinflation is well-known.<\/p>\n\n\n\n<p>Even now, electricity flickers on for only a few hours at a time, often at night. Another challenge is running water, which flows for only a few hours a week. It\u2019s a difficult climate to run a business. In fact, business owners have to import power from Mozambique and South <a href=\"https:\/\/www.sisinternational.com\/pt\/o-efeito-das-culturas-de-mercado-nigerianas-nos-negocios\/\" title=\"O mercado nigeriano: o efeito da cultura nos neg\u00f3cios\"  data-wpil-monitor-id=\"7480\">\u00c1frica<\/a>. Still, it provides an opportunity for investors. These investors can look at providing essential services, ensuring the survival of businesses.<\/p>\n\n\n\n<h2 class=\"wp-block-heading\">Tend\u00eancias<\/h2>\n\n\n\n<p>Cerca de 75 por cento da popula\u00e7\u00e3o depende da agricultura para a sua exist\u00eancia. Destacam-se a sua elevada taxa de alfabetiza\u00e7\u00e3o e a sua for\u00e7a de trabalho progressiva e bem qualificada. Estes indicadores s\u00e3o sinais positivos para os investidores formarem alian\u00e7as estrat\u00e9gicas. Os setores de servi\u00e7os, manufatura, telecomunica\u00e7\u00f5es e agricultura s\u00e3o excelentes lugares para come\u00e7ar.<\/p>\n\n\n\n<p>A atual recess\u00e3o mundial e a COVID-19 afetaram as condi\u00e7\u00f5es de vida e de emprego. Ainda assim, as perspectivas econ\u00f3micas s\u00e3o positivas. O Zimbabu\u00e9 continua a desfrutar de uma economia forte. Tamb\u00e9m n\u00e3o depende significativamente de financiamento de ag\u00eancias internacionais. Al\u00e9m disso, os especialistas prev\u00eaem um aumento do PIB alimentado pela agricultura.<\/p>\n\n\n\n<h2 class=\"wp-block-heading\">Principais ind\u00fastrias<\/h2>\n\n\n\n<p>O Zimbabu\u00e9 ocupa cerca de 93 por cento da \u00e1rea terrestre e 83 por cento da \u00e1gua na \u00c1frica Austral. \u00c9 rico em recursos naturais, boas infra-estruturas e acesso a\u00e9reo e mar\u00edtimo. Tamb\u00e9m possui redes rodovi\u00e1rias confi\u00e1veis.<\/p>\n\n\n\n<p>O Zimbabu\u00e9 est\u00e1 entre os 15 maiores produtores de ouro do mundo. Os zimbabuenses tamb\u00e9m extraem platina, cobre, carv\u00e3o, estanho, min\u00e9rios met\u00e1licos e n\u00e3o met\u00e1licos, n\u00edquel, produtos qu\u00edmicos, cimento, produtos de madeira, a\u00e7o e fertilizantes. Outras exporta\u00e7\u00f5es s\u00e3o produtos aliment\u00edcios, roupas, cal\u00e7ados e bebidas.<\/p>\n\n\n\n<p>Existem oportunidades de neg\u00f3cios significativas na horticultura, turismo, engenharia, silvicultura, ind\u00fastria transformadora, minera\u00e7\u00e3o e telecomunica\u00e7\u00f5es. Al\u00e9m disso, suas principais exporta\u00e7\u00f5es incluem ouro, tabaco, a\u00e7\u00facar, algod\u00e3o e min\u00e9rios met\u00e1licos. Os principais parceiros de exporta\u00e7\u00e3o do Zimbabu\u00e9 s\u00e3o:<\/p>\n\n\n\n<ul class=\"wp-block-list\">\n<li>Fran\u00e7a<\/li>\n\n\n\n<li>Os Pa\u00edses Baixos<\/li>\n\n\n\n<li>\u00c1frica do Sul<\/li>\n\n\n\n<li>Reino Unido<\/li>\n\n\n\n<li>Irlanda<\/li>\n\n\n\n<li>B\u00e9lgica<\/li>\n<\/ul>\n\n\n\n<h2 class=\"wp-block-heading\">Base de Consumidores<\/h2>\n\n\n\n<p>As principais importa\u00e7\u00f5es do Zimbabu\u00e9 incluem combust\u00edveis, fertilizantes minerais, petr\u00f3leo, equipamento de transporte, maquinaria, energia el\u00e9ctrica, arroz, trigo e outros produtos alimentares.<\/p>\n\n\n\n<p>A maior parte da popula\u00e7\u00e3o depende da agricultura. Portanto, h\u00e1 um potencial significativo para expandir o setor. Na verdade, os investidores podem fazer incurs\u00f5es no agroprocessamento, na horticultura e na pecu\u00e1ria. Eles tamb\u00e9m podem explorar uma grande variedade de culturas frut\u00edferas. Por exemplo, os investidores podem cultivar p\u00eassegos, morangos, sarna e nectarinas. Outra oportunidade de investimento reside na melhoria da cadeia de valor.<\/p>\n\n\n\n<p>O Zimbabu\u00e9 tem uma popula\u00e7\u00e3o diversificada. Embora a popula\u00e7\u00e3o negra seja predominante, o pa\u00eds abriga brancos e asi\u00e1ticos. Al\u00e9m disso, possui alguns outros grupos \u00e9tnicos.<\/p>\n\n\n\n<p>Os zimbabuenses s\u00e3o pobres e o governo culpa a recente seca pela escassez de alimentos. O pa\u00eds tem mais de 15 milh\u00f5es de pessoas, um ter\u00e7o das quais tem entre 15 e 29 anos. Outro ter\u00e7o tem menos de 15 anos.<\/p>\n\n\n\n<h2 class=\"wp-block-heading\">Raz\u00f5es para expandir o seu neg\u00f3cio no Zimbabu\u00e9<\/h2>\n\n\n\n<p>O Zimbabu\u00e9 tem vivido muitos anos de reveses econ\u00f3micos e de agita\u00e7\u00e3o interna. Ainda assim, agora pode conquistar o mundo. Agora tem um governo est\u00e1vel. Possui tamb\u00e9m um clima favor\u00e1vel e excelentes perspectivas agr\u00edcolas e mineiras. Todos esses fatores o tornam ideal para investimento. O pa\u00eds \u00e9 rico em minerais, com mais de 40 min\u00e9rios minerais diferentes. A sua ind\u00fastria mineira \u00e9 a que mais contribui para o PIB anual do pa\u00eds.<\/p>\n\n\n\n<p>O setor industrial \u00e9 respons\u00e1vel por mais de 25% do PIB. Al\u00e9m disso, a agricultura representa cerca de um quinto do PIB. Os agricultores produzem caf\u00e9, tabaco, trigo, amendoim, milho e frutas diversas.<\/p>\n\n\n\n<p>O solo de alta qualidade, o clima quente e as terras ar\u00e1veis criam as condi\u00e7\u00f5es ideais. V\u00e1rias ind\u00fastrias podem prosperar, incluindo silvicultura, irriga\u00e7\u00e3o, infraestrutura e minera\u00e7\u00e3o. A ind\u00fastria manufatureira oferece investimentos significativos na produ\u00e7\u00e3o de celulose e papel, pl\u00e1sticos, tubos, pneus e montagem de ve\u00edculos.<\/p>\n\n\n\n<p>O clima tropical do Zimbabu\u00e9 \u00e9 ideal para a agricultura. As oportunidades incluem a produ\u00e7\u00e3o de flores frescas, frutas, a\u00e7\u00facar, feij\u00e3o-vagem e ervilhas.<\/p>\n\n\n\n<p>Further, it\u2019s making <a href=\"https:\/\/www.sisinternational.com\/pt\/pesquisa-de-mercado-de-posicionamento-de-produto-b2b\/\" title=\"Pesquisa de mercado de posicionamento de produto B2B\"  data-wpil-monitor-id=\"11239\">positive strides in developing its tourism product<\/a>. It aims to be one of the world\u2019s most desirable destinations.<\/p>\n\n\n\n<p>Overall, Zimbabwe has a well-established and reliable telecommunications network. It\u2019s ideal for business engagement. Moreover, there are several <a href=\"https:\/\/www.sisinternational.com\/pt\/oportunidades-bancarias-islamicas-e-obstaculos-para-a-industria-financeira-dos-eua\/\" title=\"Banco Isl\u00e2mico: Oportunidades e Obst\u00e1culos para a Ind\u00fastria Financeira dos EUA\"  data-wpil-monitor-id=\"11241\">oportunidades<\/a> to further enhance the already thriving banking sector.<\/p>\n\n\n\n<h2 class=\"wp-block-heading\">Sobre pesquisa de mercado no Zimb\u00e1bue<\/h2>\n\n\n\n<p>Are you seeking investment opportunities in Zimbabwe? Our Qualitative, Quantitative, and Strategy Research methodologies provide several critical indicators. Our <a href=\"https:\/\/www.sisinternational.com\/pt\/solucoes\/pesquisa-de-mercado-consumidor\/\" title=\"Consumer Market Research Services for Smarter Business Decisions\"  data-wpil-monitor-id=\"11240\">services foster business<\/a> growth and development. Here we\u2019ve provided a detailed analysis of several exciting business prospects. Zimbabwe holds much promise, and we hope that this article helps with your decision.<\/p>","protected":false},"excerpt":{"rendered":"<p>O Zimbabu\u00e9 possui recursos naturais abundantes e boas infra-estruturas, ocupando uma por\u00e7\u00e3o significativa de terra e \u00e1gua na \u00c1frica Austral.<\/p>","protected":false},"author":1,"featured_media":65160,"parent":14281,"menu_order":36,"comment_status":"closed","ping_status":"closed","template":"","meta":{"footnotes":""},"class_list":["post-38036","page","type-page","status-publish","has-post-thumbnail"],"_links":{"self":[{"href":"https:\/\/www.sisinternational.com\/pt\/wp-json\/wp\/v2\/pages\/38036","targetHints":{"allow":["GET"]}}],"collection":[{"href":"https:\/\/www.sisinternational.com\/pt\/wp-json\/wp\/v2\/pages"}],"about":[{"href":"https:\/\/www.sisinternational.com\/pt\/wp-json\/wp\/v2\/types\/page"}],"author":[{"embeddable":true,"href":"https:\/\/www.sisinternational.com\/pt\/wp-json\/wp\/v2\/users\/1"}],"replies":[{"embeddable":true,"href":"https:\/\/www.sisinternational.com\/pt\/wp-json\/wp\/v2\/comments?post=38036"}],"version-history":[{"count":8,"href":"https:\/\/www.sisinternational.com\/pt\/wp-json\/wp\/v2\/pages\/38036\/revisions"}],"predecessor-version":[{"id":81833,"href":"https:\/\/www.sisinternational.com\/pt\/wp-json\/wp\/v2\/pages\/38036\/revisions\/81833"}],"up":[{"embeddable":true,"href":"https:\/\/www.sisinternational.com\/pt\/wp-json\/wp\/v2\/pages\/14281"}],"wp:featuredmedia":[{"embeddable":true,"href":"https:\/\/www.sisinternational.com\/pt\/wp-json\/wp\/v2\/media\/65160"}],"wp:attachment":[{"href":"https:\/\/www.sisinternational.com\/pt\/wp-json\/wp\/v2\/media?parent=38036"}],"curies":[{"name":"wp","href":"https:\/\/api.w.org\/{rel}","templated":true}]}}