{"id":37992,"date":"2021-06-28T14:47:18","date_gmt":"2021-06-28T14:47:18","guid":{"rendered":"https:\/\/www.sisinternational.com\/?page_id=37992"},"modified":"2025-09-14T18:30:41","modified_gmt":"2025-09-14T22:30:41","slug":"pesquisa-de-mercado-de-frete","status":"publish","type":"page","link":"https:\/\/www.sisinternational.com\/pt\/pericia\/pesquisa-de-mercado-de-frete\/","title":{"rendered":"Pesquisa de mercado de frete \u2013 agenciamento e remessa de frete"},"content":{"rendered":"<h1 class=\"wp-block-heading\">Pesquisa de mercado de agenciamento de carga<\/h1>\n\n\n\n<figure class=\"gb-block-image gb-block-image-7bde6564\"><img loading=\"lazy\" decoding=\"async\" width=\"1456\" height=\"816\" class=\"gb-image gb-image-7bde6564\" src=\"https:\/\/www.sisinternational.com\/wp-content\/uploads\/2025\/08\/Freight-8.jpg\" alt=\"Pesquisa e Estrat\u00e9gia de Mercado Internacional da SIS\" title=\"Freight (8)\" srcset=\"https:\/\/www.sisinternational.com\/wp-content\/uploads\/2025\/08\/Freight-8.jpg 1456w, https:\/\/www.sisinternational.com\/wp-content\/uploads\/2025\/08\/Freight-8-300x168.jpg 300w, https:\/\/www.sisinternational.com\/wp-content\/uploads\/2025\/08\/Freight-8-1024x574.jpg 1024w, https:\/\/www.sisinternational.com\/wp-content\/uploads\/2025\/08\/Freight-8-768x430.jpg 768w, https:\/\/www.sisinternational.com\/wp-content\/uploads\/2025\/08\/Freight-8-18x10.jpg 18w\" sizes=\"auto, (max-width: 1456px) 100vw, 1456px\"><\/figure>\n\n\n\n<p><\/p>\n\n\n\n<p>Para compreender melhor os benef\u00edcios da Pesquisa de Mercado de Frete, \u00e9 preciso primeiro entender o que \u00e9 frete e por que ele \u00e9 crucial.<\/p>\n\n\n\n<h2 class=\"wp-block-heading\">O que \u00e9 frete?<\/h2>\n\n\n\n<p>Frete \u00e9 o transporte e distribui\u00e7\u00e3o de mercadorias a granel por meio de caminh\u00e3o, trem, navio ou aeronave. O transporte adequado de mercadorias \u00e9 crucial para o sucesso da economia global \u2013 permitindo a distribui\u00e7\u00e3o mundial de bens manufaturados, alimentos, recursos naturais e muito mais.<\/p>\n\n\n\n<p>Os avan\u00e7os no transporte de carga permitiram que as empresas estabelecessem cadeias de abastecimento intercontinentais, reduzindo efetivamente os n\u00edveis de invent\u00e1rio e agilizando o atendimento de pedidos. O com\u00e9rcio eletr\u00f4nico, os neg\u00f3cios internacionais e o transporte r\u00e1pido foram poss\u00edveis gra\u00e7as \u00e0 evolu\u00e7\u00e3o do setor de frete.<\/p>\n\n\n\n<h2 class=\"wp-block-heading\">O que \u00e9 a ind\u00fastria de frete?<\/h2>\n\n\n\n<p>A ind\u00fastria de frete \u00e9 o conglomerado de m\u00e9todos de transporte, corretores de frete, cadeias de suprimentos, centros de distribui\u00e7\u00e3o, data centers e pessoas. Estas entidades colaboram nacional e internacionalmente para rastrear, monitorar e gerenciar a entrega de mercadorias.<\/p>\n\n\n\n<p>A ind\u00fastria do transporte de mercadorias aumenta o valor das mercadorias, deslocando-as para locais onde a sua procura e valor s\u00e3o muito mais elevados e promove uma maior concorr\u00eancia e produtividade, expandindo as fronteiras espaciais dos mercados de mercadorias e de trabalho.<\/p>\n\n\n\n<h2 class=\"wp-block-heading\">Por que a ind\u00fastria de frete \u00e9 importante?<\/h2>\n\n\n\n<p>A ind\u00fastria do transporte de mercadorias emprega milh\u00f5es de pessoas em todo o mundo e tornou-se um proponente necess\u00e1rio no avan\u00e7o da humanidade. Quase todos os itens que algu\u00e9m possui, exceto aqueles produzidos localmente, passaram pelas m\u00e3os de uma empresa de transporte.<\/p>\n\n\n\n<p>A ind\u00fastria do transporte de mercadorias estimula as economias, exigindo investimentos em infra-estruturas, adoptando novas tecnologias e simplificando as opera\u00e7\u00f5es da cadeia de abastecimento. Al\u00e9m disso, inspira a inova\u00e7\u00e3o no sentido de uma gest\u00e3o de dados mais eficaz, combust\u00edveis mais limpos e novos m\u00e9todos de transporte.<\/p>\n\n\n\n<h2 class=\"wp-block-heading\">Tend\u00eancias na ind\u00fastria de frete<\/h2>\n\n\n\n<p>O sucesso no setor de frete depende muito da capacidade de uma empresa de frete rastrear, monitorar e entregar mercadorias com seguran\u00e7a e efici\u00eancia.<\/p>\n\n\n\n<h3 class=\"wp-block-heading\">Infraestrutura f\u00edsica e digital<\/h3>\n\n\n\n<p>Muitas organiza\u00e7\u00f5es de frete t\u00eam se concentrado na substitui\u00e7\u00e3o de infraestruturas antigas para agilizar as entregas e reduzir as incertezas na programa\u00e7\u00e3o. No entanto, estradas antigas, peso desnecess\u00e1rio dos contentores e consumo ineficiente de combust\u00edvel podem ter um impacto negativo nos resultados financeiros.<\/p>\n\n\n\n<p>Os investimentos em infraestrutura digital permitiram que os fornecedores de transporte de mercadorias rastreassem a recolha e distribui\u00e7\u00e3o de encomendas de forma muito mais eficaz. Tamb\u00e9m permitiu que as empresas comunicassem melhor os prazos de entrega, reduzissem os roubos e atendessem \u00e0s crescentes demandas.<\/p>\n\n\n\n<h3 class=\"wp-block-heading\">Avan\u00e7os tecnol\u00f3gicos<\/h3>\n\n\n\n<p>O aumento das capacidades de gest\u00e3o de dados e rastreamento de pedidos permitiu que as empresas de transporte proporcionassem mais transpar\u00eancia e seguran\u00e7a na entrega de mercadorias.<\/p>\n\n\n\n<p>O r\u00e1pido crescimento da ind\u00fastria do com\u00e9rcio eletr\u00f3nico for\u00e7ou os fornecedores de transporte a investir em capacidades que permitam entregas r\u00e1pidas e fi\u00e1veis. As ind\u00fastrias de transporte rodovi\u00e1rio e ferrovi\u00e1rio t\u00eam sido essenciais nesse processo.<\/p>\n\n\n\n<h3 class=\"wp-block-heading\">Combust\u00edveis de queima mais limpa<\/h3>\n\n\n\n<p>Adopting cleaner-burning <a href=\"https:\/\/www.sisinternational.com\/pt\/pericia\/industrias\/pesquisa-de-mercado-de-transporte-de-combustivel\/\" title=\"Pesquisa de mercado de transporte de combust\u00edvel\"  data-wpil-monitor-id=\"11294\">fuels has led to more efficient transportation<\/a> methods, which ultimately lowers transport prices and increases the bottom line.<\/p>\n\n\n\n<p>Freight companies have initiated the transition to renewable energies, cleaner-burning, and sustainable <a href=\"https:\/\/www.sisinternational.com\/pt\/solucoes\/pesquisa-de-consultoria-em-estrategia-fintech\/pesquisa-de-tecnologia-de-regulacao\/\" title=\"Regulation Technology Market Research\"  data-wpil-monitor-id=\"11279\">technologies to meet increasing environmental regulations<\/a>.<\/p>\n\n\n\n<h3 class=\"wp-block-heading\">Fus\u00f5es<\/h3>\n\n\n\n<p>Para atender \u00e0 crescente demanda por entrega r\u00e1pida e eficiente, muitas organiza\u00e7\u00f5es estabeleceram fus\u00f5es para aumentar a capacidade e capitalizar as capacidades.<\/p>\n\n\n\n<p>A high number of collaborations in this space has allowed freight <a href=\"https:\/\/www.sisinternational.com\/pt\/pericia\/industrias\/pesquisa-de-mercado-de-organizacoes-de-pesquisa-contratada\/\" title=\"Pesquisa de mercado de organiza\u00e7\u00f5es de pesquisa de contrato\"  data-wpil-monitor-id=\"11296\">organizations to withstand market<\/a> fluctuations. Companies are diversifying to overcome possible supply shortages, regulatory restrictions, and territory constraints.<\/p>\n\n\n\n<h2 class=\"wp-block-heading\">Desafios na ind\u00fastria de frete<\/h2>\n\n\n\n<figure class=\"gb-block-image gb-block-image-4de66556\"><img loading=\"lazy\" decoding=\"async\" width=\"1456\" height=\"816\" class=\"gb-image gb-image-4de66556\" src=\"https:\/\/www.sisinternational.com\/wp-content\/uploads\/2025\/08\/Freight-5.jpg\" alt=\"Pesquisa e Estrat\u00e9gia de Mercado Internacional da SIS\" title=\"Freight (5)\" srcset=\"https:\/\/www.sisinternational.com\/wp-content\/uploads\/2025\/08\/Freight-5.jpg 1456w, https:\/\/www.sisinternational.com\/wp-content\/uploads\/2025\/08\/Freight-5-300x168.jpg 300w, https:\/\/www.sisinternational.com\/wp-content\/uploads\/2025\/08\/Freight-5-1024x574.jpg 1024w, https:\/\/www.sisinternational.com\/wp-content\/uploads\/2025\/08\/Freight-5-768x430.jpg 768w, https:\/\/www.sisinternational.com\/wp-content\/uploads\/2025\/08\/Freight-5-18x10.jpg 18w\" sizes=\"auto, (max-width: 1456px) 100vw, 1456px\"><\/figure>\n\n\n\n<p><\/p>\n\n\n\n<h3 class=\"wp-block-heading\">Peso<\/h3>\n\n\n\n<p>Bens materiais pesados diminuem a efici\u00eancia do transporte e impactam o consumo de combust\u00edvel. No setor de frete, at\u00e9 mesmo gramas podem fazer diferen\u00e7a no custo.<\/p>\n\n\n\n<p>Os fornecedores de frete lutam para encontrar solu\u00e7\u00f5es inovadoras para o transporte de materiais pesados que permane\u00e7am lucrativas.<\/p>\n\n\n\n<h3 class=\"wp-block-heading\">Seguran\u00e7a<\/h3>\n\n\n\n<p>Asset management is essential to the success of a freight company. Freight companies must protect their customers&#8217; assets at all costs, but <a href=\"https:\/\/www.sisinternational.com\/pt\/solucoes\/consultoria-estrategica\/empresas-de-consultoria-de-gestao\/\" title=\"Empresa global de consultoria de gest\u00e3o\"  data-wpil-monitor-id=\"11283\">managing several transportation channels and global<\/a> distribution processes can be a challenging experience.<\/p>\n\n\n\n<p>As empresas que n\u00e3o possuem um sistema robusto de gerenciamento de estoque e capacidade de rastreamento de pedidos colocam a si mesmas e a seus clientes em risco.<\/p>\n\n\n\n<h3 class=\"wp-block-heading\">Regulamentos<\/h3>\n\n\n\n<p>Organiza\u00e7\u00f5es governamentais e n\u00e3o governamentais estabeleceram regulamenta\u00e7\u00f5es sobre o transporte de mercadorias atrav\u00e9s do espa\u00e7o a\u00e9reo, corpos d&#039;\u00e1gua e terra. Estes regulamentos s\u00e3o atualizados regularmente e podem revelar-se dispendiosos para as organiza\u00e7\u00f5es de transporte de mercadorias que n\u00e3o cumprem os seus requisitos.<\/p>\n\n\n\n<h3 class=\"wp-block-heading\">Demandas crescentes<\/h3>\n\n\n\n<p>A crescente procura de mercadorias est\u00e1 a colocar uma press\u00e3o adicional sobre as empresas de transporte para encontrarem formas de permanecerem rent\u00e1veis. A press\u00e3o para maiores taxas de entrega significa maior consumo de combust\u00edvel, menos tempo para prepara\u00e7\u00e3o, espa\u00e7o m\u00ednimo para erros e menos tempo para atualiza\u00e7\u00e3o de capacidades.<\/p>\n\n\n\n<h2 class=\"wp-block-heading\">Oportunidades na ind\u00fastria de frete<\/h2>\n\n\n\n<ul class=\"wp-block-list\">\n<li>Os investimentos em an\u00e1lise de dados permitir\u00e3o aos fornecedores de transporte compreender as inefici\u00eancias nas suas opera\u00e7\u00f5es atuais e encontrar formas de as mitigar.<\/li>\n\n\n\n<li>A urbaniza\u00e7\u00e3o das comunidades rurais em todo o mundo proporcionar\u00e1 novos canais de transporte, mercados e economias para as empresas de transporte de mercadorias entrarem.<\/li>\n\n\n\n<li>Rising fuel costs will further push the trend toward cleaner or renewable solutions for transportation. <a href=\"https:\/\/www.sisinternational.com\/pt\/campanha-de-marketing-omnicanal-para-uma-empresa-lider-mundial-em-solucoes-de-gerenciamento-de-animais\/\" title=\"Servi\u00e7os de publicidade multicultural para uma empresa l\u00edder mundial em solu\u00e7\u00f5es de manejo animal\"  data-wpil-monitor-id=\"11286\">Companies that adopt these solutions<\/a> early will position themselves for future success.<\/li>\n\n\n\n<li>Mudan\u00e7as nos locais de produ\u00e7\u00e3o abrir\u00e3o portas para que as empresas de frete atendam novos territ\u00f3rios e encontrem novos clientes.<\/li>\n<\/ul>\n\n\n\n<h2 class=\"wp-block-heading\">Novas tecnologias na ind\u00fastria de frete<\/h2>\n\n\n\n<ul class=\"wp-block-list\">\n<li><a href=\"https:\/\/www.shippingandfreightresource.com\/5-technologies-shaking-freight-industry\/\" target=\"_blank\" rel=\"noopener\">Gerenciamento automatizado de estoque e rastreamento de pedidos<\/a><\/li>\n\n\n\n<li>Atualiza\u00e7\u00f5es do cliente em tempo real sobre o status da entrega<\/li>\n\n\n\n<li><a href=\"https:\/\/www.sisinternational.com\/pt\/pericia\/industrias\/pesquisa-de-mercado-de-veiculos-eletricos\/\" title=\"Pesquisa de mercado de ve\u00edculos el\u00e9tricos\" data-wpil-monitor-id=\"11297\">Ve\u00edculos el\u00e9tricos e aut\u00f4nomos<\/a><\/li>\n\n\n\n<li>Entregas de drones<\/li>\n\n\n\n<li>Automa\u00e7\u00e3o rob\u00f3tica<\/li>\n\n\n\n<li><a href=\"https:\/\/www.shippingandfreightresource.com\/5-technologies-shaking-freight-industry\/\" target=\"_blank\" rel=\"noopener\">An\u00e1lise de big data<\/a><\/li>\n\n\n\n<li>Blockchain<\/li>\n\n\n\n<li><a href=\"https:\/\/www.shippingandfreightresource.com\/5-technologies-shaking-freight-industry\/\" target=\"_blank\" rel=\"noopener\">Intelig\u00eancia artificial<\/a><\/li>\n\n\n\n<li>impressao 3D<\/li>\n\n\n\n<li><a href=\"https:\/\/www.shippingandfreightresource.com\/5-technologies-shaking-freight-industry\/\" target=\"_blank\" rel=\"noopener\">IoT (Internet das Coisas)<\/a><\/li>\n<\/ul>\n\n\n\n<h2 class=\"wp-block-heading\">O papel do Blockchain na ind\u00fastria de frete<\/h2>\n\n\n\n<p><a href=\"https:\/\/www.sisinternational.com\/pt\/solucoes\/consultoria-sis-blockchain\/\">Blockchain \u00e9 uma tecnologia de contabilidade distributiva<\/a> que permite a liga\u00e7\u00e3o inviol\u00e1vel de ativos digitais dentro de uma rede. Ele funciona como um sistema de arquivos digitais que se torna mais extenso a cada transa\u00e7\u00e3o. Como resultado, todos os participantes da rede possuem uma c\u00f3pia completa do livro-raz\u00e3o, facilitando total transpar\u00eancia e um compartilhamento de informa\u00e7\u00f5es mais acess\u00edvel.<\/p>\n\n\n\n<h3 class=\"wp-block-heading\">O que o Blockchain pode fazer pela ind\u00fastria de frete?<\/h3>\n\n\n\n<ul class=\"wp-block-list\">\n<li>O Blockchain pode facilitar o compartilhamento r\u00e1pido de informa\u00e7\u00f5es, eliminando o com\u00e9rcio via papel, e-mail, fax ou correio.<\/li>\n\n\n\n<li>Blockchain permite maior privacidade ao permitir o compartilhamento de informa\u00e7\u00f5es peer-to-peer em uma rede privatizada e criptografada. Cada transa\u00e7\u00e3o em um blockchain contribui para uma trilha de auditoria de remessas e garante a confidencialidade das identidades dos usu\u00e1rios.<\/li>\n\n\n\n<li>Autoridades portu\u00e1rias, transportadoras e despachantes podem visualizar o rastreamento do sistema baseado em blockchain em tempo real \u2013 aumentando suas capacidades log\u00edsticas, oferecendo uma vis\u00e3o de todo o processo de envio.<\/li>\n\n\n\n<li>Os registros Blockchain s\u00e3o irrevers\u00edveis e n\u00e3o podem ser alterados, reduzindo significativamente a chance de fraude em uma transa\u00e7\u00e3o.<\/li>\n<\/ul>\n\n\n\n<h2 class=\"wp-block-heading\">Pesquisa de mercado de frete?<\/h2>\n\n\n\n<p>Freight market research is the study and analysis of key trends, opportunities, insights, and challenges within the freight industry. It allows critical decision-makers and business leaders in the freight industry to make data-driven decisions when navigating the vast market of the freight industry. These insights are crucial to long-term success and enable companies to <a href=\"https:\/\/www.sisinternational.com\/pt\/solucoes\/solucoes-de-branding-e-pesquisa-de-clientes\/pesquisa-de-mercado-de-diferenciacao-de-marca\/\" title=\"Pesquisa de mercado de diferencia\u00e7\u00e3o de marca\" data-wpil-monitor-id=\"11292\">differentiate themselves in a crowded market<\/a>. Freight market research carries no boundaries in its execution and, when conducted correctly, can provide particular insights that an organization deems essential.<\/p>\n\n\n\n<p>Qualitative research in the <a href=\"https:\/\/www.sisinternational.com\/pt\/pericia\/industrias\/pesquisa-de-mercado-de-transporte-e-logistica\/\" title=\"Pesquisa de mercado de transporte e log\u00edstica\" data-wpil-monitor-id=\"3508\">frete<\/a> industry can enable businesses to capture the voice of their customer and leverage it for tailored marketing tactics, new market opportunities, and product development. It can also provide detailed sentiment around specific offerings, allowing companies to enhance their pre-existing solutions.<\/p>\n\n\n\n<p>Companies can leverage quantitative insights to guide fact-based decision-making at any level of the organization. Quantitative data provides a numerical system for decision-making, allowing businesses to <a href=\"https:\/\/www.sisinternational.com\/pt\/cobertura\/pesquisa-de-mercado-asia\/pesquisa-de-segmentacao-de-clientes-na-asia\/\" title=\"Pesquisa de segmenta\u00e7\u00e3o de clientes na \u00c1sia\" data-wpil-monitor-id=\"11298\">segment their customer<\/a> profiles, understand competitive positioning, and gain statistically significant understandings of satisfaction with a product or service.<\/p>\n\n\n\n<p>As organiza\u00e7\u00f5es de frete tamb\u00e9m podem se beneficiar do cen\u00e1rio competitivo, das estimativas do tamanho do mercado e da an\u00e1lise de tend\u00eancias \u2013 tudo isso proporciona uma vantagem competitiva ao entrar em novos territ\u00f3rios, oferecer novos produtos ou criar campanhas de marketing espec\u00edficas do setor.<\/p>\n\n\n\n<p><\/p>","protected":false},"excerpt":{"rendered":"<p>A pesquisa qualitativa no setor de frete permite que as empresas capturem a voz de seus clientes e a aproveitem para um marketing personalizado<\/p>","protected":false},"author":1,"featured_media":63821,"parent":14514,"menu_order":70,"comment_status":"closed","ping_status":"closed","template":"","meta":{"footnotes":""},"class_list":["post-37992","page","type-page","status-publish","has-post-thumbnail"],"_links":{"self":[{"href":"https:\/\/www.sisinternational.com\/pt\/wp-json\/wp\/v2\/pages\/37992","targetHints":{"allow":["GET"]}}],"collection":[{"href":"https:\/\/www.sisinternational.com\/pt\/wp-json\/wp\/v2\/pages"}],"about":[{"href":"https:\/\/www.sisinternational.com\/pt\/wp-json\/wp\/v2\/types\/page"}],"author":[{"embeddable":true,"href":"https:\/\/www.sisinternational.com\/pt\/wp-json\/wp\/v2\/users\/1"}],"replies":[{"embeddable":true,"href":"https:\/\/www.sisinternational.com\/pt\/wp-json\/wp\/v2\/comments?post=37992"}],"version-history":[{"count":5,"href":"https:\/\/www.sisinternational.com\/pt\/wp-json\/wp\/v2\/pages\/37992\/revisions"}],"predecessor-version":[{"id":81840,"href":"https:\/\/www.sisinternational.com\/pt\/wp-json\/wp\/v2\/pages\/37992\/revisions\/81840"}],"up":[{"embeddable":true,"href":"https:\/\/www.sisinternational.com\/pt\/wp-json\/wp\/v2\/pages\/14514"}],"wp:featuredmedia":[{"embeddable":true,"href":"https:\/\/www.sisinternational.com\/pt\/wp-json\/wp\/v2\/media\/63821"}],"wp:attachment":[{"href":"https:\/\/www.sisinternational.com\/pt\/wp-json\/wp\/v2\/media?parent=37992"}],"curies":[{"name":"wp","href":"https:\/\/api.w.org\/{rel}","templated":true}]}}