{"id":37921,"date":"2021-06-25T16:56:31","date_gmt":"2021-06-25T16:56:31","guid":{"rendered":"https:\/\/www.sisinternational.com\/?page_id=37921"},"modified":"2026-01-24T21:21:35","modified_gmt":"2026-01-25T02:21:35","slug":"pesquisa-de-mercado-da-persona-do-comprador","status":"publish","type":"page","link":"https:\/\/www.sisinternational.com\/pt\/solucoes\/solucoes-de-pesquisa-quantitativa-qualitativa\/pesquisa-de-mercado-da-persona-do-comprador\/","title":{"rendered":"Solu\u00e7\u00f5es e m\u00e9todos de pesquisa de mercado da Persona do Comprador"},"content":{"rendered":"<h1 class=\"gb-headline gb-headline-cc0d1502 gb-headline-text\">Pesquisa de mercado da personalidade do comprador<\/h1>\n\n\n\n<figure class=\"gb-block-image gb-block-image-386fd99c\"><img loading=\"lazy\" decoding=\"async\" width=\"1456\" height=\"816\" class=\"gb-image gb-image-386fd99c\" src=\"https:\/\/www.sisinternational.com\/wp-content\/uploads\/2025\/08\/Strategy-consulting-24.jpg\" alt=\"Pesquisa e Estrat\u00e9gia de Mercado Internacional da SIS\" title=\"Strategy consulting (24)\" srcset=\"https:\/\/www.sisinternational.com\/wp-content\/uploads\/2025\/08\/Strategy-consulting-24.jpg 1456w, https:\/\/www.sisinternational.com\/wp-content\/uploads\/2025\/08\/Strategy-consulting-24-300x168.jpg 300w, https:\/\/www.sisinternational.com\/wp-content\/uploads\/2025\/08\/Strategy-consulting-24-1024x574.jpg 1024w, https:\/\/www.sisinternational.com\/wp-content\/uploads\/2025\/08\/Strategy-consulting-24-768x430.jpg 768w, https:\/\/www.sisinternational.com\/wp-content\/uploads\/2025\/08\/Strategy-consulting-24-18x10.jpg 18w\" sizes=\"auto, (max-width: 1456px) 100vw, 1456px\"><\/figure>\n\n\n\n<p><\/p>\n\n\n\n<hr class=\"wp-block-separator has-alpha-channel-opacity\"\/>\n\n\n\n<h2 class=\"wp-block-heading\">O que \u00e9 pesquisa de mercado da Persona do Comprador?<\/h2>\n\n\n\n<p>A Buyer Persona Market Research \u00e9 uma representa\u00e7\u00e3o semificcional de um cliente ideal. Envolve conhecer as necessidades dos clientes, o que permite comercializar para as pessoas certas.<\/p>\n\n\n\n<h2 class=\"wp-block-heading\">Por que a pesquisa de mercado da Persona do Comprador \u00e9 importante?<\/h2>\n\n\n\n<p>This type of market research is crucial because it helps you understand your customers. It also helps you to get to know your prospective customers better. Plus, it helps you to tailor your content, message, and product development. It allows you to understand the different motivations and purchasing habits of customers. It also makes adjusting your services easier. In that way, you can meet customers&#8217; specific needs, concerns, and behaviors.<\/p>\n\n\n\n<p>Buyer <a href=\"https:\/\/www.sisinternational.com\/pt\/pericia\/industrias\/pesquisa-de-personalidade-extrema\/\" title=\"Pesquisa de personalidade extrema\"  data-wpil-monitor-id=\"3361\">Persona Market Research<\/a> is also necessary for market segmentation. With segmentation, the <a href=\"https:\/\/www.sisinternational.com\/pt\/cobertura\/as-americas\/pesquisa-de-mercado-no-caribe\/pesquisa-de-mercado-em-sao-cristovao-nevis\/\" title=\"Pesquisa de mercado em S\u00e3o Crist\u00f3v\u00e3o e Nevis\"  data-wpil-monitor-id=\"3299\">researcher divides a market<\/a> of potential customers into groups based on different characteristics. The customers respond to messages you send. So, you must ensure that your market uses the voice of your buyers. That\u2019s why you invest in proper keyword research to ensure you speak the customer\u2019s language.<\/p>\n\n\n\n<h2 class=\"wp-block-heading\">How is Buyer Persona Market Research&nbsp;Done<\/h2>\n\n\n\n<p>Companies do Buyer <a href=\"https:\/\/www.sisinternational.com\/pt\/pericia\/industrias\/pesquisa-de-mercado-de-persona-digital\/\" title=\"Pesquisa de mercado de personalidade digital\"  data-wpil-monitor-id=\"6223\">Persona Market Research<\/a> through surveys, focus groups, and interviews.<\/p>\n\n\n\n<p>Research involves searching through your contacts database to discover trends that show how specific consumers find and use your content.<\/p>\n\n\n\n<p>As pesquisas incluem o uso de formul\u00e1rios com campos espec\u00edficos. Esses campos capturam informa\u00e7\u00f5es essenciais sobre as diferentes buyer personas em seu site. As pesquisas tamb\u00e9m envolvem a considera\u00e7\u00e3o do feedback da sua equipe de vendas. Eles fornecem informa\u00e7\u00f5es sobre os leads com os quais mais se relacionam. Eles tamb\u00e9m fazem generaliza\u00e7\u00f5es sobre os diferentes tipos de clientes.<\/p>\n\n\n\n<p>Through Focus Groups, you and your team can interview prospects and customers. Focus Groups help you to find out what they love and enjoy about your product offering. Once you\u2019ve gone through the research process, you&#8217;ll have raw data, which gives you insights into your potential and current customers. The next step is to identify patterns from the answers to your interview questions. Thus, you develop a main primary persona and share that persona with the rest of the company.<\/p>\n\n\n\n<h2 class=\"wp-block-heading\">Etapas envolvidas<\/h2>\n\n\n\n<ul class=\"wp-block-list\">\n<li>Definir suas buyer personas e mercado-alvo. Esta etapa permite descobrir seu p\u00fablico-alvo e interpretar seus comportamentos. Tudo come\u00e7a com a cria\u00e7\u00e3o de uma representa\u00e7\u00e3o fict\u00edcia de seus clientes em potencial, como faixa et\u00e1ria, localiza\u00e7\u00e3o e tipo de trabalho. Ajuda a compreender suas prefer\u00eancias de compra.<\/li>\n<\/ul>\n\n\n\n<ul class=\"wp-block-list\">\n<li>Engaging with your audience. You\u2019ll be able to get similar opinions about your products and services from customers. You can also get them from potentials. Engaging customers who recently purchased from you is ideal. They can relay their experience to you. Another tactic is to use your social media accounts to get various customers.<\/li>\n\n\n\n<li>Determinar os melhores m\u00e9todos para atender \u00e0s necessidades dos clientes. A marca do produto \u00e9 essencial. A apar\u00eancia e a personalidade que cercam sua marca determinar\u00e3o seu sucesso.<\/li>\n\n\n\n<li>Researching your primary competitors. You can use Google and social media to search for industries and companies like your own. Have you identified your competitors? Do a SWOT analysis (strengths, weaknesses, opportunities, and threats) for each business. Take note of your competitors\u2019 pricing. Also, look at and the display of their products and services. Then, do a thorough review of your customers. You will be able to address how your business can compete with other companies in a similar field. You can also identify the industry&#8217;s advantages and what trends you should consider.<\/li>\n<\/ul>\n\n\n\n<h2 class=\"wp-block-heading\">Benef\u00edcios<\/h2>\n\n\n\n<figure class=\"gb-block-image gb-block-image-fbafe1a3\"><img loading=\"lazy\" decoding=\"async\" width=\"1456\" height=\"816\" class=\"gb-image gb-image-fbafe1a3\" src=\"https:\/\/www.sisinternational.com\/wp-content\/uploads\/2025\/08\/Retail-12.jpg\" alt=\"Pesquisa e Estrat\u00e9gia de Mercado Internacional da SIS\" title=\"Retail (12)\" srcset=\"https:\/\/www.sisinternational.com\/wp-content\/uploads\/2025\/08\/Retail-12.jpg 1456w, https:\/\/www.sisinternational.com\/wp-content\/uploads\/2025\/08\/Retail-12-300x168.jpg 300w, https:\/\/www.sisinternational.com\/wp-content\/uploads\/2025\/08\/Retail-12-1024x574.jpg 1024w, https:\/\/www.sisinternational.com\/wp-content\/uploads\/2025\/08\/Retail-12-768x430.jpg 768w, https:\/\/www.sisinternational.com\/wp-content\/uploads\/2025\/08\/Retail-12-18x10.jpg 18w\" sizes=\"auto, (max-width: 1456px) 100vw, 1456px\"><\/figure>\n\n\n\n<p><\/p>\n\n\n\n<p><a href=\"https:\/\/www.sisinternational.com\/pt\/pericia\/industrias\/pesquisa-de-mercado-de-intencao-do-comprador\/\" title=\"Pesquisa de mercado de inten\u00e7\u00e3o do comprador\"  data-wpil-monitor-id=\"6251\">Pesquisa de mercado da personalidade do comprador<\/a> helps you understand your audience\u2019s needs. It reveals who the reliant customers are on your product or service.<\/p>\n\n\n\n<p>Another benefit is creating more Personalized Content for consumers. Such marketing personalization has many advantages. Thus, Buyer Persona Market Research plays a crucial role in increasing the effectiveness of your messaging.<\/p>\n\n\n\n<h2 class=\"wp-block-heading\">Quais s\u00e3o os resultados deste tipo de pesquisa?<\/h2>\n\n\n\n<ul class=\"wp-block-list\">\n<li><a href=\"https:\/\/www.linkedin.com\/company\/sisinternationalresearch\" target=\"_blank\" rel=\"noopener\">Pesquisa de mercado<\/a> involves analyzing customers&#8217; needs. The company is trying to solve these problems, so input from sources like your sales team and customers provides valuable insights. They show how the products can be better. Even potential customers and competitors can make a valuable contribution to product development.<\/li>\n\n\n\n<li>Os clientes s\u00e3o os principais alvos de seus produtos. Portanto, seria melhor se voc\u00ea considerasse quais informa\u00e7\u00f5es os clientes precisam para tomar sua decis\u00e3o de compra. Onde voc\u00ea pode alcan\u00e7ar esses clientes? Eles est\u00e3o prontos para receber sua mensagem? Saber as respostas a essas perguntas pode ser crucial para campanhas de marketing.<\/li>\n\n\n\n<li>Com o Posicionamento de Produto voc\u00ea ocupa espa\u00e7o na mente dos seus consumidores. \u00c9 uma forma de os clientes em potencial entenderem quem voc\u00ea \u00e9 e o que seu produto pode fazer por eles. O posicionamento bem-sucedido do produto impulsiona a venda de produtos e servi\u00e7os.<\/li>\n\n\n\n<li>A Proposta de Valor promete que seu produto ou servi\u00e7o ajudar\u00e1 o cliente de maneira significativa. Os benef\u00edcios devem ser genu\u00ednos. Deve definir o seu produto e mostrar o que o diferencia do seu concorrente.<\/li>\n<\/ul>\n\n\n\n<h2 class=\"wp-block-heading\">Casos de uso<\/h2>\n\n\n\n<p>A Pesquisa de Mercado da Persona do Comprador tem muitos usos. Voc\u00ea pode usar <a href=\"https:\/\/www.sisinternational.com\/pt\/solucoes\/solucoes-de-pesquisa-quantitativa-qualitativa\/\">Pesquisa qualitativa e quantitativa<\/a> para adaptar seu conte\u00fado ao seu p\u00fablico. Voc\u00ea tamb\u00e9m pode personalizar seus gastos com publicidade usando essas m\u00e9tricas.<\/p>\n\n\n\n<p>Essas op\u00e7\u00f5es de Pesquisa Estrat\u00e9gica s\u00e3o flechas na sua aljava. Voc\u00ea pode us\u00e1-los para classificar suas personas. Eles podem ajud\u00e1-lo a obter o m\u00e1ximo de seus compradores. Assim, eles permitem que voc\u00ea melhore seus produtos, servi\u00e7os e lucratividade.<\/p>\n\n\n\n<h2 class=\"wp-block-heading\">Localiza\u00e7\u00e3o de nossas instala\u00e7\u00f5es em Nova York<\/h2>\n\n\n\n<p>\n\n\n\n<iframe loading=\"lazy\" src=\"https:\/\/www.google.com\/maps\/embed?pb=!1m18!1m12!1m3!1d3022.976188376966!2d-73.99130312499956!3d40.740549471389315!2m3!1f0!2f0!3f0!3m2!1i1024!2i768!4f13.1!3m3!1m2!1s0x89c259a15798c731%3A0xd695d09bdd495f25!2s11%20E%2022nd%20St%20FL%202%2C%20New%20York%2C%20NY%2010010%2C%20USA!5e0!3m2!1sen!2spe!4v1726171763526!5m2!1sen!2spe\" width=\"600\" height=\"450\" allowfullscreen=\"allowfullscreen\" data-mce-fragment=\"1\"><\/iframe>\n\n\n\n<\/p>\n\n\n\n<h3 class=\"wp-block-heading\">11 E 22nd Street, 2\u00ba andar, Nova York, NY 10010 T: +1(212) 505-6805<\/h3>\n\n\n\n<hr class=\"wp-block-separator has-alpha-channel-opacity\"\/>\n\n\n\n<h2 class=\"wp-block-heading\"><span style=\"font-weight: 400;\">Sobre SIS Internacional<\/span><\/h2>\n\n\n\n<p><a href=\"https:\/\/www.sisinternational.com\/pt\/\"><span style=\"font-weight: 400;\">SIS Internacional<\/span><\/a><span style=\"font-weight: 400;\"> oferece pesquisa quantitativa, qualitativa e estrat\u00e9gica. Fornecemos dados, ferramentas, estrat\u00e9gias, relat\u00f3rios e insights para a tomada de decis\u00f5es. Tamb\u00e9m realizamos entrevistas, pesquisas, grupos focais e outros m\u00e9todos e abordagens de Pesquisa de Mercado.<\/span><a href=\"https:\/\/www.sisinternational.com\/pt\/sobre-a-sis-international-research\/contact-sis-international-market-research\/\"><span style=\"font-weight: 400;\"> Entre em contato conosco<\/span><\/a><span style=\"font-weight: 400;\"> para o seu pr\u00f3ximo projeto de pesquisa de mercado.<\/span><\/p>","protected":false},"excerpt":{"rendered":"<p>A Buyer Persona Market Research \u00e9 uma representa\u00e7\u00e3o semificcional de um cliente ideal. Envolve conhecer as necessidades dos clientes\u2026<\/p>","protected":false},"author":1,"featured_media":62558,"parent":14660,"menu_order":19,"comment_status":"closed","ping_status":"closed","template":"","meta":{"footnotes":""},"class_list":["post-37921","page","type-page","status-publish","has-post-thumbnail"],"_links":{"self":[{"href":"https:\/\/www.sisinternational.com\/pt\/wp-json\/wp\/v2\/pages\/37921","targetHints":{"allow":["GET"]}}],"collection":[{"href":"https:\/\/www.sisinternational.com\/pt\/wp-json\/wp\/v2\/pages"}],"about":[{"href":"https:\/\/www.sisinternational.com\/pt\/wp-json\/wp\/v2\/types\/page"}],"author":[{"embeddable":true,"href":"https:\/\/www.sisinternational.com\/pt\/wp-json\/wp\/v2\/users\/1"}],"replies":[{"embeddable":true,"href":"https:\/\/www.sisinternational.com\/pt\/wp-json\/wp\/v2\/comments?post=37921"}],"version-history":[{"count":9,"href":"https:\/\/www.sisinternational.com\/pt\/wp-json\/wp\/v2\/pages\/37921\/revisions"}],"predecessor-version":[{"id":79836,"href":"https:\/\/www.sisinternational.com\/pt\/wp-json\/wp\/v2\/pages\/37921\/revisions\/79836"}],"up":[{"embeddable":true,"href":"https:\/\/www.sisinternational.com\/pt\/wp-json\/wp\/v2\/pages\/14660"}],"wp:featuredmedia":[{"embeddable":true,"href":"https:\/\/www.sisinternational.com\/pt\/wp-json\/wp\/v2\/media\/62558"}],"wp:attachment":[{"href":"https:\/\/www.sisinternational.com\/pt\/wp-json\/wp\/v2\/media?parent=37921"}],"curies":[{"name":"wp","href":"https:\/\/api.w.org\/{rel}","templated":true}]}}