{"id":37919,"date":"2021-06-25T09:37:20","date_gmt":"2021-06-25T09:37:20","guid":{"rendered":"https:\/\/www.sisinternational.com\/?page_id=37919"},"modified":"2025-09-14T17:20:55","modified_gmt":"2025-09-14T21:20:55","slug":"pesquisa-de-mercado-na-mauritania-africa","status":"publish","type":"page","link":"https:\/\/www.sisinternational.com\/pt\/cobertura\/pesquisa-de-mercado-africa\/pesquisa-de-mercado-na-mauritania-africa\/","title":{"rendered":"Pesquisa de Mercado na Maurit\u00e2nia, \u00c1frica \u2013 uma Vis\u00e3o Geral"},"content":{"rendered":"<h1 class=\"wp-block-heading\">Pesquisa de mercado na Maurit\u00e2nia, \u00c1frica<\/h1>\n\n\n\n<figure class=\"gb-block-image gb-block-image-4469e8e6\"><img loading=\"lazy\" decoding=\"async\" width=\"1456\" height=\"816\" class=\"gb-image gb-image-4469e8e6\" src=\"https:\/\/www.sisinternational.com\/wp-content\/uploads\/2025\/08\/Mauritania-2.jpg\" alt=\"Pesquisa e Estrat\u00e9gia de Mercado Internacional da SIS\" title=\"Mauritania (2)\" srcset=\"https:\/\/www.sisinternational.com\/wp-content\/uploads\/2025\/08\/Mauritania-2.jpg 1456w, https:\/\/www.sisinternational.com\/wp-content\/uploads\/2025\/08\/Mauritania-2-300x168.jpg 300w, https:\/\/www.sisinternational.com\/wp-content\/uploads\/2025\/08\/Mauritania-2-1024x574.jpg 1024w, https:\/\/www.sisinternational.com\/wp-content\/uploads\/2025\/08\/Mauritania-2-768x430.jpg 768w, https:\/\/www.sisinternational.com\/wp-content\/uploads\/2025\/08\/Mauritania-2-18x10.jpg 18w\" sizes=\"auto, (max-width: 1456px) 100vw, 1456px\"><\/figure>\n\n\n\n<p><\/p>\n\n\n\n<h2 class=\"wp-block-heading\">Bairros<\/h2>\n\n\n\n<p>Localizada no noroeste da \u00c1frica, a Maurit\u00e2nia \u00e9 um dos pa\u00edses mais pobres do mundo. No entanto, a diversidade de pessoas torna o pa\u00eds \u00fanico. Na verdade, algumas fontes referem-se \u00e0 Maurit\u00e2nia como o Olho de \u00c1frica. \u00c9 um pa\u00eds vasto, o d\u00e9cimo primeiro maior estado soberano do continente. O Oceano Atl\u00e2ntico lava suas costas a oeste. O Mali fica a leste, o Saara Ocidental fica ao norte e noroeste e a Arg\u00e9lia fica a nordeste.<\/p>\n\n\n\n<p>A capital da Maurit\u00e2nia \u00e9 Nouakchott e \u00e9 tamb\u00e9m a maior cidade do pa\u00eds. Algumas das outras grandes cidades da Maurit\u00e2nia s\u00e3o Nouadhibou, Atar, Kiffa e Rosso. O franc\u00eas \u00e9 a principal l\u00edngua falada na Maurit\u00e2nia. Portanto, alguns dos nomes das cidades s\u00e3o franceses. O nome da Maurit\u00e2nia vem do antigo Reino Berbere. Este reino existiu desde o terceiro s\u00e9culo AEC at\u00e9 o s\u00e9timo s\u00e9culo EC.<\/p>\n\n\n\n<p>A principal religi\u00e3o na Maurit\u00e2nia \u00e9 o Isl\u00e3. Quase toda a popula\u00e7\u00e3o \u00e9 mu\u00e7ulmana. Esta religi\u00e3o tamb\u00e9m tem influ\u00eancia significativa em Marrocos, Arg\u00e9lia e outros pa\u00edses vizinhos.<\/p>\n\n\n\n<p>Em 7 de abril de 2018, o governo tornou o ate\u00edsmo um crime pun\u00edvel com a morte. Na verdade, a Maurit\u00e2nia \u00e9 um dos treze pa\u00edses do mundo que aplica a pena de morte para o ate\u00edsmo.<\/p>\n\n\n\n<p>A Maurit\u00e2nia \u00e9 um pa\u00eds des\u00e9rtico, com cerca de 90% das terras situadas no Saara. Assim, a maioria dos mauritanos vive no sul, onde h\u00e1 \u00e1gua.<\/p>\n\n\n\n<p>Devido \u00e0 seca severa e prolongada, o deserto tem vindo a expandir-se desde meados da d\u00e9cada de 1960. Como resultado, muitos mauritanos s\u00e3o n\u00f3madas que se deslocam de um lugar para outro, cuidando dos seus rebanhos. Assim, eles n\u00e3o t\u00eam resid\u00eancia permanente.<\/p>\n\n\n\n<h2 class=\"wp-block-heading\">Principais ind\u00fastrias<\/h2>\n\n\n\n<p>A Maurit\u00e2nia tem muitos recursos como ferro, peixe e petr\u00f3leo. No entanto, a maioria da popula\u00e7\u00e3o na Maurit\u00e2nia continua pobre. A economia do pa\u00eds \u00e9 baseada na agricultura e na pecu\u00e1ria, e muitas das principais ind\u00fastrias s\u00e3o derivadas dos recursos naturais do pa\u00eds.<\/p>\n\n\n\n<p>Os mauritanos dependem das exporta\u00e7\u00f5es e dos recursos naturais. Alguns de seus recursos naturais incluem ouro, diamantes, fosfato, gesso, cobre e petr\u00f3leo. Infelizmente, o clima pol\u00edtico \u00e9 uma das raz\u00f5es pelas quais a maioria dos seus cidad\u00e3os vive na pobreza.<\/p>\n\n\n\n<p>Embora <a href=\"https:\/\/oec.world\/en\/profile\/country\/mrt\" target=\"_blank\" rel=\"noopener\">Importa\u00e7\u00f5es da Maurit\u00e2nia<\/a> muitos itens, o pa\u00eds possui um s\u00f3lido sistema de exporta\u00e7\u00e3o. Algumas das principais exporta\u00e7\u00f5es s\u00e3o:<\/p>\n\n\n\n<ul class=\"wp-block-list\">\n<li>Ferro<\/li>\n\n\n\n<li>Ouro<\/li>\n\n\n\n<li>Peixe congelado<\/li>\n<\/ul>\n\n\n\n<p>Mauritania has several trading partners, including China, France, the <a href=\"https:\/\/www.sisinternational.com\/pt\/cobertura\/pesquisa-de-mercado-medio-oriente\/pesquisa-de-mercado-nos-emirados-arabes-unidos\/\" title=\"Pesquisa de mercado nos Emirados \u00c1rabes Unidos\" data-wpil-monitor-id=\"11268\">Emirados \u00c1rabes Unidos<\/a>, and Spain.<\/p>\n\n\n\n<h2 class=\"wp-block-heading\">Base de clientes<\/h2>\n\n\n\n<p>A popula\u00e7\u00e3o depende de alimentos importados como trigo, a\u00e7\u00facar e arroz, apesar da elevada taxa de produ\u00e7\u00e3o de metais e petr\u00f3leo do pa\u00eds. Mais de quarenta por cento dos mauritanos vivem abaixo da linha da pobreza. Como resultado, muitas das crian\u00e7as sofrem de desnutri\u00e7\u00e3o.<\/p>\n\n\n\n<h2 class=\"wp-block-heading\">Raz\u00f5es para expandir o seu neg\u00f3cio na Maurit\u00e2nia<\/h2>\n\n\n\n<figure class=\"gb-block-image gb-block-image-f340ce03\"><img loading=\"lazy\" decoding=\"async\" width=\"1456\" height=\"816\" class=\"gb-image gb-image-f340ce03\" src=\"https:\/\/www.sisinternational.com\/wp-content\/uploads\/2025\/08\/Mauritania-3.jpg\" alt=\"Pesquisa e Estrat\u00e9gia de Mercado Internacional da SIS\" title=\"Mauritania (3)\" srcset=\"https:\/\/www.sisinternational.com\/wp-content\/uploads\/2025\/08\/Mauritania-3.jpg 1456w, https:\/\/www.sisinternational.com\/wp-content\/uploads\/2025\/08\/Mauritania-3-300x168.jpg 300w, https:\/\/www.sisinternational.com\/wp-content\/uploads\/2025\/08\/Mauritania-3-1024x574.jpg 1024w, https:\/\/www.sisinternational.com\/wp-content\/uploads\/2025\/08\/Mauritania-3-768x430.jpg 768w, https:\/\/www.sisinternational.com\/wp-content\/uploads\/2025\/08\/Mauritania-3-18x10.jpg 18w\" sizes=\"auto, (max-width: 1456px) 100vw, 1456px\"><\/figure>\n\n\n\n<p><\/p>\n\n\n\n<p>At present, Mauritania faces grinding poverty, and the economic outlook is bleak. However, economists expect this situation to change within the next decade. They forecast that Mauritania will be moving into privatized <a href=\"https:\/\/www.sisinternational.com\/pt\/industry-forecast\/it-industry-forecast\/\" title=\"IT Industry Forecast\" data-wpil-monitor-id=\"11276\">industry<\/a>.<\/p>\n\n\n\n<p>H\u00e1 muito espa\u00e7o para o desenvolvimento agr\u00edcola e tur\u00edstico na Maurit\u00e2nia. Al\u00e9m disso, o investimento agr\u00e1rio diminuir\u00e1 a depend\u00eancia consider\u00e1vel de alimentos importados.<\/p>\n\n\n\n<p>A Maurit\u00e2nia, sendo rica em pesca e minerais, certamente ser\u00e1 lucrativa para voc\u00ea. Al\u00e9m disso, a \u00e1rea do turismo tem muito potencial devido \u00e0 rica cultura do pa\u00eds. A Maurit\u00e2nia tamb\u00e9m possui ru\u00ednas pr\u00e9-hist\u00f3ricas, o que \u00e9 outra vantagem para o turismo.<\/p>\n\n\n\n<h2 class=\"wp-block-heading\">Pesquisa de mercado na Maurit\u00e2nia, \u00c1frica<\/h2>\n\n\n\n<p>Are you looking to invest or <a href=\"https:\/\/www.sisinternational.com\/pt\/publicacoes\/exportacao-do-mercado-intermediario-do-japao\/\" title=\"Expandindo seus neg\u00f3cios no Jap\u00e3o\" data-wpil-monitor-id=\"11272\">grow your business<\/a> in Mauritania? This article has all the information you <a href=\"https:\/\/www.sisinternational.com\/pt\/analysis-b2b\/\" title=\"What Business Leaders Need to Know Right Now\" data-wpil-monitor-id=\"11274\">need to know<\/a> about investing in Mauritania. We organize <a href=\"https:\/\/www.sisinternational.com\/pt\/solucoes\/solucoes-de-pesquisa-quantitativa-qualitativa\/\">Quantitativo, Qualitativo<\/a>, e <a href=\"https:\/\/www.sisinternational.com\/pt\/cobertura\/as-americas\/cobertura-dos-eua\/new-york-market-research-firm\/\" target=\"_blank\" rel=\"noopener\">Pesquisa Estrat\u00e9gica<\/a>. Thus, we can keep you well-informed about which countries are the best bet for your business. This article gives you <a href=\"https:\/\/www.sisinternational.com\/pt\/how-to-conduct-in-depth-interviews-for-market-insights\/\" title=\"Como conduzir entrevistas em profundidade para obter insights de mercado\" data-wpil-monitor-id=\"11270\">insight into the Mauritanian market<\/a>. It shows you the areas that are ripe for investment. We hope that it helps you in your decision-making. We also hope that you will consider investing in Mauritania.<\/p>\n\n\n\n<p><\/p>","protected":false},"excerpt":{"rendered":"<p>Pesquisa de Mercado na Maurit\u00e2nia, \u00c1frica Bairros Localizada no Noroeste da \u00c1frica, a Maurit\u00e2nia \u00e9 um dos pa\u00edses mais pobres do mundo. No entanto, a diversidade de pessoas torna o pa\u00eds \u00fanico. Na verdade, algumas fontes referem-se \u00e0 Maurit\u00e2nia como o Olho de \u00c1frica. \u00c9 um pa\u00eds vasto, o d\u00e9cimo primeiro maior estado soberano do continente. O \u2026 <a title=\"Pesquisa de Mercado na Maurit\u00e2nia, \u00c1frica \u2013 uma Vis\u00e3o Geral\" class=\"read-more\" href=\"https:\/\/www.sisinternational.com\/pt\/cobertura\/pesquisa-de-mercado-africa\/pesquisa-de-mercado-na-mauritania-africa\/\" aria-label=\"Leia mais sobre Pesquisa de Mercado na Maurit\u00e2nia, \u00c1frica \u2013 uma Vis\u00e3o Geral\">Leia mais<\/a><\/p>","protected":false},"author":1,"featured_media":65295,"parent":14281,"menu_order":35,"comment_status":"closed","ping_status":"closed","template":"","meta":{"footnotes":""},"class_list":["post-37919","page","type-page","status-publish","has-post-thumbnail"],"_links":{"self":[{"href":"https:\/\/www.sisinternational.com\/pt\/wp-json\/wp\/v2\/pages\/37919","targetHints":{"allow":["GET"]}}],"collection":[{"href":"https:\/\/www.sisinternational.com\/pt\/wp-json\/wp\/v2\/pages"}],"about":[{"href":"https:\/\/www.sisinternational.com\/pt\/wp-json\/wp\/v2\/types\/page"}],"author":[{"embeddable":true,"href":"https:\/\/www.sisinternational.com\/pt\/wp-json\/wp\/v2\/users\/1"}],"replies":[{"embeddable":true,"href":"https:\/\/www.sisinternational.com\/pt\/wp-json\/wp\/v2\/comments?post=37919"}],"version-history":[{"count":3,"href":"https:\/\/www.sisinternational.com\/pt\/wp-json\/wp\/v2\/pages\/37919\/revisions"}],"predecessor-version":[{"id":81839,"href":"https:\/\/www.sisinternational.com\/pt\/wp-json\/wp\/v2\/pages\/37919\/revisions\/81839"}],"up":[{"embeddable":true,"href":"https:\/\/www.sisinternational.com\/pt\/wp-json\/wp\/v2\/pages\/14281"}],"wp:featuredmedia":[{"embeddable":true,"href":"https:\/\/www.sisinternational.com\/pt\/wp-json\/wp\/v2\/media\/65295"}],"wp:attachment":[{"href":"https:\/\/www.sisinternational.com\/pt\/wp-json\/wp\/v2\/media?parent=37919"}],"curies":[{"name":"wp","href":"https:\/\/api.w.org\/{rel}","templated":true}]}}