{"id":37917,"date":"2021-06-25T09:30:36","date_gmt":"2021-06-25T09:30:36","guid":{"rendered":"https:\/\/www.sisinternational.com\/?page_id=37917"},"modified":"2025-09-14T17:21:58","modified_gmt":"2025-09-14T21:21:58","slug":"pesquisa-de-mercado-nas-mauricias-africa","status":"publish","type":"page","link":"https:\/\/www.sisinternational.com\/pt\/cobertura\/pesquisa-de-mercado-africa\/pesquisa-de-mercado-nas-mauricias-africa\/","title":{"rendered":"Pesquisa de Mercado nas Maur\u00edcias \u2014 Ilha ao largo da Costa Leste de \u00c1frica"},"content":{"rendered":"<h1 class=\"wp-block-heading\">Pesquisa de mercado nas Maur\u00edcias, \u00c1frica<\/h1>\n\n\n\n<figure class=\"gb-block-image gb-block-image-4f3a3bf9\"><img loading=\"lazy\" decoding=\"async\" width=\"1456\" height=\"816\" class=\"gb-image gb-image-4f3a3bf9\" src=\"https:\/\/www.sisinternational.com\/wp-content\/uploads\/2025\/08\/Mauritius-1.jpg\" alt=\"Pesquisa e Estrat\u00e9gia de Mercado Internacional da SIS\" title=\"Mauritius (1)\" srcset=\"https:\/\/www.sisinternational.com\/wp-content\/uploads\/2025\/08\/Mauritius-1.jpg 1456w, https:\/\/www.sisinternational.com\/wp-content\/uploads\/2025\/08\/Mauritius-1-300x168.jpg 300w, https:\/\/www.sisinternational.com\/wp-content\/uploads\/2025\/08\/Mauritius-1-1024x574.jpg 1024w, https:\/\/www.sisinternational.com\/wp-content\/uploads\/2025\/08\/Mauritius-1-768x430.jpg 768w, https:\/\/www.sisinternational.com\/wp-content\/uploads\/2025\/08\/Mauritius-1-18x10.jpg 18w\" sizes=\"auto, (max-width: 1456px) 100vw, 1456px\"><\/figure>\n\n\n\n<p><\/p>\n\n\n\n<h2 class=\"wp-block-heading\">Bairros<\/h2>\n\n\n\n<p>A Rep\u00fablica das Maur\u00edcias \u00e9 um arquip\u00e9lago no Oceano \u00cdndico. O vizinho mais pr\u00f3ximo do pa\u00eds \u00e9 Madagascar, 700 milhas a oeste. A capital \u00e9 Porto Louis. \u00c9 uma cidade vibrante onde ocorre uma quantidade significativa de vendas e compras. O governador franc\u00eas fundou Port Louis em meados do s\u00e9culo XVIII. Algumas outras cidades importantes com grande popula\u00e7\u00e3o e atividades econ\u00f4micas s\u00e3o Curepipe, Grand Baie, Beau Bassin-Rose Hill, Quatre Bornes e Vacoas-Phoenix.<\/p>\n\n\n\n<h2 class=\"wp-block-heading\">Tend\u00eancias<\/h2>\n\n\n\n<p>A l\u00edngua principal das Maur\u00edcias \u00e9 o franc\u00eas, mas a maioria dos habitantes fala crioulo franc\u00eas e ingl\u00eas. As pessoas s\u00e3o diversas e a cultura tamb\u00e9m. A principal religi\u00e3o nas Maur\u00edcias \u00e9 o hindu\u00edsmo. Menos da metade de todos os mauricianos s\u00e3o crist\u00e3os.<\/p>\n\n\n\n<p>Maur\u00edcio \u00e9 conhecido por suas vilas culturais, praias arenosas e \u00e1guas azul-turquesa. Devido ao seu relativo isolamento, as Maur\u00edcias s\u00e3o um excelente local de fuga. Possui muitos canaviais e esp\u00e9cies vegetais e animais \u00fanicas e distintas. \u00c9 famosa pelo p\u00e1ssaro Dod\u00f4, uma ave nativa extinta do tamanho de um coelho. Esta ave, declarada extinta no final dos anos 1600, era end\u00e9mica das Maur\u00edcias.<\/p>\n\n\n\n<p>Estas ilhas s\u00e3o uma grande atra\u00e7\u00e3o tur\u00edstica, conhecidas pelo seu ambiente natural. Sua arquitetura cultural tamb\u00e9m atrai visitantes.<\/p>\n\n\n\n<p>No entanto, as Maur\u00edcias t\u00eam problemas de sobrepopula\u00e7\u00e3o, com 1,3 milh\u00f5es de habitantes em 2019. Ainda assim, o povo das Maur\u00edcias parece sobreviver bem com os recursos dispon\u00edveis.<\/p>\n\n\n\n<h2 class=\"wp-block-heading\">Principais ind\u00fastrias<\/h2>\n\n\n\n<p>The five primary <a href=\"https:\/\/www.sisinternational.com\/pt\/solucoes\/pesquisa-de-mercado-de-ia-e-consultoria-estrategica\/adocao-de-ia-viagens-hospitalidade-turismo-consultoria-da-industria\/\" title=\"Ado\u00e7\u00e3o de IA em consultoria da ind\u00fastria de viagens, hotelaria e turismo\"  data-wpil-monitor-id=\"10968\">industries of Mauritius are Tourism<\/a>, Agriculture, Mining, Services, and Manufacturing.<\/p>\n\n\n\n<p><a href=\"https:\/\/oec.world\/en\/profile\/country\/mus\" target=\"_blank\" rel=\"noopener\">As principais ind\u00fastrias transformadoras das Maur\u00edcias incluem processamento de alimentos e vestu\u00e1rio, peixe, t\u00eaxteis e produtos qu\u00edmicos, e tem uma ind\u00fastria mineira robusta<\/a>. Al\u00e9m disso, as ilhas produzem a\u00e7\u00facar em grande escala para exporta\u00e7\u00e3o para outros pa\u00edses. As f\u00e1bricas de moagem produzem a\u00e7\u00facar de beterraba e de cana. A cana-de-a\u00e7\u00facar ocupa 80% da \u00e1rea terrestre das Maur\u00edcias.<\/p>\n\n\n\n<p>A M\u00e3e Natureza aben\u00e7oou esta na\u00e7\u00e3o com uma beleza deslumbrante. Esta beleza atraiu visitantes ao longo dos s\u00e9culos. Portanto, n\u00e3o \u00e9 surpreendente que o turismo seja um pilar vital da economia das Maur\u00edcias. Como resultado, o n\u00famero de turistas aumentou ao longo dos anos.<\/p>\n\n\n\n<h2 class=\"wp-block-heading\">Base de clientes<\/h2>\n\n\n\n<p>As importa\u00e7\u00f5es das Maur\u00edcias s\u00e3o superiores \u00e0s exporta\u00e7\u00f5es. Estas ilhas trazem mercadorias do exterior, como petr\u00f3leo refinado e autom\u00f3veis.<\/p>\n\n\n\n<p>Os alimentos provenientes de Fran\u00e7a representam tamb\u00e9m uma percentagem significativa das importa\u00e7\u00f5es das Maur\u00edcias. \u00cdndia, Austr\u00e1lia e \u00c1frica do Sul tamb\u00e9m s\u00e3o outros pa\u00edses dos quais as Maur\u00edcias importam. Outro parceiro comercial s\u00e3o os Estados Unidos. Maur\u00edcio importa alimentos como carne, caf\u00e9 e latic\u00ednios dos EUA. Tamb\u00e9m recebe vegetais e frutas congeladas, como laranjas, daquele pa\u00eds. O pa\u00eds tamb\u00e9m importa roupas dos Estados Unidos e da Europa.<\/p>\n\n\n\n<h2 class=\"wp-block-heading\">Raz\u00f5es para expandir o seu neg\u00f3cio nas Maur\u00edcias<\/h2>\n\n\n\n<figure class=\"gb-block-image gb-block-image-df70ab1f\"><img loading=\"lazy\" decoding=\"async\" width=\"1456\" height=\"816\" class=\"gb-image gb-image-df70ab1f\" src=\"https:\/\/www.sisinternational.com\/wp-content\/uploads\/2025\/08\/Mauritius-4.jpg\" alt=\"Pesquisa e Estrat\u00e9gia de Mercado Internacional da SIS\" title=\"Mauritius (4)\" srcset=\"https:\/\/www.sisinternational.com\/wp-content\/uploads\/2025\/08\/Mauritius-4.jpg 1456w, https:\/\/www.sisinternational.com\/wp-content\/uploads\/2025\/08\/Mauritius-4-300x168.jpg 300w, https:\/\/www.sisinternational.com\/wp-content\/uploads\/2025\/08\/Mauritius-4-1024x574.jpg 1024w, https:\/\/www.sisinternational.com\/wp-content\/uploads\/2025\/08\/Mauritius-4-768x430.jpg 768w, https:\/\/www.sisinternational.com\/wp-content\/uploads\/2025\/08\/Mauritius-4-18x10.jpg 18w\" sizes=\"auto, (max-width: 1456px) 100vw, 1456px\"><\/figure>\n\n\n\n<p><\/p>\n\n\n\n<p>Investir nas Maur\u00edcias pode ser ben\u00e9fico, pois oferece aos investidores uma baixa taxa de tributa\u00e7\u00e3o. Al\u00e9m disso, n\u00e3o h\u00e1 imposto sobre heran\u00e7a, o que \u00e9 uma boa not\u00edcia se voc\u00ea herdou uma propriedade. Voc\u00ea tamb\u00e9m n\u00e3o precisa pagar IVA ou taxas alfandeg\u00e1rias sobre equipamentos importados para o seu neg\u00f3cio.<\/p>\n\n\n\n<p>Mauritius is a well-off country. Its exports of sugar have been of real value to the country. Moreover, many economists consider it to be one of the developed countries in Africa. As a result, Mauritius is an excellent country to <a href=\"https:\/\/www.sisinternational.com\/pt\/publicacoes\/exportacao-do-mercado-intermediario-do-japao\/\" title=\"Expandindo seus neg\u00f3cios no Jap\u00e3o\" data-wpil-monitor-id=\"10969\">grow your business<\/a>.<\/p>\n\n\n\n<h2 class=\"wp-block-heading\">Pesquisa de mercado nas Maur\u00edcias<\/h2>\n\n\n\n<p>Voc\u00ea \u00e9 propriet\u00e1rio de uma empresa interessado em investir nas Maur\u00edcias? Nosso site cont\u00e9m muitas informa\u00e7\u00f5es que podem beneficiar sua pesquisa. As Maur\u00edcias s\u00e3o um pa\u00eds bem desenvolvido que qualquer investidor em busca achar\u00e1 interessante. N\u00f3s juntamos <a href=\"https:\/\/www.sisinternational.com\/pt\/solucoes\/solucoes-de-pesquisa-quantitativa-qualitativa\/\">Dados qualitativos e quantitativos<\/a> e fazer <a href=\"https:\/\/www.sisinternational.com\/pt\/solucoes\/consultoria-estrategica\/\">Pesquisa de estrat\u00e9gia<\/a>. Esperamos que neste artigo voc\u00ea tenha todas as informa\u00e7\u00f5es necess\u00e1rias para tomar sua decis\u00e3o. Investir nas Maur\u00edcias \u00e9 uma excelente escolha que ir\u00e1 multiplicar o seu capital.<\/p>","protected":false},"excerpt":{"rendered":"<p>Pesquisa de mercado nas Maur\u00edcias. Nosso site cont\u00e9m muitas informa\u00e7\u00f5es que podem beneficiar sua pesquisa. Dados qualitativos e quantitativos.<\/p>","protected":false},"author":1,"featured_media":65298,"parent":14281,"menu_order":34,"comment_status":"closed","ping_status":"closed","template":"","meta":{"footnotes":""},"class_list":["post-37917","page","type-page","status-publish","has-post-thumbnail"],"_links":{"self":[{"href":"https:\/\/www.sisinternational.com\/pt\/wp-json\/wp\/v2\/pages\/37917","targetHints":{"allow":["GET"]}}],"collection":[{"href":"https:\/\/www.sisinternational.com\/pt\/wp-json\/wp\/v2\/pages"}],"about":[{"href":"https:\/\/www.sisinternational.com\/pt\/wp-json\/wp\/v2\/types\/page"}],"author":[{"embeddable":true,"href":"https:\/\/www.sisinternational.com\/pt\/wp-json\/wp\/v2\/users\/1"}],"replies":[{"embeddable":true,"href":"https:\/\/www.sisinternational.com\/pt\/wp-json\/wp\/v2\/comments?post=37917"}],"version-history":[{"count":3,"href":"https:\/\/www.sisinternational.com\/pt\/wp-json\/wp\/v2\/pages\/37917\/revisions"}],"predecessor-version":[{"id":81795,"href":"https:\/\/www.sisinternational.com\/pt\/wp-json\/wp\/v2\/pages\/37917\/revisions\/81795"}],"up":[{"embeddable":true,"href":"https:\/\/www.sisinternational.com\/pt\/wp-json\/wp\/v2\/pages\/14281"}],"wp:featuredmedia":[{"embeddable":true,"href":"https:\/\/www.sisinternational.com\/pt\/wp-json\/wp\/v2\/media\/65298"}],"wp:attachment":[{"href":"https:\/\/www.sisinternational.com\/pt\/wp-json\/wp\/v2\/media?parent=37917"}],"curies":[{"name":"wp","href":"https:\/\/api.w.org\/{rel}","templated":true}]}}