{"id":37915,"date":"2021-06-25T09:26:26","date_gmt":"2021-06-25T09:26:26","guid":{"rendered":"https:\/\/www.sisinternational.com\/?page_id=37915"},"modified":"2026-01-25T18:45:31","modified_gmt":"2026-01-25T23:45:31","slug":"pesquisa-de-mercado-em-marrocos-norte-da-africa","status":"publish","type":"page","link":"https:\/\/www.sisinternational.com\/pt\/cobertura\/pesquisa-de-mercado-africa\/pesquisa-de-mercado-em-marrocos-norte-da-africa\/","title":{"rendered":"Pesquisa de Mercado em Marrocos, Continente Noroeste Africano"},"content":{"rendered":"<h1 class=\"wp-block-heading\">Pesquisa de mercado em Marrocos, Norte da \u00c1frica<\/h1>\n\n\n\n<figure class=\"gb-block-image gb-block-image-d8651a8f\"><img loading=\"lazy\" decoding=\"async\" width=\"1456\" height=\"816\" class=\"gb-image gb-image-d8651a8f\" src=\"https:\/\/www.sisinternational.com\/wp-content\/uploads\/2025\/08\/Morocco-2.jpg\" alt=\"Pesquisa e Estrat\u00e9gia de Mercado Internacional da SIS\" title=\"Morocco (2)\" srcset=\"https:\/\/www.sisinternational.com\/wp-content\/uploads\/2025\/08\/Morocco-2.jpg 1456w, https:\/\/www.sisinternational.com\/wp-content\/uploads\/2025\/08\/Morocco-2-300x168.jpg 300w, https:\/\/www.sisinternational.com\/wp-content\/uploads\/2025\/08\/Morocco-2-1024x574.jpg 1024w, https:\/\/www.sisinternational.com\/wp-content\/uploads\/2025\/08\/Morocco-2-768x430.jpg 768w, https:\/\/www.sisinternational.com\/wp-content\/uploads\/2025\/08\/Morocco-2-18x10.jpg 18w\" sizes=\"auto, (max-width: 1456px) 100vw, 1456px\"><\/figure>\n\n\n\n<p><\/p>\n\n\n\n<p>O Reino de Marrocos \u00e9 um pa\u00eds do noroeste da \u00c1frica. O Mar Mediterr\u00e2neo fica ao norte e o Oceano Atl\u00e2ntico a oeste. Tamb\u00e9m faz fronteira com o Saara Ocidental e a Arg\u00e9lia. A religi\u00e3o principal \u00e9 o Isl\u00e3, e o povo de Marrocos fala berbere e \u00e1rabe. Al\u00e9m disso, Marrocos tem uma mistura vibrante de culturas europeias, \u00e1rabes e berberes. A capital \u00e9 Rabat e a maior cidade \u00e9 Casablanca.<\/p>\n\n\n\n<h2 class=\"wp-block-heading\">Market Research in Morocco:&nbsp;Key Industries<\/h2>\n\n\n\n<p>Marrocos geralmente tem uma economia de mercado livre regida pelas leis da procura e da oferta. Mas, desde 1993, o pa\u00eds come\u00e7ou a seguir uma estrat\u00e9gia de privatiza\u00e7\u00e3o. At\u00e9 agora, privatizou \u00e1reas espec\u00edficas da economia estatal.<\/p>\n\n\n\n<p>Marrocos \u00e9 um ator importante na economia africana e a quinta maior economia de \u00c1frica em termos de PIB (PPC). Outro ponto chave \u00e9 a sua classifica\u00e7\u00e3o no \u00cdndice de Qualidade de Vida da Unidade de Intelig\u00eancia Economista Marroquina. Segundo aquele \u00f3rg\u00e3o, foi o primeiro pa\u00eds africano a ultrapassar a \u00c1frica do Sul. Mas, desde ent\u00e3o, a posi\u00e7\u00e3o caiu para o quarto lugar.<\/p>\n\n\n\n<p>Mais de metade do PIB prov\u00e9m do sector dos servi\u00e7os. Conseq\u00fcentemente, as principais ind\u00fastrias s\u00e3o telecomunica\u00e7\u00f5es, t\u00eaxteis, turismo e tecnologia da informa\u00e7\u00e3o.<\/p>\n\n\n\n<p>A ind\u00fastria do turismo \u00e9 a principal \u00e1rea da economia marroquina e est\u00e1 bem desenvolvida. Em suma, o turismo marroquino concentra-se na hist\u00f3ria, na costa e na cultura do pa\u00eds.<\/p>\n\n\n\n<p>A agricultura marroquina emprega cerca de 40% da for\u00e7a de trabalho do pa\u00eds. Assim, \u00e9 o maior empregador do pa\u00eds. A t\u00edtulo de ilustra\u00e7\u00e3o, a cevada, o trigo e outras culturas podem ser cultivadas sem irriga\u00e7\u00e3o. Conseq\u00fcentemente, os agricultores marroquinos cultivam essas culturas nas regi\u00f5es mais chuvosas do noroeste. Eles tamb\u00e9m cultivam azeitonas, frutas c\u00edtricas e uvas para vinho nas vastas plan\u00edcies ao longo da costa atl\u00e2ntica. Na verdade, eles utilizam a \u00e1gua dos po\u00e7os artesianos para sustentar suas fazendas.<\/p>\n\n\n\n<h2 class=\"wp-block-heading\">Bairros<\/h2>\n\n\n\n<p>A capital de Marrocos \u00e9 Rabat, localizada ao longo do Oceano Atl\u00e2ntico e do Rio Bouregreg. Rabat \u00e9 famosa principalmente pelos monumentos que refletem a sua heran\u00e7a colonial francesa e isl\u00e2mica, como o Castelo Udayas. Este forte real da era berbere \u00e9 cercado por um jardim formal de design franc\u00eas com vista para o mar.<\/p>\n\n\n\n<p>A maior cidade de Marrocos, Casablanca, tamb\u00e9m \u00e9 conhecida pelo seu porto e centro comercial. Voc\u00ea pode ver a heran\u00e7a colonial francesa da cidade nos edif\u00edcios do centro de Mauresque, com sua mistura de estilo mourisco e Art D\u00e9co europeu na arquitetura do centro. Outro exemplo \u00e9 a enorme Mesquita Hassan II, que fica parcialmente sobre a \u00e1gua com um minarete com lasers apontados para Meca.<\/p>\n\n\n\n<h2 class=\"wp-block-heading\">Tend\u00eancias e base de consumidores<\/h2>\n\n\n\n<p>A economia marroquina entrou em recess\u00e3o em 2020 devido \u00e0 pandemia e ao choque agr\u00edcola. Mas o governo deu uma resposta r\u00e1pida no planeamento de uma recupera\u00e7\u00e3o constante.<\/p>\n\n\n\n<p>Os primeiros casos de Covid-19 em Marrocos surgiram no in\u00edcio de 2020. Desde ent\u00e3o, o comportamento do consumidor apresentou mudan\u00e7as surpreendentes. Esta situa\u00e7\u00e3o tamb\u00e9m reflecte o que aconteceu em algumas na\u00e7\u00f5es diferentes. Por exemplo, os supermercados come\u00e7aram a ver longas filas de clientes fren\u00e9ticos procurando comprar itens essenciais. Como resultado, essas empresas tiveram que reconsiderar os seus modelos de trabalho. Da mesma forma, levou-os ao com\u00e9rcio eletr\u00f3nico como uma escolha fundamental. Al\u00e9m disso, esta escolha ajudou a limitar o risco dos clientes em meio \u00e0 pandemia de Covid-19.<\/p>\n\n\n\n<h2 class=\"wp-block-heading\">Pontos fortes do mercado<\/h2>\n\n\n\n<ol class=\"wp-block-list\">\n<li>O mercado de capitais est\u00e1 bem desenvolvido.<\/li>\n<\/ol>\n\n\n\n<p>O governo marroquino tem um elevado d\u00e9fice fiscal. Mas um mercado de capitais regional algo desenvolvido reduziu estes d\u00e9fices.<\/p>\n\n\n\n<ol start=\"2\" class=\"wp-block-list\">\n<li>O rei \u00e9 um fator estabilizador da estabilidade pol\u00edtica.<\/li>\n<\/ol>\n\n\n\n<p>A monarquia \u00e9 muito querida em Marrocos, por isso \u00e9 mais f\u00e1cil resolver conflitos entre as partes.<\/p>\n\n\n\n<h2 class=\"wp-block-heading\">Raz\u00f5es para expandir o seu neg\u00f3cio em Marrocos<\/h2>\n\n\n\n<ol class=\"wp-block-list\">\n<li>Os investidores estrangeiros t\u00eam uma vantagem significativa porque os marroquinos falam v\u00e1rias l\u00ednguas.<\/li>\n\n\n\n<li>Marrocos tem o ambiente certo para o desenvolvimento empresarial.<\/li>\n\n\n\n<li>Marrocos continuou a olhar para o investimento como uma for\u00e7a motriz. Necessita de investimento para um crescimento sustent\u00e1vel. Assim, tem simplificado procedimentos e procurado melhorar as condi\u00e7\u00f5es dos investidores.<\/li>\n\n\n\n<li>Morocco is an exceptional <a href=\"https:\/\/www.sisinternational.com\/pt\/cobertura\/pesquisa-de-mercado-africa\/pesquisa-de-mercado-na-zambia-africa\/\" title=\"Pesquisa de mercado na Z\u00e2mbia, \u00c1frica\"  data-wpil-monitor-id=\"5128\">market in Africa<\/a>.<\/li>\n<\/ol>\n\n\n\n<h2 class=\"wp-block-heading\">Pesquisa de mercado em Marrocos, Norte da \u00c1frica<\/h2>\n\n\n\n<p>A pesquisa de mercado pode ser uma ferramenta \u00fatil para o sucesso do seu neg\u00f3cio. Pesquisar Marrocos pode permitir-lhe encontrar as oportunidades de investimento certas. Podemos fazer grupos focais, pesquisas e entrevistas para voc\u00ea. N\u00f3s tamb\u00e9m oferecemos <a href=\"https:\/\/www.sisinternational.com\/pt\/solucoes\/solucoes-de-pesquisa-quantitativa-qualitativa\/\">Qualitativo, Quantitativo<\/a>, e <a href=\"https:\/\/www.sisinternational.com\/pt\/solucoes\/consultoria-estrategica\/\">Pesquisa de estrat\u00e9gia<\/a> sobre o mercado marroquino. Essas descobertas permitir\u00e3o o sucesso do seu neg\u00f3cio.<\/p>\n\n\n\n<p>Estamos aqui para ajudar voc\u00ea e sua empresa a ter sucesso em Marrocos.<\/p>\n\n\n\n<p><\/p>","protected":false},"excerpt":{"rendered":"<p>Pesquisa de Mercado em Marrocos: A pesquisa pode permitir-lhe encontrar as oportunidades de investimento certas. Estamos aqui para ajudar seu neg\u00f3cio a ter sucesso.<\/p>","protected":false},"author":1,"featured_media":65303,"parent":14281,"menu_order":33,"comment_status":"closed","ping_status":"closed","template":"","meta":{"footnotes":""},"class_list":["post-37915","page","type-page","status-publish","has-post-thumbnail"],"_links":{"self":[{"href":"https:\/\/www.sisinternational.com\/pt\/wp-json\/wp\/v2\/pages\/37915","targetHints":{"allow":["GET"]}}],"collection":[{"href":"https:\/\/www.sisinternational.com\/pt\/wp-json\/wp\/v2\/pages"}],"about":[{"href":"https:\/\/www.sisinternational.com\/pt\/wp-json\/wp\/v2\/types\/page"}],"author":[{"embeddable":true,"href":"https:\/\/www.sisinternational.com\/pt\/wp-json\/wp\/v2\/users\/1"}],"replies":[{"embeddable":true,"href":"https:\/\/www.sisinternational.com\/pt\/wp-json\/wp\/v2\/comments?post=37915"}],"version-history":[{"count":6,"href":"https:\/\/www.sisinternational.com\/pt\/wp-json\/wp\/v2\/pages\/37915\/revisions"}],"predecessor-version":[{"id":79003,"href":"https:\/\/www.sisinternational.com\/pt\/wp-json\/wp\/v2\/pages\/37915\/revisions\/79003"}],"up":[{"embeddable":true,"href":"https:\/\/www.sisinternational.com\/pt\/wp-json\/wp\/v2\/pages\/14281"}],"wp:featuredmedia":[{"embeddable":true,"href":"https:\/\/www.sisinternational.com\/pt\/wp-json\/wp\/v2\/media\/65303"}],"wp:attachment":[{"href":"https:\/\/www.sisinternational.com\/pt\/wp-json\/wp\/v2\/media?parent=37915"}],"curies":[{"name":"wp","href":"https:\/\/api.w.org\/{rel}","templated":true}]}}