{"id":37913,"date":"2021-06-25T09:17:44","date_gmt":"2021-06-25T09:17:44","guid":{"rendered":"https:\/\/www.sisinternational.com\/?page_id=37913"},"modified":"2025-09-14T17:24:47","modified_gmt":"2025-09-14T21:24:47","slug":"pesquisa-de-mercado-no-niger-africa","status":"publish","type":"page","link":"https:\/\/www.sisinternational.com\/pt\/cobertura\/pesquisa-de-mercado-africa\/pesquisa-de-mercado-no-niger-africa\/","title":{"rendered":"Pesquisa de mercado no N\u00edger, \u00c1frica"},"content":{"rendered":"<h1 class=\"wp-block-heading\">Pesquisa de mercado no N\u00edger<\/h1>\n\n\n\n<figure class=\"gb-block-image gb-block-image-67074810\"><img loading=\"lazy\" decoding=\"async\" width=\"1456\" height=\"816\" class=\"gb-image gb-image-67074810\" src=\"https:\/\/www.sisinternational.com\/wp-content\/uploads\/2025\/08\/Niger-1.jpg\" alt=\"Pesquisa e Estrat\u00e9gia de Mercado Internacional da SIS\" title=\"Niger (1)\" srcset=\"https:\/\/www.sisinternational.com\/wp-content\/uploads\/2025\/08\/Niger-1.jpg 1456w, https:\/\/www.sisinternational.com\/wp-content\/uploads\/2025\/08\/Niger-1-300x168.jpg 300w, https:\/\/www.sisinternational.com\/wp-content\/uploads\/2025\/08\/Niger-1-1024x574.jpg 1024w, https:\/\/www.sisinternational.com\/wp-content\/uploads\/2025\/08\/Niger-1-768x430.jpg 768w, https:\/\/www.sisinternational.com\/wp-content\/uploads\/2025\/08\/Niger-1-18x10.jpg 18w\" sizes=\"auto, (max-width: 1456px) 100vw, 1456px\"><\/figure>\n\n\n\n<p><\/p>\n\n\n\n<p><a href=\"https:\/\/oec.world\/en\/profile\/country\/ner\" target=\"_blank\" rel=\"noopener\">Niger (official name: the Republic of Niger)<\/a> \u00e9 um pa\u00eds da \u00c1frica Ocidental sem litoral. Na verdade, leva o nome do rio N\u00edger, que atravessa seu territ\u00f3rio sudoeste. Sua capital \u00e9 Niamey. A Arg\u00e9lia est\u00e1 na sua fronteira noroeste, a L\u00edbia a nordeste, o Chade a leste, a Nig\u00e9ria e o Benim a sul, e o Burkina Faso e o Mali est\u00e3o na fronteira oeste.<\/p>\n\n\n\n<p>A l\u00edngua oficial \u00e9 o franc\u00eas. Al\u00e9m disso, a l\u00edngua mais comum usada \u00e9 o Hausa, seguido por Songhai, Fula, Tamashek e Kanuri. As pessoas tamb\u00e9m falam \u00e1rabe e Teda.<\/p>\n\n\n\n<p>A maioria afirma que o Isl\u00e3o sunita \u00e9 a sua religi\u00e3o. O Cristianismo continua a ser uma religi\u00e3o das cidades, particularmente de Niamey. Da mesma forma, algumas zonas rurais continuam a abra\u00e7ar as religi\u00f5es animistas tradicionais dos negros africanos.<\/p>\n\n\n\n<p>As chuvas determinam a capacidade do N\u00edger de permanecer autossuficiente em alimentos e gado. Al\u00e9m disso, o pa\u00eds sofre com secas, o que aumenta a necessidade de importar e receber ajuda alimentar. Ainda assim, o governo investiu em projectos de irriga\u00e7\u00e3o e num \u201cprograma de cultivo fora de \u00e9poca\u201d. Este programa consiste na produ\u00e7\u00e3o em pequena escala e opera\u00e7\u00f5es de irriga\u00e7\u00e3o para contornar as secas.<\/p>\n\n\n\n<p>Os tr\u00eas objetivos principais do N\u00edger s\u00e3o:<\/p>\n\n\n\n<ul class=\"wp-block-list\">\n<li>A manuten\u00e7\u00e3o da unidade nacional.<\/li>\n\n\n\n<li>A eleva\u00e7\u00e3o do padr\u00e3o de vida.<\/li>\n\n\n\n<li>Independ\u00eancia econ\u00f3mica.<\/li>\n<\/ul>\n\n\n\n<h2 class=\"wp-block-heading\">Principais ind\u00fastrias no N\u00edger<\/h2>\n\n\n\n<p>A agricultura, a minera\u00e7\u00e3o e a exporta\u00e7\u00e3o s\u00e3o cr\u00edticas no N\u00edger.<\/p>\n\n\n\n<p>A agricultura e os produtos agr\u00edcolas constituem o maior setor da economia do N\u00edger, empregando o maior n\u00famero de pessoas e constituindo a maior percentagem do PIB. As principais culturas incluem milho, sorgo e mandioca, juntamente com cana-de-a\u00e7\u00facar e arroz, todos cultivados no vale do rio N\u00edger.<\/p>\n\n\n\n<p>O gado e o peixe tamb\u00e9m s\u00e3o exporta\u00e7\u00f5es significativas, e os criadores de animais criam gado, ovelhas e cabras para obter carne, leite e peles. Al\u00e9m disso, os artes\u00e3os usam peles de avestruzes, crocodilos e cobras para fazer artesanato. O principal mercado para este artesanato \u00e9 a Europa.<\/p>\n\n\n\n<p>O N\u00edger est\u00e1 entre os principais produtores mundiais de ur\u00e2nio. A maioria dos dep\u00f3sitos de ur\u00e2nio est\u00e1 no centro do N\u00edger e a produ\u00e7\u00e3o varia de acordo com as demandas do mercado.<\/p>\n\n\n\n<p>Os investidores estabeleceram diversas ind\u00fastrias transformadoras, a maioria das quais em Niamey. Essas ind\u00fastrias produzem produtos qu\u00edmicos, produtos aliment\u00edcios, t\u00eaxteis, equipamentos agr\u00edcolas e m\u00f3veis met\u00e1licos. A refinaria de petr\u00f3leo fica em outra cidade, Zinder.<\/p>\n\n\n\n<p>O sector privado consiste parcialmente em muitas pequenas empresas. Tamb\u00e9m \u00e9 composto por empresas pertencentes a grandes empresas francesas ou internacionais.<\/p>\n\n\n\n<h2 class=\"wp-block-heading\">Bairros<\/h2>\n\n\n\n<p>O N\u00edger tem quatro cidades principais: Niamey, Zinder, Maradi, Tahoua. Niamey, a capital do N\u00edger, fica ao longo do rio N\u00edger, no canto sudoeste da rep\u00fablica. Os povos ind\u00edgenas fundaram Niamey como uma aldeia agr\u00edcola. Tornou-se capital em 1926 e cresceu ap\u00f3s a Segunda Guerra Mundial.<\/p>\n\n\n\n<p>Niamey tem um car\u00e1cter cosmopolita, variando entre a est\u00e9tica rural europeia e africana. Existe um aeroporto internacional. As estradas tamb\u00e9m ligam Niamey aos portos atl\u00e2nticos no Benim e na Nig\u00e9ria.<\/p>\n\n\n\n<p>Hoje, comerciantes, comerciantes, funcion\u00e1rios e artes\u00e3os ocupam Niamey. Eles v\u00eam do N\u00edger, bem como da Nig\u00e9ria, Benin e Togo. A maioria das pessoas em Niamey trabalha no sector dos servi\u00e7os.<\/p>\n\n\n\n<p>Cerca de um quinto da popula\u00e7\u00e3o vive nas cidades, mas grande parte da popula\u00e7\u00e3o rural \u00e9 n\u00f3mada. O N\u00edger tem cerca de 10.000 aldeias, das quais quase metade tem apenas algumas centenas de habitantes. N\u00e3o h\u00e1 aldeias na zona deserta.<\/p>\n\n\n\n<h2 class=\"wp-block-heading\">Tend\u00eancias no N\u00edger<\/h2>\n\n\n\n<p>O n\u00famero de utilizadores da Internet no N\u00edger aumentou em 2021.<\/p>\n\n\n\n<p>O crescimento econ\u00f3mico caiu devido \u00e0 pandemia de COVID-19. O N\u00edger tamb\u00e9m sofreu violentos ataques terroristas nos \u00faltimos anos. Mas os economistas projectam uma reviravolta econ\u00f3mica. A fronteira com a Nig\u00e9ria foi reaberta e foram retomados projetos de investimento significativos. As cadeias de abastecimento tamb\u00e9m voltaram ao normal.<\/p>\n\n\n\n<h2 class=\"wp-block-heading\">Benef\u00edcios e pontos fortes do mercado<\/h2>\n\n\n\n<p>Sendo um pa\u00eds em desenvolvimento com muitos recursos brutos, o N\u00edger tem potencial de investimento. Possui imensas \u00e1reas de terra pr\u00f3prias para o agroneg\u00f3cio intensivo. Estas terras tamb\u00e9m s\u00e3o ideais para neg\u00f3cios pastoris.<\/p>\n\n\n\n<p>O N\u00edger \u00e9 um dos principais produtores de ur\u00e2nio. Seu solo \u00e9 rico em dep\u00f3sitos minerais como ur\u00e2nio, petr\u00f3leo e g\u00e1s, ouro, ferro e fosfatos. Tamb\u00e9m fornece carv\u00e3o, calc\u00e1rio, gesso e cassiterita.<\/p>\n\n\n\n<p>O N\u00edger tem muitos parceiros comerciais. Os principais incluem Nig\u00e9ria, Fran\u00e7a e China.<\/p>\n\n\n\n<h2 class=\"wp-block-heading\">Base de consumidores no N\u00edger<\/h2>\n\n\n\n<p>O N\u00edger tem uma baixa taxa de alfabetiza\u00e7\u00e3o de adultos: uma das mais baixas da \u00c1frica Ocidental. Diferentes ag\u00eancias t\u00eam conduzido programas de alfabetiza\u00e7\u00e3o nas cinco principais l\u00ednguas africanas.<\/p>\n\n\n\n<p>A educa\u00e7\u00e3o no N\u00edger \u00e9 gratuita, mas apenas uma pequena propor\u00e7\u00e3o de crian\u00e7as frequenta a escola.<\/p>\n\n\n\n<p>O N\u00edger tem elevadas taxas de natalidade e de crescimento populacional: entre as mais altas do mundo. A taxa de mortalidade do pa\u00eds est\u00e1 entre as mais altas de \u00c1frica. A expectativa de vida \u00e9 de cerca de 58 anos para os homens e 61 anos para as mulheres. A popula\u00e7\u00e3o do N\u00edger, em geral, \u00e9 jovem. Quase metade das pessoas tem menos de 15 anos e cerca de um quarto tem entre 15 e 29 anos.<\/p>\n\n\n\n<h2 class=\"wp-block-heading\">Por que expandir seus neg\u00f3cios no mercado nigeriano?<\/h2>\n\n\n\n<p>Explorar o potencial bruto do pa\u00eds pode ser frut\u00edfero. Uma forma \u00e9 investir na expans\u00e3o e no desenvolvimento das ind\u00fastrias do N\u00edger.<\/p>\n\n\n\n<p>O N\u00edger promove rela\u00e7\u00f5es econ\u00f3micas entre os pa\u00edses africanos. Al\u00e9m de ser membro da Uni\u00e3o Africana, o N\u00edger tamb\u00e9m \u00e9 membro de grupos regionais que contribuem para o seu desenvolvimento. Eles incluem o Conseil de L&#039;Enfant e a Comunidade Econ\u00f3mica dos Estados da \u00c1frica Ocidental. O N\u00edger tamb\u00e9m \u00e9 afiliado \u00e0 \u00c1rea de Livre Com\u00e9rcio Continental Africana. Este \u00faltimo grupo auxilia no desenvolvimento do pa\u00eds, da infraestrutura e da economia.<\/p>\n\n\n\n<h2 class=\"wp-block-heading\">Sobre pesquisa de mercado no N\u00edger<\/h2>\n\n\n\n<p>Pesquisas para abordar uma ampla gama de nigerianos podem ajudar a manter o controle sobre as tend\u00eancias e os produtos b\u00e1sicos atuais. Grupos focais e estudos de mercado bem posicionados podem ajudar a determinar a melhor forma de investir no N\u00edger.<\/p>\n\n\n\n<p><a href=\"https:\/\/www.sisinternational.com\/pt\/o-que-e-pesquisa-qualitativa\/\" target=\"_blank\" rel=\"noopener\">Qualitativo<\/a>, <a href=\"https:\/\/www.sisinternational.com\/pt\/o-que-e-pesquisa-quantitativa\/\" target=\"_blank\" rel=\"noopener\">Quantitativo<\/a>, e <a href=\"https:\/\/www.sisinternational.com\/pt\/solucoes\/consultoria-estrategica\/como-a-pesquisa-estrategica-pode-impulsionar-seu-desempenho\/\" target=\"_blank\" rel=\"noopener\">Pesquisa de estrat\u00e9gia<\/a> tamb\u00e9m \u00e9 essencial. Ajuda potenciais investidores a decidir sobre infraestruturas e sistemas melhores e mais eficientes. Tamb\u00e9m lhes mostra quais produtos s\u00e3o mais adequados para o N\u00edger, permitindo maiores retornos.<\/p>\n\n\n\n<p><\/p>","protected":false},"excerpt":{"rendered":"<p>O N\u00edger \u00e9 um dos principais produtores de ur\u00e2nio. Seu solo \u00e9 rico em dep\u00f3sitos minerais como ur\u00e2nio, petr\u00f3leo e g\u00e1s, ouro, ferro e fosfatos. <\/p>","protected":false},"author":1,"featured_media":65321,"parent":14281,"menu_order":32,"comment_status":"closed","ping_status":"closed","template":"","meta":{"footnotes":""},"class_list":["post-37913","page","type-page","status-publish","has-post-thumbnail"],"_links":{"self":[{"href":"https:\/\/www.sisinternational.com\/pt\/wp-json\/wp\/v2\/pages\/37913","targetHints":{"allow":["GET"]}}],"collection":[{"href":"https:\/\/www.sisinternational.com\/pt\/wp-json\/wp\/v2\/pages"}],"about":[{"href":"https:\/\/www.sisinternational.com\/pt\/wp-json\/wp\/v2\/types\/page"}],"author":[{"embeddable":true,"href":"https:\/\/www.sisinternational.com\/pt\/wp-json\/wp\/v2\/users\/1"}],"replies":[{"embeddable":true,"href":"https:\/\/www.sisinternational.com\/pt\/wp-json\/wp\/v2\/comments?post=37913"}],"version-history":[{"count":2,"href":"https:\/\/www.sisinternational.com\/pt\/wp-json\/wp\/v2\/pages\/37913\/revisions"}],"predecessor-version":[{"id":68546,"href":"https:\/\/www.sisinternational.com\/pt\/wp-json\/wp\/v2\/pages\/37913\/revisions\/68546"}],"up":[{"embeddable":true,"href":"https:\/\/www.sisinternational.com\/pt\/wp-json\/wp\/v2\/pages\/14281"}],"wp:featuredmedia":[{"embeddable":true,"href":"https:\/\/www.sisinternational.com\/pt\/wp-json\/wp\/v2\/media\/65321"}],"wp:attachment":[{"href":"https:\/\/www.sisinternational.com\/pt\/wp-json\/wp\/v2\/media?parent=37913"}],"curies":[{"name":"wp","href":"https:\/\/api.w.org\/{rel}","templated":true}]}}