{"id":37911,"date":"2021-06-25T08:50:15","date_gmt":"2021-06-25T08:50:15","guid":{"rendered":"https:\/\/www.sisinternational.com\/?page_id=37911"},"modified":"2025-09-14T17:30:59","modified_gmt":"2025-09-14T21:30:59","slug":"pesquisa-de-mercado-em-ruanda-africa","status":"publish","type":"page","link":"https:\/\/www.sisinternational.com\/pt\/cobertura\/pesquisa-de-mercado-africa\/pesquisa-de-mercado-em-ruanda-africa\/","title":{"rendered":"Pesquisa de mercado em Ruanda, \u00c1frica"},"content":{"rendered":"<h1 class=\"wp-block-heading\">Pesquisa de mercado em Ruanda<\/h1>\n\n\n\n<figure class=\"gb-block-image gb-block-image-0ad5b177\"><img loading=\"lazy\" decoding=\"async\" width=\"1456\" height=\"816\" class=\"gb-image gb-image-0ad5b177\" src=\"https:\/\/www.sisinternational.com\/wp-content\/uploads\/2025\/08\/Rwanda-1.jpg\" alt=\"Pesquisa e Estrat\u00e9gia de Mercado Internacional da SIS\" title=\"Rwanda, (1)\" srcset=\"https:\/\/www.sisinternational.com\/wp-content\/uploads\/2025\/08\/Rwanda-1.jpg 1456w, https:\/\/www.sisinternational.com\/wp-content\/uploads\/2025\/08\/Rwanda-1-300x168.jpg 300w, https:\/\/www.sisinternational.com\/wp-content\/uploads\/2025\/08\/Rwanda-1-1024x574.jpg 1024w, https:\/\/www.sisinternational.com\/wp-content\/uploads\/2025\/08\/Rwanda-1-768x430.jpg 768w, https:\/\/www.sisinternational.com\/wp-content\/uploads\/2025\/08\/Rwanda-1-18x10.jpg 18w\" sizes=\"auto, (max-width: 1456px) 100vw, 1456px\"><\/figure>\n\n\n\n<p><\/p>\n\n\n\n<h2 class=\"wp-block-heading\">Bairros<\/h2>\n\n\n\n<p><a href=\"https:\/\/oec.world\/en\/profile\/country\/rwa\" target=\"_blank\" rel=\"noopener\">Ruanda \u00e9 um pequeno pa\u00eds sem litoral<\/a> ao longo do Grande Vale do Rift da \u00c1frica Central. Abrange pouco mais de dez mil milhas quadradas e tem uma popula\u00e7\u00e3o de 12 milh\u00f5es de pessoas.<\/p>\n\n\n\n<p>Os pa\u00edses vizinhos de Ruanda incluem a Rep\u00fablica Unida da Tanz\u00e2nia, Burundi, Uganda e a Rep\u00fablica Democr\u00e1tica do Congo. Dado que estes vizinhos rodeiam o Ruanda, um dos seus desafios \u00e9 a falta de acesso e entrada no Oceano \u00cdndico. A press\u00e3o demogr\u00e1fica \u00e9 tamb\u00e9m um desafio significativo enfrentado pelo Ruanda.<\/p>\n\n\n\n<p>Em 1994, a tribo Hutu entrou em f\u00faria e massacrou cerca de um milh\u00e3o de Tutsis. Apesar deste genoc\u00eddio, o Ruanda tem assistido a uma not\u00e1vel transforma\u00e7\u00e3o econ\u00f3mica nos \u00faltimos anos. Est\u00e1 actualmente entre as economias baseadas no conhecimento mais bem sucedidas do continente. Na verdade, alguns descreveram as suas realiza\u00e7\u00f5es como nada menos que um milagre.<\/p>\n\n\n\n<h2 class=\"wp-block-heading\">Tend\u00eancias<\/h2>\n\n\n\n<p>Ruanda tem problemas de superpopula\u00e7\u00e3o e uma densidade populacional muito elevada: uma das mais altas de \u00c1frica. Al\u00e9m disso, a m\u00e9dia \u00e9 de mil pessoas por quil\u00f3metro quadrado e os seus recursos mal s\u00e3o suficientes para todos. Consequentemente, os recursos agr\u00edcolas t\u00eam sido sufocantes h\u00e1 muitos anos.<\/p>\n\n\n\n<p>Ruanda consiste em 97% de terra e 3% de \u00e1gua. Existem poucas praias em Ruanda, a maioria das quais, em compara\u00e7\u00e3o com outros pa\u00edses africanos, n\u00e3o s\u00e3o muito bonitas.<\/p>\n\n\n\n<p>O mercado ruand\u00eas \u00e9 o de um pa\u00eds econ\u00f3mico em desenvolvimento, que os especialistas chamam de pa\u00eds do terceiro mundo com indicadores de primeiro mundo. Eles esperam que o Ruanda experimente em breve um crescimento econ\u00f3mico extremo.<\/p>\n\n\n\n<p>Com investidores de esp\u00edrito aberto, o Ruanda pode estar a caminho de se tornar um pa\u00eds de classe alta. Al\u00e9m do mais, Ruanda compete com algumas das na\u00e7\u00f5es mais desenvolvidas do mundo na facilidade de fazer neg\u00f3cios. Eles tamb\u00e9m t\u00eam uma pontua\u00e7\u00e3o baixa no \u00cdndice de Corrup\u00e7\u00e3o.<\/p>\n\n\n\n<h2 class=\"wp-block-heading\">Principais ind\u00fastrias<\/h2>\n\n\n\n<p>As principais ind\u00fastrias de Ruanda incluem agricultura, hospitalidade e com\u00e9rcio. Al\u00e9m disso, existem diversas oportunidades de neg\u00f3cios nos diferentes setores de Ruanda.<\/p>\n\n\n\n<p>Os produtos de exporta\u00e7\u00e3o de Ruanda s\u00e3o caf\u00e9, cassiterita e estanho. Recentemente, assistiu-se a um aumento significativo na exporta\u00e7\u00e3o de diamantes.<\/p>\n\n\n\n<p>Seus principais parceiros de exporta\u00e7\u00e3o s\u00e3o:<\/p>\n\n\n\n<ul class=\"wp-block-list\">\n<li>Alemanha<\/li>\n\n\n\n<li>Qu\u00eania<\/li>\n\n\n\n<li>B\u00e9lgica<\/li>\n\n\n\n<li>Brasil<\/li>\n\n\n\n<li>Paquist\u00e3o<\/li>\n<\/ul>\n\n\n\n<h2 class=\"wp-block-heading\">Base de Consumidores<\/h2>\n\n\n\n<p>As principais importa\u00e7\u00f5es de Ruanda s\u00e3o a\u00e7\u00facar bruto, petr\u00f3leo refinado e ouro. Claro, \u00e9 importante lembrar que Ruanda \u00e9 um pa\u00eds em desenvolvimento e os nacionais n\u00e3o vivem muito. Ainda assim, as actuais taxas de crescimento econ\u00f3mico do pa\u00eds mostram-se muito promissoras. Na verdade, os especialistas esperam que este crescimento traga mais oportunidades de emprego. Deveria tamb\u00e9m diminuir o r\u00e1cio de pobreza.<\/p>\n\n\n\n<p>A maioria das pessoas em Ruanda pode n\u00e3o ter condi\u00e7\u00f5es de pagar pelos seus produtos e servi\u00e7os. Mas, a longo prazo, as suas perspectivas econ\u00f3micas ir\u00e3o melhorar e teremos um mercado mais robusto. \u00c9 claro que esta proje\u00e7\u00e3o depende de alguns fatores. Por exemplo, dependem da procura de bens e servi\u00e7os espec\u00edficos.<\/p>\n\n\n\n<h2 class=\"wp-block-heading\">Raz\u00f5es para expandir seus neg\u00f3cios em Ruanda<\/h2>\n\n\n\n<p>Ruanda \u00e9 hoje um pa\u00eds est\u00e1vel. Da mesma forma, \u00e9 um pa\u00eds de paz e de muito pouca viol\u00eancia em compara\u00e7\u00e3o com outros pa\u00edses de \u00c1frica. Sem mencionar que os ruandeses s\u00e3o pessoas am\u00e1veis e tendem a ajudar os necessitados.<\/p>\n\n\n\n<p>Ruanda teve um crescimento econ\u00f3mico sustentado nos \u00faltimos tempos. Esse crescimento \u00e9 outro motivo pelo qual voc\u00ea deve considerar abrir seu neg\u00f3cio l\u00e1. Agora tem uma economia em r\u00e1pido crescimento com um grande PIB. \u00c9 uma oportunidade de investimento perfeita que definitivamente vale a pena considerar.<\/p>\n\n\n\n<p>Com a COVID-19 a ser uma amea\u00e7a para a humanidade, o Ruanda conseguiu controlar bastante os protocolos. O Minist\u00e9rio da Sa\u00fade estabeleceu regras e regulamentos para prevenir a propaga\u00e7\u00e3o do v\u00edrus. Esta ac\u00e7\u00e3o resultou num baixo n\u00famero de infec\u00e7\u00f5es, tornando-o num dos melhores pa\u00edses para investir, apesar da pandemia.<\/p>\n\n\n\n<h2 class=\"wp-block-heading\">Sobre pesquisa de mercado em Ruanda<\/h2>\n\n\n\n<p>Voc\u00ea deseja expandir seus neg\u00f3cios em Ruanda? Voc\u00ea est\u00e1 interessado em sua recente taxa \u00e9pica de crescimento econ\u00f4mico? Estamos aqui para lhe fornecer as melhores informa\u00e7\u00f5es necess\u00e1rias. Assim, voc\u00ea pode estar cem por cento consciente e seguro de sua decis\u00e3o. N\u00f3s fazemos <a href=\"https:\/\/www.sisinternational.com\/pt\/o-que-e-pesquisa-qualitativa\/\" target=\"_blank\" rel=\"noopener\">Qualitativo<\/a>, <a href=\"https:\/\/www.sisinternational.com\/pt\/o-que-e-pesquisa-quantitativa\/\" target=\"_blank\" rel=\"noopener\">Quantitativo<\/a>, e <a href=\"https:\/\/www.sisinternational.com\/pt\/solucoes\/consultoria-estrategica\/como-a-pesquisa-estrategica-pode-impulsionar-seu-desempenho\/\" target=\"_blank\" rel=\"noopener\">Pesquisa de estrat\u00e9gia<\/a> usando uma s\u00e9rie de fontes confi\u00e1veis.<\/p>\n\n\n\n<p>Esperamos que este artigo tenha respondido \u00e0s suas perguntas sobre como investir em Ruanda.<\/p>\n\n\n\n<p><\/p>","protected":false},"excerpt":{"rendered":"<p>As principais importa\u00e7\u00f5es de Ruanda s\u00e3o a\u00e7\u00facar bruto, petr\u00f3leo refinado e ouro. As principais ind\u00fastrias de Ruanda incluem agricultura, hospitalidade e com\u00e9rcio.<\/p>","protected":false},"author":1,"featured_media":65349,"parent":14281,"menu_order":31,"comment_status":"closed","ping_status":"closed","template":"","meta":{"footnotes":""},"class_list":["post-37911","page","type-page","status-publish","has-post-thumbnail"],"_links":{"self":[{"href":"https:\/\/www.sisinternational.com\/pt\/wp-json\/wp\/v2\/pages\/37911","targetHints":{"allow":["GET"]}}],"collection":[{"href":"https:\/\/www.sisinternational.com\/pt\/wp-json\/wp\/v2\/pages"}],"about":[{"href":"https:\/\/www.sisinternational.com\/pt\/wp-json\/wp\/v2\/types\/page"}],"author":[{"embeddable":true,"href":"https:\/\/www.sisinternational.com\/pt\/wp-json\/wp\/v2\/users\/1"}],"replies":[{"embeddable":true,"href":"https:\/\/www.sisinternational.com\/pt\/wp-json\/wp\/v2\/comments?post=37911"}],"version-history":[{"count":2,"href":"https:\/\/www.sisinternational.com\/pt\/wp-json\/wp\/v2\/pages\/37911\/revisions"}],"predecessor-version":[{"id":68551,"href":"https:\/\/www.sisinternational.com\/pt\/wp-json\/wp\/v2\/pages\/37911\/revisions\/68551"}],"up":[{"embeddable":true,"href":"https:\/\/www.sisinternational.com\/pt\/wp-json\/wp\/v2\/pages\/14281"}],"wp:featuredmedia":[{"embeddable":true,"href":"https:\/\/www.sisinternational.com\/pt\/wp-json\/wp\/v2\/media\/65349"}],"wp:attachment":[{"href":"https:\/\/www.sisinternational.com\/pt\/wp-json\/wp\/v2\/media?parent=37911"}],"curies":[{"name":"wp","href":"https:\/\/api.w.org\/{rel}","templated":true}]}}