{"id":37909,"date":"2021-06-25T08:13:35","date_gmt":"2021-06-25T08:13:35","guid":{"rendered":"https:\/\/www.sisinternational.com\/?page_id=37909"},"modified":"2025-09-14T17:29:21","modified_gmt":"2025-09-14T21:29:21","slug":"pesquisa-de-mercado-no-senegal-africa","status":"publish","type":"page","link":"https:\/\/www.sisinternational.com\/pt\/cobertura\/pesquisa-de-mercado-africa\/pesquisa-de-mercado-no-senegal-africa\/","title":{"rendered":"Pesquisa de mercado no Senegal, \u00c1frica"},"content":{"rendered":"<h1 class=\"wp-block-heading\">Pesquisa de mercado no Senegal<\/h1>\n\n\n\n<figure class=\"gb-block-image gb-block-image-c0d25b66\"><img loading=\"lazy\" decoding=\"async\" width=\"1456\" height=\"816\" class=\"gb-image gb-image-c0d25b66\" src=\"https:\/\/www.sisinternational.com\/wp-content\/uploads\/2025\/08\/Senegal-3.jpg\" alt=\"Pesquisa e Estrat\u00e9gia de Mercado Internacional da SIS\" title=\"Senegal, (3)\" srcset=\"https:\/\/www.sisinternational.com\/wp-content\/uploads\/2025\/08\/Senegal-3.jpg 1456w, https:\/\/www.sisinternational.com\/wp-content\/uploads\/2025\/08\/Senegal-3-300x168.jpg 300w, https:\/\/www.sisinternational.com\/wp-content\/uploads\/2025\/08\/Senegal-3-1024x574.jpg 1024w, https:\/\/www.sisinternational.com\/wp-content\/uploads\/2025\/08\/Senegal-3-768x430.jpg 768w, https:\/\/www.sisinternational.com\/wp-content\/uploads\/2025\/08\/Senegal-3-18x10.jpg 18w\" sizes=\"auto, (max-width: 1456px) 100vw, 1456px\"><\/figure>\n\n\n\n<p><\/p>\n\n\n\n<p>A G\u00e2mbia rodeia parcialmente o <a href=\"https:\/\/oec.world\/en\/profile\/country\/sen\" target=\"_blank\" rel=\"noopener\">Rep\u00fablica Oeste Africana do Senegal<\/a> no norte, sul e oeste. A Guin\u00e9 e a Guin\u00e9-Bissau ficam ao sul do Senegal e o Mali fica na fronteira leste. A l\u00edngua oficial do Senegal \u00e9 o franc\u00eas.<\/p>\n\n\n\n<h2 class=\"wp-block-heading\">Principais ind\u00fastrias<\/h2>\n\n\n\n<p>As principais ind\u00fastrias do Senegal incluem agricultura, manufatura, alimentos e bebidas, t\u00eaxteis, constru\u00e7\u00e3o e materiais. Outras ind\u00fastrias importantes incluem os campos qu\u00edmico, energ\u00e9tico, mineiro e de hidrocarbonetos.<\/p>\n\n\n\n<p>O setor agr\u00edcola \u00e9 a ind\u00fastria mais importante. Al\u00e9m de ser fundamental para a sobreviv\u00eancia de grande parte da popula\u00e7\u00e3o, \u00e9 tamb\u00e9m respons\u00e1vel pela maior parte do capital estrangeiro do Senegal. Tamb\u00e9m contribui para uma grande parte do PIB e emprega cerca de um ter\u00e7o da for\u00e7a de trabalho.<\/p>\n\n\n\n<p>O setor industrial tamb\u00e9m contribui fortemente para o PIB e emprega grande parte da for\u00e7a de trabalho. Envolve o processamento de produtos agr\u00edcolas, por exemplo, \u00f3leo de amendoim e embalagens de frutos do mar.<\/p>\n\n\n\n<p>O sector dos servi\u00e7os, incluindo as crescentes ind\u00fastrias das telecomunica\u00e7\u00f5es e do turismo, tamb\u00e9m \u00e9 crucial.<\/p>\n\n\n\n<h2 class=\"wp-block-heading\">Bairros no Senegal<\/h2>\n\n\n\n<h3 class=\"wp-block-heading\">Dacar<\/h3>\n\n\n\n<p>A capital e principal cidade do Senegal \u00e9 Dakar (tanto em popula\u00e7\u00e3o como em \u00e1rea total). Dakar \u00e9 um ponto de partida estrat\u00e9gico para o com\u00e9rcio europeu. Oferece atra\u00e7\u00f5es como mesquitas, mercados, o museu IFAN e a Ilha Goree.<\/p>\n\n\n\n<h3 class=\"wp-block-heading\">Touba<\/h3>\n\n\n\n<p>Touba fica no centro do Senegal e, atualmente, \u00e9 a segunda maior cidade em popula\u00e7\u00e3o. Os mu\u00e7ulmanos em Touba fazem uma peregrina\u00e7\u00e3o anual conhecida como Grand Magai, com milh\u00f5es de participantes locais e estrangeiros todos os anos.<\/p>\n\n\n\n<h3 class=\"wp-block-heading\">Rufisque<\/h3>\n\n\n\n<p>Rufisque \u00e9 uma cidade e pequeno porto a leste de Dakar, um centro de transporte frequentado nas ferrovias Dakar-N\u00edger e Dakar-Saint-Louis. Possui uma ind\u00fastria leve, com f\u00e1bricas de petr\u00f3leo, cal e cimento. Al\u00e9m disso, a cidade possui muitos mercados e uma vila artesanal com belas praias.<\/p>\n\n\n\n<h2 class=\"wp-block-heading\">Tend\u00eancias<\/h2>\n\n\n\n<p>Embora o Senegal seja uma economia em crescimento, a recente pandemia afetou a sua sobreviv\u00eancia. Houve uma diminui\u00e7\u00e3o no setor de turismo e servi\u00e7os da economia por conta do COVID-19. O Senegal espera que a economia recupere mais cedo ou mais tarde atrav\u00e9s do consumo privado e do investimento.<\/p>\n\n\n\n<p>O Governo senegal\u00eas planeia eventualmente utilizar o potencial agr\u00edcola inexplorado do pa\u00eds. Esta medida dever\u00e1, com efeito, aumentar a seguran\u00e7a alimentar e impulsionar a nutri\u00e7\u00e3o da popula\u00e7\u00e3o.<\/p>\n\n\n\n<h2 class=\"wp-block-heading\">Benef\u00edcios e pontos fortes do mercado<\/h2>\n\n\n\n<p>O sector agr\u00edcola \u00e9 o orgulho e a alegria do Senegal, e o pa\u00eds \u00e9 um dos maiores produtores de amendoim do mundo. Al\u00e9m disso, possui solo rico em minerais e um excelente clima. Outro ponto fundamental \u00e9 que o mercado do Senegal \u00e9 penetr\u00e1vel e as empresas podem obter lucros enormes.<\/p>\n\n\n\n<h2 class=\"wp-block-heading\">Base de Consumidores no Senegal<\/h2>\n\n\n\n<p>O Senegal tem uma economia em crescimento. No entanto, este crescimento econ\u00f3mico n\u00e3o tornou poss\u00edveis empregos para os jovens. O n\u00edvel de alfabetiza\u00e7\u00e3o ainda est\u00e1 no n\u00edvel mais baixo de todos os tempos. A maioria da popula\u00e7\u00e3o est\u00e1 desempregada ou trabalhando com um sal\u00e1rio m\u00ednimo. Infelizmente, estes factores n\u00e3o constituem um mercado consumidor forte entre o povo senegal\u00eas.<\/p>\n\n\n\n<h2 class=\"wp-block-heading\">Raz\u00f5es para expandir o seu neg\u00f3cio no Senegal<\/h2>\n\n\n\n<p>O Senegal \u00e9 um pa\u00eds com muitas influ\u00eancias. Qualquer investidor, independentemente da origem, pode certamente prosperar no Senegal. Por ser um pa\u00eds liberal, nunca falta o apoio das autoridades e dos pol\u00edticos. Al\u00e9m disso, serve como uma porta de entrada essencial para mercados de exporta\u00e7\u00e3o significativos na Europa, \u00c1sia e Am\u00e9ricas.<\/p>\n\n\n\n<h2 class=\"wp-block-heading\">Sobre pesquisa de mercado no Senegal<\/h2>\n\n\n\n<p>Ao se aventurar em qualquer novo mercado, \u00e9 fundamental realizar <a href=\"https:\/\/www.sisinternational.com\/pt\/o-que-e-pesquisa-quantitativa\/\" target=\"_blank\" rel=\"noopener\">Quantitativo<\/a>, <a href=\"https:\/\/www.sisinternational.com\/pt\/o-que-e-pesquisa-qualitativa\/\" target=\"_blank\" rel=\"noopener\">Qualitativo<\/a>, e <a href=\"https:\/\/www.sisinternational.com\/pt\/solucoes\/consultoria-estrategica\/como-a-pesquisa-estrategica-pode-impulsionar-seu-desempenho\/\" target=\"_blank\" rel=\"noopener\">Pesquisa estrat\u00e9gica<\/a>. Al\u00e9m disso, as intera\u00e7\u00f5es com os consumidores proporcionam uma compreens\u00e3o mais profunda do mercado. Tamb\u00e9m pode ajudar sua empresa a conquistar parceiros em potencial.<\/p>\n\n\n\n<p>A pesquisa de mercado tamb\u00e9m pode envolver grupos focais, entrevistas e pesquisas. Cada um destes m\u00e9todos tem os seus m\u00e9ritos e, juntos, podem tornar a sua empresa um player mais forte no mercado senegal\u00eas.<\/p>\n\n\n\n<p><\/p>","protected":false},"excerpt":{"rendered":"<p>O sector agr\u00edcola \u00e9 o orgulho e a alegria do Senegal, e o pa\u00eds \u00e9 um dos maiores produtores de amendoim do mundo.<\/p>","protected":false},"author":1,"featured_media":65209,"parent":14281,"menu_order":30,"comment_status":"closed","ping_status":"closed","template":"","meta":{"footnotes":""},"class_list":["post-37909","page","type-page","status-publish","has-post-thumbnail"],"_links":{"self":[{"href":"https:\/\/www.sisinternational.com\/pt\/wp-json\/wp\/v2\/pages\/37909","targetHints":{"allow":["GET"]}}],"collection":[{"href":"https:\/\/www.sisinternational.com\/pt\/wp-json\/wp\/v2\/pages"}],"about":[{"href":"https:\/\/www.sisinternational.com\/pt\/wp-json\/wp\/v2\/types\/page"}],"author":[{"embeddable":true,"href":"https:\/\/www.sisinternational.com\/pt\/wp-json\/wp\/v2\/users\/1"}],"replies":[{"embeddable":true,"href":"https:\/\/www.sisinternational.com\/pt\/wp-json\/wp\/v2\/comments?post=37909"}],"version-history":[{"count":3,"href":"https:\/\/www.sisinternational.com\/pt\/wp-json\/wp\/v2\/pages\/37909\/revisions"}],"predecessor-version":[{"id":68550,"href":"https:\/\/www.sisinternational.com\/pt\/wp-json\/wp\/v2\/pages\/37909\/revisions\/68550"}],"up":[{"embeddable":true,"href":"https:\/\/www.sisinternational.com\/pt\/wp-json\/wp\/v2\/pages\/14281"}],"wp:featuredmedia":[{"embeddable":true,"href":"https:\/\/www.sisinternational.com\/pt\/wp-json\/wp\/v2\/media\/65209"}],"wp:attachment":[{"href":"https:\/\/www.sisinternational.com\/pt\/wp-json\/wp\/v2\/media?parent=37909"}],"curies":[{"name":"wp","href":"https:\/\/api.w.org\/{rel}","templated":true}]}}