{"id":37850,"date":"2021-06-15T07:17:50","date_gmt":"2021-06-15T07:17:50","guid":{"rendered":"https:\/\/www.sisinternational.com\/?page_id=37850"},"modified":"2025-09-08T00:40:47","modified_gmt":"2025-09-08T04:40:47","slug":"pesquisa-de-mercado-na-gambia-africa","status":"publish","type":"page","link":"https:\/\/www.sisinternational.com\/pt\/cobertura\/pesquisa-de-mercado-africa\/pesquisa-de-mercado-na-gambia-africa\/","title":{"rendered":"Pesquisa de mercado na G\u00e2mbia, \u00c1frica"},"content":{"rendered":"<h1 class=\"wp-block-heading\">Pesquisa de mercado na G\u00e2mbia, \u00c1frica<\/h1>\n\n\n\n<figure class=\"gb-block-image gb-block-image-78ebaf4a\"><img loading=\"lazy\" decoding=\"async\" width=\"1456\" height=\"816\" class=\"gb-image gb-image-78ebaf4a\" src=\"https:\/\/www.sisinternational.com\/wp-content\/uploads\/2025\/08\/Gambia-3.jpg\" alt=\"Pesquisa e Estrat\u00e9gia de Mercado Internacional da SIS\" title=\"Gambia, (3)\" srcset=\"https:\/\/www.sisinternational.com\/wp-content\/uploads\/2025\/08\/Gambia-3.jpg 1456w, https:\/\/www.sisinternational.com\/wp-content\/uploads\/2025\/08\/Gambia-3-300x168.jpg 300w, https:\/\/www.sisinternational.com\/wp-content\/uploads\/2025\/08\/Gambia-3-1024x574.jpg 1024w, https:\/\/www.sisinternational.com\/wp-content\/uploads\/2025\/08\/Gambia-3-768x430.jpg 768w, https:\/\/www.sisinternational.com\/wp-content\/uploads\/2025\/08\/Gambia-3-18x10.jpg 18w\" sizes=\"auto, (max-width: 1456px) 100vw, 1456px\"><\/figure>\n\n\n\n<p><\/p>\n\n\n\n<p><a href=\"https:\/\/oec.world\/en\/profile\/country\/gmb\" target=\"_blank\" rel=\"noopener\">A G\u00e2mbia fica na costa oeste da \u00c1frica<\/a>, e seu vizinho imediato \u00e9 o Senegal. \u00c9 o menor pa\u00eds do continente africano. O rio G\u00e2mbia atravessa o centro do pa\u00eds e depois des\u00e1gua no Oceano Atl\u00e2ntico. A l\u00edngua oficial do pa\u00eds \u00e9 o ingl\u00eas. Mas existem 21 outras l\u00ednguas nacionais. Estes incluem Mandinga, \u00c1rabe e Franc\u00eas. Existem aproximadamente dez grupos \u00e9tnicos nesta popula\u00e7\u00e3o.<\/p>\n\n\n\n<h2 class=\"wp-block-heading\">Principais ind\u00fastrias<\/h2>\n\n\n\n<p>A agricultura, especialmente o cultivo de amendoim ou amendoim para consumo local e exporta\u00e7\u00e3o, \u00e9 uma ind\u00fastria importante. O turismo tamb\u00e9m \u00e9 um setor em alta na G\u00e2mbia. A localiza\u00e7\u00e3o costeira oferece belas praias. A G\u00e2mbia tamb\u00e9m \u00e9 rica em vida selvagem e \u00e9 uma atra\u00e7\u00e3o para amantes da natureza e aventureiros.<\/p>\n\n\n\n<h2 class=\"wp-block-heading\">Bairros na G\u00e2mbia<\/h2>\n\n\n\n<p>Serekunda resulta da fus\u00e3o de nove aldeias para formar uma comunidade urbana e \u00e9 a maior das cidades da G\u00e2mbia. Brikama \u00e9 outra cidade grande. \u00c9 a capital da divis\u00e3o ocidental (uma das cinco principais divis\u00f5es da G\u00e2mbia). Brikama \u00e9 famosa pelo talento musical e pela habilidade art\u00edstica de seus habitantes. A cidade de Banjul \u00e9 a capital da G\u00e2mbia. Bakau fica a oeste de Banjul, na costa atl\u00e2ntica. Bakau \u00e9 o segundo maior sub\u00farbio, mas a cidade mais desenvolvida da G\u00e2mbia. Banjul \u00e9 a quarta maior cidade, mas tem a popula\u00e7\u00e3o mais densa. \u00c9 o centro da produ\u00e7\u00e3o de amendoim e de outros alimentos, bem como do turismo. Existem escolas, hospitais, instala\u00e7\u00f5es governamentais e recreativas localizadas em Banjul.<\/p>\n\n\n\n<h2 class=\"wp-block-heading\">Tend\u00eancias<\/h2>\n\n\n\n<p>N\u00e3o existe religi\u00e3o oficial da Rep\u00fablica da G\u00e2mbia. Mas a grande maioria dos gambianos acredita no Isl\u00e3o. Mesquitas pontilham o pa\u00eds. As tradi\u00e7\u00f5es e ritos mu\u00e7ulmanos s\u00e3o parte integrante da cultura da G\u00e2mbia. \u00c9 por isso que tantos gambianos falam a l\u00edngua \u00e1rabe. Os im\u00e3s e outros funcion\u00e1rios s\u00e3o fluentes em \u00e1rabe para realizar servi\u00e7os e cerim\u00f4nias. Os gambianos observam feriados mu\u00e7ulmanos. Assim, enquanto a G\u00e2mbia mant\u00e9m a sua cultura original e a hist\u00f3ria africana, o Isl\u00e3o influencia a sua nova cultura. Existem crist\u00e3os, a maioria dos quais cat\u00f3licos romanos, presentes tamb\u00e9m na G\u00e2mbia. O pa\u00eds tem algumas igrejas cat\u00f3licas. Feriados como P\u00e1scoa e Natal tamb\u00e9m s\u00e3o observados ou respeitados.<\/p>\n\n\n\n<h2 class=\"wp-block-heading\">Base de Consumidores<\/h2>\n\n\n\n<p>Dado que a G\u00e2mbia \u00e9 um pa\u00eds pequeno, tem uma pequena base de consumidores. Seu tamanho limita as oportunidades para as empresas dos EUA, especialmente as franquias. No entanto, v\u00e1rias empresas gambianas manifestaram interesse em franquias dos EUA. As marcas dos EUA s\u00e3o muito procuradas e os gambianos tendem a associ\u00e1-las \u00e0 alta qualidade.<\/p>\n\n\n\n<h2 class=\"wp-block-heading\">Benef\u00edcios e pontos fortes do mercado<\/h2>\n\n\n\n<p>O turismo e a agricultura s\u00e3o os motores do crescimento econ\u00f3mico na G\u00e2mbia. A crise do \u00c9bola de 2014\/2015 e a seca na sub-regi\u00e3o causaram a contrac\u00e7\u00e3o destes sectores, e a pandemia da COVID-19 tamb\u00e9m trouxe desafios econ\u00f3micos para a G\u00e2mbia. Entretanto, os gambianos no estrangeiro enviam frequentemente remessas para os seus familiares. Estas remessas s\u00e3o uma fonte significativa de divisas. Ajudam na capacita\u00e7\u00e3o econ\u00f3mica dos cidad\u00e3os gambianos.<\/p>\n\n\n\n<h2 class=\"wp-block-heading\">Por que voc\u00ea deve fazer neg\u00f3cios na G\u00e2mbia?<\/h2>\n\n\n\n<p>A G\u00e2mbia tem potencial para florescer em v\u00e1rios setores. S\u00f3 precisa de instala\u00e7\u00f5es e investidores adequados. O povo gambiano demonstrou o seu amor pela ind\u00fastria das artes e do entretenimento e tamb\u00e9m gosta de desporto (especialmente futebol) e de moda. A G\u00e2mbia pode apoiar qualquer ind\u00fastria necess\u00e1ria num pa\u00eds em desenvolvimento. N\u00e3o s\u00f3 pelos nativos, mas incentivaria os turistas que frequentam o pa\u00eds. H\u00e1 necessidade de rostos novos no setor empresarial e de novos caminhos para o emprego. Voc\u00ea poderia ser o \u00fanico a fornecer as instala\u00e7\u00f5es e o treinamento necess\u00e1rios para esta na\u00e7\u00e3o emergente.<\/p>\n\n\n\n<h2 class=\"wp-block-heading\">Sobre a pesquisa de mercado na G\u00e2mbia<\/h2>\n\n\n\n<p>Se voc\u00ea gostaria de fazer neg\u00f3cios na G\u00e2mbia, deixe-nos ajudar. Organizamos grupos focais nos diferentes mercados africanos. N\u00f3s fazemos <a href=\"https:\/\/www.sisinternational.com\/pt\/o-que-e-pesquisa-quantitativa\/\" target=\"_blank\" rel=\"noopener\">Quantitativo<\/a>, <a href=\"https:\/\/www.sisinternational.com\/pt\/o-que-e-pesquisa-qualitativa\/\" target=\"_blank\" rel=\"noopener\">Qualitativo<\/a>, e <a href=\"https:\/\/www.sisinternational.com\/pt\/solucoes\/consultoria-estrategica\/como-a-pesquisa-estrategica-pode-impulsionar-seu-desempenho\/\" target=\"_blank\" rel=\"noopener\">Pesquisa de estrat\u00e9gia<\/a> para voc\u00ea. Na SIS, compilamos muitas informa\u00e7\u00f5es e descobertas que s\u00e3o relevantes para voc\u00ea. Esperamos que isso o ajude na sua decis\u00e3o de fazer neg\u00f3cios na G\u00e2mbia.<\/p>","protected":false},"excerpt":{"rendered":"<p>O SIS fornece pesquisa quantitativa, qualitativa e estrat\u00e9gica para empresas na G\u00e2mbia. As marcas dos EUA est\u00e3o em alta demanda.<\/p>","protected":false},"author":1,"featured_media":65196,"parent":14281,"menu_order":29,"comment_status":"closed","ping_status":"closed","template":"","meta":{"footnotes":""},"class_list":["post-37850","page","type-page","status-publish","has-post-thumbnail"],"_links":{"self":[{"href":"https:\/\/www.sisinternational.com\/pt\/wp-json\/wp\/v2\/pages\/37850","targetHints":{"allow":["GET"]}}],"collection":[{"href":"https:\/\/www.sisinternational.com\/pt\/wp-json\/wp\/v2\/pages"}],"about":[{"href":"https:\/\/www.sisinternational.com\/pt\/wp-json\/wp\/v2\/types\/page"}],"author":[{"embeddable":true,"href":"https:\/\/www.sisinternational.com\/pt\/wp-json\/wp\/v2\/users\/1"}],"replies":[{"embeddable":true,"href":"https:\/\/www.sisinternational.com\/pt\/wp-json\/wp\/v2\/comments?post=37850"}],"version-history":[{"count":3,"href":"https:\/\/www.sisinternational.com\/pt\/wp-json\/wp\/v2\/pages\/37850\/revisions"}],"predecessor-version":[{"id":68534,"href":"https:\/\/www.sisinternational.com\/pt\/wp-json\/wp\/v2\/pages\/37850\/revisions\/68534"}],"up":[{"embeddable":true,"href":"https:\/\/www.sisinternational.com\/pt\/wp-json\/wp\/v2\/pages\/14281"}],"wp:featuredmedia":[{"embeddable":true,"href":"https:\/\/www.sisinternational.com\/pt\/wp-json\/wp\/v2\/media\/65196"}],"wp:attachment":[{"href":"https:\/\/www.sisinternational.com\/pt\/wp-json\/wp\/v2\/media?parent=37850"}],"curies":[{"name":"wp","href":"https:\/\/api.w.org\/{rel}","templated":true}]}}