{"id":37846,"date":"2021-06-15T07:09:40","date_gmt":"2021-06-15T07:09:40","guid":{"rendered":"https:\/\/www.sisinternational.com\/?page_id=37846"},"modified":"2026-01-24T20:41:05","modified_gmt":"2026-01-25T01:41:05","slug":"pesquisa-de-mercado-em-madagascar-africa","status":"publish","type":"page","link":"https:\/\/www.sisinternational.com\/pt\/cobertura\/pesquisa-de-mercado-africa\/pesquisa-de-mercado-em-madagascar-africa\/","title":{"rendered":"Pesquisa de mercado em Madagascar, \u00c1frica"},"content":{"rendered":"<h1 class=\"wp-block-heading\">Pesquisa de mercado em Madagascar<\/h1>\n\n\n\n<figure class=\"gb-block-image gb-block-image-2d4b73e8\"><img loading=\"lazy\" decoding=\"async\" width=\"1456\" height=\"816\" class=\"gb-image gb-image-2d4b73e8\" src=\"https:\/\/www.sisinternational.com\/wp-content\/uploads\/2025\/08\/madagascar-3.jpg\" alt=\"Pesquisa e Estrat\u00e9gia de Mercado Internacional da SIS\" title=\"madagascar (3)\" srcset=\"https:\/\/www.sisinternational.com\/wp-content\/uploads\/2025\/08\/madagascar-3.jpg 1456w, https:\/\/www.sisinternational.com\/wp-content\/uploads\/2025\/08\/madagascar-3-300x168.jpg 300w, https:\/\/www.sisinternational.com\/wp-content\/uploads\/2025\/08\/madagascar-3-1024x574.jpg 1024w, https:\/\/www.sisinternational.com\/wp-content\/uploads\/2025\/08\/madagascar-3-768x430.jpg 768w, https:\/\/www.sisinternational.com\/wp-content\/uploads\/2025\/08\/madagascar-3-18x10.jpg 18w\" sizes=\"auto, (max-width: 1456px) 100vw, 1456px\"><\/figure>\n\n\n\n<h2 class=\"wp-block-heading\">Bairros<\/h2>\n\n\n\n<p><a href=\"https:\/\/oec.world\/en\/profile\/country\/mdg\" target=\"_blank\" rel=\"noopener\">Madagascar \u00e9 uma na\u00e7\u00e3o insular a cerca de 400 quil\u00f4metros da costa da \u00c1frica Oriental<\/a>. Vinte e seis milh\u00f5es de pessoas vivem l\u00e1. Na verdade, a maioria destes cidad\u00e3os vive na pobreza. Apenas quatro outros pa\u00edses t\u00eam um PIB per capita inferior ao de Madag\u00e1scar.<\/p>\n\n\n\n<p>Algumas das raz\u00f5es pelas quais Madagascar \u00e9 t\u00e3o pobre s\u00e3o:<\/p>\n\n\n\n<ul class=\"wp-block-list\">\n<li>O relativo isolamento do pa\u00eds no mapa<\/li>\n\n\n\n<li>Anos e anos de corrup\u00e7\u00e3o e instabilidade pol\u00edtica<\/li>\n<\/ul>\n\n\n\n<h2 class=\"wp-block-heading\">Tend\u00eancias<\/h2>\n\n\n\n<p>Madagascar is the fourth-largest and fifth most impoverished country in Africa. Still, it became a sought-after destination following the release of the animated movie \u2018Madagascar.\u201d<\/p>\n\n\n\n<p>O pa\u00eds \u00e9 famoso pelos seus magn\u00edficos arranha-c\u00e9us Baobab, que se elevam sobre a paisagem. Madagascar tamb\u00e9m abriga mais de 12 mil esp\u00e9cies de plantas. Tem mais biodiversidade do que qualquer outro pa\u00eds do mundo. Na verdade, muitas das plantas de Madagascar n\u00e3o existem em nenhum outro lugar do planeta.<\/p>\n\n\n\n<p>Madagascar possui uma popula\u00e7\u00e3o \u00fanica de vida selvagem composta por esp\u00e9cies nativas. Essas esp\u00e9cies incluem fossas, l\u00eamures e centenas de p\u00e1ssaros e r\u00e9pteis. A sua abund\u00e2ncia pode dever-se ao isolamento da massa terrestre dos seus vizinhos continentais.<\/p>\n\n\n\n<h2 class=\"wp-block-heading\">Principais ind\u00fastrias em Madagascar<\/h2>\n\n\n\n<p>Madagascar \u00e9 o maior produtor mundial de baunilha. Tem outras exporta\u00e7\u00f5es prim\u00e1rias, por exemplo, a\u00e7\u00facar, caf\u00e9, marisco, minerais, fibras e pedras preciosas.<\/p>\n\n\n\n<p>A principal pedra preciosa produzida em Madagascar s\u00e3o as safiras. \u00c9 tamb\u00e9m o \u00fanico pa\u00eds produtor de caviar em \u00c1frica. A agricultura \u00e9 uma das principais fontes de rendimento em Madag\u00e1scar, tal como a pesca e a explora\u00e7\u00e3o madeireira.<\/p>\n\n\n\n<h2 class=\"wp-block-heading\">Base de Consumidores<\/h2>\n\n\n\n<p>Os malgaxes importam petr\u00f3leo, ve\u00edculos, produtos met\u00e1licos e outros bens manufaturados essenciais. Na verdade, o petr\u00f3leo \u00e9 uma das importa\u00e7\u00f5es mais significativas de Madag\u00e1scar. Na verdade, esta enorme factura de importa\u00e7\u00e3o de petr\u00f3leo pode ser uma das raz\u00f5es pelas quais Madag\u00e1scar \u00e9 um dos pa\u00edses mais pobres de \u00c1frica.<\/p>\n\n\n\n<p>A economia de Madagascar depende do cultivo de algod\u00e3o, ch\u00e1, latic\u00ednios e arroz. Embora tenha uma popula\u00e7\u00e3o jovem e a maioria das pessoas viva na pobreza, a economia tem vindo a crescer. Os n\u00edveis de educa\u00e7\u00e3o tamb\u00e9m est\u00e3o aumentando.<\/p>\n\n\n\n<h2 class=\"wp-block-heading\">Raz\u00f5es para expandir seus neg\u00f3cios em Madagascar<\/h2>\n\n\n\n<p>Madagascar \u00e9 um pa\u00eds promissor. Em primeiro lugar, possui uma beleza natural \u00fanica. Em segundo lugar, as pessoas s\u00e3o hospitaleiras. Assim, as empresas obt\u00eam o benef\u00edcio de trabalhadores nativos qualificados.<\/p>\n\n\n\n<p>Madagascar has preferential trade agreements with the United States and the European Union. It also has contracts with the Common <a href=\"https:\/\/www.sisinternational.com\/pt\/o-mercado-africano-em-mudanca\/\" title=\"Pesquisa de oportunidades de mercado em \u00c1frica\" data-wpil-monitor-id=\"2798\">Market of Eastern and Southern Africa<\/a>. Similarly, it is a member state of the Southern African Development Community.<\/p>\n\n\n\n<p>Madag\u00e1scar tem muito espa\u00e7o para crescimento e oferece muitas oportunidades de investimento. Existe um enorme potencial para a agricultura devido ao solo f\u00e9rtil. Madagascar tamb\u00e9m tem o clima perfeito para muitas culturas. Na verdade, este pa\u00eds lidera a produ\u00e7\u00e3o de alimentos org\u00e2nicos em \u00c1frica.<\/p>\n\n\n\n<p>Madagascar \u00e9 o principal exportador de produtos t\u00eaxteis da \u00c1frica Oriental para a Europa. Possui uma ind\u00fastria moderna que emprega mais de dois mil trabalhadores qualificados. Esses trabalhadores produzem produtos t\u00eaxteis de alta qualidade a pre\u00e7os competitivos.<\/p>\n\n\n\n<p>As exporta\u00e7\u00f5es de Madag\u00e1scar renderam centenas de milh\u00f5es de d\u00f3lares nos \u00faltimos anos. Na verdade, algumas das principais marcas de vestu\u00e1rio t\u00eam f\u00e1bricas em Madagascar. Portanto, estas marcas t\u00eam os benef\u00edcios de m\u00e3o de obra barata e acesso a um mercado global.<\/p>\n\n\n\n<p>Startup costs for investment in Madagascar are low. These low costs are on account of an official exemption from customs duties and taxes for two years. Another benefit to businesses is the modern infrastructure, which is available in several cities in Madagascar.<\/p>\n\n\n\n<h2 class=\"wp-block-heading\">Sobre pesquisa de mercado em Madagascar<\/h2>\n\n\n\n<p>Voc\u00ea \u00e9 propriet\u00e1rio de uma empresa e deseja investir em Madagascar? Se assim for, este artigo aborda o potencial de Madag\u00e1scar. Nossa empresa tamb\u00e9m compila <a href=\"https:\/\/www.sisinternational.com\/pt\/o-que-e-pesquisa-qualitativa\/\" target=\"_blank\" rel=\"noopener\">Qualitativo<\/a>, <a href=\"https:\/\/www.sisinternational.com\/pt\/o-que-e-pesquisa-quantitativa\/\" target=\"_blank\" rel=\"noopener\">Quantitativo<\/a>, e <a href=\"https:\/\/www.sisinternational.com\/pt\/solucoes\/consultoria-estrategica\/como-a-pesquisa-estrategica-pode-impulsionar-seu-desempenho\/\" target=\"_blank\" rel=\"noopener\">Pesquisa estrat\u00e9gica<\/a>. Al\u00e9m disso, auxiliamos voc\u00ea a fazer as melhores escolhas de investimento. Esperamos que as informa\u00e7\u00f5es aqui fornecidas o ajudem na sua decis\u00e3o de investir em Madagascar.<\/p>\n\n\n\n<p><\/p>","protected":false},"excerpt":{"rendered":"<p>As exporta\u00e7\u00f5es de Madag\u00e1scar renderam centenas de milh\u00f5es de d\u00f3lares nos \u00faltimos anos. Os custos iniciais para investimento em Madag\u00e1scar s\u00e3o baixos.<\/p>","protected":false},"author":1,"featured_media":65377,"parent":14281,"menu_order":27,"comment_status":"closed","ping_status":"closed","template":"","meta":{"footnotes":""},"class_list":["post-37846","page","type-page","status-publish","has-post-thumbnail"],"_links":{"self":[{"href":"https:\/\/www.sisinternational.com\/pt\/wp-json\/wp\/v2\/pages\/37846","targetHints":{"allow":["GET"]}}],"collection":[{"href":"https:\/\/www.sisinternational.com\/pt\/wp-json\/wp\/v2\/pages"}],"about":[{"href":"https:\/\/www.sisinternational.com\/pt\/wp-json\/wp\/v2\/types\/page"}],"author":[{"embeddable":true,"href":"https:\/\/www.sisinternational.com\/pt\/wp-json\/wp\/v2\/users\/1"}],"replies":[{"embeddable":true,"href":"https:\/\/www.sisinternational.com\/pt\/wp-json\/wp\/v2\/comments?post=37846"}],"version-history":[{"count":4,"href":"https:\/\/www.sisinternational.com\/pt\/wp-json\/wp\/v2\/pages\/37846\/revisions"}],"predecessor-version":[{"id":77133,"href":"https:\/\/www.sisinternational.com\/pt\/wp-json\/wp\/v2\/pages\/37846\/revisions\/77133"}],"up":[{"embeddable":true,"href":"https:\/\/www.sisinternational.com\/pt\/wp-json\/wp\/v2\/pages\/14281"}],"wp:featuredmedia":[{"embeddable":true,"href":"https:\/\/www.sisinternational.com\/pt\/wp-json\/wp\/v2\/media\/65377"}],"wp:attachment":[{"href":"https:\/\/www.sisinternational.com\/pt\/wp-json\/wp\/v2\/media?parent=37846"}],"curies":[{"name":"wp","href":"https:\/\/api.w.org\/{rel}","templated":true}]}}