{"id":37843,"date":"2021-06-15T06:59:55","date_gmt":"2021-06-15T06:59:55","guid":{"rendered":"https:\/\/www.sisinternational.com\/?page_id=37843"},"modified":"2025-09-14T17:33:07","modified_gmt":"2025-09-14T21:33:07","slug":"pesquisa-de-mercado-na-libia-africa","status":"publish","type":"page","link":"https:\/\/www.sisinternational.com\/pt\/cobertura\/pesquisa-de-mercado-africa\/pesquisa-de-mercado-na-libia-africa\/","title":{"rendered":"Pesquisa de mercado na L\u00edbia, \u00c1frica"},"content":{"rendered":"<h1 class=\"wp-block-heading\">Pesquisa de mercado na L\u00edbia<\/h1>\n\n\n\n<figure class=\"gb-block-image gb-block-image-46af734e\"><img loading=\"lazy\" decoding=\"async\" width=\"1456\" height=\"816\" class=\"gb-image gb-image-46af734e\" src=\"https:\/\/www.sisinternational.com\/wp-content\/uploads\/2025\/08\/Libya-44.jpg\" alt=\"Pesquisa e Estrat\u00e9gia de Mercado Internacional da SIS\" title=\"Libya 44\" srcset=\"https:\/\/www.sisinternational.com\/wp-content\/uploads\/2025\/08\/Libya-44.jpg 1456w, https:\/\/www.sisinternational.com\/wp-content\/uploads\/2025\/08\/Libya-44-300x168.jpg 300w, https:\/\/www.sisinternational.com\/wp-content\/uploads\/2025\/08\/Libya-44-1024x574.jpg 1024w, https:\/\/www.sisinternational.com\/wp-content\/uploads\/2025\/08\/Libya-44-768x430.jpg 768w, https:\/\/www.sisinternational.com\/wp-content\/uploads\/2025\/08\/Libya-44-18x10.jpg 18w\" sizes=\"auto, (max-width: 1456px) 100vw, 1456px\"><\/figure>\n\n\n\n<p><\/p>\n\n\n\n<p>A L\u00edbia \u00e9 um conhecido pa\u00eds norte-africano de l\u00edngua \u00e1rabe. Tamb\u00e9m \u00e9 enorme. Com mais de 600.000 milhas quadradas, <a href=\"https:\/\/oec.world\/en\/profile\/country\/lby\" target=\"_blank\" rel=\"noopener\">A L\u00edbia \u00e9 o quarto maior pa\u00eds da \u00c1frica<\/a> e o d\u00e9cimo sexto maior do mundo. \u00c9 quase tr\u00eas vezes maior que o Texas, nos EUA.<\/p>\n\n\n\n<p>A L\u00edbia passou por uma guerra civil que terminou em 2020. Para ser claro, dois governos lutavam para serem dominantes, colocando uma fac\u00e7\u00e3o contra a outra. Em suma, todos queriam ter uma parcela de autoridade. Al\u00e9m disso, n\u00e3o existe um governo central na L\u00edbia, pelo que ningu\u00e9m tem o controlo. A L\u00edbia est\u00e1 agora a tentar remodelar-se, mas devido \u00e0 sua vasta dimens\u00e3o, est\u00e1 a ter dificuldades em faz\u00ea-lo.<\/p>\n\n\n\n<h2 class=\"wp-block-heading\">Principais ind\u00fastrias<\/h2>\n\n\n\n<p>A L\u00edbia exporta petr\u00f3leo, cimento, t\u00eaxteis, ferro e a\u00e7o.<\/p>\n\n\n\n<p>O pa\u00eds tamb\u00e9m possui uma reserva comprovada de petr\u00f3leo de quarenta e seis mil milh\u00f5es de barris, a maior de \u00c1frica. A sua produ\u00e7\u00e3o anual de petr\u00f3leo \u00e9 de cerca de 1,65 milh\u00f5es de barris por dia. Devido \u00e0 recente guerra, os pre\u00e7os do petr\u00f3leo ca\u00edram para n\u00edveis extremamente baixos. Ainda assim, o petr\u00f3leo e o g\u00e1s natural representam mais de metade do rendimento nacional da L\u00edbia. Na verdade, a Europa compra cerca de oitenta por cento das exporta\u00e7\u00f5es de petr\u00f3leo da L\u00edbia.<\/p>\n\n\n\n<h2 class=\"wp-block-heading\">Bairros na L\u00edbia<\/h2>\n\n\n\n<p>O Chade fica ao sul da L\u00edbia, a Nig\u00e9ria fica a sudoeste e o Sud\u00e3o fica a sudeste. Tamb\u00e9m faz fronteira com o Egito, que fica a leste.<\/p>\n\n\n\n<p>A capital da L\u00edbia \u00e9 Tr\u00edpoli, localizada no noroeste, na costa do Mediterr\u00e2neo. Tr\u00edpoli \u00e9 a maior cidade da L\u00edbia e \u00e9 onde ocorre a maior parte do com\u00e9rcio do pa\u00eds. Mais de um milh\u00e3o de pessoas vivem l\u00e1. Tr\u00edpoli \u00e9 tamb\u00e9m o principal porto da L\u00edbia. Outras grandes cidades da L\u00edbia incluem Benghazi, Misrata e Tarhuna. Estas cidades s\u00e3o onde vive a maioria das pessoas e onde comercializam bens e servi\u00e7os.<\/p>\n\n\n\n<h2 class=\"wp-block-heading\">Base de Consumidores<\/h2>\n\n\n\n<p>A factura de importa\u00e7\u00f5es da L\u00edbia \u00e9 mais elevada do que a de outros pa\u00edses de \u00c1frica devido \u00e0 recente guerra. Uma das principais importa\u00e7\u00f5es s\u00e3o os alimentos, que compra de outros pa\u00edses. Coisas como feij\u00e3o, trigo, arroz, lentilha e milho s\u00e3o alguns dos alimentos mais procurados na L\u00edbia. Como resultado, a ind\u00fastria agr\u00edcola \u00e9 uma grande oportunidade de investimento para ganhar dinheiro na L\u00edbia.<\/p>\n\n\n\n<p>Mais de tr\u00eas quartos da popula\u00e7\u00e3o da L\u00edbia \u00e9 urbana. O pa\u00eds sofre de desemprego agudo e os n\u00fameros relatados chegam a 50 por cento. No entanto, \u00e9 o lar de um grande n\u00famero de trabalhadores estrangeiros de pa\u00edses como o Egito, a Turquia e a \u00cdndia. Muitos destes trabalhadores trabalham na ind\u00fastria petrol\u00edfera e, como resultado, ganham sal\u00e1rios elevados.<\/p>\n\n\n\n<h2 class=\"wp-block-heading\">Raz\u00f5es para expandir seus neg\u00f3cios na L\u00edbia<\/h2>\n\n\n\n<p>A L\u00edbia \u00e9 um \u00f3timo lugar para expandir seus neg\u00f3cios devido \u00e0 sua grande popula\u00e7\u00e3o. Tamb\u00e9m precisa de ajuda para o crescimento econ\u00f3mico. A \u00c1frica do Sul, a Nig\u00e9ria e o Egipto s\u00e3o alguns dos pa\u00edses mais pr\u00f3speros de \u00c1frica e a L\u00edbia tem potencial para se classificar entre estes pa\u00edses. Os economistas esperam que a L\u00edbia continue a crescer em riqueza. A produ\u00e7\u00e3o de petr\u00f3leo \u00e9 excelente e possui vastas reservas inexploradas. \u00c9 por isso que investir na L\u00edbia seria uma excelente ideia.<\/p>\n\n\n\n<h2 class=\"wp-block-heading\">Sobre pesquisa de mercado na L\u00edbia<\/h2>\n\n\n\n<p>Voc\u00ea gostaria de fazer neg\u00f3cios na L\u00edbia? Fornecemos informa\u00e7\u00f5es atualizadas sobre oportunidades de investimento. N\u00f3s juntamos <a href=\"https:\/\/www.sisinternational.com\/pt\/o-que-e-pesquisa-quantitativa\/\" target=\"_blank\" rel=\"noopener\">Quantitativo<\/a>, <a href=\"https:\/\/www.sisinternational.com\/pt\/o-que-e-pesquisa-qualitativa\/\" target=\"_blank\" rel=\"noopener\">Qualitativo<\/a>, e <a href=\"https:\/\/www.sisinternational.com\/pt\/solucoes\/consultoria-estrategica\/como-a-pesquisa-estrategica-pode-impulsionar-seu-desempenho\/\" target=\"_blank\" rel=\"noopener\">Pesquisa estrat\u00e9gica<\/a> para voc\u00ea ou sua empresa. Os dados compilados destinam-se a inform\u00e1-lo sobre a situa\u00e7\u00e3o econ\u00f3mica na L\u00edbia. Esperamos que este artigo tenha sido ben\u00e9fico para voc\u00ea e que considere investir na L\u00edbia.<\/p>\n\n\n\n<p><\/p>","protected":false},"excerpt":{"rendered":"<p>A L\u00edbia \u00e9 um \u00f3timo lugar para expandir seus neg\u00f3cios devido \u00e0 sua grande popula\u00e7\u00e3o. Os economistas esperam que a L\u00edbia continue a crescer em riqueza.<\/p>","protected":false},"author":1,"featured_media":65375,"parent":14281,"menu_order":26,"comment_status":"closed","ping_status":"closed","template":"","meta":{"footnotes":""},"class_list":["post-37843","page","type-page","status-publish","has-post-thumbnail"],"_links":{"self":[{"href":"https:\/\/www.sisinternational.com\/pt\/wp-json\/wp\/v2\/pages\/37843","targetHints":{"allow":["GET"]}}],"collection":[{"href":"https:\/\/www.sisinternational.com\/pt\/wp-json\/wp\/v2\/pages"}],"about":[{"href":"https:\/\/www.sisinternational.com\/pt\/wp-json\/wp\/v2\/types\/page"}],"author":[{"embeddable":true,"href":"https:\/\/www.sisinternational.com\/pt\/wp-json\/wp\/v2\/users\/1"}],"replies":[{"embeddable":true,"href":"https:\/\/www.sisinternational.com\/pt\/wp-json\/wp\/v2\/comments?post=37843"}],"version-history":[{"count":2,"href":"https:\/\/www.sisinternational.com\/pt\/wp-json\/wp\/v2\/pages\/37843\/revisions"}],"predecessor-version":[{"id":68554,"href":"https:\/\/www.sisinternational.com\/pt\/wp-json\/wp\/v2\/pages\/37843\/revisions\/68554"}],"up":[{"embeddable":true,"href":"https:\/\/www.sisinternational.com\/pt\/wp-json\/wp\/v2\/pages\/14281"}],"wp:featuredmedia":[{"embeddable":true,"href":"https:\/\/www.sisinternational.com\/pt\/wp-json\/wp\/v2\/media\/65375"}],"wp:attachment":[{"href":"https:\/\/www.sisinternational.com\/pt\/wp-json\/wp\/v2\/media?parent=37843"}],"curies":[{"name":"wp","href":"https:\/\/api.w.org\/{rel}","templated":true}]}}