{"id":37841,"date":"2021-06-15T06:54:55","date_gmt":"2021-06-15T06:54:55","guid":{"rendered":"https:\/\/www.sisinternational.com\/?page_id=37841"},"modified":"2025-09-14T17:34:07","modified_gmt":"2025-09-14T21:34:07","slug":"pesquisa-de-mercado-na-liberia-africa","status":"publish","type":"page","link":"https:\/\/www.sisinternational.com\/pt\/cobertura\/pesquisa-de-mercado-africa\/pesquisa-de-mercado-na-liberia-africa\/","title":{"rendered":"Pesquisa de mercado na Lib\u00e9ria, \u00c1frica"},"content":{"rendered":"<h1 class=\"wp-block-heading\">Pesquisa de mercado na Lib\u00e9ria<\/h1>\n\n\n\n<figure class=\"gb-block-image gb-block-image-cc0893d2\"><img loading=\"lazy\" decoding=\"async\" width=\"1456\" height=\"816\" class=\"gb-image gb-image-cc0893d2\" src=\"https:\/\/www.sisinternational.com\/wp-content\/uploads\/2025\/08\/Liberia-1.jpg\" alt=\"Pesquisa e Estrat\u00e9gia de Mercado Internacional da SIS\" title=\"Liberia (1)\" srcset=\"https:\/\/www.sisinternational.com\/wp-content\/uploads\/2025\/08\/Liberia-1.jpg 1456w, https:\/\/www.sisinternational.com\/wp-content\/uploads\/2025\/08\/Liberia-1-300x168.jpg 300w, https:\/\/www.sisinternational.com\/wp-content\/uploads\/2025\/08\/Liberia-1-1024x574.jpg 1024w, https:\/\/www.sisinternational.com\/wp-content\/uploads\/2025\/08\/Liberia-1-768x430.jpg 768w, https:\/\/www.sisinternational.com\/wp-content\/uploads\/2025\/08\/Liberia-1-18x10.jpg 18w\" sizes=\"auto, (max-width: 1456px) 100vw, 1456px\"><\/figure>\n\n\n\n<p><\/p>\n\n\n\n<p><a href=\"https:\/\/oec.world\/en\/profile\/country\/lbr\" target=\"_blank\" rel=\"noopener\">A Lib\u00e9ria \u00e9 um pa\u00eds da \u00c1frica Ocidental<\/a> que faz fronteira com a Costa do Marfim, Guin\u00e9 e Serra Leoa. Tal como muitos outros pa\u00edses africanos, \u00e9 um excelente investimento devido ao facto do seu mercado ainda estar inexplorado. Contudo, o pa\u00eds tem muitos problemas, incluindo uma hist\u00f3ria de guerra civil e agita\u00e7\u00e3o.<\/p>\n\n\n\n<h2 class=\"wp-block-heading\">Principais ind\u00fastrias<\/h2>\n\n\n\n<p>Uma das principais ind\u00fastrias da Lib\u00e9ria \u00e9 a minera\u00e7\u00e3o (ferro, ouro, diamantes e min\u00e9rio). Outras ind\u00fastrias importantes s\u00e3o o processamento de \u00f3leo de palma e borracha.<\/p>\n\n\n\n<p>O sistema econ\u00f3mico da Lib\u00e9ria est\u00e1 subdesenvolvido. Estes danos foram resultado da Primeira Guerra Civil da Lib\u00e9ria, travada entre 1989-1996. Desde ent\u00e3o, a Lib\u00e9ria est\u00e1 entre os pa\u00edses mais empobrecidos do mundo.<\/p>\n\n\n\n<p>A guerra civil derrubou a minoria americano-liberiana que governava o pa\u00eds. A guerra tamb\u00e9m levou a uma fuga de c\u00e9rebros e \u00e0 perda de capital. Consequentemente, a Lib\u00e9ria tem o perfil t\u00edpico da economia da \u00c1frica Subsaariana, com abundantes recursos minerais, florestas e agricultura. Mas falta-lhe capital humano, infra-estruturas e estabilidade. Assim, a maior parte da popula\u00e7\u00e3o depende da agricultura. Em contraste, os estrangeiros possuem grande parte da ind\u00fastria transformadora local existente.<\/p>\n\n\n\n<h2 class=\"wp-block-heading\">Bairros na Lib\u00e9ria<\/h2>\n\n\n\n<p>Monr\u00f3via \u00e9 a capital da Lib\u00e9ria, localizada na costa atl\u00e2ntica. Tem a maior popula\u00e7\u00e3o do pa\u00eds. Esta cidade, fundada em 1822, \u00e9 o centro cultural, financeiro e econ\u00f3mico do pa\u00eds. A sua economia depende do seu papel como porto e sede do governo liberiano.<\/p>\n\n\n\n<p>Gbarnga \u00e9 outra cidade importante. \u00c9 a capital do condado de Bonn, localizada a nordeste de Monr\u00f3via. Teve um papel essencial como base para a Frente Patri\u00f3tica Nacional Liberiana de Charles Taylor quando eles lutaram na guerra civil inicial. Hoje em dia, Gbarnga desempenha um papel mais progressista no desenvolvimento da Lib\u00e9ria. por exemplo, \u00e9 o lar do Cuttington College. Esta faculdade \u00e9 uma escola particular afiliada a uma Igreja Anglicana pr\u00f3xima \u00e0 cidade. Seu campus j\u00e1 abrigou o Museu Afro-Americano, que foi destru\u00eddo pela Guerra Civil.<\/p>\n\n\n\n<h2 class=\"wp-block-heading\">Tend\u00eancias e base de consumidores na Lib\u00e9ria<\/h2>\n\n\n\n<p>A maioria dos liberianos ganha menos de US$500 por m\u00eas, o que nem sempre \u00e9 suficiente para vestu\u00e1rio, alimenta\u00e7\u00e3o e abrigo.<\/p>\n\n\n\n<p>Os bens manufaturados, por exemplo, alimentos, produtos qu\u00edmicos e combust\u00edveis s\u00e3o as principais importa\u00e7\u00f5es da Lib\u00e9ria.<br>O arroz \u00e9 um ingrediente b\u00e1sico na Lib\u00e9ria. Outros produtos agr\u00edcolas incluem mandioca, peixe, banana e frutas c\u00edtricas. Os agricultores da Lib\u00e9ria tamb\u00e9m cultivam banana, coco, quiabo e batata doce.<\/p>\n\n\n\n<h2 class=\"wp-block-heading\">Pontos fortes no mercado<\/h2>\n\n\n\n<p>Um dos pontos fortes da Lib\u00e9ria s\u00e3o os seus recursos naturais.<\/p>\n\n\n\n<p>A agricultura ainda \u00e9 a sua principal ind\u00fastria, empregando dois ter\u00e7os da popula\u00e7\u00e3o.<\/p>\n\n\n\n<p>A ind\u00fastria mineira na Lib\u00e9ria recuperou ap\u00f3s a Segunda Guerra Civil, que terminou em 2003. Est\u00e3o em vigor novas leis mineiras e pol\u00edticas de desenvolvimento mineral para atrair investimento estrangeiro.<\/p>\n\n\n\n<h2 class=\"wp-block-heading\">Raz\u00f5es para expandir o seu neg\u00f3cio atrav\u00e9s de pesquisas de mercado na Lib\u00e9ria<\/h2>\n\n\n\n<p><strong>Administra\u00e7\u00e3o tribut\u00e1ria de apoio<\/strong>;<br>A Lib\u00e9ria instituiu a Lei de Investimento de 2016. O artigo 16.\u00ba desta lei aborda o sistema fiscal da Lib\u00e9ria. Oferece incentivos financeiros e n\u00e3o financeiros especiais para investimentos. Estes investimentos t\u00eam de ser em qualquer um dos 15 sectores priorit\u00e1rios, que incluem a ind\u00fastria transformadora, a tecnologia da informa\u00e7\u00e3o e o turismo.<\/p>\n\n\n\n<p><strong>N\u00e3o h\u00e1 retorno m\u00ednimo sobre a receita e nem limite de c\u00e2mbio.<\/strong><br>O artigo 11.\u00ba da Lei do Investimento de 2010 refor\u00e7a a prote\u00e7\u00e3o do investimento. Permite aos investidores devolver o seu capital e lucros aos seus pa\u00edses de origem, incluindo ganhos e dividendos e transfer\u00eancias de dinheiro no momento da venda ou liquida\u00e7\u00e3o. Inclui tamb\u00e9m o reembolso de empr\u00e9stimos obtidos junto de bancos estrangeiros.<\/p>\n\n\n\n<p><strong>Existe um mercado local insaturado de bens dom\u00e9sticos e mantimentos.<\/strong><br>A Lib\u00e9ria depende da ind\u00fastria mineira. Como o setor manufatureiro n\u00e3o est\u00e1 bem desenvolvido, o pa\u00eds importa a maior parte dos bens dom\u00e9sticos consumidos. Por exemplo, h\u00e1 a importa\u00e7\u00e3o de cerca de 90% de arroz consumido a cada ano. Da mesma forma, h\u00e1 a importa\u00e7\u00e3o de muitos utens\u00edlios dom\u00e9sticos. Assim, os utens\u00edlios dom\u00e9sticos provariam ser um neg\u00f3cio muito lucrativo. O governo est\u00e1 ansioso por fazer a transi\u00e7\u00e3o de uma economia que depende da minera\u00e7\u00e3o e das importa\u00e7\u00f5es. Quer passar para uma economia orientada para a exporta\u00e7\u00e3o na ind\u00fastria transformadora.<\/p>\n\n\n\n<h2 class=\"wp-block-heading\">Sobre pesquisa de mercado na Lib\u00e9ria<\/h2>\n\n\n\n<p>Voc\u00ea quer come\u00e7ar um neg\u00f3cio? A Lib\u00e9ria parece um \u00f3timo lugar para voc\u00ea? Ent\u00e3o esse artigo \u00e9 para voc\u00ea. Cri\u00e1mos Grupos Focais para o sector privado africano. Tamb\u00e9m podemos realizar <a href=\"https:\/\/www.sisinternational.com\/pt\/o-que-e-pesquisa-quantitativa\/\" target=\"_blank\" rel=\"noopener\">Quantitativo<\/a>, <a href=\"https:\/\/www.sisinternational.com\/pt\/o-que-e-pesquisa-qualitativa\/\" target=\"_blank\" rel=\"noopener\">Qualitativo<\/a>, e <a href=\"https:\/\/www.sisinternational.com\/pt\/solucoes\/consultoria-estrategica\/como-a-pesquisa-estrategica-pode-impulsionar-seu-desempenho\/\" target=\"_blank\" rel=\"noopener\">Pesquisa Estrat\u00e9gica<\/a> para sua associa\u00e7\u00e3o. Assim, voc\u00ea pode escolher o setor mais adequado para iniciar um neg\u00f3cio. Tomamos todas essas medidas para garantir o sucesso do seu neg\u00f3cio.<\/p>\n\n\n\n<p>Este documento fornece-lhe a orienta\u00e7\u00e3o necess\u00e1ria para tirar o m\u00e1ximo partido do seu investimento na Lib\u00e9ria.<\/p>\n\n\n\n<p><\/p>","protected":false},"excerpt":{"rendered":"<p>Um dos pontos fortes da Lib\u00e9ria s\u00e3o os seus recursos naturais. A agricultura ainda \u00e9 a sua principal ind\u00fastria, empregando dois ter\u00e7os da popula\u00e7\u00e3o.<\/p>","protected":false},"author":1,"featured_media":65369,"parent":14281,"menu_order":25,"comment_status":"closed","ping_status":"closed","template":"","meta":{"footnotes":""},"class_list":["post-37841","page","type-page","status-publish","has-post-thumbnail"],"_links":{"self":[{"href":"https:\/\/www.sisinternational.com\/pt\/wp-json\/wp\/v2\/pages\/37841","targetHints":{"allow":["GET"]}}],"collection":[{"href":"https:\/\/www.sisinternational.com\/pt\/wp-json\/wp\/v2\/pages"}],"about":[{"href":"https:\/\/www.sisinternational.com\/pt\/wp-json\/wp\/v2\/types\/page"}],"author":[{"embeddable":true,"href":"https:\/\/www.sisinternational.com\/pt\/wp-json\/wp\/v2\/users\/1"}],"replies":[{"embeddable":true,"href":"https:\/\/www.sisinternational.com\/pt\/wp-json\/wp\/v2\/comments?post=37841"}],"version-history":[{"count":2,"href":"https:\/\/www.sisinternational.com\/pt\/wp-json\/wp\/v2\/pages\/37841\/revisions"}],"predecessor-version":[{"id":68555,"href":"https:\/\/www.sisinternational.com\/pt\/wp-json\/wp\/v2\/pages\/37841\/revisions\/68555"}],"up":[{"embeddable":true,"href":"https:\/\/www.sisinternational.com\/pt\/wp-json\/wp\/v2\/pages\/14281"}],"wp:featuredmedia":[{"embeddable":true,"href":"https:\/\/www.sisinternational.com\/pt\/wp-json\/wp\/v2\/media\/65369"}],"wp:attachment":[{"href":"https:\/\/www.sisinternational.com\/pt\/wp-json\/wp\/v2\/media?parent=37841"}],"curies":[{"name":"wp","href":"https:\/\/api.w.org\/{rel}","templated":true}]}}