{"id":37839,"date":"2021-06-15T06:46:00","date_gmt":"2021-06-15T06:46:00","guid":{"rendered":"https:\/\/www.sisinternational.com\/?page_id=37839"},"modified":"2026-01-24T20:41:06","modified_gmt":"2026-01-25T01:41:06","slug":"pesquisa-de-mercado-no-lesoto-africa","status":"publish","type":"page","link":"https:\/\/www.sisinternational.com\/pt\/cobertura\/pesquisa-de-mercado-africa\/pesquisa-de-mercado-no-lesoto-africa\/","title":{"rendered":"Pesquisa de mercado no Lesoto, \u00c1frica"},"content":{"rendered":"<h1 class=\"wp-block-heading\">Pesquisa de mercado no Lesoto<\/h1>\n\n\n\n<figure class=\"gb-block-image gb-block-image-8b04ab6e\"><img loading=\"lazy\" decoding=\"async\" width=\"1456\" height=\"816\" class=\"gb-image gb-image-8b04ab6e\" src=\"https:\/\/www.sisinternational.com\/wp-content\/uploads\/2025\/08\/Lesotho-1vv-3.jpg\" alt=\"Pesquisa e Estrat\u00e9gia de Mercado Internacional da SIS\" title=\"Lesotho (1vv) (3)\" srcset=\"https:\/\/www.sisinternational.com\/wp-content\/uploads\/2025\/08\/Lesotho-1vv-3.jpg 1456w, https:\/\/www.sisinternational.com\/wp-content\/uploads\/2025\/08\/Lesotho-1vv-3-300x168.jpg 300w, https:\/\/www.sisinternational.com\/wp-content\/uploads\/2025\/08\/Lesotho-1vv-3-1024x574.jpg 1024w, https:\/\/www.sisinternational.com\/wp-content\/uploads\/2025\/08\/Lesotho-1vv-3-768x430.jpg 768w, https:\/\/www.sisinternational.com\/wp-content\/uploads\/2025\/08\/Lesotho-1vv-3-18x10.jpg 18w\" sizes=\"auto, (max-width: 1456px) 100vw, 1456px\"><\/figure>\n\n\n\n<p><\/p>\n\n\n\n<p>A \u00c1frica do Sul circunda o <a href=\"https:\/\/oec.world\/en\/profile\/country\/lso\" target=\"_blank\" rel=\"noopener\">antigo protetorado brit\u00e2nico agora conhecido como Lesoto<\/a> \u2013 uma situa\u00e7\u00e3o \u00fanica. Anteriormente conhecido como Basutoland, o Lesoto conquistou a independ\u00eancia em 1966. Atualmente, o Lesoto \u00e9 uma monarquia com uma economia integrada. Hoje, a maioria das fam\u00edlias vive da agricultura.<\/p>\n\n\n\n<h2 class=\"wp-block-heading\">Principais ind\u00fastrias no Lesoto<\/h2>\n\n\n\n<p>A economia do Lesoto concentra-se na produ\u00e7\u00e3o, agricultura, minera\u00e7\u00e3o e pecu\u00e1ria. Muitos Basoto, que \u00e9 o nome do povo do Lesoto, tamb\u00e9m dependem de remessas. Embora o Lesoto dependa da agricultura, muitas das suas terras n\u00e3o s\u00e3o ar\u00e1veis. Assim, muitos Basotho partem para trabalhar nas minas da \u00c1frica do Sul. Estas remessas prov\u00eam desses trabalhadores migrantes.<\/p>\n\n\n\n<p>As principais exporta\u00e7\u00f5es do Lesoto s\u00e3o recursos naturais e produtos manufaturados. O setor do vestu\u00e1rio \u00e9 uma das ind\u00fastrias prim\u00e1rias e emprega muitas trabalhadoras.<\/p>\n\n\n\n<h2 class=\"wp-block-heading\">Bairros<\/h2>\n\n\n\n<p>A capital e maior cidade do Lesoto \u00e9 Maseru. Encontra-se adjacente ao rio Caledon, mesmo na fronteira entre o Lesoto e a \u00c1frica do Sul. A cidade costumava ser um campo de pol\u00edcia e tornou-se a capital depois que o Lesoto se tornou um protetorado brit\u00e2nico em 1869. Maseru continuou a ser a capital em 1966, mesmo depois de o pa\u00eds ter obtido a sua independ\u00eancia. O nome da cidade significa \u201carenito vermelho\u201d, palavra derivada de uma palavra do Sesotho.<\/p>\n\n\n\n<h2 class=\"wp-block-heading\">Base de Consumidores no Lesoto<\/h2>\n\n\n\n<p>O termo \u201cmokhoro\u201d refere-se ao estilo de constru\u00e7\u00e3o do Lesoto. Muitas casas tradicionais, especialmente em pequenas aldeias e cidades, s\u00e3o de estilo mokhoro. Os Basotho costumam colar as paredes em grandes peda\u00e7os de cimento. Tijolos de barro, especialmente blocos de concreto, tamb\u00e9m s\u00e3o usados hoje. Os propriet\u00e1rios muitas vezes substituem os tradicionais telhados de palha por papel\u00e3o ondulado.<\/p>\n\n\n\n<p>O Lesoto tem recursos alimentares limitados, por isso a maioria das fam\u00edlias produz gado e alimentos para se alimentarem. Atualmente, a economia est\u00e1 em transi\u00e7\u00e3o. O pa\u00eds est\u00e1 a tentar acabar com esta depend\u00eancia da agricultura de subsist\u00eancia. Assim, vai se diversificando aos poucos, o que \u00e9 uma grande oportunidade para os investidores. Isto significar\u00e1 rendimentos mais elevados para o Basotho, pelo que o mercado local ser\u00e1 capaz de sustentar um neg\u00f3cio.<\/p>\n\n\n\n<h2 class=\"wp-block-heading\">Pontos fortes no mercado<\/h2>\n\n\n\n<p>A for\u00e7a do Lesoto est\u00e1 no turismo. \u00c9 um excelente local de f\u00e9rias para visitantes porque oferece o seguinte:<\/p>\n\n\n\n<ol class=\"wp-block-list\">\n<li>Experi\u00eancia da natureza africana. Lesoto \u00e9 o destino de viajantes exigentes e amantes de aventura. \u00c9 perfeito para quem quer algo diferente de f\u00e9rias de neg\u00f3cios.<\/li>\n\n\n\n<li>Paisagem c\u00eanica. Lesoto \u00e9 rico em vida selvagem \u00fanica e tamb\u00e9m possui belos riachos claros. \u00c9 um dos ambientes naturais mais limpos e imaculados da regi\u00e3o.<\/li>\n\n\n\n<li>Perto da \u00c1frica do Sul. Como mencionado anteriormente, a \u00c1frica do Sul rodeia o Lesoto. Na verdade, esta situa\u00e7\u00e3o apresenta muitas oportunidades. Em primeiro lugar, ajuda no desenvolvimento e crescimento da ind\u00fastria do turismo no Lesoto. A \u00c1frica do Sul recebe muitos turistas, dando ao Lesoto uma oportunidade \u00fanica. Pode aproveitar os pontos fortes do seu pa\u00eds vizinho. Na verdade, pode posicionar-se para se tornar um destino tur\u00edstico internacional. A \u00c1frica do Sul pode assim tornar-se a \u201cporta de entrada\u201d do Lesoto.<\/li>\n<\/ol>\n\n\n\n<h2 class=\"wp-block-heading\">Raz\u00f5es para expandir seu neg\u00f3cio no mercado<\/h2>\n\n\n\n<ol class=\"wp-block-list\">\n<li>Lesoto tem estabilidade pol\u00edtica. Assim, os investidores beneficiar\u00e3o da continuidade da pol\u00edtica. Esta estabilidade tamb\u00e9m permite que as empresas cres\u00e7am e prosperem. Os investidores podem planear a longo prazo sem terem de se preocupar com interrup\u00e7\u00f5es devido a convuls\u00f5es pol\u00edticas.<\/li>\n\n\n\n<li>As recentes reformas governamentais tiveram um efeito positivo na economia.<\/li>\n\n\n\n<li>Existem oportunidades de investimento nas seguintes \u00e1reas:\n<ol class=\"wp-block-list\">\n<li>Agricultura<\/li>\n\n\n\n<li>Infraestrutura e constru\u00e7\u00e3o<\/li>\n\n\n\n<li>Fabrica\u00e7\u00e3o<\/li>\n\n\n\n<li>TIC<\/li>\n\n\n\n<li>Energia renov\u00e1vel<\/li>\n\n\n\n<li>Servi\u00e7os financeiros<\/li>\n\n\n\n<li>Turismo<\/li>\n\n\n\n<li>Minera\u00e7\u00e3o<\/li>\n<\/ol>\n<\/li>\n\n\n\n<li>As paisagens deslumbrantes e as encostas nevadas do Lesoto s\u00e3o \u00f3timas para esquiar. Esses recursos podem promover o turismo.<\/li>\n\n\n\n<li>The \u201cAfrican Growth and Opportunity Act\u201d and the Continental Free Trade Area. These agreements provide a broader <a href=\"https:\/\/www.sisinternational.com\/pt\/o-mercado-africano-em-mudanca\/\" title=\"Pesquisa de oportunidades de mercado em \u00c1frica\" data-wpil-monitor-id=\"2802\">market for countries outside of South Africa<\/a>.<\/li>\n<\/ol>\n\n\n\n<h2 class=\"wp-block-heading\">Sobre pesquisa de mercado no Lesoto<\/h2>\n\n\n\n<p>Quer come\u00e7ar um neg\u00f3cio? Lesoto parece um lugar ideal? Ent\u00e3o esse artigo \u00e9 para voc\u00ea. Cri\u00e1mos grupos focais para os sectores privados africanos. Tamb\u00e9m podemos realizar <a href=\"https:\/\/www.sisinternational.com\/pt\/o-que-e-pesquisa-quantitativa\/\" target=\"_blank\" rel=\"noopener\">Quantitativo<\/a>, <a href=\"https:\/\/www.sisinternational.com\/pt\/o-que-e-pesquisa-qualitativa\/\" target=\"_blank\" rel=\"noopener\">Qualitativo<\/a>, e <a href=\"https:\/\/www.sisinternational.com\/pt\/solucoes\/consultoria-estrategica\/como-a-pesquisa-estrategica-pode-impulsionar-seu-desempenho\/\" target=\"_blank\" rel=\"noopener\">Pesquisa estrat\u00e9gica<\/a> para sua empresa. Assim voc\u00ea pode escolher o melhor setor para iniciar seu neg\u00f3cio. Resumindo, a nossa Pesquisa de Mercado pode garantir o sucesso do seu neg\u00f3cio.<\/p>\n\n\n\n<p><\/p>","protected":false},"excerpt":{"rendered":"<p>A for\u00e7a do Lesoto \u00e9 o turismo. O Lesoto \u00e9 uma monarquia com uma economia integrada. Hoje, a maioria das fam\u00edlias vive da agricultura.<\/p>","protected":false},"author":1,"featured_media":65365,"parent":14281,"menu_order":24,"comment_status":"closed","ping_status":"closed","template":"","meta":{"footnotes":""},"class_list":["post-37839","page","type-page","status-publish","has-post-thumbnail"],"_links":{"self":[{"href":"https:\/\/www.sisinternational.com\/pt\/wp-json\/wp\/v2\/pages\/37839","targetHints":{"allow":["GET"]}}],"collection":[{"href":"https:\/\/www.sisinternational.com\/pt\/wp-json\/wp\/v2\/pages"}],"about":[{"href":"https:\/\/www.sisinternational.com\/pt\/wp-json\/wp\/v2\/types\/page"}],"author":[{"embeddable":true,"href":"https:\/\/www.sisinternational.com\/pt\/wp-json\/wp\/v2\/users\/1"}],"replies":[{"embeddable":true,"href":"https:\/\/www.sisinternational.com\/pt\/wp-json\/wp\/v2\/comments?post=37839"}],"version-history":[{"count":4,"href":"https:\/\/www.sisinternational.com\/pt\/wp-json\/wp\/v2\/pages\/37839\/revisions"}],"predecessor-version":[{"id":77137,"href":"https:\/\/www.sisinternational.com\/pt\/wp-json\/wp\/v2\/pages\/37839\/revisions\/77137"}],"up":[{"embeddable":true,"href":"https:\/\/www.sisinternational.com\/pt\/wp-json\/wp\/v2\/pages\/14281"}],"wp:featuredmedia":[{"embeddable":true,"href":"https:\/\/www.sisinternational.com\/pt\/wp-json\/wp\/v2\/media\/65365"}],"wp:attachment":[{"href":"https:\/\/www.sisinternational.com\/pt\/wp-json\/wp\/v2\/media?parent=37839"}],"curies":[{"name":"wp","href":"https:\/\/api.w.org\/{rel}","templated":true}]}}