{"id":37837,"date":"2021-06-15T06:31:57","date_gmt":"2021-06-15T06:31:57","guid":{"rendered":"https:\/\/www.sisinternational.com\/?page_id=37837"},"modified":"2026-01-24T20:50:51","modified_gmt":"2026-01-25T01:50:51","slug":"pesquisa-de-mercado-no-quenia-africa","status":"publish","type":"page","link":"https:\/\/www.sisinternational.com\/pt\/cobertura\/pesquisa-de-mercado-africa\/pesquisa-de-mercado-no-quenia-africa\/","title":{"rendered":"Pesquisa de mercado no Qu\u00eania, \u00c1frica"},"content":{"rendered":"<h1 class=\"wp-block-heading\">Pesquisa de mercado no Qu\u00eania<\/h1>\n\n\n\n<figure class=\"gb-block-image gb-block-image-87484c04\"><img loading=\"lazy\" decoding=\"async\" width=\"1456\" height=\"816\" class=\"gb-image gb-image-87484c04\" src=\"https:\/\/www.sisinternational.com\/wp-content\/uploads\/2025\/08\/Kenya-2.jpg\" alt=\"Pesquisa e Estrat\u00e9gia de Mercado Internacional da SIS\" title=\"Kenya (2)\" srcset=\"https:\/\/www.sisinternational.com\/wp-content\/uploads\/2025\/08\/Kenya-2.jpg 1456w, https:\/\/www.sisinternational.com\/wp-content\/uploads\/2025\/08\/Kenya-2-300x168.jpg 300w, https:\/\/www.sisinternational.com\/wp-content\/uploads\/2025\/08\/Kenya-2-1024x574.jpg 1024w, https:\/\/www.sisinternational.com\/wp-content\/uploads\/2025\/08\/Kenya-2-768x430.jpg 768w, https:\/\/www.sisinternational.com\/wp-content\/uploads\/2025\/08\/Kenya-2-18x10.jpg 18w\" sizes=\"auto, (max-width: 1456px) 100vw, 1456px\"><\/figure>\n\n\n\n<p><\/p>\n\n\n\n<p>O <a href=\"https:\/\/oec.world\/en\/profile\/country\/ken\" target=\"_blank\" rel=\"noopener\">Rep\u00fablica do Qu\u00eania<\/a> \u00e9 um pa\u00eds da \u00c1frica Oriental localizado ao norte da Tanz\u00e2nia. Fica a leste de Uganda e a sudeste do Sud\u00e3o do Sul. A Eti\u00f3pia fica ao norte e a Som\u00e1lia ao nordeste. O Oceano \u00cdndico fica a sudeste.<\/p>\n\n\n\n<h2 class=\"wp-block-heading\">Principais ind\u00fastrias no Qu\u00eania<\/h2>\n\n\n\n<p>A economia queniana \u00e9 baseada na agricultura. A agricultura representa pouco mais de um ter\u00e7o do PIB. As exporta\u00e7\u00f5es tradicionais s\u00e3o ch\u00e1 e caf\u00e9. O Qu\u00e9nia tamb\u00e9m tem uma ind\u00fastria hort\u00edcola em crescimento.<\/p>\n\n\n\n<p>O setor agr\u00edcola consiste na produ\u00e7\u00e3o agr\u00edcola, horticultura, pecu\u00e1ria, silvicultura e pesca. A produ\u00e7\u00e3o de culturas e horticultura \u00e9 a que mais contribui para o PIB agr\u00edcola. Este sector constitui a espinha dorsal da economia queniana. Tamb\u00e9m oferece um meio de subsist\u00eancia para a popula\u00e7\u00e3o.<\/p>\n\n\n\n<p>The industrial sector is also a huge contributor to the GDP. The country has a well-developed industrial sector, and it is the <a href=\"https:\/\/www.sisinternational.com\/pt\/o-mercado-africano-em-mudanca\/\" title=\"Pesquisa de oportunidades de mercado em \u00c1frica\" data-wpil-monitor-id=\"2806\">market leader in East Africa<\/a>. This sector accounts for one-tenth of the GDP, and manufacturing is thriving.<\/p>\n\n\n\n<p>Os setores da constru\u00e7\u00e3o e imobili\u00e1rio tamb\u00e9m est\u00e3o em crescimento. Este crescimento deve-se em parte ao investimento governamental na infra-estrutura p\u00fablica. Os quenianos tamb\u00e9m est\u00e3o investindo dinheiro no setor imobili\u00e1rio.<\/p>\n\n\n\n<p>Devido \u00e0 pandemia da COVID-19, os especialistas esperam que o crescimento do Qu\u00e9nia diminua. O pa\u00eds reduziu o com\u00e9rcio. Al\u00e9m disso, o coronav\u00edrus perturbou as cadeias de abastecimento e a produ\u00e7\u00e3o dom\u00e9stica. Apesar disso, o governo continua esperan\u00e7oso. Continua a promover a educa\u00e7\u00e3o, o com\u00e9rcio e o investimento. Eles esperam que a economia possa continuar a tend\u00eancia ascendente observada antes da pandemia.<\/p>\n\n\n\n<h2 class=\"wp-block-heading\">Bairros no Qu\u00eania<\/h2>\n\n\n\n<p>O Qu\u00eania possui uma vasta flora e fauna, que fazem parte da beleza natural do pa\u00eds.<\/p>\n\n\n\n<p>As principais cidades do Qu\u00e9nia s\u00e3o Nairobi, Mombasa e Kisumu. Nair\u00f3bi, a capital, \u00e9 a maior. Esta cidade d\u00e1 uma homenagem ao seu passado colonial usando muitos nomes de lugares ingleses. Em Nairobi, os residentes mais ricos vivem geralmente nas regi\u00f5es oeste e centro-norte. Os colonos europeus residiram nestas regi\u00f5es durante a \u00e9poca colonial. Em contraste, os bairros de renda m\u00e9dia-baixa e m\u00e9dia-alta est\u00e3o nas \u00e1reas centro-norte da cidade.<\/p>\n\n\n\n<p>Momba\u00e7a, a segunda maior cidade, fica na costa sudeste do Qu\u00eania. \u00c9 de base tur\u00edstica e possui um aeroporto internacional. \u00c9 tamb\u00e9m o lar do terceiro maior porto da \u00c1frica.<\/p>\n\n\n\n<p>Kisumu, a terceira maior cidade, \u00e9 linda. A cidade est\u00e1 dando nova vida ao centro e \u00e0s \u00e1reas baixas da cidade com um projeto de rejuvenescimento urbano. Est\u00e1 atualizando a apar\u00eancia da orla do lago e diminuindo a aglomera\u00e7\u00e3o das ruas principais, facilitando a circula\u00e7\u00e3o dos pedestres.<\/p>\n\n\n\n<h2 class=\"wp-block-heading\">Tend\u00eancias<\/h2>\n\n\n\n<p>Durante a \u00faltima d\u00e9cada, o Qu\u00e9nia registou um grande crescimento econ\u00f3mico. Este crescimento deve-se \u00e0s reformas pol\u00edticas e econ\u00f3micas que realizou. Infelizmente, a pandemia em curso afetou esse crescimento.<\/p>\n\n\n\n<p>Os principais desafios do desenvolvimento incluem a pobreza e as altera\u00e7\u00f5es clim\u00e1ticas. O Qu\u00e9nia tamb\u00e9m tem uma sociedade desigual e os investimentos do sector privado s\u00e3o baixos.<\/p>\n\n\n\n<p>Por enquanto, as perspectivas econ\u00f3micas do Qu\u00e9nia s\u00e3o sombrias. Os economistas esperam que o pa\u00eds tenha uma recupera\u00e7\u00e3o lenta. A pandemia causou estragos nas exporta\u00e7\u00f5es e no turismo do Qu\u00e9nia. Tamb\u00e9m prejudicou outras atividades econ\u00f3micas nacionais. No entanto, o Qu\u00e9nia tem um plano de desenvolvimento a longo prazo que faz da ind\u00fastria transformadora uma prioridade. O plano tamb\u00e9m inclui cuidados de sa\u00fade universais, habita\u00e7\u00e3o acess\u00edvel e seguran\u00e7a alimentar.<\/p>\n\n\n\n<h2 class=\"wp-block-heading\">Benef\u00edcios e pontos fortes no mercado<\/h2>\n\n\n\n<p>The agricultural sector is the pride and joy of the Kenyan market. Kenya is the third-largest tea producer in the world. The services sector is also expanding. Its economy is crucial to the East-African community. It is <a href=\"https:\/\/www.sisinternational.com\/pt\/pesquisa-de-mercado-na-africa\/\" title=\"Pesquisa de Mercado em \u00c1frica\" data-wpil-monitor-id=\"2945\">Africa\u2019s number-one common market<\/a> and the seventh-largest African economy.<\/p>\n\n\n\n<h2 class=\"wp-block-heading\">Base de Consumidores no Qu\u00eania<\/h2>\n\n\n\n<p>Um pequeno n\u00famero de consumidores no Qu\u00e9nia beneficiou da r\u00e1pida expans\u00e3o da economia. Mas um n\u00famero muito maior viu pouco ou nenhum benef\u00edcio. Assim, sofrem os efeitos da infla\u00e7\u00e3o. A pobreza e a subnutri\u00e7\u00e3o continuam a ser problemas significativos para muitos quenianos.<\/p>\n\n\n\n<h2 class=\"wp-block-heading\">Raz\u00f5es para expandir o seu neg\u00f3cio no mercado queniano<\/h2>\n\n\n\n<p>Os mercados quenianos oferecem muitas oportunidades baratas para os investidores. O Qu\u00e9nia tem custos operacionais mais baixos do que outros mercados emergentes e os investidores t\u00eam, portanto, uma vantagem competitiva em termos de rendas e custos laborais.<\/p>\n\n\n\n<p>Al\u00e9m disso, o Qu\u00e9nia ocupa uma localiza\u00e7\u00e3o geogr\u00e1fica privilegiada. Tem acesso \u00e0s principais rotas mar\u00edtimas provenientes da Europa e da \u00c1sia. E o mercado queniano n\u00e3o est\u00e1 muito desenvolvido. Assim, novos neg\u00f3cios enfrentar\u00e3o falta de concorr\u00eancia durante o in\u00edcio. Esta situa\u00e7\u00e3o aumenta a possibilidade de crescimento r\u00e1pido num curto per\u00edodo. Novas empresas podem esperar obter apoio governamental. O governo est\u00e1 incentivando o crescimento em v\u00e1rios setores.<\/p>\n\n\n\n<h2 class=\"wp-block-heading\">Sobre pesquisa de mercado no Qu\u00eania<\/h2>\n\n\n\n<p>\u00c9 essencial fazer <a href=\"https:\/\/www.sisinternational.com\/pt\/o-que-e-pesquisa-quantitativa\/\" target=\"_blank\" rel=\"noopener\">Quantitativo<\/a>, <a href=\"https:\/\/www.sisinternational.com\/pt\/o-que-e-pesquisa-qualitativa\/\" target=\"_blank\" rel=\"noopener\">Qualitativo<\/a>, e <a href=\"https:\/\/www.sisinternational.com\/pt\/solucoes\/consultoria-estrategica\/como-a-pesquisa-estrategica-pode-impulsionar-seu-desempenho\/\" target=\"_blank\" rel=\"noopener\">Pesquisa de estrat\u00e9gia<\/a>. As empresas devem realizar estas verifica\u00e7\u00f5es antes de entrar em qualquer mercado. Fazer pesquisas de mercado sobre o Qu\u00e9nia \u00e9 particularmente crucial. Ajuda novas empresas a determinar a melhor estrat\u00e9gia de entrada no mercado.<\/p>\n\n\n\n<p>A pesquisa de mercado pode envolver visitas ao mercado. Estas visitas ajudam no envolvimento de potenciais parceiros locais. Eles ajudam na constru\u00e7\u00e3o de relacionamentos e na localiza\u00e7\u00e3o de oportunidades de mercado. A pesquisa de mercado tamb\u00e9m pode envolver grupos focais, entrevistas e pesquisas.<\/p>\n\n\n\n<p><\/p>","protected":false},"excerpt":{"rendered":"<p>Durante a \u00faltima d\u00e9cada, o Qu\u00e9nia registou um grande crescimento econ\u00f3mico. O sector agr\u00edcola \u00e9 o orgulho e a alegria do mercado queniano.<\/p>","protected":false},"author":1,"featured_media":65205,"parent":14281,"menu_order":23,"comment_status":"closed","ping_status":"closed","template":"","meta":{"footnotes":""},"class_list":["post-37837","page","type-page","status-publish","has-post-thumbnail"],"_links":{"self":[{"href":"https:\/\/www.sisinternational.com\/pt\/wp-json\/wp\/v2\/pages\/37837","targetHints":{"allow":["GET"]}}],"collection":[{"href":"https:\/\/www.sisinternational.com\/pt\/wp-json\/wp\/v2\/pages"}],"about":[{"href":"https:\/\/www.sisinternational.com\/pt\/wp-json\/wp\/v2\/types\/page"}],"author":[{"embeddable":true,"href":"https:\/\/www.sisinternational.com\/pt\/wp-json\/wp\/v2\/users\/1"}],"replies":[{"embeddable":true,"href":"https:\/\/www.sisinternational.com\/pt\/wp-json\/wp\/v2\/comments?post=37837"}],"version-history":[{"count":5,"href":"https:\/\/www.sisinternational.com\/pt\/wp-json\/wp\/v2\/pages\/37837\/revisions"}],"predecessor-version":[{"id":77272,"href":"https:\/\/www.sisinternational.com\/pt\/wp-json\/wp\/v2\/pages\/37837\/revisions\/77272"}],"up":[{"embeddable":true,"href":"https:\/\/www.sisinternational.com\/pt\/wp-json\/wp\/v2\/pages\/14281"}],"wp:featuredmedia":[{"embeddable":true,"href":"https:\/\/www.sisinternational.com\/pt\/wp-json\/wp\/v2\/media\/65205"}],"wp:attachment":[{"href":"https:\/\/www.sisinternational.com\/pt\/wp-json\/wp\/v2\/media?parent=37837"}],"curies":[{"name":"wp","href":"https:\/\/api.w.org\/{rel}","templated":true}]}}