{"id":37835,"date":"2021-06-15T06:23:17","date_gmt":"2021-06-15T06:23:17","guid":{"rendered":"https:\/\/www.sisinternational.com\/?page_id=37835"},"modified":"2025-09-14T16:14:45","modified_gmt":"2025-09-14T20:14:45","slug":"pesquisa-de-mercado-na-guine-bissau-africa","status":"publish","type":"page","link":"https:\/\/www.sisinternational.com\/pt\/cobertura\/pesquisa-de-mercado-africa\/pesquisa-de-mercado-na-guine-bissau-africa\/","title":{"rendered":"Pesquisa de Mercado na Guin\u00e9-Bissau, \u00c1frica"},"content":{"rendered":"<h1 class=\"wp-block-heading\">Pesquisa de Mercado na Guin\u00e9-Bissau<\/h1>\n\n\n\n<figure class=\"gb-block-image gb-block-image-74da283f\"><img loading=\"lazy\" decoding=\"async\" width=\"1456\" height=\"816\" class=\"gb-image gb-image-74da283f\" src=\"https:\/\/www.sisinternational.com\/wp-content\/uploads\/2025\/08\/Guinea-Bissau-2.jpg\" alt=\"Pesquisa e Estrat\u00e9gia de Mercado Internacional da SIS\" title=\"Guinea-Bissau (2)\" srcset=\"https:\/\/www.sisinternational.com\/wp-content\/uploads\/2025\/08\/Guinea-Bissau-2.jpg 1456w, https:\/\/www.sisinternational.com\/wp-content\/uploads\/2025\/08\/Guinea-Bissau-2-300x168.jpg 300w, https:\/\/www.sisinternational.com\/wp-content\/uploads\/2025\/08\/Guinea-Bissau-2-1024x574.jpg 1024w, https:\/\/www.sisinternational.com\/wp-content\/uploads\/2025\/08\/Guinea-Bissau-2-768x430.jpg 768w, https:\/\/www.sisinternational.com\/wp-content\/uploads\/2025\/08\/Guinea-Bissau-2-18x10.jpg 18w\" sizes=\"auto, (max-width: 1456px) 100vw, 1456px\"><\/figure>\n\n\n\n<p><\/p>\n\n\n\n<p><a href=\"https:\/\/oec.world\/en\/profile\/country\/gnb\" target=\"_blank\" rel=\"noopener\">A Guin\u00e9-Bissau \u00e9 um pa\u00eds de baixa altitude na \u00c1frica Ocidental<\/a>. \u00c9 uma das menores na\u00e7\u00f5es africanas, mas \u00e9 o lar de muitos animais e vida selvagem. Sua composi\u00e7\u00e3o geogr\u00e1fica consiste em \u00e1reas \u00famidas, florestas tropicais e savanas.<\/p>\n\n\n\n<p>A Guin\u00e9-Bissau faz fronteira com o Senegal, a Guin\u00e9 e o Oceano Atl\u00e2ntico. O Senegal fica ao norte e a Guin\u00e9 a sudeste. O Oceano Atl\u00e2ntico est\u00e1 a oeste.<\/p>\n\n\n\n<h2 class=\"wp-block-heading\">Ind\u00fastrias-chave na Guin\u00e9-Bissau<\/h2>\n\n\n\n<p>A Guin\u00e9-Bissau \u00e9 baseada na agricultura. A agricultura representa mais da metade do Produto Interno Bruto do pa\u00eds. \u00c9 uma fonte de rendimento para mais de tr\u00eas quartos da popula\u00e7\u00e3o. O caju \u00e9 a principal cultura utilizada para exporta\u00e7\u00e3o comercial e o fornecimento de terras, o amendoim e o \u00f3leo de palma s\u00e3o outros produtos essenciais. O mesmo acontece com a borracha, a copra e a madeira dura. A ind\u00fastria manufatureira contribui com uma parcela significativa para o Produto Interno Bruto do pa\u00eds.<\/p>\n\n\n\n<p>A pesca \u00e9 outra ind\u00fastria significativa. A maior parte das exporta\u00e7\u00f5es da Guin\u00e9-Bissau vai para os pa\u00edses asi\u00e1ticos, o que contribui para as divisas.<\/p>\n\n\n\n<p>A Guin\u00e9-Bissau tem potencial no desenvolvimento florestal, uma vez que as florestas cobrem cerca de tr\u00eas quintos do espa\u00e7o terrestre. Os moradores locais usam grande parte dessa madeira como combust\u00edvel local. O pa\u00eds tamb\u00e9m exporta pequenas quantidades de madeira serrada.<\/p>\n\n\n\n<h2 class=\"wp-block-heading\">Bairros na Guin\u00e9-Bissau<\/h2>\n\n\n\n<p>A capital da Guin\u00e9-Bissau \u00e9 Bissau. Bissau, que significa \u201ccorajoso como a on\u00e7a\u201d, fica na margem oeste do rio Geba. Faz fronteira com o Oceano Atl\u00e2ntico.<\/p>\n\n\n\n<p>Bissau, a cidade mais populosa do pa\u00eds, possui o Aeroporto Internacional Osvaldo Vieira e o Est\u00e1dio Novo de Bissau. A cidade abriga o porto principal, Porto Pidjiguiti. Um monumento desenhado como um punho negro gigante fica no cais. O punho comemora um massacre ocorrido em 1959.<\/p>\n\n\n\n<p>Bissau tem muitas atra\u00e7\u00f5es. Estes incluem o mercado prim\u00e1rio, Mercado de Bandim, e o Museu Etnogr\u00e1fico Nacional. Bons restaurantes e praias convidativas valorizam a cidade. Um espelho da guerra civil \u00e9 o Pal\u00e1cio Presidencial. Os visitantes s\u00e3o convidados a passear pelo terreno.<\/p>\n\n\n\n<p>Bafat\u00e1 \u00e9 outra cidade localizada no centro da Guin\u00e9-Bissau. Esta cidade \u00e9 sede da Diocese Cat\u00f3lica Romana de Bafat\u00e1. Uma pista de pouso, o Aeroporto de Bafat\u00e1, serve a cidade. Bafat\u00e1 \u00e9 famosa pela sua ind\u00fastria oleira e centro comercial.<\/p>\n\n\n\n<h2 class=\"wp-block-heading\">Tend\u00eancias<\/h2>\n\n\n\n<p>A taxa de desemprego da Guin\u00e9-Bissau continua a aumentar. Tamb\u00e9m h\u00e1 um aumento nos casos de COVID-19. Como resultado, o governo est\u00e1 tentando administrar vacinas. As coisas est\u00e3o a melhorar, \u00e0 medida que os Centros Africanos de Controlo de Doen\u00e7as confirmaram que est\u00e3o a decorrer ensaios de tratamento.<\/p>\n\n\n\n<p>A Guin\u00e9-Bissau tem uma ind\u00fastria de transforma\u00e7\u00e3o alimentar em r\u00e1pido crescimento. Em primeiro lugar, os investidores estabeleceram uma f\u00e1brica de processamento de arroz e amendoim. Depois, outros investidores tamb\u00e9m montaram uma refinaria de a\u00e7\u00facar, que auxilia na produ\u00e7\u00e3o eficaz de alimentos. Tamb\u00e9m ajuda a manter a economia do pa\u00eds funcionando.<\/p>\n\n\n\n<h2 class=\"wp-block-heading\">Benef\u00edcios e pontos fortes no mercado<\/h2>\n\n\n\n<figure class=\"gb-block-image gb-block-image-630a5743\"><img loading=\"lazy\" decoding=\"async\" width=\"1024\" height=\"574\" class=\"gb-image gb-image-630a5743\" src=\"https:\/\/www.sisinternational.com\/wp-content\/uploads\/2025\/08\/Guinea-Bissau-3-1024x574.jpg\" srcset=\"https:\/\/www.sisinternational.com\/wp-content\/uploads\/2025\/08\/Guinea-Bissau-3-1024x574.jpg 1024w, https:\/\/www.sisinternational.com\/wp-content\/uploads\/2025\/08\/Guinea-Bissau-3-300x168.jpg 300w, https:\/\/www.sisinternational.com\/wp-content\/uploads\/2025\/08\/Guinea-Bissau-3-768x430.jpg 768w, https:\/\/www.sisinternational.com\/wp-content\/uploads\/2025\/08\/Guinea-Bissau-3-18x10.jpg 18w, https:\/\/www.sisinternational.com\/wp-content\/uploads\/2025\/08\/Guinea-Bissau-3.jpg 1456w\" sizes=\"auto, (max-width: 1024px) 100vw, 1024px\" alt=\"Pesquisa e Estrat\u00e9gia de Mercado Internacional da SIS\"><\/figure>\n\n\n\n<p><\/p>\n\n\n\n<p>A Guin\u00e9-Bissau tem um excelente potencial agr\u00edcola, uma vez que o pa\u00eds possui solos f\u00e9rteis e elevada pluviosidade. A ex\u00f3tica cultura comercial, o caju, continua a dominar. Est\u00e1 a ganhar ampla aceita\u00e7\u00e3o na economia da Guin\u00e9-Bissau.<\/p>\n\n\n\n<h2 class=\"wp-block-heading\">Base de Consumidores na Guin\u00e9-Bissau<\/h2>\n\n\n\n<p>A Guin\u00e9-Bissau \u00e9 um dos pa\u00edses mais pobres e fr\u00e1geis do mundo. \u00c9 uma economia agr\u00e1ria e muitos moradores locais trabalham nesse setor. A ind\u00fastria pesqueira tamb\u00e9m \u00e9 vital para a economia nacional. Ainda assim, as coisas est\u00e3o melhorando. A economia est\u00e1 a crescer devido ao aumento da produ\u00e7\u00e3o de caju, o que significa mais rendimento dispon\u00edvel para todos.<\/p>\n\n\n\n<h2 class=\"wp-block-heading\">Raz\u00f5es para expandir o seu neg\u00f3cio com pesquisas de mercado na Guin\u00e9-Bissau<\/h2>\n\n\n\n<p>Dado que o caju \u00e9 a principal cultura comercial, existem preocupa\u00e7\u00f5es relacionadas com a biodiversidade. Os economistas tamb\u00e9m questionaram a sustentabilidade e a seguran\u00e7a alimentar do pa\u00eds. Portanto, existe potencial no cultivo de outras culturas alimentares.<\/p>\n\n\n\n<p>A produ\u00e7\u00e3o mineral \u00e9 outra ind\u00fastria em crescimento na Guin\u00e9-Bissau. A minera\u00e7\u00e3o de areia e cascalho \u00e9 em pequena escala. Mas o pa\u00eds quer desenvolver a ind\u00fastria mineira atrav\u00e9s de investimentos estrangeiros. Recentemente, foram descobertos dep\u00f3sitos de bauxita. A empresa Bauxite Angola comprometeu-se a investir centenas de milh\u00f5es de d\u00f3lares na explora\u00e7\u00e3o. Outros investidores s\u00e3o bem-vindos no setor.<\/p>\n\n\n\n<h2 class=\"wp-block-heading\">Sobre a Pesquisa de Mercado na Guin\u00e9-Bissau<\/h2>\n\n\n\n<p>Os investidores devem compreender o mercado da Guin\u00e9-Bissau. Um ponto forte \u00e9 que o pa\u00eds \u00e9 rico em recursos. Em contraste, um ponto fraco \u00e9 que a economia do pa\u00eds ainda \u00e9 vulner\u00e1vel. Grande parte dessa vulnerabilidade se deve \u00e0 instabilidade pol\u00edtica. Assim, os grupos focais desempenham um papel crucial na realiza\u00e7\u00e3o de pesquisas sobre o pa\u00eds para compreender o mercado. Eles tamb\u00e9m podem realizar entrevistas. <a href=\"https:\/\/www.sisinternational.com\/pt\/o-que-e-pesquisa-qualitativa\/\" target=\"_blank\" rel=\"noopener\">Qualitativo<\/a> e <a href=\"https:\/\/www.sisinternational.com\/pt\/o-que-e-pesquisa-quantitativa\/\" target=\"_blank\" rel=\"noopener\">Quantitativo<\/a> A pesquisa protege ainda mais os investidores. <a href=\"https:\/\/www.sisinternational.com\/pt\/solucoes\/consultoria-estrategica\/como-a-pesquisa-estrategica-pode-impulsionar-seu-desempenho\/\" target=\"_blank\" rel=\"noopener\">Pesquisa de estrat\u00e9gia<\/a> permite ao investidor conhecer a economia do pa\u00eds. Esse tipo de pesquisa \u00e9 uma grande ajuda no planejamento de neg\u00f3cios.<\/p>\n\n\n\n<p><\/p>","protected":false},"excerpt":{"rendered":"<p>A Guin\u00e9-Bissau tem um excelente potencial agr\u00edcola. O pa\u00eds tem solo f\u00e9rtil, muita pluviosidade e uma ind\u00fastria de processamento de alimentos em r\u00e1pido crescimento.<\/p>","protected":false},"author":1,"featured_media":65202,"parent":14281,"menu_order":22,"comment_status":"closed","ping_status":"closed","template":"","meta":{"_uag_custom_page_level_css":"","footnotes":""},"class_list":["post-37835","page","type-page","status-publish","has-post-thumbnail"],"uagb_featured_image_src":{"full":["https:\/\/www.sisinternational.com\/wp-content\/uploads\/2025\/08\/Guinea-Bissau-2.jpg",1456,816,false],"thumbnail":["https:\/\/www.sisinternational.com\/wp-content\/uploads\/2025\/08\/Guinea-Bissau-2-150x150.jpg",150,150,true],"medium":["https:\/\/www.sisinternational.com\/wp-content\/uploads\/2025\/08\/Guinea-Bissau-2-300x168.jpg",300,168,true],"medium_large":["https:\/\/www.sisinternational.com\/wp-content\/uploads\/2025\/08\/Guinea-Bissau-2-768x430.jpg",768,430,true],"large":["https:\/\/www.sisinternational.com\/wp-content\/uploads\/2025\/08\/Guinea-Bissau-2-1024x574.jpg",1024,574,true],"1536x1536":["https:\/\/www.sisinternational.com\/wp-content\/uploads\/2025\/08\/Guinea-Bissau-2.jpg",1456,816,false],"2048x2048":["https:\/\/www.sisinternational.com\/wp-content\/uploads\/2025\/08\/Guinea-Bissau-2.jpg",1456,816,false],"trp-custom-language-flag":["https:\/\/www.sisinternational.com\/wp-content\/uploads\/2025\/08\/Guinea-Bissau-2-18x10.jpg",18,10,true]},"uagb_author_info":{"display_name":"Ruth Stanat","author_link":"https:\/\/www.sisinternational.com\/pt\/author\/expert\/"},"uagb_comment_info":0,"uagb_excerpt":"Guinea-Bissau has excellent agricultural potential. The country has fertile soil, high rainfall, and a fast-growing food processing industry.","_links":{"self":[{"href":"https:\/\/www.sisinternational.com\/pt\/wp-json\/wp\/v2\/pages\/37835","targetHints":{"allow":["GET"]}}],"collection":[{"href":"https:\/\/www.sisinternational.com\/pt\/wp-json\/wp\/v2\/pages"}],"about":[{"href":"https:\/\/www.sisinternational.com\/pt\/wp-json\/wp\/v2\/types\/page"}],"author":[{"embeddable":true,"href":"https:\/\/www.sisinternational.com\/pt\/wp-json\/wp\/v2\/users\/1"}],"replies":[{"embeddable":true,"href":"https:\/\/www.sisinternational.com\/pt\/wp-json\/wp\/v2\/comments?post=37835"}],"version-history":[{"count":2,"href":"https:\/\/www.sisinternational.com\/pt\/wp-json\/wp\/v2\/pages\/37835\/revisions"}],"predecessor-version":[{"id":68518,"href":"https:\/\/www.sisinternational.com\/pt\/wp-json\/wp\/v2\/pages\/37835\/revisions\/68518"}],"up":[{"embeddable":true,"href":"https:\/\/www.sisinternational.com\/pt\/wp-json\/wp\/v2\/pages\/14281"}],"wp:featuredmedia":[{"embeddable":true,"href":"https:\/\/www.sisinternational.com\/pt\/wp-json\/wp\/v2\/media\/65202"}],"wp:attachment":[{"href":"https:\/\/www.sisinternational.com\/pt\/wp-json\/wp\/v2\/media?parent=37835"}],"curies":[{"name":"wp","href":"https:\/\/api.w.org\/{rel}","templated":true}]}}