{"id":37833,"date":"2021-06-15T06:17:32","date_gmt":"2021-06-15T06:17:32","guid":{"rendered":"https:\/\/www.sisinternational.com\/?page_id=37833"},"modified":"2025-09-14T16:16:20","modified_gmt":"2025-09-14T20:16:20","slug":"pesquisa-de-mercado-em-gana-africa","status":"publish","type":"page","link":"https:\/\/www.sisinternational.com\/pt\/cobertura\/pesquisa-de-mercado-africa\/pesquisa-de-mercado-em-gana-africa\/","title":{"rendered":"Pesquisa de mercado em Gana, \u00c1frica"},"content":{"rendered":"<h1 class=\"wp-block-heading\">Pesquisa de mercado em Gana, \u00c1frica<\/h1>\n\n\n\n<figure class=\"gb-block-image gb-block-image-c483eb15\"><img loading=\"lazy\" decoding=\"async\" width=\"1456\" height=\"816\" class=\"gb-image gb-image-c483eb15\" src=\"https:\/\/www.sisinternational.com\/wp-content\/uploads\/2025\/08\/Ghana-4.jpg\" alt=\"Pesquisa e Estrat\u00e9gia de Mercado Internacional da SIS\" title=\"Ghana, (4)\" srcset=\"https:\/\/www.sisinternational.com\/wp-content\/uploads\/2025\/08\/Ghana-4.jpg 1456w, https:\/\/www.sisinternational.com\/wp-content\/uploads\/2025\/08\/Ghana-4-300x168.jpg 300w, https:\/\/www.sisinternational.com\/wp-content\/uploads\/2025\/08\/Ghana-4-1024x574.jpg 1024w, https:\/\/www.sisinternational.com\/wp-content\/uploads\/2025\/08\/Ghana-4-768x430.jpg 768w, https:\/\/www.sisinternational.com\/wp-content\/uploads\/2025\/08\/Ghana-4-18x10.jpg 18w\" sizes=\"auto, (max-width: 1456px) 100vw, 1456px\"><\/figure>\n\n\n\n<p><\/p>\n\n\n\n<p><a href=\"https:\/\/oec.world\/en\/profile\/country\/gha\" target=\"_blank\" rel=\"noopener\">Localizado na costa do Golfo da Guin\u00e9, na \u00c1frica Ocidental<\/a>, Gana faz fronteira ao norte e noroeste com Burkina Faso. O Togo fica a leste, a Costa do Marfim a oeste e o Oceano Atl\u00e2ntico ao sul. O clima \u00e9 tropical. Embora multil\u00edngue, a l\u00edngua oficial de Gana \u00e9 o ingl\u00eas.<\/p>\n\n\n\n<p>Gana se destaca como um dos pa\u00edses l\u00edderes da \u00c1frica.<\/p>\n\n\n\n<p>Embora o povo do Gana possa pertencer a um grupo amplo com a fam\u00edlia africana, existem muitos subgrupos. A maior parte da popula\u00e7\u00e3o \u00e9 crist\u00e3 e um quinto \u00e9 mu\u00e7ulmana. Al\u00e9m disso, um pequeno segmento adere \u00e0s religi\u00f5es ind\u00edgenas tradicionais.<\/p>\n\n\n\n<h2 class=\"wp-block-heading\">Principais ind\u00fastrias em Gana<\/h2>\n\n\n\n<p>A agricultura, a silvicultura e a pesca s\u00e3o ind\u00fastrias vitais no Gana. Essas ind\u00fastrias empregam uma grande parte da popula\u00e7\u00e3o. O cultivo de cacau para obten\u00e7\u00e3o de gr\u00e3os de cacau representa mais da metade das terras ar\u00e1veis de Gana. Al\u00e9m disso, \u00e9 uma fonte significativa de receitas de exporta\u00e7\u00e3o do pa\u00eds e o Gana est\u00e1 entre os principais produtores mundiais de cacau. A madeira tamb\u00e9m \u00e9 um importante produto de exporta\u00e7\u00e3o. Al\u00e9m disso, as exporta\u00e7\u00f5es do Gana incluem a\u00e7\u00facar, caf\u00e9, \u00f3leo de palma, copra e diversas frutas e vegetais.<\/p>\n\n\n\n<p>Existe uma ind\u00fastria de vidro pequena, mas essencial. Al\u00e9m do vidro, o pa\u00eds produz cimento e alum\u00ednio.<\/p>\n\n\n\n<p>O mercado autom\u00f3vel do Gana ganhou um enorme valor em 2020. As proje\u00e7\u00f5es s\u00e3o de que aumentar\u00e1 ainda mais at\u00e9 2026.<\/p>\n\n\n\n<h2 class=\"wp-block-heading\">Bairros<\/h2>\n\n\n\n<p>Accra, localizada na costa, \u00e9 a capital de Gana e o centro comercial e educacional do pa\u00eds. Em primeiro lugar, a cidade est\u00e1 dividida em cinco regi\u00f5es geogr\u00e1ficas \u2013 Norte, Oeste, Leste, Central e Sul. Depois, possui onze \u00e1reas submetropolitanas, cada uma com uma caracter\u00edstica \u00fanica. Por exemplo, Central abriga os minist\u00e9rios e a parte mais animada de Accra.<\/p>\n\n\n\n<p>Kumasi, a cidade-jardim da \u00c1frica Ocidental, \u00e9 um importante centro comercial do centro-sul. Esta cidade, que \u00e9 a capital do hist\u00f3rico Imp\u00e9rio Ashanti, fica em uma regi\u00e3o de floresta tropical.<\/p>\n\n\n\n<p>A Zona Costeira \u00e9 de longe a menor das regi\u00f5es. \u00c9 onde se encontram pescadores e pequenos agricultores. A Zona Costeira tem mais centros urbanos do que qualquer outra regi\u00e3o do Gana.<\/p>\n\n\n\n<h2 class=\"wp-block-heading\">Tend\u00eancias<\/h2>\n\n\n\n<p>A pandemia da COVID-19 afectou o Gana com protocolos como o distanciamento social em vigor. Al\u00e9m disso, o Gana sofreu um duro golpe com o encerramento de centros de turismo e hospitalidade. O v\u00edrus sobrecarregou o sistema de sa\u00fade do Gana.<\/p>\n\n\n\n<p>O Gana pode transformar estes desafios em perspectivas e oportunidades. O governo est\u00e1 investindo na dinamiza\u00e7\u00e3o do setor sa\u00fade. Est\u00e1 tamb\u00e9m a criar apoio \u00e0s PME. Estas ind\u00fastrias proporcionam muitos empregos para muitos ganenses.<\/p>\n\n\n\n<h2 class=\"wp-block-heading\">Benef\u00edcios e pontos fortes do mercado<\/h2>\n\n\n\n<p>O mercado ganense \u00e9 rico em recursos naturais como ouro, diamantes, petr\u00f3leo e bauxita. Existem tamb\u00e9m ind\u00fastrias em desenvolvimento, como a do cinema.<\/p>\n\n\n\n<p>O Gana quer continuar a ser um dos pa\u00edses l\u00edderes da \u00c1frica Ocidental. O governo ajuda a desenvolver suas ind\u00fastrias pequenas e mais significativas. Tem prestado ainda mais apoio desde o in\u00edcio da pandemia. Um exemplo \u00e9 a aprova\u00e7\u00e3o do Projeto de Lei de Desenvolvimento e Classifica\u00e7\u00e3o de Filmes para promover sua florescente ind\u00fastria cinematogr\u00e1fica.<\/p>\n\n\n\n<h2 class=\"wp-block-heading\">Base de Consumidores<\/h2>\n\n\n\n<p>O Gana tem um excelente sistema educativo, um dos melhores da \u00c1frica Ocidental.<\/p>\n\n\n\n<p>O pa\u00eds tamb\u00e9m apresenta uma elevada taxa de crescimento. Cerca de dois ter\u00e7os dos ganenses t\u00eam menos de 30 anos. Ter uma popula\u00e7\u00e3o jovem implica que a elevada taxa de crescimento do pa\u00eds continuar\u00e1 por algum tempo. Embora baixa segundo os padr\u00f5es mundiais, a esperan\u00e7a de vida melhorou desde 1960. Est\u00e1 entre as mais elevadas da \u00c1frica Ocidental.<\/p>\n\n\n\n<h2 class=\"wp-block-heading\">Raz\u00f5es para expandir seus neg\u00f3cios por meio de pesquisas de mercado em Gana<\/h2>\n\n\n\n<p>O governo investe na sua ind\u00fastria, infra-estruturas e seguran\u00e7a alimentar, que s\u00e3o elementos cr\u00edticos para a recupera\u00e7\u00e3o econ\u00f3mica como parte da sua vis\u00e3o Gana Al\u00e9m da Ajuda. Este apoio ajuda a impulsionar as empresas locais. Tamb\u00e9m se concentra na produ\u00e7\u00e3o e consumo local. Investindo em Ghollywood, a ind\u00fastria cinematogr\u00e1fica ganense poderia ser frut\u00edfera.<\/p>\n\n\n\n<p>H\u00e1 tamb\u00e9m uma ind\u00fastria emergente na produ\u00e7\u00e3o e venda de autom\u00f3veis, que recebe ajuda do governo. \u00c9 um dos que mais crescem no mundo. At\u00e9 ao final de 2021, o Gana prev\u00ea que ser\u00e1 respons\u00e1vel por uma ampla parcela do PIB.<\/p>\n\n\n\n<h2 class=\"wp-block-heading\">Sobre pesquisa de mercado em Gana<\/h2>\n\n\n\n<p><a href=\"https:\/\/www.sisinternational.com\/pt\/o-que-e-pesquisa-qualitativa\/\" target=\"_blank\" rel=\"noopener\">Qualitativo<\/a> e <a href=\"https:\/\/www.sisinternational.com\/pt\/o-que-e-pesquisa-quantitativa\/\" target=\"_blank\" rel=\"noopener\">Quantitativo<\/a> A investiga\u00e7\u00e3o forneceria as informa\u00e7\u00f5es necess\u00e1rias sobre o Gana. Essa investiga\u00e7\u00e3o \u00e9 essencial tendo em conta a fraude e a corrup\u00e7\u00e3o anteriores com o governo.<\/p>\n\n\n\n<p>Detalhado <a href=\"https:\/\/www.sisinternational.com\/pt\/solucoes\/consultoria-estrategica\/como-a-pesquisa-estrategica-pode-impulsionar-seu-desempenho\/\" target=\"_blank\" rel=\"noopener\">Pesquisa Estrat\u00e9gica<\/a> tamb\u00e9m ajudaria se voc\u00ea estiver procurando explorar recursos naturais. Grupos focais, pesquisas e entrevistas geram insights cr\u00edticos sobre onde entrar no mercado.<\/p>\n\n\n\n<p><\/p>","protected":false},"excerpt":{"rendered":"<p>Gana se destaca como um dos pa\u00edses l\u00edderes da \u00c1frica. A agricultura, a silvicultura e a pesca s\u00e3o ind\u00fastrias vitais.<\/p>","protected":false},"author":1,"featured_media":65200,"parent":14281,"menu_order":21,"comment_status":"closed","ping_status":"closed","template":"","meta":{"footnotes":""},"class_list":["post-37833","page","type-page","status-publish","has-post-thumbnail"],"_links":{"self":[{"href":"https:\/\/www.sisinternational.com\/pt\/wp-json\/wp\/v2\/pages\/37833","targetHints":{"allow":["GET"]}}],"collection":[{"href":"https:\/\/www.sisinternational.com\/pt\/wp-json\/wp\/v2\/pages"}],"about":[{"href":"https:\/\/www.sisinternational.com\/pt\/wp-json\/wp\/v2\/types\/page"}],"author":[{"embeddable":true,"href":"https:\/\/www.sisinternational.com\/pt\/wp-json\/wp\/v2\/users\/1"}],"replies":[{"embeddable":true,"href":"https:\/\/www.sisinternational.com\/pt\/wp-json\/wp\/v2\/comments?post=37833"}],"version-history":[{"count":2,"href":"https:\/\/www.sisinternational.com\/pt\/wp-json\/wp\/v2\/pages\/37833\/revisions"}],"predecessor-version":[{"id":68519,"href":"https:\/\/www.sisinternational.com\/pt\/wp-json\/wp\/v2\/pages\/37833\/revisions\/68519"}],"up":[{"embeddable":true,"href":"https:\/\/www.sisinternational.com\/pt\/wp-json\/wp\/v2\/pages\/14281"}],"wp:featuredmedia":[{"embeddable":true,"href":"https:\/\/www.sisinternational.com\/pt\/wp-json\/wp\/v2\/media\/65200"}],"wp:attachment":[{"href":"https:\/\/www.sisinternational.com\/pt\/wp-json\/wp\/v2\/media?parent=37833"}],"curies":[{"name":"wp","href":"https:\/\/api.w.org\/{rel}","templated":true}]}}