{"id":37831,"date":"2021-06-15T06:04:58","date_gmt":"2021-06-15T06:04:58","guid":{"rendered":"https:\/\/www.sisinternational.com\/?page_id=37831"},"modified":"2025-09-14T16:20:22","modified_gmt":"2025-09-14T20:20:22","slug":"pesquisa-de-mercado-no-gabao-africa","status":"publish","type":"page","link":"https:\/\/www.sisinternational.com\/pt\/cobertura\/pesquisa-de-mercado-africa\/pesquisa-de-mercado-no-gabao-africa\/","title":{"rendered":"Pesquisa de mercado no Gab\u00e3o, \u00c1frica"},"content":{"rendered":"<h1 class=\"wp-block-heading\">Pesquisa de mercado no Gab\u00e3o<\/h1>\n\n\n\n<figure class=\"gb-block-image gb-block-image-820d3f6c\"><img loading=\"lazy\" decoding=\"async\" width=\"1456\" height=\"816\" class=\"gb-image gb-image-820d3f6c\" src=\"https:\/\/www.sisinternational.com\/wp-content\/uploads\/2025\/08\/Gabon-2.jpg\" alt=\"Pesquisa e Estrat\u00e9gia de Mercado Internacional da SIS\" title=\"Gabon (2)\" srcset=\"https:\/\/www.sisinternational.com\/wp-content\/uploads\/2025\/08\/Gabon-2.jpg 1456w, https:\/\/www.sisinternational.com\/wp-content\/uploads\/2025\/08\/Gabon-2-300x168.jpg 300w, https:\/\/www.sisinternational.com\/wp-content\/uploads\/2025\/08\/Gabon-2-1024x574.jpg 1024w, https:\/\/www.sisinternational.com\/wp-content\/uploads\/2025\/08\/Gabon-2-768x430.jpg 768w, https:\/\/www.sisinternational.com\/wp-content\/uploads\/2025\/08\/Gabon-2-18x10.jpg 18w\" sizes=\"auto, (max-width: 1456px) 100vw, 1456px\"><\/figure>\n\n\n\n<p><\/p>\n\n\n\n<h2 class=\"wp-block-heading\">Principais ind\u00fastrias<\/h2>\n\n\n\n<p>O Gab\u00e3o \u00e9 um pa\u00eds de rendimento m\u00e9dio-alto, com o petr\u00f3leo a contribuir para o seu produto interno bruto e divisas, e a minera\u00e7\u00e3o tamb\u00e9m \u00e9 uma ind\u00fastria essencial. O Gab\u00e3o \u00e9 o quinto maior produtor de petr\u00f3leo da \u00c1frica e o quarto maior produtor de mangan\u00eas da regi\u00e3o. A silvicultura tamb\u00e9m contribui para as receitas de exporta\u00e7\u00e3o do Gab\u00e3o. O mesmo acontece com a borracha, o turismo, a agricultura e a pesca.<\/p>\n\n\n\n<h2 class=\"wp-block-heading\">Bairros<\/h2>\n\n\n\n<p><a href=\"https:\/\/oec.world\/en\/profile\/country\/gab\" target=\"_blank\" rel=\"noopener\">O Gab\u00e3o \u00e9 uma na\u00e7\u00e3o da \u00c1frica Central<\/a> localizado na costa atl\u00e2ntica. Faz fronteira com Camar\u00f5es, Guin\u00e9 Equatorial e Rep\u00fablica do Congo.<\/p>\n\n\n\n<p>Camar\u00f5es fica ao norte do Gab\u00e3o. A Guin\u00e9 Equatorial fica a noroeste e a Rep\u00fablica do Congo fica a sudeste.<\/p>\n\n\n\n<p>Libreville \u00e9 a capital do Gab\u00e3o. \u00c9 tamb\u00e9m o desenvolvimento urbano mais populoso. Libreville fica perto do Golfo da Guin\u00e9, \u00e0s margens do rio Komo. Libreville acolhe o Palais L\u00e9on M&#039;ba, ponto de encontro do Parlamento do pa\u00eds. A cidade tamb\u00e9m abriga o Aeroporto Internacional de Libreville. O porto de Libreville tem uma pr\u00f3spera ind\u00fastria de constru\u00e7\u00e3o naval. Este porto mar\u00edtimo \u00e9 destinado \u00e0 exporta\u00e7\u00e3o de cacau, madeira e borracha.<\/p>\n\n\n\n<p>Port-Gentil \u00e9 a segunda cidade do Gab\u00e3o, que se estende ao longo da praia. Possui enormes plataformas de petr\u00f3leo e g\u00e1s.<\/p>\n\n\n\n<h2 class=\"wp-block-heading\">Tend\u00eancias no Gab\u00e3o<\/h2>\n\n\n\n<p>A riqueza de recursos naturais do Gab\u00e3o cria um caminho para neg\u00f3cios.<\/p>\n\n\n\n<p>O Gab\u00e3o cultiva madeiras nobres, algumas das quais s\u00e3o muito procuradas em todo o mundo. Exemplos s\u00e3o Okoume, Mogno, \u00c9bano e Tigerwood. No passado, a falta de infra-estruturas de transporte dificultou a explora\u00e7\u00e3o dos produtos florestais. Esta situa\u00e7\u00e3o mudou ap\u00f3s a constru\u00e7\u00e3o da Rodovia Ndjole Bitam e o desenvolvimento da Ferrovia Trans Gabon. O governo do Gab\u00e3o tamb\u00e9m incentivou a refloresta\u00e7\u00e3o e o desbaste selectivo das \u00e1rvores.<\/p>\n\n\n\n<h2 class=\"wp-block-heading\">Benef\u00edcios e pontos fortes no mercado<\/h2>\n\n\n\n<p>Os casos de COVID-19 no Gab\u00e3o diminu\u00edram e aumentaram, levando ao encerramento das fronteiras terrestres, exceto nas travessias aprovadas pelo governo. Situa\u00e7\u00f5es como estas podem impactar a venda internacional de petr\u00f3leo.<\/p>\n\n\n\n<p>O governo do Gab\u00e3o est\u00e1 a tomar medidas para diversificar a sua economia. Embora o turismo no Gab\u00e3o ainda esteja subdesenvolvido, existem muitas atra\u00e7\u00f5es tur\u00edsticas. Isso inclui instala\u00e7\u00f5es de pesca interior, praias, rios e montanhas. Os turistas gostam de visitar o Parque Nacional Crystal Mountains e as Cataratas do Rio Ogoou\u00e9, e um sistema de parques nacionais tamb\u00e9m est\u00e1 em desenvolvimento, promovendo o ecoturismo.<\/p>\n\n\n\n<h2 class=\"wp-block-heading\">Raz\u00f5es para expandir o seu neg\u00f3cio no Gab\u00e3o<\/h2>\n\n\n\n<p>Atualmente, mais de cinquenta empresas est\u00e3o explorando as florestas do Gab\u00e3o em busca de oportunidades na ind\u00fastria madeireira. O governo tamb\u00e9m est\u00e1 concedendo concess\u00f5es a potenciais investidores.<\/p>\n\n\n\n<p>O governo est\u00e1 considerando a diversifica\u00e7\u00e3o da economia. As medidas incluem torn\u00e1-lo um balc\u00e3o \u00fanico para investidores e introduzir um quadro de Parceria P\u00fablico-Privada (PPP) e um tribunal de arbitragem nacional.<\/p>\n\n\n\n<p>O Gab\u00e3o oferece agora directrizes para as ind\u00fastrias de hidrocarbonetos e mineira, tornando-as mais transparentes e favor\u00e1veis aos investidores.<\/p>\n\n\n\n<h2 class=\"wp-block-heading\">Sobre pesquisa de mercado no Gab\u00e3o<\/h2>\n\n\n\n<p>Poverty and the unemployment rate in Gabon are significant challenges. These problems are due to high levels of corruption. Thus, Focus Groups have a crucial role in safeguarding investors. That\u2019s why it\u2019s essential to conduct surveys on each country to understand the market. Qualitative and Quantitative Research also helps business owners. Investors can determine if an investment in Gabon\u2019s economy will be worthwhile.<\/p>\n\n\n\n<p>A investiga\u00e7\u00e3o estrat\u00e9gica tamb\u00e9m permite ao investidor realizar um estudo sistem\u00e1tico da economia do pa\u00eds. Por exemplo, um investidor est\u00e1 a considerar investir em combust\u00edveis f\u00f3sseis. Esse investidor ter\u00e1 que estar atento aos recursos que est\u00e3o dispon\u00edveis no pa\u00eds. Ele ou ela tamb\u00e9m precisar\u00e1 saber sua localiza\u00e7\u00e3o. O investidor tamb\u00e9m deve considerar a concorr\u00eancia que existe na \u00e1rea espec\u00edfica. O equipamento necess\u00e1rio para realizar os testes \u00e9 outra decis\u00e3o estrat\u00e9gica cr\u00edtica. O mesmo acontece com o conhecimento dos canais legais adequados.<\/p>\n\n\n\n<p>Voc\u00ea est\u00e1 pensando em investir no Gab\u00e3o? Estamos felizes em fornecer <a href=\"https:\/\/www.sisinternational.com\/pt\/o-que-e-pesquisa-quantitativa\/\" target=\"_blank\" rel=\"noopener\">Quantitativo<\/a>, <a href=\"https:\/\/www.sisinternational.com\/pt\/o-que-e-pesquisa-qualitativa\/\" target=\"_blank\" rel=\"noopener\">Qualitativo<\/a>, e <a href=\"https:\/\/www.sisinternational.com\/pt\/solucoes\/consultoria-estrategica\/como-a-pesquisa-estrategica-pode-impulsionar-seu-desempenho\/\" target=\"_blank\" rel=\"noopener\">Pesquisa estrat\u00e9gica<\/a>. We can help you decide on your plan of action. Contact us now for a consultation.<\/p>","protected":false},"excerpt":{"rendered":"<p>O Gab\u00e3o est\u00e1 a tomar medidas para diversificar a sua economia. h\u00e1 muitos atrativos tur\u00edsticos com instala\u00e7\u00f5es de pesca, praias, rios e montanhas.<\/p>","protected":false},"author":1,"featured_media":65191,"parent":14281,"menu_order":20,"comment_status":"closed","ping_status":"closed","template":"","meta":{"footnotes":""},"class_list":["post-37831","page","type-page","status-publish","has-post-thumbnail"],"_links":{"self":[{"href":"https:\/\/www.sisinternational.com\/pt\/wp-json\/wp\/v2\/pages\/37831","targetHints":{"allow":["GET"]}}],"collection":[{"href":"https:\/\/www.sisinternational.com\/pt\/wp-json\/wp\/v2\/pages"}],"about":[{"href":"https:\/\/www.sisinternational.com\/pt\/wp-json\/wp\/v2\/types\/page"}],"author":[{"embeddable":true,"href":"https:\/\/www.sisinternational.com\/pt\/wp-json\/wp\/v2\/users\/1"}],"replies":[{"embeddable":true,"href":"https:\/\/www.sisinternational.com\/pt\/wp-json\/wp\/v2\/comments?post=37831"}],"version-history":[{"count":2,"href":"https:\/\/www.sisinternational.com\/pt\/wp-json\/wp\/v2\/pages\/37831\/revisions"}],"predecessor-version":[{"id":68520,"href":"https:\/\/www.sisinternational.com\/pt\/wp-json\/wp\/v2\/pages\/37831\/revisions\/68520"}],"up":[{"embeddable":true,"href":"https:\/\/www.sisinternational.com\/pt\/wp-json\/wp\/v2\/pages\/14281"}],"wp:featuredmedia":[{"embeddable":true,"href":"https:\/\/www.sisinternational.com\/pt\/wp-json\/wp\/v2\/media\/65191"}],"wp:attachment":[{"href":"https:\/\/www.sisinternational.com\/pt\/wp-json\/wp\/v2\/media?parent=37831"}],"curies":[{"name":"wp","href":"https:\/\/api.w.org\/{rel}","templated":true}]}}