{"id":37829,"date":"2021-06-15T06:00:03","date_gmt":"2021-06-15T06:00:03","guid":{"rendered":"https:\/\/www.sisinternational.com\/?page_id=37829"},"modified":"2026-01-27T15:24:05","modified_gmt":"2026-01-27T20:24:05","slug":"pesquisa-de-mercado-na-etiopia-africa","status":"publish","type":"page","link":"https:\/\/www.sisinternational.com\/pt\/cobertura\/pesquisa-de-mercado-africa\/pesquisa-de-mercado-na-etiopia-africa\/","title":{"rendered":"Pesquisa de mercado na Eti\u00f3pia, \u00c1frica"},"content":{"rendered":"<h1 class=\"wp-block-heading\">Pesquisa de mercado na Eti\u00f3pia<\/h1>\n\n\n\n<figure class=\"gb-block-image gb-block-image-9b9ae45b\"><img loading=\"lazy\" decoding=\"async\" width=\"1456\" height=\"816\" class=\"gb-image gb-image-9b9ae45b\" src=\"https:\/\/www.sisinternational.com\/wp-content\/uploads\/2025\/08\/Ethiopia-2.jpg\" alt=\"Pesquisa e Estrat\u00e9gia de Mercado Internacional da SIS\" title=\"Ethiopia (2)\" srcset=\"https:\/\/www.sisinternational.com\/wp-content\/uploads\/2025\/08\/Ethiopia-2.jpg 1456w, https:\/\/www.sisinternational.com\/wp-content\/uploads\/2025\/08\/Ethiopia-2-300x168.jpg 300w, https:\/\/www.sisinternational.com\/wp-content\/uploads\/2025\/08\/Ethiopia-2-1024x574.jpg 1024w, https:\/\/www.sisinternational.com\/wp-content\/uploads\/2025\/08\/Ethiopia-2-768x430.jpg 768w, https:\/\/www.sisinternational.com\/wp-content\/uploads\/2025\/08\/Ethiopia-2-18x10.jpg 18w\" sizes=\"auto, (max-width: 1456px) 100vw, 1456px\"><\/figure>\n\n\n\n<p><\/p>\n\n\n\n<h2 class=\"wp-block-heading\">Principais ind\u00fastrias<\/h2>\n\n\n\n<p><a href=\"https:\/\/oec.world\/en\/profile\/country\/eth\" target=\"_blank\" rel=\"noopener\">A Eti\u00f3pia tem um mercado misto com um vasto setor p\u00fablico<\/a>, therefore, it is&nbsp;moving toward a market economy and is privatizing several of its state-owned enterprises. Government-owned companies dominate the telecommunication, banking, and transportation sectors of the economy.<\/p>\n\n\n\n<p>A Eti\u00f3pia produz a maior quantidade de caf\u00e9 do continente africano. O pa\u00eds possui um grande n\u00famero de bovinos, por isso est\u00e1 em quinto lugar em invent\u00e1rio de gado. Seus outros produtos exportados s\u00e3o produtos de couro, khat, sementes oleaginosas e ouro. A Eti\u00f3pia desenvolveu recentemente o seu setor de floricultura e poder\u00e1 em breve estar no topo dos exportadores de plantas e flores em todo o mundo.<\/p>\n\n\n\n<h2 class=\"wp-block-heading\">Bairros<\/h2>\n\n\n\n<p>A maior e capital da Eti\u00f3pia \u00e9 Adis Abeba e fica em um planalto cercado por montanhas. Adis Abeba est\u00e1 no centro geogr\u00e1fico do pa\u00eds.<\/p>\n\n\n\n<p>Adis Abeba \u00e9 a capital da Eti\u00f3pia desde o final do s\u00e9culo XIX. Durante os primeiros anos, parecia mais um acampamento militar do que uma cidade. O pal\u00e1cio do imperador era o foco principal; havia apenas um ex\u00e9rcito guardando o pal\u00e1cio. A popula\u00e7\u00e3o cresceu desde ent\u00e3o. A cidade \u00e9 linda com a caracter\u00edstica \u00fanica dos eucaliptos importados da Austr\u00e1lia pontilhando a paisagem urbana.<\/p>\n\n\n\n<h2 class=\"wp-block-heading\">Tend\u00eancias, base de consumidores na Eti\u00f3pia<\/h2>\n\n\n\n<p>Nos \u00faltimos anos, o com\u00e9rcio bilateral entre a Eti\u00f3pia e a China aumentou, como resultado, a Eti\u00f3pia \u00e9 um dos pa\u00edses africanos que mais cresce. O seu com\u00e9rcio com a China tem demonstrado um crescimento r\u00e1pido e sustentado. Houve muitas exporta\u00e7\u00f5es da China para a Eti\u00f3pia.<\/p>\n\n\n\n<p>Another trend is in the light industry, textiles, and apparel products, as a result, these products have a large share of <a href=\"https:\/\/www.sisinternational.com\/pt\/pesquisa-de-mercado-no-oriente-medio\/\" title=\"Pesquisa de mercado no Oriente M\u00e9dio\" data-wpil-monitor-id=\"7337\">middle and low-end markets<\/a> in Ethiopia.<\/p>\n\n\n\n<p>Houve um aumento acentuado na compra de bens de consumo, como eletrodom\u00e9sticos, m\u00e1quinas eletr\u00f4nicas e produtos de alta tecnologia.<\/p>\n\n\n\n<h2 class=\"wp-block-heading\">Esporte<\/h2>\n\n\n\n<p>Os principais esportes da Eti\u00f3pia s\u00e3o o futebol e o atletismo (especialmente corrida de longa dist\u00e2ncia).<\/p>\n\n\n\n<h2 class=\"wp-block-heading\">Cozinha na Eti\u00f3pia<\/h2>\n\n\n\n<p>O prato et\u00edope mais conhecido \u00e9 o injera e os et\u00edopes servem este grande p\u00e3o s\u00edrio com v\u00e1rios tipos de ensopados de carne grossos. Eles tamb\u00e9m comem com acompanhamentos de vegetais. Muitos et\u00edopes n\u00e3o se preocupam com utens\u00edlios, por exemplo, pegam a comida com injera. Na Eti\u00f3pia \u00e9 comum comer com um grupo de pessoas. Haveria um prato no centro da mesa para todos compartilharem. Tamb\u00e9m \u00e9 uma pr\u00e1tica comum transferir alimentos para outras pessoas do grupo com as pr\u00f3prias m\u00e3os. Esta tradi\u00e7\u00e3o \u00e9 o \u201cgursha\u201d.<\/p>\n\n\n\n<h2 class=\"wp-block-heading\">Pontos fortes no mercado<\/h2>\n\n\n\n<ul class=\"wp-block-list\">\n<li>Desempenho fant\u00e1stico no crescimento e na redu\u00e7\u00e3o da pobreza<\/li>\n\n\n\n<li>Grande Mercado<\/li>\n\n\n\n<li>Investimento p\u00fablico no desenvolvimento de infraestruturas<\/li>\n\n\n\n<li>Centro de avia\u00e7\u00e3o<\/li>\n\n\n\n<li>Possibilidades de energia hidrel\u00e9trica, minera\u00e7\u00e3o (fosfato, hidrocarbonetos) e turismo<\/li>\n<\/ul>\n\n\n\n<h2 class=\"wp-block-heading\">Raz\u00f5es para expandir o seu neg\u00f3cio na Eti\u00f3pia.<\/h2>\n\n\n\n<figure class=\"gb-block-image gb-block-image-bc18131f\"><img loading=\"lazy\" decoding=\"async\" width=\"1456\" height=\"816\" class=\"gb-image gb-image-bc18131f\" src=\"https:\/\/www.sisinternational.com\/wp-content\/uploads\/2025\/08\/Ethiopia-1.jpg\" alt=\"Pesquisa e Estrat\u00e9gia de Mercado Internacional da SIS\" title=\"Ethiopia (1)\" srcset=\"https:\/\/www.sisinternational.com\/wp-content\/uploads\/2025\/08\/Ethiopia-1.jpg 1456w, https:\/\/www.sisinternational.com\/wp-content\/uploads\/2025\/08\/Ethiopia-1-300x168.jpg 300w, https:\/\/www.sisinternational.com\/wp-content\/uploads\/2025\/08\/Ethiopia-1-1024x574.jpg 1024w, https:\/\/www.sisinternational.com\/wp-content\/uploads\/2025\/08\/Ethiopia-1-768x430.jpg 768w, https:\/\/www.sisinternational.com\/wp-content\/uploads\/2025\/08\/Ethiopia-1-18x10.jpg 18w\" sizes=\"auto, (max-width: 1456px) 100vw, 1456px\"><\/figure>\n\n\n\n<ul class=\"wp-block-list\">\n<li>A sua localiza\u00e7\u00e3o entre a \u00c1sia e a Europa d\u00e1 uma vantagem, por isso, devido a esta localiza\u00e7\u00e3o, a Eti\u00f3pia tornou-se um destino industrial. Est\u00e1 indo muito bem no setor de pronto-a-vestir (RMG).<\/li>\n\n\n\n<li>Privatiza\u00e7\u00e3o total e parcial de empresas estatais<\/li>\n\n\n\n<li>Introdu\u00e7\u00e3o e implementa\u00e7\u00e3o de reformas econ\u00f3micas locais<\/li>\n\n\n\n<li>Liberaliza\u00e7\u00e3o dos setores de avia\u00e7\u00e3o, log\u00edstica e telecomunica\u00e7\u00f5es<\/li>\n<\/ul>\n\n\n\n<h2 class=\"wp-block-heading\">Sobre pesquisa de mercado na Eti\u00f3pia<\/h2>\n\n\n\n<p>Voc\u00ea est\u00e1 pensando em come\u00e7ar um neg\u00f3cio? A Eti\u00f3pia parece o local ideal? Se sim, este artigo \u00e9 para voc\u00ea. O SIS prepara Grupos Focais para empresas comerciais em \u00c1frica. Podemos realizar <a href=\"https:\/\/www.sisinternational.com\/pt\/o-que-e-pesquisa-quantitativa\/\" target=\"_blank\" rel=\"noopener\">Quantitativo<\/a>, <a href=\"https:\/\/www.sisinternational.com\/pt\/o-que-e-pesquisa-qualitativa\/\" target=\"_blank\" rel=\"noopener\">Qualitativo<\/a>, e <a href=\"https:\/\/www.sisinternational.com\/pt\/solucoes\/consultoria-estrategica\/como-a-pesquisa-estrategica-pode-impulsionar-seu-desempenho\/\" target=\"_blank\" rel=\"noopener\">Pesquisa Estrat\u00e9gica<\/a> para sua empresa, o que lhe permitir\u00e1 escolher o melhor setor para iniciar seu neg\u00f3cio. O SIS tamb\u00e9m pode acumular registros essenciais para voc\u00ea e sua empresa para garantir seu sucesso.<\/p>\n\n\n\n<p>Esperamos que este artigo lhe ofere\u00e7a a orienta\u00e7\u00e3o necess\u00e1ria para obter ganhos monet\u00e1rios na Eti\u00f3pia.<\/p>","protected":false},"excerpt":{"rendered":"<p>Nos \u00faltimos anos, o com\u00e9rcio bilateral entre a Eti\u00f3pia e a China aumentou. A Eti\u00f3pia \u00e9 um dos pa\u00edses africanos que mais cresce.<\/p>","protected":false},"author":1,"featured_media":65188,"parent":14281,"menu_order":19,"comment_status":"closed","ping_status":"closed","template":"","meta":{"footnotes":""},"class_list":["post-37829","page","type-page","status-publish","has-post-thumbnail"],"_links":{"self":[{"href":"https:\/\/www.sisinternational.com\/pt\/wp-json\/wp\/v2\/pages\/37829","targetHints":{"allow":["GET"]}}],"collection":[{"href":"https:\/\/www.sisinternational.com\/pt\/wp-json\/wp\/v2\/pages"}],"about":[{"href":"https:\/\/www.sisinternational.com\/pt\/wp-json\/wp\/v2\/types\/page"}],"author":[{"embeddable":true,"href":"https:\/\/www.sisinternational.com\/pt\/wp-json\/wp\/v2\/users\/1"}],"replies":[{"embeddable":true,"href":"https:\/\/www.sisinternational.com\/pt\/wp-json\/wp\/v2\/comments?post=37829"}],"version-history":[{"count":3,"href":"https:\/\/www.sisinternational.com\/pt\/wp-json\/wp\/v2\/pages\/37829\/revisions"}],"predecessor-version":[{"id":80982,"href":"https:\/\/www.sisinternational.com\/pt\/wp-json\/wp\/v2\/pages\/37829\/revisions\/80982"}],"up":[{"embeddable":true,"href":"https:\/\/www.sisinternational.com\/pt\/wp-json\/wp\/v2\/pages\/14281"}],"wp:featuredmedia":[{"embeddable":true,"href":"https:\/\/www.sisinternational.com\/pt\/wp-json\/wp\/v2\/media\/65188"}],"wp:attachment":[{"href":"https:\/\/www.sisinternational.com\/pt\/wp-json\/wp\/v2\/media?parent=37829"}],"curies":[{"name":"wp","href":"https:\/\/api.w.org\/{rel}","templated":true}]}}