{"id":37827,"date":"2021-06-15T05:19:21","date_gmt":"2021-06-15T05:19:21","guid":{"rendered":"https:\/\/www.sisinternational.com\/?page_id=37827"},"modified":"2026-01-25T19:05:52","modified_gmt":"2026-01-26T00:05:52","slug":"pesquisa-de-mercado-em-eswatini-africa","status":"publish","type":"page","link":"https:\/\/www.sisinternational.com\/pt\/cobertura\/pesquisa-de-mercado-africa\/pesquisa-de-mercado-em-eswatini-africa\/","title":{"rendered":"Pesquisa de mercado em Eswatini, \u00c1frica"},"content":{"rendered":"<h1 class=\"wp-block-heading\">Pesquisa de mercado em Essuat\u00edni<\/h1>\n\n\n\n<figure class=\"gb-block-image gb-block-image-fa00031d\"><img loading=\"lazy\" decoding=\"async\" width=\"1456\" height=\"816\" class=\"gb-image gb-image-fa00031d\" src=\"https:\/\/www.sisinternational.com\/wp-content\/uploads\/2025\/08\/Eswatini-1.jpg\" alt=\"Pesquisa e Estrat\u00e9gia de Mercado Internacional da SIS\" title=\"Eswatini, (1)\" srcset=\"https:\/\/www.sisinternational.com\/wp-content\/uploads\/2025\/08\/Eswatini-1.jpg 1456w, https:\/\/www.sisinternational.com\/wp-content\/uploads\/2025\/08\/Eswatini-1-300x168.jpg 300w, https:\/\/www.sisinternational.com\/wp-content\/uploads\/2025\/08\/Eswatini-1-1024x574.jpg 1024w, https:\/\/www.sisinternational.com\/wp-content\/uploads\/2025\/08\/Eswatini-1-768x430.jpg 768w, https:\/\/www.sisinternational.com\/wp-content\/uploads\/2025\/08\/Eswatini-1-18x10.jpg 18w\" sizes=\"auto, (max-width: 1456px) 100vw, 1456px\"><\/figure>\n\n\n\n<p><\/p>\n\n\n\n<p>O min\u00fasculo <a href=\"https:\/\/oec.world\/en\/profile\/country\/swz\" target=\"_blank\" rel=\"noopener\">Reino de Eswatini ou Suazil\u00e2ndia<\/a> est\u00e1 no sul do continente africano. As Rep\u00fablicas de Mo\u00e7ambique e da \u00c1frica do Sul rodeiam esta na\u00e7\u00e3o sem litoral. Eswatini fascina ge\u00f3logos e visitantes porque abriga forma\u00e7\u00f5es rochosas \u00fanicas e belas paisagens montanhosas. O reino tamb\u00e9m abriga \u00e1reas protegidas repletas de v\u00e1rios animais selvagens, p\u00e1ssaros e flora.<\/p>\n\n\n\n<p>As l\u00ednguas oficiais de Eswatini s\u00e3o o SiSwati e o ingl\u00eas. O pa\u00eds baseia a sua religi\u00e3o nos esp\u00edritos dos seus antepassados, e os habitantes suazis adoram um criador e Deus supremo conhecido como Mvelincanti.<\/p>\n\n\n\n<h2 class=\"wp-block-heading\">Principais ind\u00fastrias<\/h2>\n\n\n\n<p>As principais ind\u00fastrias do Reino de Eswatini s\u00e3o a agricultura e o turismo, como resultado, a agricultura fornece a maior parte das mat\u00e9rias-primas para as ind\u00fastrias transformadoras locais e traz a maior parte dos rendimentos para o pa\u00eds. No entanto, a pandemia da COVID-19 mudou o jogo e levou a uma redu\u00e7\u00e3o for\u00e7ada dos gastos governamentais.<\/p>\n\n\n\n<p>South <a href=\"https:\/\/www.sisinternational.com\/pt\/o-mercado-africano-em-mudanca\/\" title=\"Pesquisa de oportunidades de mercado em \u00c1frica\" data-wpil-monitor-id=\"2810\">Africa provides the primary market<\/a> for Swazi products. It buys Swazi sugar, cotton, citrus fruits, corn, and canned products.<\/p>\n\n\n\n<p>O turismo tamb\u00e9m \u00e9 um aspecto essencial da economia. A rica heran\u00e7a de Eswatini atrai visitantes de todo o mundo e muitos participam em passeios e visitas a reservas de vida selvagem. Outras atra\u00e7\u00f5es incluem:<\/p>\n\n\n\n<ul class=\"wp-block-list\">\n<li>Forma\u00e7\u00f5es rochosas.<\/li>\n\n\n\n<li>Os tradicionais mercados de artesanato suazi.<\/li>\n\n\n\n<li>O Santu\u00e1rio de Vida Selvagem de Mlilwane.<\/li>\n\n\n\n<li>A Aldeia Cultural Suazi.<\/li>\n<\/ul>\n\n\n\n<h2 class=\"wp-block-heading\">Bairros<\/h2>\n\n\n\n<p>A capital de Eswatini \u00e9 Mbabane e a principal \u00e1rea industrial \u00e9 Matsapa. O pa\u00eds tem quatro \u00e1reas principais: Hhohho, Lubombo, Manzini e Shiselweni. As regi\u00f5es mais populosas s\u00e3o Manzini e Hhohho, e as menos povoadas s\u00e3o Shiselweni e Lubombo. A menor prov\u00edncia de Eswatini \u00e9 Lubombo, uma \u00e1rea montanhosa pitoresca. Lubombo apoia actividades naturais e agr\u00edcolas.<\/p>\n\n\n\n<h2 class=\"wp-block-heading\">Tend\u00eancias<\/h2>\n\n\n\n<p>Unemployment in eSwatini was high even before the COVID-19 pandemic. The economy started to recover in the second half of 2020, however, the recovery was most evident in the service and industry sectors. But, domestic revenue is still on the decline. The informal sector expanded due to the effects of the pandemic. This sector is necessary for the survival of households. But many of these micro businesses have no safety net. They cannot withstand further economic losses.<\/p>\n\n\n\n<h2 class=\"wp-block-heading\">Pontos fortes do mercado em Eswatini<\/h2>\n\n\n\n<p>What makes the market of Eswatini strong? Above all, it&#8217;s the country\u2019s natural resources. These resources include sugar, food products, wood pulp, and wildlife, and provide a solid basis for its lucrative trade and exports to South Africa.<\/p>\n\n\n\n<h2 class=\"wp-block-heading\">Base de Consumidores<\/h2>\n\n\n\n<p>Subsistence farming is a massive aspect of Eswatini\u2019s economy, and over 70 percent of the country\u2019s population relies on it. In recent times, The Swaziland Agricultural Project has moved to improve food security because it wants to transform agriculture into a more robust sector.<\/p>\n\n\n\n<h2 class=\"wp-block-heading\">Raz\u00f5es para expandir seus neg\u00f3cios em Eswatini (Suazil\u00e2ndia)<\/h2>\n\n\n\n<p>There are a few reasons to grow your business in Eswatini, and quality infrastructure and peace and safety are two of them. Quality infrastructure includes electricity, roads, water, and telecommunications, and is an essential aspect of a strong market. It indicates the potential future development of the country.<\/p>\n\n\n\n<p>The country\u2019s safe and peaceful environment is a much-desired ingredient; therefore, it makes for a strong market. Investors can feel confident in their prospects.<\/p>\n\n\n\n<h2 class=\"wp-block-heading\">Sobre pesquisa de mercado em Eswatini<\/h2>\n\n\n\n<p>The initial thought of growing your business in Eswatini seems daunting, so given the current trends, future growth and development may seem limited. That\u2019s why we\u2019re here: to put your mind at ease. Our method is sure with the use of Focus Groups in the different African markets. At SIS, we can present you with the bare facts and figures of the economy because <a href=\"https:\/\/www.sisinternational.com\/pt\/pericia\/industrias\/pesquisa-de-mercado-de-jogos-e-apostas\/\" title=\"Pesquisa de mercado de jogos e apostas\" data-wpil-monitor-id=\"5408\">research is our main game<\/a>.<\/p>\n\n\n\n<p>SIS usa <a href=\"https:\/\/www.sisinternational.com\/pt\/o-que-e-pesquisa-quantitativa\/\" target=\"_blank\" rel=\"noopener\">Quantitativo<\/a>, <a href=\"https:\/\/www.sisinternational.com\/pt\/o-que-e-pesquisa-qualitativa\/\" target=\"_blank\" rel=\"noopener\">Qualitativo<\/a>, e <a href=\"https:\/\/www.sisinternational.com\/pt\/solucoes\/consultoria-estrategica\/como-a-pesquisa-estrategica-pode-impulsionar-seu-desempenho\/\" target=\"_blank\" rel=\"noopener\">Pesquisa de estrat\u00e9gia<\/a> for your company. We also create surveys and compile the data that you need. We can help you make the right decision for your business.<\/p>\n\n\n\n<p><\/p>","protected":false},"excerpt":{"rendered":"<p>As principais ind\u00fastrias do Reino de Eswatini s\u00e3o a agricultura e o turismo. A rica heran\u00e7a de Eswatini atrai visitantes de todo o mundo.<\/p>","protected":false},"author":1,"featured_media":65185,"parent":14281,"menu_order":18,"comment_status":"closed","ping_status":"closed","template":"","meta":{"footnotes":""},"class_list":["post-37827","page","type-page","status-publish","has-post-thumbnail"],"_links":{"self":[{"href":"https:\/\/www.sisinternational.com\/pt\/wp-json\/wp\/v2\/pages\/37827","targetHints":{"allow":["GET"]}}],"collection":[{"href":"https:\/\/www.sisinternational.com\/pt\/wp-json\/wp\/v2\/pages"}],"about":[{"href":"https:\/\/www.sisinternational.com\/pt\/wp-json\/wp\/v2\/types\/page"}],"author":[{"embeddable":true,"href":"https:\/\/www.sisinternational.com\/pt\/wp-json\/wp\/v2\/users\/1"}],"replies":[{"embeddable":true,"href":"https:\/\/www.sisinternational.com\/pt\/wp-json\/wp\/v2\/comments?post=37827"}],"version-history":[{"count":6,"href":"https:\/\/www.sisinternational.com\/pt\/wp-json\/wp\/v2\/pages\/37827\/revisions"}],"predecessor-version":[{"id":79189,"href":"https:\/\/www.sisinternational.com\/pt\/wp-json\/wp\/v2\/pages\/37827\/revisions\/79189"}],"up":[{"embeddable":true,"href":"https:\/\/www.sisinternational.com\/pt\/wp-json\/wp\/v2\/pages\/14281"}],"wp:featuredmedia":[{"embeddable":true,"href":"https:\/\/www.sisinternational.com\/pt\/wp-json\/wp\/v2\/media\/65185"}],"wp:attachment":[{"href":"https:\/\/www.sisinternational.com\/pt\/wp-json\/wp\/v2\/media?parent=37827"}],"curies":[{"name":"wp","href":"https:\/\/api.w.org\/{rel}","templated":true}]}}