{"id":37825,"date":"2021-06-15T05:16:57","date_gmt":"2021-06-15T05:16:57","guid":{"rendered":"https:\/\/www.sisinternational.com\/?page_id=37825"},"modified":"2026-01-24T20:41:08","modified_gmt":"2026-01-25T01:41:08","slug":"pesquisa-de-mercado-na-guine-equatorial-africa","status":"publish","type":"page","link":"https:\/\/www.sisinternational.com\/pt\/cobertura\/pesquisa-de-mercado-africa\/pesquisa-de-mercado-na-guine-equatorial-africa\/","title":{"rendered":"Pesquisa de Mercado na Guin\u00e9 Equatorial, \u00c1frica"},"content":{"rendered":"<h1 class=\"wp-block-heading\">Pesquisa de Mercado na Guin\u00e9 Equatorial<\/h1>\n\n\n\n<figure class=\"gb-block-image gb-block-image-b3658b80\"><img loading=\"lazy\" decoding=\"async\" width=\"1456\" height=\"816\" class=\"gb-image gb-image-b3658b80\" src=\"https:\/\/www.sisinternational.com\/wp-content\/uploads\/2025\/08\/Equatorial-Guinea-2.jpg\" alt=\"Pesquisa e Estrat\u00e9gia de Mercado Internacional da SIS\" title=\"Equatorial Guinea (2)\" srcset=\"https:\/\/www.sisinternational.com\/wp-content\/uploads\/2025\/08\/Equatorial-Guinea-2.jpg 1456w, https:\/\/www.sisinternational.com\/wp-content\/uploads\/2025\/08\/Equatorial-Guinea-2-300x168.jpg 300w, https:\/\/www.sisinternational.com\/wp-content\/uploads\/2025\/08\/Equatorial-Guinea-2-1024x574.jpg 1024w, https:\/\/www.sisinternational.com\/wp-content\/uploads\/2025\/08\/Equatorial-Guinea-2-768x430.jpg 768w, https:\/\/www.sisinternational.com\/wp-content\/uploads\/2025\/08\/Equatorial-Guinea-2-18x10.jpg 18w\" sizes=\"auto, (max-width: 1456px) 100vw, 1456px\"><\/figure>\n\n\n\n<p><\/p>\n\n\n\n<p><a href=\"https:\/\/oec.world\/en\/profile\/country\/gnq\" target=\"_blank\" rel=\"noopener\">A Guin\u00e9 Equatorial fica na costa oeste da \u00c1frica.<\/a> Com a sua beleza natural, excelente rede rodovi\u00e1ria e novos edif\u00edcios impressionantes, a Guin\u00e9 Equatorial tem um ritmo incr\u00edvel de desenvolvimento e transforma\u00e7\u00e3o. A principal ind\u00fastria do pa\u00eds \u00e9 a pesca, enquanto o caf\u00e9 e o cacau s\u00e3o os principais produtos tradicionais de exporta\u00e7\u00e3o. A descoberta de petr\u00f3leo na d\u00e9cada de 1980 foi uma virada de jogo.<\/p>\n\n\n\n<h2 class=\"wp-block-heading\">Pa\u00edses vizinhos<\/h2>\n\n\n\n<p>A Guin\u00e9 Equatorial inclui territ\u00f3rio no continente e tr\u00eas ilhas principais e \u00e9 o \u00fanico pa\u00eds de l\u00edngua espanhola no continente africano.<\/p>\n\n\n\n<p>H\u00e1 duas d\u00e9cadas, a Guin\u00e9 Equatorial era uma das na\u00e7\u00f5es mais pobres de \u00c1frica, mas hoje \u00e9 uma das economias de desenvolvimento mais r\u00e1pido de \u00c1frica.<\/p>\n\n\n\n<p>Sua capital \u00e9 Malabo e Bata \u00e9 sua maior cidade. Malabo \u00e9 uma cidade de aproximadamente 300.000 habitantes. O espanhol \u00e9 a l\u00edngua oficial da cidade. O franc\u00eas e o portugu\u00eas tamb\u00e9m s\u00e3o l\u00ednguas faladas na cidade de Malabo.<\/p>\n\n\n\n<p>A Guin\u00e9 Equatorial apresenta um clima tropical. Tem uma esta\u00e7\u00e3o seca de tr\u00eas meses, de dezembro a fevereiro, e a esta\u00e7\u00e3o chuvosa cobre os nove meses restantes. \u00c0 noite, a temperatura cai para 20-21 graus Celsius. Esta m\u00e9dia exclui janeiro a abril, j\u00e1 que a temperatura \u00e9 um pouco mais alta.<\/p>\n\n\n\n<p>V\u00e1rias ag\u00eancias de coopera\u00e7\u00e3o e desenvolvimento internacional surgiram na d\u00e9cada de 1980. Desde ent\u00e3o, o pa\u00eds tem visto v\u00e1rios projetos de desenvolvimento nacionais e regionais. A sede destas ag\u00eancias fica no escrit\u00f3rio de coopera\u00e7\u00e3o t\u00e9cnica em Malabo.<\/p>\n\n\n\n<h2 class=\"wp-block-heading\">Tend\u00eancias na Guin\u00e9 Equatorial<\/h2>\n\n\n\n<p>A cultura, a sa\u00fade e a educa\u00e7\u00e3o do pa\u00eds receberam refor\u00e7o institucional e est\u00e3o a desenvolver-se a um ritmo r\u00e1pido.<\/p>\n\n\n\n<p>Este impulso permite que os jovens libertem a sua liberdade criativa e uma das sa\u00eddas para essa express\u00e3o art\u00edstica \u00e9 o Centro Cultural de Espanha em Malabo. Fundado em 2003, este centro disp\u00f5e de tr\u00eas pontos de acesso geogr\u00e1fico e pretende captar o maior n\u00famero poss\u00edvel de pessoas na regi\u00e3o e contribuir para o seu desenvolvimento. Outro canal cr\u00edtico \u00e9 o Centro Cultural Hispano-Guineense.<\/p>\n\n\n\n<p>As atividades incluem arte, cinema, teatro, m\u00fasica e jogos. Existem dois festivais principais:<\/p>\n\n\n\n<ul class=\"wp-block-list\">\n<li>MIFF \u2013 Festival Internacional de M\u00fasica e Cinema de Malabo e<\/li>\n\n\n\n<li>Festival Internacional de Hip Hop de Malabo<\/li>\n<\/ul>\n\n\n\n<p>O sector do turismo tem registado um crescimento muito significativo desde a descoberta do petr\u00f3leo. Esta descoberta permitiu ao pa\u00eds melhorar a sua infra-estrutura. A cidade \u00e9 um ponto focal para o turismo devido \u00e0 liga\u00e7\u00e3o direta aos principais atrativos da Ilha Beoco.<\/p>\n\n\n\n<p>A Guin\u00e9 Equatorial possui uma vasta oferta hoteleira, especialmente nas suas cidades. Possui tamb\u00e9m um excelente produto tur\u00edstico para atender a aflu\u00eancia de visitantes. Existem muitos destinos tur\u00edsticos. Alguns incluem Eureka Springs, Ciudad de la Paz e San Antonio de Ureca.<\/p>\n\n\n\n<p>O com\u00e9rcio \u00e9 uma das actividades econ\u00f3micas mais essenciais e predominantes, pelo que v\u00e1rias empresas dos EUA operam na Guin\u00e9 Equatorial.<\/p>\n\n\n\n<h2 class=\"wp-block-heading\">Principais setores e raz\u00f5es para expandir seus neg\u00f3cios no mercado<\/h2>\n\n\n\n<p>A Guin\u00e9 Equatorial \u00e9 o terceiro maior produtor de petr\u00f3leo da \u00c1frica. A produ\u00e7\u00e3o m\u00e9dia atingiu 360.000 barris por dia em 2005. \u00c0 medida que a produ\u00e7\u00e3o aumentou, tamb\u00e9m aumentou a popula\u00e7\u00e3o nas regi\u00f5es produtoras de petr\u00f3leo.<\/p>\n\n\n\n<p>A Guin\u00e9 Equatorial est\u00e1 a prosperar no turismo, no com\u00e9rcio e na cultura, e a sua popula\u00e7\u00e3o jovem \u00e9 outro ingrediente para um gigante emergente. A Guin\u00e9 Equatorial poder\u00e1 em breve tornar-se um dos pa\u00edses africanos mais ricos.<\/p>\n\n\n\n<p>Investir na Guin\u00e9 Equatorial \u00e9 uma grande jogada porque a ind\u00fastria do turismo est\u00e1 em expans\u00e3o e possui reservas de petr\u00f3leo abundantes. Voc\u00ea tem uma excelente chance de colher grandes recompensas. Neg\u00f3cios como hot\u00e9is e casas de ref\u00fagio s\u00e3o \u00f3timas oportunidades de investimento.<\/p>\n\n\n\n<h2 class=\"wp-block-heading\">Sobre Pesquisa de Mercado na Guin\u00e9 Equatorial<\/h2>\n\n\n\n<p>Are you looking for a country in which to invest? Well, Equatorial Guinea is a great pick. With loaded oil reserves and a burgeoning tourism industry, you can profit from your investments. SIS arranges Focus Groups in individual <a href=\"https:\/\/www.sisinternational.com\/pt\/pesquisa-de-mercado-sobre-futebol-na-africa\/\" title=\"Pesquisa de mercado sobre futebol na \u00c1frica\" data-wpil-monitor-id=\"2812\">markets in Africa<\/a>. We can do <a href=\"https:\/\/www.sisinternational.com\/pt\/solucoes\/consultoria-estrategica\/como-a-pesquisa-estrategica-pode-impulsionar-seu-desempenho\/\" target=\"_blank\" rel=\"noopener\">Pesquisa de estrat\u00e9gia<\/a> e pegue <a href=\"https:\/\/www.sisinternational.com\/pt\/o-que-e-pesquisa-qualitativa\/\" target=\"_blank\" rel=\"noopener\">Qualitativo<\/a> e <a href=\"https:\/\/www.sisinternational.com\/pt\/o-que-e-pesquisa-quantitativa\/\" target=\"_blank\" rel=\"noopener\">Quantitativo<\/a> informa\u00e7\u00f5es para voc\u00ea.<\/p>\n\n\n\n<p>A SIS International Market Research pode ajud\u00e1-lo a tomar a melhor decis\u00e3o sobre onde investir seu dinheiro \u2013 obtendo informa\u00e7\u00f5es de todas as fontes poss\u00edveis para compilar os melhores artigos de pesquisa. Esperamos que este artigo responda \u00e0s suas perguntas e tamb\u00e9m que voc\u00ea considere investir na Guin\u00e9 Equatorial.<\/p>","protected":false},"excerpt":{"rendered":"<p>A Guin\u00e9 Equatorial est\u00e1 a prosperar no turismo, no com\u00e9rcio e na cultura, e a sua popula\u00e7\u00e3o jovem \u00e9 outro ingrediente para um gigante emergente.<\/p>","protected":false},"author":1,"featured_media":65182,"parent":14281,"menu_order":17,"comment_status":"closed","ping_status":"closed","template":"","meta":{"footnotes":""},"class_list":["post-37825","page","type-page","status-publish","has-post-thumbnail"],"_links":{"self":[{"href":"https:\/\/www.sisinternational.com\/pt\/wp-json\/wp\/v2\/pages\/37825","targetHints":{"allow":["GET"]}}],"collection":[{"href":"https:\/\/www.sisinternational.com\/pt\/wp-json\/wp\/v2\/pages"}],"about":[{"href":"https:\/\/www.sisinternational.com\/pt\/wp-json\/wp\/v2\/types\/page"}],"author":[{"embeddable":true,"href":"https:\/\/www.sisinternational.com\/pt\/wp-json\/wp\/v2\/users\/1"}],"replies":[{"embeddable":true,"href":"https:\/\/www.sisinternational.com\/pt\/wp-json\/wp\/v2\/comments?post=37825"}],"version-history":[{"count":3,"href":"https:\/\/www.sisinternational.com\/pt\/wp-json\/wp\/v2\/pages\/37825\/revisions"}],"predecessor-version":[{"id":77146,"href":"https:\/\/www.sisinternational.com\/pt\/wp-json\/wp\/v2\/pages\/37825\/revisions\/77146"}],"up":[{"embeddable":true,"href":"https:\/\/www.sisinternational.com\/pt\/wp-json\/wp\/v2\/pages\/14281"}],"wp:featuredmedia":[{"embeddable":true,"href":"https:\/\/www.sisinternational.com\/pt\/wp-json\/wp\/v2\/media\/65182"}],"wp:attachment":[{"href":"https:\/\/www.sisinternational.com\/pt\/wp-json\/wp\/v2\/media?parent=37825"}],"curies":[{"name":"wp","href":"https:\/\/api.w.org\/{rel}","templated":true}]}}