{"id":37823,"date":"2021-06-15T05:14:22","date_gmt":"2021-06-15T05:14:22","guid":{"rendered":"https:\/\/www.sisinternational.com\/?page_id=37823"},"modified":"2025-09-14T16:25:14","modified_gmt":"2025-09-14T20:25:14","slug":"pesquisa-de-mercado-em-comores-africa","status":"publish","type":"page","link":"https:\/\/www.sisinternational.com\/pt\/cobertura\/pesquisa-de-mercado-africa\/pesquisa-de-mercado-em-comores-africa\/","title":{"rendered":"Pesquisa de mercado em Comores, \u00c1frica"},"content":{"rendered":"<h1 class=\"wp-block-heading\">Pesquisa de mercado nas Comores<\/h1>\n\n\n\n<figure class=\"gb-block-image gb-block-image-9deb7018\"><img loading=\"lazy\" decoding=\"async\" width=\"1456\" height=\"816\" class=\"gb-image gb-image-9deb7018\" src=\"https:\/\/www.sisinternational.com\/wp-content\/uploads\/2025\/08\/Comoros-3.jpg\" alt=\"Pesquisa e Estrat\u00e9gia de Mercado Internacional da SIS\" title=\"Comoros, (3)\" srcset=\"https:\/\/www.sisinternational.com\/wp-content\/uploads\/2025\/08\/Comoros-3.jpg 1456w, https:\/\/www.sisinternational.com\/wp-content\/uploads\/2025\/08\/Comoros-3-300x168.jpg 300w, https:\/\/www.sisinternational.com\/wp-content\/uploads\/2025\/08\/Comoros-3-1024x574.jpg 1024w, https:\/\/www.sisinternational.com\/wp-content\/uploads\/2025\/08\/Comoros-3-768x430.jpg 768w, https:\/\/www.sisinternational.com\/wp-content\/uploads\/2025\/08\/Comoros-3-18x10.jpg 18w\" sizes=\"auto, (max-width: 1456px) 100vw, 1456px\"><\/figure>\n\n\n\n<p><\/p>\n\n\n\n<p>O <a href=\"https:\/\/oec.world\/en\/profile\/country\/com\" target=\"_blank\" rel=\"noopener\">Uni\u00e3o das Comores<\/a> est\u00e1 no Oceano \u00cdndico. Esta cadeia de ilhas \u00e9 uma na\u00e7\u00e3o da \u00c1frica Oriental, uma vez que fica ao largo da costa oriental da \u00c1frica. Os seus pa\u00edses vizinhos s\u00e3o Mo\u00e7ambique, Madag\u00e1scar, Seicheles, Tanz\u00e2nia e Mayotte. E tamb\u00e9m faz parte da Uni\u00e3o Africana.<\/p>\n\n\n\n<p>A religi\u00e3o oficial das Comores \u00e9 o Isl\u00e3 Sunita, e \u00e9 um estado membro da Liga \u00c1rabe e a \u00fanica na\u00e7\u00e3o \u00e1rabe localizada inteiramente no Hemisf\u00e9rio Sul. O povo das Comores fala tr\u00eas l\u00ednguas oficiais: comoriano, franc\u00eas e \u00e1rabe, e existem dois grupos \u00e9tnicos nas Comores. A maioria da popula\u00e7\u00e3o \u00e9 afro-\u00e1rabe e h\u00e1 um pequeno grupo de malgaxes. A moeda deste pa\u00eds \u00e9 o Franco Comoriano.<\/p>\n\n\n\n<h2 class=\"wp-block-heading\">Principais ind\u00fastrias em Comores<\/h2>\n\n\n\n<p>A agricultura \u00e9 a ind\u00fastria prim\u00e1ria. Algumas pessoas complementam-no com ca\u00e7a, pesca e agricultura de subsist\u00eancia. A agricultura emprega a maior parte da for\u00e7a de trabalho do pa\u00eds, o que \u00e9 essencial para a popula\u00e7\u00e3o e para a economia, uma vez que \u00e9 respons\u00e1vel pela maior parte das exporta\u00e7\u00f5es. Baunilha, cravo, ess\u00eancias de perfume e copra s\u00e3o os principais produtos de exporta\u00e7\u00e3o.<\/p>\n\n\n\n<p>Comores \u00e9 o principal fornecedor mundial de ylang-ylang, uma ess\u00eancia utilizada na fabrica\u00e7\u00e3o de perfumes. O pa\u00eds \u00e9 o segundo maior fornecedor mundial de baunilha, enquanto culturas como banana, coco e mandioca s\u00e3o cultivadas para consumo da popula\u00e7\u00e3o. Esses alimentos fazem parte da sua culin\u00e1ria di\u00e1ria.<\/p>\n\n\n\n<h2 class=\"wp-block-heading\">Bairros<\/h2>\n\n\n\n<p>Moroni \u00e9 a capital e maior cidade de Comores e fica na maior das tr\u00eas ilhas principais \u2013 Grande Comore. Moroni abriga um porto e um museu, que funcionam como atra\u00e7\u00f5es tur\u00edsticas. A infraestrutura mant\u00e9m o visual tradicional \u00e1rabe, mesmo com modifica\u00e7\u00f5es nas constru\u00e7\u00f5es. A cidade tem muitas mesquitas, mas Moroni tamb\u00e9m tem igrejas e templos crist\u00e3os.<\/p>\n\n\n\n<h2 class=\"wp-block-heading\">Benef\u00edcios e pontos fortes do mercado<\/h2>\n\n\n\n<p>Comores cultiva ylang ylang. \u00c9 um ponto forte porque tem uma demanda espec\u00edfica na ind\u00fastria de beleza\/cosm\u00e9tica. O pa\u00eds tem a capacidade e a for\u00e7a de trabalho para ser o principal produtor desta mercadoria para o mundo, no entanto, Comores \u00e9 muito dependente do com\u00e9rcio para muitas coisas, incluindo produtos alimentares. O pa\u00eds tem conseguido manter o abastecimento das suas especiarias e ess\u00eancias, no entanto, tamb\u00e9m desenvolveu boas rela\u00e7\u00f5es internacionais para o com\u00e9rcio.<\/p>\n\n\n\n<h2 class=\"wp-block-heading\">Tend\u00eancias nas Comores<\/h2>\n\n\n\n<p>Comores \u00e9 uma na\u00e7\u00e3o pobre e em desenvolvimento. O pa\u00eds possui recursos naturais e humanos, mas n\u00e3o tem meios para aproveit\u00e1-los ao m\u00e1ximo. Tal como muitos outros pa\u00edses em desenvolvimento, os recursos humanos precisam de trabalho, consequentemente, a popula\u00e7\u00e3o qualificada e instru\u00edda das Comores tem migrado para Fran\u00e7a, causando uma fuga de c\u00e9rebros. \u00c9 por isso que o desenvolvimento das suas ind\u00fastrias \u00e9 lento. A agricultura de subsist\u00eancia continua a ser a principal actividade econ\u00f3mica.<\/p>\n\n\n\n<h2 class=\"wp-block-heading\">Base de Consumidores<\/h2>\n\n\n\n<p>Cerca de dois ter\u00e7os da popula\u00e7\u00e3o das Comores vive em zonas rurais e o restante ocupa a capital e outras cidades. Os ilh\u00e9us das Comores compram produtos locais em locais como o Mercado Volo Volo. Os vendedores vendem especiarias, \u00f3leos, tecidos, joias, artesanato e muito mais. Os seus compradores s\u00e3o tanto o povo das Comores como os turistas que passam pelas ilhas. Comores tamb\u00e9m possui v\u00e1rios mercados de alimentos. Aqui, os consumidores compram colheitas, alimentos processados e importados e outros itens.<\/p>\n\n\n\n<h2 class=\"wp-block-heading\">Sobre pesquisa de mercado em Comores<\/h2>\n\n\n\n<p>Se voc\u00ea est\u00e1 pensando em fazer neg\u00f3cios em Comores, n\u00f3s podemos ajudar. Na SIS, reunimos Grupos Focais nos diferentes mercados africanos e fazemos o <a href=\"https:\/\/www.sisinternational.com\/pt\/o-que-e-pesquisa-quantitativa\/\" target=\"_blank\" rel=\"noopener\">Quantitativo<\/a>, <a href=\"https:\/\/www.sisinternational.com\/pt\/o-que-e-pesquisa-qualitativa\/\" target=\"_blank\" rel=\"noopener\">Qualitativo<\/a>, e <a href=\"https:\/\/www.sisinternational.com\/pt\/solucoes\/consultoria-estrategica\/como-a-pesquisa-estrategica-pode-impulsionar-seu-desempenho\/\" target=\"_blank\" rel=\"noopener\">Pesquisa de estrat\u00e9gia<\/a> para sua empresa. Investigamos informa\u00e7\u00f5es e descobertas e compilamos todas para o seu neg\u00f3cio. Esperamos que este artigo ajude em seu empreendimento comercial nas Comores.<\/p>\n\n\n\n<p><\/p>","protected":false},"excerpt":{"rendered":"<p>A agricultura \u00e9 a principal ind\u00fastria nas Comores. Algumas pessoas complementam-no com ca\u00e7a, pesca e agricultura de subsist\u00eancia.<\/p>","protected":false},"author":1,"featured_media":65166,"parent":14281,"menu_order":16,"comment_status":"closed","ping_status":"closed","template":"","meta":{"footnotes":""},"class_list":["post-37823","page","type-page","status-publish","has-post-thumbnail"],"_links":{"self":[{"href":"https:\/\/www.sisinternational.com\/pt\/wp-json\/wp\/v2\/pages\/37823","targetHints":{"allow":["GET"]}}],"collection":[{"href":"https:\/\/www.sisinternational.com\/pt\/wp-json\/wp\/v2\/pages"}],"about":[{"href":"https:\/\/www.sisinternational.com\/pt\/wp-json\/wp\/v2\/types\/page"}],"author":[{"embeddable":true,"href":"https:\/\/www.sisinternational.com\/pt\/wp-json\/wp\/v2\/users\/1"}],"replies":[{"embeddable":true,"href":"https:\/\/www.sisinternational.com\/pt\/wp-json\/wp\/v2\/comments?post=37823"}],"version-history":[{"count":2,"href":"https:\/\/www.sisinternational.com\/pt\/wp-json\/wp\/v2\/pages\/37823\/revisions"}],"predecessor-version":[{"id":68525,"href":"https:\/\/www.sisinternational.com\/pt\/wp-json\/wp\/v2\/pages\/37823\/revisions\/68525"}],"up":[{"embeddable":true,"href":"https:\/\/www.sisinternational.com\/pt\/wp-json\/wp\/v2\/pages\/14281"}],"wp:featuredmedia":[{"embeddable":true,"href":"https:\/\/www.sisinternational.com\/pt\/wp-json\/wp\/v2\/media\/65166"}],"wp:attachment":[{"href":"https:\/\/www.sisinternational.com\/pt\/wp-json\/wp\/v2\/media?parent=37823"}],"curies":[{"name":"wp","href":"https:\/\/api.w.org\/{rel}","templated":true}]}}