{"id":37733,"date":"2021-05-19T05:57:17","date_gmt":"2021-05-19T05:57:17","guid":{"rendered":"https:\/\/www.sisinternational.com\/?page_id=37733"},"modified":"2025-09-14T16:11:14","modified_gmt":"2025-09-14T20:11:14","slug":"pesquisa-de-mercado-no-congo","status":"publish","type":"page","link":"https:\/\/www.sisinternational.com\/pt\/cobertura\/pesquisa-de-mercado-africa\/pesquisa-de-mercado-no-congo\/","title":{"rendered":"Pesquisa de mercado no Congo"},"content":{"rendered":"<h1 class=\"wp-block-heading\">Pesquisa de mercado no Congo<\/h1>\n\n\n\n<figure class=\"gb-block-image gb-block-image-24c68747\"><img loading=\"lazy\" decoding=\"async\" width=\"1456\" height=\"816\" class=\"gb-image gb-image-24c68747\" src=\"https:\/\/www.sisinternational.com\/wp-content\/uploads\/2025\/08\/Congo-1.jpg\" alt=\"Pesquisa e Estrat\u00e9gia de Mercado Internacional da SIS\" title=\"Congo (1)\" srcset=\"https:\/\/www.sisinternational.com\/wp-content\/uploads\/2025\/08\/Congo-1.jpg 1456w, https:\/\/www.sisinternational.com\/wp-content\/uploads\/2025\/08\/Congo-1-300x168.jpg 300w, https:\/\/www.sisinternational.com\/wp-content\/uploads\/2025\/08\/Congo-1-1024x574.jpg 1024w, https:\/\/www.sisinternational.com\/wp-content\/uploads\/2025\/08\/Congo-1-768x430.jpg 768w, https:\/\/www.sisinternational.com\/wp-content\/uploads\/2025\/08\/Congo-1-18x10.jpg 18w\" sizes=\"auto, (max-width: 1456px) 100vw, 1456px\"><\/figure>\n\n\n\n<p><\/p>\n\n\n\n<p>Congo-Brazzaville e Congo-Kinshasa s\u00e3o pa\u00edses vizinhos da \u00c1frica Subsaariana. O nome \u201cCongo\u201d vem dos Bakongo, uma tribo Bantu que povoa os dois pa\u00edses. Os pa\u00edses compartilham a cultura Bakongo e nomes quase id\u00eanticos, mas diferem em v\u00e1rios fatores.<\/p>\n\n\n\n<p>Congo-Kinshasa, que \u00e9 o outro nome da Rep\u00fablica Democr\u00e1tica do Congo, \u00e9 gigantesco. \u00c9 o segundo maior pa\u00eds do continente. Mais de 80 milh\u00f5es de pessoas vivem l\u00e1. Mas a popula\u00e7\u00e3o do Congo-Brazzaville \u00e9 de apenas 5 milh\u00f5es de pessoas. Abrange uma pequena \u00e1rea geogr\u00e1fica.<\/p>\n\n\n\n<p>Ambos os pa\u00edses usam o franc\u00eas como l\u00edngua oficial. No entanto, duas na\u00e7\u00f5es diferentes os colonizaram. A Fran\u00e7a ocupou a Rep\u00fablica do Congo (ROC). A Rep\u00fablica Democr\u00e1tica do Congo era uma col\u00f4nia belga.<\/p>\n\n\n\n<p>A Rep\u00fablica Democr\u00e1tica do Congo (RDC) ocupa uma posi\u00e7\u00e3o geogr\u00e1fica \u00fanica. Possui 25 milhas de costa com acesso ao Oceano Atl\u00e2ntico a oeste. No entanto, situado no cora\u00e7\u00e3o de \u00c1frica, \u00e9 o ponto de passagem dos corredores que v\u00e3o para Norte, Sul, Leste e Oeste. A capital do Congo-Kinshasa, Kinshasa, \u00e9 a maior cidade do pa\u00eds.<\/p>\n\n\n\n<h2 class=\"wp-block-heading\">Bairros<\/h2>\n\n\n\n<p>Kinshasa \u00e9 uma megal\u00f3pole na margem sul do rio Congo. O sistema urbano mais proeminente e de mais r\u00e1pido crescimento da \u00c1frica Central est\u00e1 a expandir-se em oito quil\u00f3metros quadrados por ano. Depois do Cairo e de Lagos, Kinshasa \u00e9 a terceira maior cidade de \u00c1frica. Ville Basse \u00e9 a \u00e1rea mais antiga e rica, localizada nas plan\u00edcies pr\u00f3ximas ao rio. Partes mais recentes de Kinshasa est\u00e3o a desenvolver-se nas colinas que a rodeiam.<\/p>\n\n\n\n<h2 class=\"wp-block-heading\">Principais ind\u00fastrias<\/h2>\n\n\n\n<p>Na fronteira ocidental do rio Congo fica o Congo-Brazzaville, o menor dos dois. Em Brazzaville (ROC), os sectores do petr\u00f3leo, da madeira e da minera\u00e7\u00e3o lideram a economia. O sector petrol\u00edfero \u00e9 respons\u00e1vel pela maior parte dos fluxos de investimento estrangeiro. \u00c9 apenas uma ind\u00fastria pequena, mas a silvicultura \u00e9 a segunda maior e est\u00e1 em expans\u00e3o.<\/p>\n\n\n\n<p>O sector mineiro da RDC \u00e9 igualmente abundante. Existe uma vasta riqueza de terras ar\u00e1veis. Na terra, cobre, cobalto, ouro, diamante e zinco s\u00e3o alguns dos muitos recursos naturais.<\/p>\n\n\n\n<h2 class=\"wp-block-heading\">Tend\u00eancias<\/h2>\n\n\n\n<p>The economy of Congo-Kinshasa has suffered from long years of political instability. Despite this, it shows a trend of upward growth, and the business climate is improving, reflecting many planned reforms aimed at strengthening governance and natural resource management. Surveys show a new environment of confidence alongside new directives to fight corruption. <a href=\"https:\/\/www.sisinternational.com\/pt\/solucoes\/consultoria-estrategica\/consultoria-em-estrategia-de-pesquisa-de-mercado-para-investidores-esg\/\" title=\"ESG Investor Strategy Consulting\"  data-wpil-monitor-id=\"8779\">Investors conducting strategy<\/a> research can focus on financing agriculture, mining, energy, and infrastructure.<\/p>\n\n\n\n<h2 class=\"wp-block-heading\">Benef\u00edcios e pontos fortes no mercado<\/h2>\n\n\n\n<p>O governo do Congo-Brazzaville procura estimular o desenvolvimento e o crescimento no Congo-Brazzaville. O pa\u00eds planeja diversificar sua economia. O agroneg\u00f3cio no Congo-Brazzaville representa uma oportunidade. Poucas terras ar\u00e1veis do pa\u00eds est\u00e3o sob cultivo. O terreno tamb\u00e9m apresenta potencial para investimentos em ecoturismo. Ele cont\u00e9m in\u00fameras reservas florestais imaculadas. A constru\u00e7\u00e3o, os transportes e a minera\u00e7\u00e3o tamb\u00e9m s\u00e3o sectores atraentes para os investidores estrangeiros.<\/p>\n\n\n\n<p>Brazzaville \u00e9 a maior cidade do Congo-Brazzaville, mas Pointe-Noire \u00e9 o importante centro comercial. Brazzaville \u00e9 tamb\u00e9m a cidade mais antiga. \u00c9 uma cidade costeira cheia de expatriados e que flui com o dinheiro do petr\u00f3leo. A cidade divide-se em bairro europeu e bairro africano (La Cit\u00e9), oferecendo experi\u00eancias distintas e op\u00e7\u00f5es gastron\u00f4micas internacionais. O bairro africano \u00e9 movimentado e movimentado. La Cit\u00e9 tem muitos restaurantes e bares animados e \u00e9 o melhor lugar para descobrir a cozinha tradicional africana. As praias de Pointe-Noire oferecem aluguel de barcos e uma chance de relaxar.<\/p>\n\n\n\n<p>There is room for internet <a href=\"https:\/\/www.sisinternational.com\/pt\/solucoes\/pesquisa-de-consultoria-em-estrategia-fintech\/pesquisa-de-mercado-de-servicos-bancarios-como-servico-e-consultoria-estrategica\/\" title=\"Pesquisa de mercado e consultoria estrat\u00e9gica de servi\u00e7os banc\u00e1rios como servi\u00e7o\"  data-wpil-monitor-id=\"8780\">services and mobile banking<\/a> here in the Republic of Congo, and consumers have high connectivity despite inadequate infrastructure in the telecommunications sector. The many cyber cafes are an indicator of unmet demand for reliable internet services.<\/p>\n\n\n\n<h2 class=\"wp-block-heading\">Raz\u00f5es para expandir o seu neg\u00f3cio; Pesquisa de mercado no Congo<\/h2>\n\n\n\n<p>Os investidores ir\u00e3o em breve desfrutar das reformas planeadas pela Rep\u00fablica do Congo. As iniciativas governamentais incluem a entrada e prote\u00e7\u00e3o do IDE, o estabelecimento de empresas, a tributa\u00e7\u00e3o e os recursos humanos. O investimento estrangeiro continua a aumentar. Atualmente, eles fazem da ROC o principal destino de IDE no <a href=\"https:\/\/www.sisinternational.com\/pt\/cobertura\/pesquisa-de-mercado-africa\/pesquisa-de-mercado-republica-centro-africana\/\">\u00c1frica Central<\/a>. A pesquisa quantitativa apoia esses fatos.<\/p>\n\n\n\n<p>You\u2019ll find that there is no lesser of the two Congos but that each presents opportunities. Qualitative <a href=\"https:\/\/www.sisinternational.com\/pt\/solucoes\/pesquisa-de-mercado-em-grupo-focal\/\" title=\"Pesquisa de mercado com grupo focal\"  data-wpil-monitor-id=\"8778\">research via focus groups<\/a> can bring further clarity for future ventures.<\/p>\n\n\n\n<p>&nbsp;<\/p>","protected":false},"excerpt":{"rendered":"<p>Pesquisa de Mercado nos Congos \u2014 cada uma apresenta oportunidades. A pesquisa qualitativa por meio de grupos focais traz mais clareza para empreendimentos futuros.<\/p>","protected":false},"author":1,"featured_media":65168,"parent":14281,"menu_order":15,"comment_status":"closed","ping_status":"closed","template":"","meta":{"footnotes":""},"class_list":["post-37733","page","type-page","status-publish","has-post-thumbnail"],"_links":{"self":[{"href":"https:\/\/www.sisinternational.com\/pt\/wp-json\/wp\/v2\/pages\/37733","targetHints":{"allow":["GET"]}}],"collection":[{"href":"https:\/\/www.sisinternational.com\/pt\/wp-json\/wp\/v2\/pages"}],"about":[{"href":"https:\/\/www.sisinternational.com\/pt\/wp-json\/wp\/v2\/types\/page"}],"author":[{"embeddable":true,"href":"https:\/\/www.sisinternational.com\/pt\/wp-json\/wp\/v2\/users\/1"}],"replies":[{"embeddable":true,"href":"https:\/\/www.sisinternational.com\/pt\/wp-json\/wp\/v2\/comments?post=37733"}],"version-history":[{"count":4,"href":"https:\/\/www.sisinternational.com\/pt\/wp-json\/wp\/v2\/pages\/37733\/revisions"}],"predecessor-version":[{"id":81472,"href":"https:\/\/www.sisinternational.com\/pt\/wp-json\/wp\/v2\/pages\/37733\/revisions\/81472"}],"up":[{"embeddable":true,"href":"https:\/\/www.sisinternational.com\/pt\/wp-json\/wp\/v2\/pages\/14281"}],"wp:featuredmedia":[{"embeddable":true,"href":"https:\/\/www.sisinternational.com\/pt\/wp-json\/wp\/v2\/media\/65168"}],"wp:attachment":[{"href":"https:\/\/www.sisinternational.com\/pt\/wp-json\/wp\/v2\/media?parent=37733"}],"curies":[{"name":"wp","href":"https:\/\/api.w.org\/{rel}","templated":true}]}}