{"id":37731,"date":"2021-05-19T05:53:02","date_gmt":"2021-05-19T05:53:02","guid":{"rendered":"https:\/\/www.sisinternational.com\/?page_id=37731"},"modified":"2026-01-25T16:55:42","modified_gmt":"2026-01-25T21:55:42","slug":"pesquisa-de-mercado-jibuti","status":"publish","type":"page","link":"https:\/\/www.sisinternational.com\/pt\/cobertura\/pesquisa-de-mercado-africa\/pesquisa-de-mercado-jibuti\/","title":{"rendered":"Pesquisa de mercado no Djibuti"},"content":{"rendered":"<h1 class=\"wp-block-heading\">Pesquisa de mercado no Djibuti<\/h1>\n\n\n\n<figure class=\"gb-block-image gb-block-image-77261c6a\"><img loading=\"lazy\" decoding=\"async\" width=\"1456\" height=\"816\" class=\"gb-image gb-image-77261c6a\" src=\"https:\/\/www.sisinternational.com\/wp-content\/uploads\/2025\/08\/Djibouti-3.jpg\" alt=\"Pesquisa e Estrat\u00e9gia de Mercado Internacional da SIS\" title=\"Djibouti (3)\" srcset=\"https:\/\/www.sisinternational.com\/wp-content\/uploads\/2025\/08\/Djibouti-3.jpg 1456w, https:\/\/www.sisinternational.com\/wp-content\/uploads\/2025\/08\/Djibouti-3-300x168.jpg 300w, https:\/\/www.sisinternational.com\/wp-content\/uploads\/2025\/08\/Djibouti-3-1024x574.jpg 1024w, https:\/\/www.sisinternational.com\/wp-content\/uploads\/2025\/08\/Djibouti-3-768x430.jpg 768w, https:\/\/www.sisinternational.com\/wp-content\/uploads\/2025\/08\/Djibouti-3-18x10.jpg 18w\" sizes=\"auto, (max-width: 1456px) 100vw, 1456px\"><\/figure>\n\n\n\n<p><\/p>\n\n\n\n<p>O Djibuti \u00e9 um dos pa\u00edses mais estrat\u00e9gicos de \u00c1frica. Este pequeno pa\u00eds no Chifre da \u00c1frica tem o nome oficial de Rep\u00fablica do Djibuti. Djibuti fica na costa nordeste da \u00c1frica at\u00e9 o Mar Vermelho. \u00c9 famosa por suas paisagens \u00fanicas e vida selvagem diversificada. As tradi\u00e7\u00f5es e culturas do Djibuti tamb\u00e9m s\u00e3o repletas de diversidade. N\u00e3o apenas na linguagem, mas nas cores e nas cren\u00e7as supersticiosas.<\/p>\n\n\n\n<p>Este pa\u00eds \u00e9 o lar de quase um milh\u00e3o de pessoas com base em n\u00fameros recentes. A capital \u00e9 a cidade de Djibouti, e o franc\u00eas e o \u00e1rabe s\u00e3o as l\u00ednguas mais comuns. Existem duas tribos principais no Djibuti: os somalis e os afares. Os mu\u00e7ulmanos representam 94% da popula\u00e7\u00e3o e o Isl\u00e3 \u00e9 a religi\u00e3o l\u00edder.<\/p>\n\n\n\n<p>Djibuti ocupa uma \u00e1rea de pouco mais de quatorze mil milhas quadradas. \u00c9 um pouco maior que a Eslov\u00eania, mas um pouco menor que Nova Jersey, nos Estados Unidos. Djibuti tem um dos oceanos mais salgados do mundo.<\/p>\n\n\n\n<h2 class=\"wp-block-heading\">Bairros<\/h2>\n\n\n\n<p>Os pa\u00edses vizinhos do Djibuti incluem Som\u00e1lia, Eti\u00f3pia, Eritreia e I\u00e9men. Todos esses pa\u00edses fazem fronteira com o Djibuti.<\/p>\n\n\n\n<p>O pa\u00eds \u00e9 de interesse geogr\u00e1fico porque controla importantes cursos de \u00e1gua, como o Mar Vermelho e o Canal de Suez. Estas \u00e1guas s\u00e3o duas das maiores rotas mar\u00edtimas.<\/p>\n\n\n\n<h2 class=\"wp-block-heading\">Zona de Livre Com\u00e9rcio Internacional do Djibuti<\/h2>\n\n\n\n<p>DIFTZ (Djibouti international Free Trade Zone) is a model of China Africa cooperation. With the support of the Djibouti government, <a href=\"https:\/\/www.sisinternational.com\/pt\/cobertura\/pesquisa-de-mercado-asia\/pesquisa-de-mercado-de-grupo-focal-na-china\/\" title=\"Pesquisa de mercado de grupo focal na China\"  data-wpil-monitor-id=\"9315\">China and the port group<\/a> have joined forces and are collaborating to build this fantastic African project. They are transforming the Avenue General Gallieni, the location of the main port. It is already one of the most attractive areas for businesses. It can attract lots of international trade.<\/p>\n\n\n\n<h2 class=\"wp-block-heading\">Benef\u00edcios e pontos fortes no mercado do Djibuti: Por que expandir seus neg\u00f3cios l\u00e1?<\/h2>\n\n\n\n<p>Como vimos anteriormente, o Djibuti est\u00e1 numa posi\u00e7\u00e3o bastante estrat\u00e9gica. Esta localiza\u00e7\u00e3o por si s\u00f3 \u00e9 a for\u00e7a do concelho. Este local fica no Estreito de Bab-el-Mandeb, onde termina o Oceano \u00cdndico e come\u00e7a o Mar Vermelho. Os dois corpos d&#039;\u00e1gua est\u00e3o a cerca de 15 milhas de dist\u00e2ncia um do outro. Esta localiza\u00e7\u00e3o faz do Djibuti um pa\u00eds afortunado.<\/p>\n\n\n\n<p>O benef\u00edcio da posi\u00e7\u00e3o do pa\u00eds \u00e9 que ele \u00e9 uma base para o com\u00e9rcio regional. Este com\u00e9rcio incentiva o c\u00e2mbio estrangeiro e aumenta a taxa de exporta\u00e7\u00e3o do pa\u00eds.<\/p>\n\n\n\n<p>The position is essential when deciding what country you would like your <a href=\"https:\/\/www.sisinternational.com\/pt\/publicacoes\/exportacao-do-mercado-intermediario-do-japao\/\" title=\"Expandindo seus neg\u00f3cios no Jap\u00e3o\"  data-wpil-monitor-id=\"9314\">business to grow<\/a> in. Ships from China, India, or anywhere in Asia to Europe or vice versa usually cross the strait.<\/p>\n\n\n\n<p>A regi\u00e3o \u00e9 uma das maiores na produ\u00e7\u00e3o de petr\u00f3leo. Quando passam cargas e navios, a demanda por recursos \u00e9 alta, ent\u00e3o eles param no Djibuti. Esta liga\u00e7\u00e3o significa que as oportunidades de com\u00e9rcio e turismo s\u00e3o abundantes.<\/p>\n\n\n\n<p>A Eti\u00f3pia n\u00e3o tem litoral, mas tem uma das maiores popula\u00e7\u00f5es de \u00c1frica. O Djibuti \u00e9 o porto da Eti\u00f3pia desde 1999. Assim, o porto do Djibuti \u00e9 crucial e est\u00e1 sempre ativo. O porto \u00e9 uma das principais vantagens do Djibuti.<\/p>\n\n\n\n<p>Fazer neg\u00f3cios no Djibuti \u00e9 um belo passo de investimento. Embora a taxa de imposto seja de 10%, os lucros podem mais do que duplicar esse valor. Estando no local perfeito, tudo que voc\u00ea precisa \u00e9 acompanhar as demandas das pessoas. \u00c9 f\u00e1cil um neg\u00f3cio decolar, embora n\u00e3o haja garantia, pois com tudo vem a possibilidade de risco. \u00c9 uma excelente escolha de pa\u00eds para investimento.<\/p>\n\n\n\n<h2 class=\"wp-block-heading\">Sobre pesquisa de mercado no Djibuti<\/h2>\n\n\n\n<p>Are you interested in owning a business in Djibouti? This article has all there is to know about this unique country. SIS International <a href=\"https:\/\/www.sisinternational.com\/pt\/pericia\/industrias\/pesquisa-de-mercado-geopolitico\/\" title=\"Pesquisa de mercado geopol\u00edtico\"  data-wpil-monitor-id=\"3821\">Research organizes Focus Groups in the markets<\/a> of Africa. We also do Qualitative, Quantitative, and Strategy Research. This <a href=\"https:\/\/www.sisinternational.com\/pt\/publicacoes\/pesquisa-de-mercado-de-negocios-escalaveis-7-maneiras-de-construir-um-negocio-escalavel\/\" title=\"Pesquisa de mercado de neg\u00f3cios escal\u00e1veis: 7 maneiras de construir um neg\u00f3cio escal\u00e1vel\"  data-wpil-monitor-id=\"9316\">research will aid in your business<\/a> inquiries and help you decide your next move. We hope that you will consider doing business and investing in Djibouti. You will not regret it!<\/p>\n\n\n\n<p><\/p>","protected":false},"excerpt":{"rendered":"<p>Pesquisa de Mercado no Djibuti O Djibuti \u00e9 um dos pa\u00edses mais estrat\u00e9gicos de \u00c1frica. Este pequeno pa\u00eds no Chifre da \u00c1frica tem o nome oficial de Rep\u00fablica do Djibuti. Djibuti fica na costa nordeste da \u00c1frica at\u00e9 o Mar Vermelho. \u00c9 famosa por suas paisagens \u00fanicas e vida selvagem diversificada. As tradi\u00e7\u00f5es e culturas\u2026 <a title=\"Pesquisa de mercado no Djibuti\" class=\"read-more\" href=\"https:\/\/www.sisinternational.com\/pt\/cobertura\/pesquisa-de-mercado-africa\/pesquisa-de-mercado-jibuti\/\" aria-label=\"Leia mais sobre Pesquisa de Mercado no Djibuti\">Leia mais<\/a><\/p>","protected":false},"author":1,"featured_media":65176,"parent":14281,"menu_order":14,"comment_status":"closed","ping_status":"closed","template":"","meta":{"_uag_custom_page_level_css":"","footnotes":""},"class_list":["post-37731","page","type-page","status-publish","has-post-thumbnail"],"uagb_featured_image_src":{"full":["https:\/\/www.sisinternational.com\/wp-content\/uploads\/2025\/08\/Djibouti-3.jpg",1456,816,false],"thumbnail":["https:\/\/www.sisinternational.com\/wp-content\/uploads\/2025\/08\/Djibouti-3-150x150.jpg",150,150,true],"medium":["https:\/\/www.sisinternational.com\/wp-content\/uploads\/2025\/08\/Djibouti-3-300x168.jpg",300,168,true],"medium_large":["https:\/\/www.sisinternational.com\/wp-content\/uploads\/2025\/08\/Djibouti-3-768x430.jpg",768,430,true],"large":["https:\/\/www.sisinternational.com\/wp-content\/uploads\/2025\/08\/Djibouti-3-1024x574.jpg",1024,574,true],"1536x1536":["https:\/\/www.sisinternational.com\/wp-content\/uploads\/2025\/08\/Djibouti-3.jpg",1456,816,false],"2048x2048":["https:\/\/www.sisinternational.com\/wp-content\/uploads\/2025\/08\/Djibouti-3.jpg",1456,816,false],"trp-custom-language-flag":["https:\/\/www.sisinternational.com\/wp-content\/uploads\/2025\/08\/Djibouti-3-18x10.jpg",18,10,true]},"uagb_author_info":{"display_name":"Ruth Stanat","author_link":"https:\/\/www.sisinternational.com\/pt\/author\/expert\/"},"uagb_comment_info":0,"uagb_excerpt":"Market Research in Djibouti Djibouti is one of Africa\u2019s most strategic countries. This small country on the horn of Africa has the official name of the Republic of Djibouti. Djibouti is on the northeastern coast of Africa to the Red Sea. It is famous for its unique landscapes and diverse wildlife. The traditions and cultures&hellip;","_links":{"self":[{"href":"https:\/\/www.sisinternational.com\/pt\/wp-json\/wp\/v2\/pages\/37731","targetHints":{"allow":["GET"]}}],"collection":[{"href":"https:\/\/www.sisinternational.com\/pt\/wp-json\/wp\/v2\/pages"}],"about":[{"href":"https:\/\/www.sisinternational.com\/pt\/wp-json\/wp\/v2\/types\/page"}],"author":[{"embeddable":true,"href":"https:\/\/www.sisinternational.com\/pt\/wp-json\/wp\/v2\/users\/1"}],"replies":[{"embeddable":true,"href":"https:\/\/www.sisinternational.com\/pt\/wp-json\/wp\/v2\/comments?post=37731"}],"version-history":[{"count":5,"href":"https:\/\/www.sisinternational.com\/pt\/wp-json\/wp\/v2\/pages\/37731\/revisions"}],"predecessor-version":[{"id":81557,"href":"https:\/\/www.sisinternational.com\/pt\/wp-json\/wp\/v2\/pages\/37731\/revisions\/81557"}],"up":[{"embeddable":true,"href":"https:\/\/www.sisinternational.com\/pt\/wp-json\/wp\/v2\/pages\/14281"}],"wp:featuredmedia":[{"embeddable":true,"href":"https:\/\/www.sisinternational.com\/pt\/wp-json\/wp\/v2\/media\/65176"}],"wp:attachment":[{"href":"https:\/\/www.sisinternational.com\/pt\/wp-json\/wp\/v2\/media?parent=37731"}],"curies":[{"name":"wp","href":"https:\/\/api.w.org\/{rel}","templated":true}]}}