{"id":37729,"date":"2021-05-19T05:46:38","date_gmt":"2021-05-19T05:46:38","guid":{"rendered":"https:\/\/www.sisinternational.com\/?page_id=37729"},"modified":"2025-09-14T16:27:30","modified_gmt":"2025-09-14T20:27:30","slug":"pesquisa-de-mercado-chade","status":"publish","type":"page","link":"https:\/\/www.sisinternational.com\/pt\/cobertura\/pesquisa-de-mercado-africa\/pesquisa-de-mercado-chade\/","title":{"rendered":"Pesquisa de mercado no Chade"},"content":{"rendered":"<h1 class=\"wp-block-heading\">Pesquisa de mercado no Chade<\/h1>\n\n\n\n<figure class=\"gb-block-image gb-block-image-2e41044d\"><img loading=\"lazy\" decoding=\"async\" width=\"1456\" height=\"816\" class=\"gb-image gb-image-2e41044d\" src=\"https:\/\/www.sisinternational.com\/wp-content\/uploads\/2025\/08\/Chad-1.jpg\" alt=\"Pesquisa e Estrat\u00e9gia de Mercado Internacional da SIS\" title=\"Chad (1)\" srcset=\"https:\/\/www.sisinternational.com\/wp-content\/uploads\/2025\/08\/Chad-1.jpg 1456w, https:\/\/www.sisinternational.com\/wp-content\/uploads\/2025\/08\/Chad-1-300x168.jpg 300w, https:\/\/www.sisinternational.com\/wp-content\/uploads\/2025\/08\/Chad-1-1024x574.jpg 1024w, https:\/\/www.sisinternational.com\/wp-content\/uploads\/2025\/08\/Chad-1-768x430.jpg 768w, https:\/\/www.sisinternational.com\/wp-content\/uploads\/2025\/08\/Chad-1-18x10.jpg 18w\" sizes=\"auto, (max-width: 1456px) 100vw, 1456px\"><\/figure>\n\n\n\n<p><\/p>\n\n\n\n<p>A Rep\u00fablica do Chade fica no centro-norte da \u00c1frica. Este pa\u00eds sem litoral faz fronteira com o Sud\u00e3o a leste, a L\u00edbia ao norte e os Camar\u00f5es e a Nig\u00e9ria a sudoeste. A Rep\u00fablica Centro-Africana fica ao sul e o N\u00edger a oeste. A falta de infra-estruturas, a seca e a turbul\u00eancia pol\u00edtica fizeram com que a economia chadiana sofresse. O afastamento geogr\u00e1fico do pa\u00eds tamb\u00e9m \u00e9 um factor paralisante.<\/p>\n\n\n\n<h2 class=\"wp-block-heading\">Principais ind\u00fastrias<\/h2>\n\n\n\n<p>A agricultura e o petr\u00f3leo impulsionam a economia do Chade, sendo que o petr\u00f3leo representa a maior parte das receitas do governo e das receitas de exporta\u00e7\u00e3o. As principais exporta\u00e7\u00f5es n\u00e3o petrol\u00edferas do Chade s\u00e3o goma ar\u00e1bica, ouro, gado, gergelim e algod\u00e3o. Outros produtos agr\u00edcolas incluem amendoim, sorgo, inhame, milho, milho, cana-de-a\u00e7\u00facar, arroz, mandioca, feij\u00e3o e batata-doce.<\/p>\n\n\n\n<p>A maioria da popula\u00e7\u00e3o do Chade depende da cria\u00e7\u00e3o de gado e da agricultura de subsist\u00eancia. Os baixos pre\u00e7os globais persistentes do petr\u00f3leo prejudicaram a economia. O mesmo aconteceu com a crise econ\u00f3mica de 2016-2017, que reduziu os gastos com investimento. O pa\u00eds tamb\u00e9m est\u00e1 a lidar com as consequ\u00eancias financeiras da pandemia da COVID-19 em todo o mundo.<\/p>\n\n\n\n<p>Still, the government continues its campaign for economic relief. Its goal is to increase the export of value-added products. It also aims to diversify key sectors and develop a formal economy within the <a href=\"https:\/\/www.sisinternational.com\/pt\/pericia\/industrias\/pesquisa-de-mercado-automotivo\/futuro-dos-veiculos-eletricos-nos-eua\/\" title=\"The Future of Electric Vehicles in the USA &#8211; The Next 5 Years\"  data-wpil-monitor-id=\"7943\">next ten years<\/a>.<\/p>\n\n\n\n<h2 class=\"wp-block-heading\">Bairros<\/h2>\n\n\n\n<p>Cidades importantes no Chade s\u00e3o N&#039;Djamena, Koutere e Moundou. O Chade \u00e9 um dos 25 pa\u00edses mais pobres do mundo. N\u00e3o possui uma rede de transporte est\u00e1vel e bem administrada. N&#039;Djamena \u00e9 a capital, por isso tem estradas pavimentadas, assim como as outras grandes cidades. A qualidade deteriora-se \u00e0 medida que se muda para as \u00e1reas rurais. O custo de vida em N&#039;Djamena \u00e9 alt\u00edssimo. Os alugu\u00e9is rivalizam com os de Nova York e Londres, tornando-a a cidade mais cara da \u00c1frica para se viver.<\/p>\n\n\n\n<h2 class=\"wp-block-heading\">Tend\u00eancias<\/h2>\n\n\n\n<p>Os economistas esperam que a economia do Chade retome o crescimento \u00e0 medida que a pandemia diminuir. Eles esperam que as atividades industriais retornem aos n\u00edveis normais. A produ\u00e7\u00e3o de petr\u00f3leo, o descaro\u00e7amento de algod\u00e3o e a ind\u00fastria t\u00eaxtil dever\u00e3o ganhar for\u00e7a em breve. O Chade fez progressos na redu\u00e7\u00e3o da pobreza, mas a economia continua fr\u00e1gil. O pa\u00eds enfrenta muitos riscos, tais como a instabilidade regional e a volatilidade dos pre\u00e7os do petr\u00f3leo.<\/p>\n\n\n\n<h2 class=\"wp-block-heading\">Benef\u00edcios e pontos fortes no mercado chadiano<\/h2>\n\n\n\n<p>Chad cannot use its national public finance <a href=\"https:\/\/www.sisinternational.com\/pt\/solucoes\/sis-crescimento-global\/gerenciamento-de-projetos-globais\/\" title=\"Consultoria Global em Gest\u00e3o de Projetos\"  data-wpil-monitor-id=\"7941\">management system to implement projects<\/a> financed with external resources. The Paris Declaration does not allow it. This measure is due to the country\u2019s poor performance in economic governance. Still, the government is making progress in areas such as transparency. This transparency is especially evident in the management of its oil reserves.<\/p>\n\n\n\n<h2 class=\"wp-block-heading\">Base de Consumidores<\/h2>\n\n\n\n<p>Mais de tr\u00eas quartos dos chadianos vivem em \u00e1reas rurais. Quase metade dos habitantes est\u00e1 abaixo da linha de pobreza nacional. O Chade \u00e9 uma sociedade agr\u00e1ria e a agricultura emprega a maior parte dos adultos em idade activa do pa\u00eds. A penetra\u00e7\u00e3o m\u00f3vel est\u00e1 aqu\u00e9m da de outros pa\u00edses africanos. Ainda assim, os dois principais fornecedores fizeram progressos significativos, mesmo nas zonas rurais. No entanto, o Chade \u00e9 um dos tr\u00eas pa\u00edses menos desenvolvidos do mundo, de acordo com o PNUD.<\/p>\n\n\n\n<h2 class=\"wp-block-heading\">Raz\u00f5es para expandir seus neg\u00f3cios no Chade<\/h2>\n\n\n\n<p>Chad\u2019s economic outlook may seem dismal, but things can only get better. It presents remarkable opportunities for early investors, and the investment climate is suitable for medium and large-scale projects. Opportunities exist in power generation and distribution (especially solar) and oil exploration. Investors can also do well in livestock, mining, telecommunications, agribusiness, and infrastructure. The success of several foreign <a href=\"https:\/\/www.sisinternational.com\/pt\/cobertura\/pesquisa-de-mercado-medio-oriente\/investment-opportunities-in-neom-real-estate\/\" title=\"Investment Opportunities in NEOM Real Estate\"  data-wpil-monitor-id=\"7942\">investments in Chad proves that business opportunities<\/a> exist. The country needs committed, skilled, and patient investors, despite the many challenges.<\/p>\n\n\n\n<h2 class=\"wp-block-heading\">Sobre pesquisa de mercado no Chade<\/h2>\n\n\n\n<p>Companies interested in doing business in Chad should do thorough <a href=\"https:\/\/www.sisinternational.com\/pt\/pericia\/industrias\/pesquisa-de-mercado-de-fundamentos-de-cozinha\/\" title=\"Pesquisa de mercado de fundamentos de cozinha\"  data-wpil-monitor-id=\"7939\">Market Research because it\u2019s essential<\/a> to know the business environment and the legal and regulatory frameworks. <a href=\"https:\/\/www.sisinternational.com\/pt\/solucoes\/pesquisa-de-mercado-em-grupo-focal\/\" title=\"Pesquisa de mercado com grupo focal\"  data-wpil-monitor-id=\"7940\">Grupos de foco<\/a> can help determine the Chadian market\u2019s readiness, as can Interviews and Surveys. <a href=\"https:\/\/www.sisinternational.com\/pt\/entre-em-contato-com-a-sis-international-market-research\/\" title=\"Contate-nos\"  data-wpil-monitor-id=\"7938\">A SIS International Research<\/a> offers Quantitative, Qualitative, and Strategy Research for Chad and other African countries. Research is not a mere option: it is a necessity for volatile countries such as Chad.<\/p>\n\n\n\n<p><\/p>","protected":false},"excerpt":{"rendered":"<p>Pesquisa de Mercado no Chade A Rep\u00fablica do Chade fica no centro-norte da \u00c1frica. Este pa\u00eds sem litoral faz fronteira com o Sud\u00e3o a leste, a L\u00edbia ao norte e os Camar\u00f5es e a Nig\u00e9ria a sudoeste. A Rep\u00fablica Centro-Africana fica ao sul e o N\u00edger a oeste. A falta de infraestrutura, a seca e a turbul\u00eancia pol\u00edtica causaram\u2026 <a title=\"Pesquisa de mercado no Chade\" class=\"read-more\" href=\"https:\/\/www.sisinternational.com\/pt\/cobertura\/pesquisa-de-mercado-africa\/pesquisa-de-mercado-chade\/\" aria-label=\"Leia mais sobre Pesquisa de Mercado no Chade\">Leia mais<\/a><\/p>","protected":false},"author":1,"featured_media":65281,"parent":14281,"menu_order":13,"comment_status":"closed","ping_status":"closed","template":"","meta":{"footnotes":""},"class_list":["post-37729","page","type-page","status-publish","has-post-thumbnail"],"_links":{"self":[{"href":"https:\/\/www.sisinternational.com\/pt\/wp-json\/wp\/v2\/pages\/37729","targetHints":{"allow":["GET"]}}],"collection":[{"href":"https:\/\/www.sisinternational.com\/pt\/wp-json\/wp\/v2\/pages"}],"about":[{"href":"https:\/\/www.sisinternational.com\/pt\/wp-json\/wp\/v2\/types\/page"}],"author":[{"embeddable":true,"href":"https:\/\/www.sisinternational.com\/pt\/wp-json\/wp\/v2\/users\/1"}],"replies":[{"embeddable":true,"href":"https:\/\/www.sisinternational.com\/pt\/wp-json\/wp\/v2\/comments?post=37729"}],"version-history":[{"count":3,"href":"https:\/\/www.sisinternational.com\/pt\/wp-json\/wp\/v2\/pages\/37729\/revisions"}],"predecessor-version":[{"id":81338,"href":"https:\/\/www.sisinternational.com\/pt\/wp-json\/wp\/v2\/pages\/37729\/revisions\/81338"}],"up":[{"embeddable":true,"href":"https:\/\/www.sisinternational.com\/pt\/wp-json\/wp\/v2\/pages\/14281"}],"wp:featuredmedia":[{"embeddable":true,"href":"https:\/\/www.sisinternational.com\/pt\/wp-json\/wp\/v2\/media\/65281"}],"wp:attachment":[{"href":"https:\/\/www.sisinternational.com\/pt\/wp-json\/wp\/v2\/media?parent=37729"}],"curies":[{"name":"wp","href":"https:\/\/api.w.org\/{rel}","templated":true}]}}