{"id":37727,"date":"2021-05-19T05:44:09","date_gmt":"2021-05-19T05:44:09","guid":{"rendered":"https:\/\/www.sisinternational.com\/?page_id=37727"},"modified":"2025-09-14T17:12:36","modified_gmt":"2025-09-14T21:12:36","slug":"pesquisa-de-mercado-burundi","status":"publish","type":"page","link":"https:\/\/www.sisinternational.com\/pt\/cobertura\/pesquisa-de-mercado-africa\/pesquisa-de-mercado-burundi\/","title":{"rendered":"Pesquisa de mercado no Burundi"},"content":{"rendered":"<h1 class=\"wp-block-heading\">Pesquisa de mercado no Burundi<\/h1>\n\n\n\n<figure class=\"gb-block-image gb-block-image-3af6ae8b\"><img loading=\"lazy\" decoding=\"async\" width=\"1456\" height=\"816\" class=\"gb-image gb-image-3af6ae8b\" src=\"https:\/\/www.sisinternational.com\/wp-content\/uploads\/2025\/08\/Burundi-1.jpg\" alt=\"Pesquisa e Estrat\u00e9gia de Mercado Internacional da SIS\" title=\"Burundi (1)\" srcset=\"https:\/\/www.sisinternational.com\/wp-content\/uploads\/2025\/08\/Burundi-1.jpg 1456w, https:\/\/www.sisinternational.com\/wp-content\/uploads\/2025\/08\/Burundi-1-300x168.jpg 300w, https:\/\/www.sisinternational.com\/wp-content\/uploads\/2025\/08\/Burundi-1-1024x574.jpg 1024w, https:\/\/www.sisinternational.com\/wp-content\/uploads\/2025\/08\/Burundi-1-768x430.jpg 768w, https:\/\/www.sisinternational.com\/wp-content\/uploads\/2025\/08\/Burundi-1-18x10.jpg 18w\" sizes=\"auto, (max-width: 1456px) 100vw, 1456px\"><\/figure>\n\n\n\n<p><\/p>\n\n\n\n<h2 class=\"wp-block-heading\">Principais ind\u00fastrias<\/h2>\n\n\n\n<p>Burundi \u00e9 um estado sem litoral na regi\u00e3o dos Grandes Lagos da \u00c1frica Oriental. Faz fronteira com Ruanda, Tanz\u00e2nia e Rep\u00fablica Democr\u00e1tica do Congo. As principais exporta\u00e7\u00f5es do Burundi incluem caf\u00e9, ch\u00e1 e a\u00e7\u00facar, e a maior parte da popula\u00e7\u00e3o trabalha na agricultura, o pilar central da economia do Burundi. A agricultura representa um ter\u00e7o do produto interno bruto (PIB) e 60% das exporta\u00e7\u00f5es do Burundi.<\/p>\n\n\n\n<p>Os sectores agr\u00edcola e mineiro captam a maior parte do investimento estrangeiro. O Burundi conta com apoio internacional para a sua pol\u00edtica agr\u00e1ria. A constru\u00e7\u00e3o cont\u00ednua de barragens hidrel\u00e9tricas tamb\u00e9m \u00e9 popular. A gera\u00e7\u00e3o de energia geot\u00e9rmica, e\u00f3lica e solar tem grande potencial.<\/p>\n\n\n\n<h2 class=\"wp-block-heading\">Tend\u00eancias<\/h2>\n\n\n\n<p>O mundo est\u00e1 demonstrando um interesse crescente no desenvolvimento da produ\u00e7\u00e3o de terras raras. Mais esfor\u00e7os de investiga\u00e7\u00e3o quantitativa est\u00e3o em curso sobre os seus dep\u00f3sitos minerais inexplorados. Os maiores deles s\u00e3o cobre, cobalto e n\u00edquel. Outros recursos naturais como o petr\u00f3leo s\u00e3o provavelmente lucrativos.<\/p>\n\n\n\n<h2 class=\"wp-block-heading\">Benef\u00edcios e pontos fortes no mercado<\/h2>\n\n\n\n<p>Burundi has excellent <a href=\"https:\/\/www.sisinternational.com\/pt\/connected_car_market_research\/\" title=\"Pesquisa de mercado de carros conectados\"  data-wpil-monitor-id=\"7963\">connections in the African markets<\/a>. Its geographical location positions it as a regional commercial hub. It has not yet taken advantage of its convenient location, but it has access to several neighboring countries.<\/p>\n\n\n\n<p>\u00c9 membro de muitos acordos de livre com\u00e9rcio no continente. Estes incluem o Espa\u00e7o Econ\u00f3mico da \u00c1frica Central, a Comunidade da \u00c1frica Oriental e a Zona de Com\u00e9rcio Livre Continental Africana. Tamb\u00e9m possui acordos com os Estados Unidos e a Uni\u00e3o Europeia.<\/p>\n\n\n\n<p>O decl\u00ednio da ajuda externa desde 2015 causou dificuldades \u00e0 economia do Burundi. Esta perda de recursos externos resultou num menor crescimento. O choque da pandemia da COVID-19 agravou a situa\u00e7\u00e3o. A economia n\u00e3o \u00e9 diversificada e est\u00e1 demasiado dependente dos vol\u00e1teis pre\u00e7os mundiais do caf\u00e9.<\/p>\n\n\n\n<p>The population is growing. Thus, the government has sought to meet the surge in demand for social and consumer goods. Their focus has turned to stimulate internal resources. Yet, a significant gap still exists in the <a href=\"https:\/\/www.sisinternational.com\/pt\/pericia\/industrias\/pesquisa-de-mercado-de-fabricacao-de-bebidas-alimenticias\/\" title=\"Pesquisa de mercado de fabrica\u00e7\u00e3o de alimentos e bebidas\"  data-wpil-monitor-id=\"7960\">market for locally-produced manufactured<\/a> goods. Public services make up 25% of Burundi\u2019s GDP.<\/p>\n\n\n\n<h2 class=\"wp-block-heading\">Bairros<\/h2>\n\n\n\n<p>Bujumbura \u00e9 a capital econ\u00f4mica do Burundi. Situa-se \u00e0s margens do Lago Tanganica. Aqui, os grupos \u00e9tnicos tutsis e hutus coexistem ao lado de pequenas popula\u00e7\u00f5es de imigrantes. Os expatriados s\u00e3o geralmente europeus e sul-asi\u00e1ticos. Uma influ\u00eancia europeia persistente \u00e9 evidente nos edif\u00edcios de Bujumbura (antiga Usumbura), um remanescente dos seus dias como capital colonial.<\/p>\n\n\n\n<p>A mistura de culturas confere \u00e0 cidade um toque cosmopolita. Os visitantes podem desfrutar da fant\u00e1stica culin\u00e1ria francesa, com excelentes comidas e bebidas e a vida noturna \u00e9 atraente. Os amantes da arte podem visitar o Museu Vivo de Bujumbura, um zool\u00f3gico e museu. O Museu Vivo \u00e9 um dos melhores da \u00c1frica, com exposi\u00e7\u00e3o de artesanato antigo e moderno.<\/p>\n\n\n\n<p>Rohero I, onde fica o Jardin Public (um grande parque), \u00e9 um dos bairros mais seguros de Bujumbura. Muitos moradores de Bujumbura relaxam neste espa\u00e7o verde e aproveitam o clima quente do pa\u00eds. Outro sub\u00farbio mais exclusivo \u00e9 Kiriri, o bairro presidencial com vista para o Lago Tanganica.<\/p>\n\n\n\n<h2 class=\"wp-block-heading\">Base de Consumidores<\/h2>\n\n\n\n<p>Burundi\u2019s youngest generation will grow into an educated workforce. The Gross Enrollment Rate of primary education has exploded compared to twenty years ago. Most of the country speaks Kirundi, the first official language, as well as French. In the coming years, <a href=\"https:\/\/www.sisinternational.com\/pt\/solucoes\/pesquisa-de-mercado-de-ia-e-consultoria-estrategica\/consultoria-de-ia-em-automacao-de-servicos-de-bens-de-consumo\/\" title=\"Automa\u00e7\u00e3o de bens de consumo e servi\u00e7os e consultoria em IA\"  data-wpil-monitor-id=\"7962\">consumers will seek more online services<\/a>. The broadband internet market is untapped. With fiber optics installation, e-admin and e-banking opportunities will arise.<\/p>\n\n\n\n<h2 class=\"wp-block-heading\">Raz\u00f5es para expandir seus neg\u00f3cios no Burundi<\/h2>\n\n\n\n<p>O governo demonstra interesse em melhorar o ambiente de neg\u00f3cios no Burundi. Pretende ultrapassar a sua baixa classifica\u00e7\u00e3o, na 116.\u00aa posi\u00e7\u00e3o entre 190 economias (Doing Business 2020). Promulgou uma nova lei de investimento, que concede aos investidores estrangeiros direitos semelhantes aos nacionais. Os investidores desfrutam de poucos limites de propriedade e controle, bem como de triagem limitada.<\/p>\n\n\n\n<h2 class=\"wp-block-heading\">Sobre pesquisa de mercado no Burundi<\/h2>\n\n\n\n<p>For discerning shareholders, there are many investments available in Burundi. With focus groups and surveys, investors can gain essential insights into hot industries. Such insights can prove priceless. <a href=\"https:\/\/www.sisinternational.com\/pt\/pericia\/industrias\/pesquisa-de-mercado-industrial\/\" title=\"Pesquisa e Estrat\u00e9gia de Mercado Industrial\"  data-wpil-monitor-id=\"7959\">Strategy research on manufacturing industries<\/a> can result in critical assets for quantitative analysis. There are many <a href=\"https:\/\/www.sisinternational.com\/pt\/solucoes\/consultoria-estrategica\/consultoria-de-mapeamento-de-oportunidades-de-produtos-de-mercado\/\" title=\"Consultoria em mapeamento de oportunidades de mercado e produto\"  data-wpil-monitor-id=\"7961\">opportunities in manufacturing because the food products<\/a> processing, building materials, chemicals, and textiles industries are few. Burundi imports the majority of manufactured consumer goods. Hence the government is turning to foreign investors to fill the gap.<\/p>\n\n\n\n<p><\/p>","protected":false},"excerpt":{"rendered":"<p>Pesquisa de Mercado no Burundi Principais Ind\u00fastrias O Burundi \u00e9 um estado sem litoral na regi\u00e3o dos Grandes Lagos da \u00c1frica Oriental. Faz fronteira com Ruanda, Tanz\u00e2nia e Rep\u00fablica Democr\u00e1tica do Congo. As principais exporta\u00e7\u00f5es do Burundi incluem caf\u00e9, ch\u00e1 e a\u00e7\u00facar, e a maior parte da popula\u00e7\u00e3o trabalha na agricultura, o pilar central da economia do Burundi. \u2026 <a title=\"Pesquisa de mercado no Burundi\" class=\"read-more\" href=\"https:\/\/www.sisinternational.com\/pt\/cobertura\/pesquisa-de-mercado-africa\/pesquisa-de-mercado-burundi\/\" aria-label=\"Leia mais sobre Pesquisa de Mercado no Burundi\">Leia mais<\/a><\/p>","protected":false},"author":1,"featured_media":65265,"parent":14281,"menu_order":12,"comment_status":"closed","ping_status":"closed","template":"","meta":{"footnotes":""},"class_list":["post-37727","page","type-page","status-publish","has-post-thumbnail"],"_links":{"self":[{"href":"https:\/\/www.sisinternational.com\/pt\/wp-json\/wp\/v2\/pages\/37727","targetHints":{"allow":["GET"]}}],"collection":[{"href":"https:\/\/www.sisinternational.com\/pt\/wp-json\/wp\/v2\/pages"}],"about":[{"href":"https:\/\/www.sisinternational.com\/pt\/wp-json\/wp\/v2\/types\/page"}],"author":[{"embeddable":true,"href":"https:\/\/www.sisinternational.com\/pt\/wp-json\/wp\/v2\/users\/1"}],"replies":[{"embeddable":true,"href":"https:\/\/www.sisinternational.com\/pt\/wp-json\/wp\/v2\/comments?post=37727"}],"version-history":[{"count":3,"href":"https:\/\/www.sisinternational.com\/pt\/wp-json\/wp\/v2\/pages\/37727\/revisions"}],"predecessor-version":[{"id":81341,"href":"https:\/\/www.sisinternational.com\/pt\/wp-json\/wp\/v2\/pages\/37727\/revisions\/81341"}],"up":[{"embeddable":true,"href":"https:\/\/www.sisinternational.com\/pt\/wp-json\/wp\/v2\/pages\/14281"}],"wp:featuredmedia":[{"embeddable":true,"href":"https:\/\/www.sisinternational.com\/pt\/wp-json\/wp\/v2\/media\/65265"}],"wp:attachment":[{"href":"https:\/\/www.sisinternational.com\/pt\/wp-json\/wp\/v2\/media?parent=37727"}],"curies":[{"name":"wp","href":"https:\/\/api.w.org\/{rel}","templated":true}]}}