{"id":37725,"date":"2021-05-19T05:39:12","date_gmt":"2021-05-19T05:39:12","guid":{"rendered":"https:\/\/www.sisinternational.com\/?page_id=37725"},"modified":"2025-09-14T17:13:33","modified_gmt":"2025-09-14T21:13:33","slug":"pesquisa-de-mercado-burkina-faso","status":"publish","type":"page","link":"https:\/\/www.sisinternational.com\/pt\/cobertura\/pesquisa-de-mercado-africa\/pesquisa-de-mercado-burkina-faso\/","title":{"rendered":"Pesquisa de mercado em Burkina Faso"},"content":{"rendered":"<h1 class=\"wp-block-heading\">Pesquisa de mercado em Burkina Faso<\/h1>\n\n\n\n<figure class=\"gb-block-image gb-block-image-1d97df6f\"><img loading=\"lazy\" decoding=\"async\" width=\"1456\" height=\"816\" class=\"gb-image gb-image-1d97df6f\" src=\"https:\/\/www.sisinternational.com\/wp-content\/uploads\/2025\/08\/Burkina-Faso-2.jpg\" alt=\"Pesquisa e Estrat\u00e9gia de Mercado Internacional da SIS\" title=\"Burkina Faso (2)\" srcset=\"https:\/\/www.sisinternational.com\/wp-content\/uploads\/2025\/08\/Burkina-Faso-2.jpg 1456w, https:\/\/www.sisinternational.com\/wp-content\/uploads\/2025\/08\/Burkina-Faso-2-300x168.jpg 300w, https:\/\/www.sisinternational.com\/wp-content\/uploads\/2025\/08\/Burkina-Faso-2-1024x574.jpg 1024w, https:\/\/www.sisinternational.com\/wp-content\/uploads\/2025\/08\/Burkina-Faso-2-768x430.jpg 768w, https:\/\/www.sisinternational.com\/wp-content\/uploads\/2025\/08\/Burkina-Faso-2-18x10.jpg 18w\" sizes=\"auto, (max-width: 1456px) 100vw, 1456px\"><\/figure>\n\n\n\n<p><\/p>\n\n\n\n<h2 class=\"wp-block-heading\">Hist\u00f3ria de Burkina Faso<\/h2>\n\n\n\n<p>Burkina Faso \u00e9 um pa\u00eds localizado na \u00c1frica Ocidental, que se tornou independente em 5 de agosto de 1950. Seu antigo nome \u00e9 Rep\u00fablica do Alto Volta, usado entre 1958 e 1984. Come\u00e7ou a usar o nome Burkina Faso em 4 de agosto de 1984.<\/p>\n\n\n\n<p>Burkina Faso cobre uma \u00e1rea de cerca de 170.000 mil milhas quadradas. Este pequeno pa\u00eds do continente africano reconhece tr\u00eas l\u00ednguas. O franc\u00eas \u00e9 a l\u00edngua principal. Burkina Faso tem uma popula\u00e7\u00e3o de 20,3 milh\u00f5es de pessoas.<\/p>\n\n\n\n<p>Burkina Faso tem os melhores nomes de lugares do mundo. Quando voc\u00ea olha os nomes dados aos lugares em Burkina Faso, eles t\u00eam belos significados. Burkina Faso significa \u201cterra de homens honestos\u201d. A capital \u201cOuagadougou\u201d significa \u201cVoc\u00ea \u00e9 bem-vindo em casa aqui conosco\u201d. Ouagadougou \u00e9 uma das cidades mais antigas do planeta.<\/p>\n\n\n\n<h2 class=\"wp-block-heading\">Pa\u00edses vizinhos<\/h2>\n\n\n\n<p>Six countries surround Burkina Faso. Mali is to the <a href=\"https:\/\/www.sisinternational.com\/pt\/cobertura\/pesquisa-de-mercado-africa\/pesquisa-de-mercado-em-marrocos-norte-da-africa\/\" title=\"Pesquisa de Mercado em Marrocos, Continente Noroeste Africano\"  data-wpil-monitor-id=\"7910\">north and west<\/a>, Nigeria to the east, and Benin and Togo to the southeast. Ghana is south of Burkina Faso.<\/p>\n\n\n\n<p>O pa\u00eds gerou um crescimento econ\u00f3mico impressionante nos \u00faltimos anos. O seu PIB expandiu-se nos \u00faltimos cinco anos ou mais. Est\u00e3o agora a rivalizar com as novas pot\u00eancias econ\u00f3micas como a China, a \u00cdndia e o Brasil.<\/p>\n\n\n\n<p>The spontaneous <a href=\"https:\/\/www.sisinternational.com\/pt\/solucoes\/pesquisa-de-consultoria-em-estrategia-fintech\/pesquisa-de-mercado-mercado-de-capitais\/\" title=\"Pesquisa de mercado de mercado de capitais\"  data-wpil-monitor-id=\"7909\">markets are everywhere in Burkina Faso&#8217;s capital<\/a>, called Ouagadougou. Vendors pop up everywhere, from government offices to banks, selling their goods around the clock. Thousands find employment through these ventures. But, some tend to be dangerous for road users while others pollute the environment.<\/p>\n\n\n\n<p>Esses comerciantes n\u00e3o t\u00eam dinheiro para abrir uma loja, ent\u00e3o, em vez disso, muitos se instalam em vias p\u00fablicas e os carros n\u00e3o conseguem passar. A falta de espa\u00e7o e o alto aluguel mensal das lojas s\u00e3o um obst\u00e1culo significativo.<\/p>\n\n\n\n<p>Quando enfrentam problemas com o governo, ambas as partes geralmente encontram um terreno comum.<\/p>\n\n\n\n<p>The authorities are aware of the inconvenience <a href=\"https:\/\/www.sisinternational.com\/pt\/solucoes\/consultoria-estrategica\/analise-de-causa-raiz-pesquisa-de-mercado-e-consultoria\/\" title=\"Root Cause Analysis Market Research\"  data-wpil-monitor-id=\"7911\">caused by the spontaneous markets<\/a>. They have recently designed a program of transportation and modernization to ensure better conditions for the vendors. It also removes the harassment factor, and introduces a level of legitimacy to these micro-enterprises.<\/p>\n\n\n\n<h2 class=\"wp-block-heading\">Tend\u00eancias de Burkina Faso<\/h2>\n\n\n\n<p>Burkina Faso tem uma das taxas de fertilidade mais altas do mundo. Como consequ\u00eancia disso, a popula\u00e7\u00e3o aumentou no s\u00e9culo passado. A taxa m\u00e9dia de natalidade por fam\u00edlia em Burkina Faso \u00e9 de seis filhos.<\/p>\n\n\n\n<p>Burkina Faso possui poucos recursos naturais. A \u00c1frica \u00e9 geralmente conhecida por ser um continente de muitos recursos naturais. Burkina Faso \u00e9 um dos pa\u00edses que n\u00e3o se enquadra nessa categoria.<\/p>\n\n\n\n<h2 class=\"wp-block-heading\">Raz\u00f5es pelas quais voc\u00ea deve investir em Burkina Faso<\/h2>\n\n\n\n<ul class=\"wp-block-list\">\n<li>Bilateral Investment agreement. In August 2014, the United States signed a trade and investment framework agreement with Burkina Faso in <a href=\"https:\/\/www.sisinternational.com\/pt\/cobertura\/as-americas\/cobertura-dos-eua\/pesquisa-de-mercado-no-estado-de-washington\/\" title=\"Pesquisa de mercado no estado de Washington\"  data-wpil-monitor-id=\"7913\">Washington<\/a>. Burkina Faso has cooperation agreements with France and Switzerland. It provides for the free transfer of corporate earnings, interest, and dividends.<\/li>\n\n\n\n<li>Burkina Faso has signed many investment promotions and mutual protection agreements. It has contracts with Germany, Belgium, the Netherlands, Malaysia, Ghana, Taiwan, South Korea, and many more countries.<\/li>\n\n\n\n<li>A partir disto, fica claro que fazer neg\u00f3cios no Burkina Faso \u00e9 f\u00e1cil devido aos seus tratados bilaterais. Ningu\u00e9m quer investir em um pa\u00eds onde voc\u00ea n\u00e3o tem certeza de seus investimentos. Burkina Faso \u00e9 um excelente lugar para fazer neg\u00f3cios.<\/li>\n\n\n\n<li>Sistema Regulat\u00f3rio Transparente. Existe uma lei que rege todos os Estados-Membros de Ohada, que inclui o Burkina Faso. Esta lei, em palavras simples, afirma que as pr\u00e1ticas comerciais devem ser justas e regulamentadas. Os pre\u00e7os n\u00e3o devem ser muito altos. Esta lei garante que as pessoas possam obter o necess\u00e1rio sem ter que pagar muito. Tamb\u00e9m fornece uma medida de seguran\u00e7a e confian\u00e7a nas pol\u00edticas cambiais do pa\u00eds.<\/li>\n\n\n\n<li>Incentivos ao investimento. O governo do Burkina Faso est\u00e1 a fazer muito para dar incentivos aos investidores porque estes querem desenvolver o pa\u00eds. Eles tamb\u00e9m querem usar os investidores para ajudar a criar empregos para os desempregados.<\/li>\n<\/ul>\n\n\n\n<h2 class=\"wp-block-heading\">Pesquisa de mercado em Burkina Faso<\/h2>\n\n\n\n<p>Oferecemos diferentes tipos de pesquisa de mercado em Burkina Faso, incluindo pesquisa estrat\u00e9gica. Tamb\u00e9m podemos organizar grupos focais para obter informa\u00e7\u00f5es aprofundadas.<\/p>\n\n\n\n<p>Our Qualitative <a href=\"https:\/\/www.sisinternational.com\/pt\/top-5-benefits-of-qualitative-market-research-for-businesses\/\" title=\"Top 5 Benefits of Qualitative Market Research for Businesses\"  data-wpil-monitor-id=\"7912\">Pesquisar<\/a> on Burkina Faso has led us to believe that it is a great place to do business and invest.<\/p>\n\n\n\n<p>Tamb\u00e9m fizemos pesquisas quantitativas. Mostra que o mercado do Burkina Faso est\u00e1 em constante crescimento e prevemos que florescer\u00e1 em breve. \u00c9 um pa\u00eds incr\u00edvel e, com alguma ajuda dos investidores, pode ser um dos mais pr\u00f3speros de \u00c1frica.<\/p>\n\n\n\n<p><\/p>","protected":false},"excerpt":{"rendered":"<p>Pesquisa de Mercado em Burkina Faso Hist\u00f3ria de Burkina Faso Burkina Faso \u00e9 um pa\u00eds localizado na \u00c1frica Ocidental, que se tornou independente em 5 de agosto de 1950. Seu antigo nome \u00e9 Rep\u00fablica do Alto Volta, usado entre 1958 e 1984. Come\u00e7ou a usar o nome Burkina Faso em 4 de agosto de 1984. Burkina Faso cobre uma \u00e1rea\u2026 <a title=\"Pesquisa de mercado em Burkina Faso\" class=\"read-more\" href=\"https:\/\/www.sisinternational.com\/pt\/cobertura\/pesquisa-de-mercado-africa\/pesquisa-de-mercado-burkina-faso\/\" aria-label=\"Leia mais sobre Pesquisa de Mercado em Burkina Faso\">Leia mais<\/a><\/p>","protected":false},"author":1,"featured_media":65262,"parent":14281,"menu_order":11,"comment_status":"closed","ping_status":"closed","template":"","meta":{"footnotes":""},"class_list":["post-37725","page","type-page","status-publish","has-post-thumbnail"],"_links":{"self":[{"href":"https:\/\/www.sisinternational.com\/pt\/wp-json\/wp\/v2\/pages\/37725","targetHints":{"allow":["GET"]}}],"collection":[{"href":"https:\/\/www.sisinternational.com\/pt\/wp-json\/wp\/v2\/pages"}],"about":[{"href":"https:\/\/www.sisinternational.com\/pt\/wp-json\/wp\/v2\/types\/page"}],"author":[{"embeddable":true,"href":"https:\/\/www.sisinternational.com\/pt\/wp-json\/wp\/v2\/users\/1"}],"replies":[{"embeddable":true,"href":"https:\/\/www.sisinternational.com\/pt\/wp-json\/wp\/v2\/comments?post=37725"}],"version-history":[{"count":3,"href":"https:\/\/www.sisinternational.com\/pt\/wp-json\/wp\/v2\/pages\/37725\/revisions"}],"predecessor-version":[{"id":81334,"href":"https:\/\/www.sisinternational.com\/pt\/wp-json\/wp\/v2\/pages\/37725\/revisions\/81334"}],"up":[{"embeddable":true,"href":"https:\/\/www.sisinternational.com\/pt\/wp-json\/wp\/v2\/pages\/14281"}],"wp:featuredmedia":[{"embeddable":true,"href":"https:\/\/www.sisinternational.com\/pt\/wp-json\/wp\/v2\/media\/65262"}],"wp:attachment":[{"href":"https:\/\/www.sisinternational.com\/pt\/wp-json\/wp\/v2\/media?parent=37725"}],"curies":[{"name":"wp","href":"https:\/\/api.w.org\/{rel}","templated":true}]}}