{"id":37722,"date":"2021-05-19T05:34:36","date_gmt":"2021-05-19T05:34:36","guid":{"rendered":"https:\/\/www.sisinternational.com\/?page_id=37722"},"modified":"2025-09-14T14:43:49","modified_gmt":"2025-09-14T18:43:49","slug":"pesquisa-de-mercado-botsuana","status":"publish","type":"page","link":"https:\/\/www.sisinternational.com\/pt\/cobertura\/pesquisa-de-mercado-africa\/pesquisa-de-mercado-botsuana\/","title":{"rendered":"Pesquisa de mercado em Botsuana"},"content":{"rendered":"<h1 class=\"wp-block-heading\">Pesquisa de mercado em Botsuana<\/h1>\n\n\n\n<figure class=\"gb-block-image gb-block-image-ec92d225\"><img loading=\"lazy\" decoding=\"async\" width=\"1024\" height=\"574\" class=\"gb-image gb-image-ec92d225\" src=\"https:\/\/www.sisinternational.com\/wp-content\/uploads\/2025\/08\/Botswana-1-1024x574.jpg\" srcset=\"https:\/\/www.sisinternational.com\/wp-content\/uploads\/2025\/08\/Botswana-1-1024x574.jpg 1024w, https:\/\/www.sisinternational.com\/wp-content\/uploads\/2025\/08\/Botswana-1-300x168.jpg 300w, https:\/\/www.sisinternational.com\/wp-content\/uploads\/2025\/08\/Botswana-1-768x430.jpg 768w, https:\/\/www.sisinternational.com\/wp-content\/uploads\/2025\/08\/Botswana-1-18x10.jpg 18w, https:\/\/www.sisinternational.com\/wp-content\/uploads\/2025\/08\/Botswana-1.jpg 1456w\" sizes=\"auto, (max-width: 1024px) 100vw, 1024px\" alt=\"Pesquisa e Estrat\u00e9gia de Mercado Internacional da SIS\"><\/figure>\n\n\n\n<p><\/p>\n\n\n\n<p>A Rep\u00fablica do Botswana n\u00e3o tem litoral. Est\u00e1 na regi\u00e3o sul da \u00c1frica. Os seus vizinhos s\u00e3o a \u00c1frica do Sul a sul e sudeste, a Nam\u00edbia a oeste e norte e o Zimbabu\u00e9 a nordeste. As l\u00ednguas oficiais s\u00e3o o ingl\u00eas e o setswana. O Botswana \u00e9 plano e mais de 70% dele \u00e9 o deserto do Kalahari. Tornou-se independente dos brit\u00e2nicos e ganhou o status de Rep\u00fablica em 1966.<\/p>\n\n\n\n<h2 class=\"wp-block-heading\">Principais ind\u00fastrias<\/h2>\n\n\n\n<p>O Botswana apresenta um crescimento econ\u00f3mico not\u00e1vel. Costumava estar entre os pa\u00edses mais pobres do mundo, mas agora est\u00e1 na categoria de rendimento m\u00e9dio-alto. A minera\u00e7\u00e3o desempenha um papel significativo no desenvolvimento do pa\u00eds. O foco principal do sector mineiro s\u00e3o os diamantes. O Botswana possui algumas das maiores reservas de diamantes do mundo. Tamb\u00e9m extrai ouro, carbonato de s\u00f3dio, cobre, n\u00edquel e carv\u00e3o.<\/p>\n\n\n\n<p>A ind\u00fastria agr\u00edcola tamb\u00e9m contribui para a economia. O clima do pa\u00eds e o deserto n\u00e3o permitem a agricultura em grande escala. Os agricultores de subsist\u00eancia cultivam milho, sorgo, milho-mi\u00fado e amendoim. Os botsuaneses tamb\u00e9m criam gado para produzir carne bovina.<\/p>\n\n\n\n<h2 class=\"wp-block-heading\">Bairros<\/h2>\n\n\n\n<p>Gabarone \u00e9 a maior cidade do Botswana e serve como capital governamental e econ\u00f3mica. A capital tem escrit\u00f3rios governamentais, edif\u00edcios do parlamento, instala\u00e7\u00f5es de sa\u00fade e grandes empresas. As empresas de energia e a Universidade do Botswana tamb\u00e9m est\u00e3o na capital. O museu e a galeria de arte tamb\u00e9m est\u00e3o l\u00e1. O povo de Gaberone fala v\u00e1rias l\u00ednguas, que incluem; Setswana, Ingl\u00eas, Kalanga e Kgalagadi.<\/p>\n\n\n\n<h2 class=\"wp-block-heading\">Tend\u00eancias<\/h2>\n\n\n\n<p>A infra-estrutura do Botswana \u00e9 bastante interessante. Em cidades pequenas, voc\u00ea encontrar\u00e1 frequentemente cabanas de barro e casas tradicionais ao lado de casas de estilo moderno. Algumas pessoas se apegam \u00e0 tradi\u00e7\u00e3o, enquanto outras adotam um estilo de vida mais moderno. Esta tend\u00eancia de misturar o antigo e o novo acontece tamb\u00e9m na pol\u00edtica e na religi\u00e3o. Muitos botsuaneses mant\u00eam a sua l\u00edngua e religi\u00e3o nativas. Outros falam ingl\u00eas e se converteram ao cristianismo. Alguns temem que as l\u00ednguas \u00e9tnicas desapare\u00e7am devido \u00e0 r\u00e1pida moderniza\u00e7\u00e3o.<\/p>\n\n\n\n<h2 class=\"wp-block-heading\">Benef\u00edcios e pontos fortes do mercado<\/h2>\n\n\n\n<p>Os diamantes est\u00e3o sempre em demanda em todo o mundo. O Botswana tem a sorte de ter uma riqueza de diamantes que pode comercializar em t\u00e3o grande escala. O com\u00e9rcio frequente permitiu ao Botswana promover boas rela\u00e7\u00f5es com outros pa\u00edses. Um desses pa\u00edses s\u00e3o os Estados Unidos.<\/p>\n\n\n\n<h2 class=\"wp-block-heading\">Base de consumidores<\/h2>\n\n\n\n<p>A maioria das pessoas que vivem em comunidades urbanas dependem do Main Mall, o cora\u00e7\u00e3o comercial da cidade de Gaborone. \u00c9 onde se encontram empresas, lojas, bancos e franquias. Os botsuaneses tamb\u00e9m usam esta \u00e1rea para mostrar artesanato e arte e fazer shows. Muitas das pessoas que vivem em \u00e1reas rurais dependem de pequenas explora\u00e7\u00f5es agr\u00edcolas de subsist\u00eancia. A produ\u00e7\u00e3o \u00e9 suficiente para atender \u00e0s necessidades do dia a dia e contribuir para o abastecimento alimentar do Shopping Principal.<\/p>\n\n\n\n<h2 class=\"wp-block-heading\">Raz\u00f5es para expandir seu neg\u00f3cio no mercado<\/h2>\n\n\n\n<p>The blend of urban and rural <a href=\"https:\/\/www.sisinternational.com\/pt\/pericia\/industrias\/pesquisa-de-mercado-em-ciencias-biologicas\/\" title=\"Pesquisa de mercado de ci\u00eancias biol\u00f3gicas\"  data-wpil-monitor-id=\"7900\">life provides a market<\/a> for modern commodities in many parts of Botswana. Your business can add to the modernization of the city areas. Or help expand the variety of goods and services provided in underdeveloped regions. The nation\u2019s economy is on the rise, and <a href=\"https:\/\/www.sisinternational.com\/pt\/future-trends-in-qualitative-market-research\/\" title=\"Future Trends in Qualitative Market Research\"  data-wpil-monitor-id=\"7899\">trends predict a lucrative future<\/a>. Investing now could be the best move for your business.<\/p>\n\n\n\n<h2 class=\"wp-block-heading\">Sobre pesquisa de mercado em Botsuana<\/h2>\n\n\n\n<p>Are you interested in doing business in Botswana? We\u2019re here to help. We organize <a href=\"https:\/\/www.sisinternational.com\/pt\/solucoes\/pesquisa-de-mercado-em-grupo-focal\/\" title=\"Pesquisa de mercado com grupo focal\"  data-wpil-monitor-id=\"7896\">Focus Groups in the different African markets<\/a>. We can also undertake Quantitative, Qualitative, and <a href=\"https:\/\/www.sisinternational.com\/pt\/solucoes\/consultoria-em-hotelaria-e-turismo-em-viagens\/consultoria-em-estrategia-de-pesquisa-de-mercado-para-empresa-de-gestao-hoteleira\/\" title=\"Pesquisa de mercado e consultoria estrat\u00e9gica para empresas de gest\u00e3o hoteleira\"  data-wpil-monitor-id=\"7898\">Strategy Research for your company<\/a>. We go through piles of information and findings. Then we compile information for you and your business. We hope this article helps with your business endeavors in Botswana.<\/p>","protected":false},"excerpt":{"rendered":"<p>Pesquisa de Mercado no Botswana A Rep\u00fablica do Botswana n\u00e3o tem litoral. Est\u00e1 na regi\u00e3o sul da \u00c1frica. Os seus vizinhos s\u00e3o a \u00c1frica do Sul a sul e sudeste, a Nam\u00edbia a oeste e norte e o Zimbabu\u00e9 a nordeste. As l\u00ednguas oficiais s\u00e3o o ingl\u00eas e o setswana. O Botswana \u00e9 plano e mais de 70 por cento dele\u2026 <a title=\"Pesquisa de mercado em Botsuana\" class=\"read-more\" href=\"https:\/\/www.sisinternational.com\/pt\/cobertura\/pesquisa-de-mercado-africa\/pesquisa-de-mercado-botsuana\/\" aria-label=\"Leia mais sobre Pesquisa de Mercado em Botsuana\">Leia mais<\/a><\/p>","protected":false},"author":1,"featured_media":65251,"parent":14281,"menu_order":10,"comment_status":"closed","ping_status":"closed","template":"","meta":{"footnotes":""},"class_list":["post-37722","page","type-page","status-publish","has-post-thumbnail"],"_links":{"self":[{"href":"https:\/\/www.sisinternational.com\/pt\/wp-json\/wp\/v2\/pages\/37722","targetHints":{"allow":["GET"]}}],"collection":[{"href":"https:\/\/www.sisinternational.com\/pt\/wp-json\/wp\/v2\/pages"}],"about":[{"href":"https:\/\/www.sisinternational.com\/pt\/wp-json\/wp\/v2\/types\/page"}],"author":[{"embeddable":true,"href":"https:\/\/www.sisinternational.com\/pt\/wp-json\/wp\/v2\/users\/1"}],"replies":[{"embeddable":true,"href":"https:\/\/www.sisinternational.com\/pt\/wp-json\/wp\/v2\/comments?post=37722"}],"version-history":[{"count":3,"href":"https:\/\/www.sisinternational.com\/pt\/wp-json\/wp\/v2\/pages\/37722\/revisions"}],"predecessor-version":[{"id":81332,"href":"https:\/\/www.sisinternational.com\/pt\/wp-json\/wp\/v2\/pages\/37722\/revisions\/81332"}],"up":[{"embeddable":true,"href":"https:\/\/www.sisinternational.com\/pt\/wp-json\/wp\/v2\/pages\/14281"}],"wp:featuredmedia":[{"embeddable":true,"href":"https:\/\/www.sisinternational.com\/pt\/wp-json\/wp\/v2\/media\/65251"}],"wp:attachment":[{"href":"https:\/\/www.sisinternational.com\/pt\/wp-json\/wp\/v2\/media?parent=37722"}],"curies":[{"name":"wp","href":"https:\/\/api.w.org\/{rel}","templated":true}]}}