{"id":37720,"date":"2021-05-19T05:29:23","date_gmt":"2021-05-19T05:29:23","guid":{"rendered":"https:\/\/www.sisinternational.com\/?page_id=37720"},"modified":"2026-01-27T16:37:06","modified_gmt":"2026-01-27T21:37:06","slug":"pesquisa-de-mercado-costa-do-marfim","status":"publish","type":"page","link":"https:\/\/www.sisinternational.com\/pt\/cobertura\/pesquisa-de-mercado-africa\/pesquisa-de-mercado-costa-do-marfim\/","title":{"rendered":"Pesquisa de mercado na Costa do Marfim"},"content":{"rendered":"<h1 class=\"wp-block-heading p1\"><span class=\"s1\">Pesquisa de mercado na Costa do Marfim<\/span><\/h1>\n\n\n\n<figure class=\"gb-block-image gb-block-image-2b9f1310\"><img loading=\"lazy\" decoding=\"async\" width=\"1456\" height=\"816\" class=\"gb-image gb-image-2b9f1310\" src=\"https:\/\/www.sisinternational.com\/wp-content\/uploads\/2025\/08\/Cote-dIvoire-3.jpg\" srcset=\"https:\/\/www.sisinternational.com\/wp-content\/uploads\/2025\/08\/Cote-dIvoire-3.jpg 1456w, https:\/\/www.sisinternational.com\/wp-content\/uploads\/2025\/08\/Cote-dIvoire-3-300x168.jpg 300w, https:\/\/www.sisinternational.com\/wp-content\/uploads\/2025\/08\/Cote-dIvoire-3-1024x574.jpg 1024w, https:\/\/www.sisinternational.com\/wp-content\/uploads\/2025\/08\/Cote-dIvoire-3-768x430.jpg 768w, https:\/\/www.sisinternational.com\/wp-content\/uploads\/2025\/08\/Cote-dIvoire-3-18x10.jpg 18w\" sizes=\"auto, (max-width: 1456px) 100vw, 1456px\" alt=\"Pesquisa e Estrat\u00e9gia de Mercado Internacional da SIS\"><\/figure>\n\n\n\n<p><\/p>\n\n\n\n<hr class=\"wp-block-separator has-alpha-channel-opacity is-style-dots\"\/>\n\n\n\n<h2 class=\"wp-block-heading p3\">Principais ind\u00fastrias<\/h2>\n\n\n\n<p class=\"p5\">Costa do Marfim significa Costa do Marfim ou Costa do Marfim em franc\u00eas. Este pa\u00eds tem vindo a fazer crescer a sua economia apesar da instabilidade do seu governo pol\u00edtico. Seu setor agr\u00edcola est\u00e1 prosperando. A Costa do Marfim produz \u00f3leo de palma, gr\u00e3os de cacau, caf\u00e9, inhame e castanha de caju. Outras exporta\u00e7\u00f5es s\u00e3o petr\u00f3leo bruto, borracha, petr\u00f3leo refinado e ouro.<\/p>\n\n\n\n<p class=\"p5\">The Ivory Coast has the largest fishing port in <a href=\"https:\/\/www.sisinternational.com\/pt\/cobertura\/pesquisa-de-mercado-africa\/pesquisa-de-mercado-nas-mauricias-africa\/\" title=\"Market Research in Mauritius \u2014 Island off Africa&#8217;s East Coast\"  data-wpil-monitor-id=\"8766\">\u00c1frica<\/a> for tuna. Their sardines supply is also high in stock.<\/p>\n\n\n\n<p class=\"p5\">H\u00e1 muita minera\u00e7\u00e3o na Costa do Marfim. Essa minera\u00e7\u00e3o garantiu seu lugar como 9\u00ba maior produtor de mangan\u00eas do mundo.<\/p>\n\n\n\n<h2 class=\"wp-block-heading p3\">Bairros<\/h2>\n\n\n\n<p class=\"p5\">A capital da Costa do Marfim \u00e9 o distrito de Yamoussoukro, que fica ao norte de Abidjan. Este distrito fica em colinas e plan\u00edcies.<\/p>\n\n\n\n<p class=\"p5\">Abidjan \u00e9 a antiga capital da Costa do Marfim. \u00c9 a maior cidade e abriga muitos centros comerciais e banc\u00e1rios. Est\u00e1 em v\u00e1rias pen\u00ednsulas e ilhas ligadas por pontes.<\/p>\n\n\n\n<p class=\"p5\">A Costa do Marfim \u00e9 quente e \u00famida e as ruas costumam estar cheias de vendedores ambulantes. Apesar disso, Abidjan \u00e9 a \u201cParis da \u00c1frica Ocidental\u201d. Este t\u00edtulo surgiu devido \u00e0s suas universidades, parques e modas ex\u00f3ticas. Tamb\u00e9m possui amplas avenidas e museus.<\/p>\n\n\n\n<p class=\"p5\">Existem muitos departamentos governamentais na cidade, incluindo o respons\u00e1vel pelo sistema rodovi\u00e1rio nacional. \u00c9 tamb\u00e9m o fim da Ferrovia Abidjan-N\u00edger.<\/p>\n\n\n\n<p class=\"p5\">Era uma vez, a Costa do Marfim um pa\u00eds muito pac\u00edfico, a caminho de se tornar rico. Agora est\u00e1 a recuperar das Guerras Civis da Costa do Marfim, travadas de 2002 a 2011.<\/p>\n\n\n\n<h2 class=\"wp-block-heading p3\">Tend\u00eancias, Base de Consumidores<\/h2>\n\n\n\n<h3 class=\"wp-block-heading p6\">meios de comunica\u00e7\u00e3o<\/h3>\n\n\n\n<p class=\"p5\">Televis\u00e3o, r\u00e1dio, telecomunica\u00e7\u00f5es e impress\u00e3o pertencem e s\u00e3o controladas pelo governo. A liberdade de express\u00e3o nos meios de comunica\u00e7\u00e3o social n\u00e3o \u00e9 algo que acontece na Costa do Marfim. As autoridades muitas vezes punem rep\u00f3rteres e jornalistas por sa\u00edrem da linha.<\/p>\n\n\n\n<h3 class=\"wp-block-heading p6\">Cozinha<\/h3>\n\n\n\n<p class=\"p5\">Os marfinenses s\u00e3o muito grandes em sua comida. Eles costumam usar gr\u00e3os e tub\u00e9rculos em suas cozinhas. O uso de banana e mandioca desempenha um papel importante nas refei\u00e7\u00f5es. Aitiu, que \u00e9 uma forma de pasta de milho, costuma ser usado na fabrica\u00e7\u00e3o de bolinhas de milho. Um dos principais acompanhamentos \u00e9 o Atti\u00e9k\u00e9.<\/p>\n\n\n\n<p class=\"p5\">Os marfinenses comem muito frango. Eles tamb\u00e9m gostam de usar frutos do mar como sardinha, bonito, atum e camar\u00e3o.<\/p>\n\n\n\n<h3 class=\"wp-block-heading p6\">M\u00fasica<\/h3>\n\n\n\n<p class=\"p5\">A Costa do Marfim marcou o cen\u00e1rio internacional com sua m\u00fasica. Artistas como AfroB, Meiway, Magic Syst\u00e9me colocaram a Costa do Marfim no mapa por sua m\u00fasica. Os g\u00eaneros musicais se diferenciam com base nos grupos \u00e9tnicos. Duas de suas caracter\u00edsticas distintivas s\u00e3o a bateria e a polifonia vocal.<\/p>\n\n\n\n<h2 class=\"wp-block-heading p6\">Pontos fortes no mercado<\/h2>\n\n\n\n<figure class=\"gb-block-image gb-block-image-18789f0b\"><img loading=\"lazy\" decoding=\"async\" width=\"1456\" height=\"816\" class=\"gb-image gb-image-18789f0b\" src=\"https:\/\/www.sisinternational.com\/wp-content\/uploads\/2025\/08\/Cote-dIvoire-1.jpg\" alt=\"Pesquisa e Estrat\u00e9gia de Mercado Internacional da SIS\" title=\"Cote d&#039;Ivoire (1)\" srcset=\"https:\/\/www.sisinternational.com\/wp-content\/uploads\/2025\/08\/Cote-dIvoire-1.jpg 1456w, https:\/\/www.sisinternational.com\/wp-content\/uploads\/2025\/08\/Cote-dIvoire-1-300x168.jpg 300w, https:\/\/www.sisinternational.com\/wp-content\/uploads\/2025\/08\/Cote-dIvoire-1-1024x574.jpg 1024w, https:\/\/www.sisinternational.com\/wp-content\/uploads\/2025\/08\/Cote-dIvoire-1-768x430.jpg 768w, https:\/\/www.sisinternational.com\/wp-content\/uploads\/2025\/08\/Cote-dIvoire-1-18x10.jpg 18w\" sizes=\"auto, (max-width: 1456px) 100vw, 1456px\"><\/figure>\n\n\n\n<ol class=\"wp-block-list ol1\">\n<li>Mais de um ter\u00e7o dos marfinenses vive na pobreza e o trabalho infantil ainda existe. Ainda assim, h\u00e1 uma expans\u00e3o da classe m\u00e9dia.<\/li>\n\n\n\n<li>Recursos diversificados: A Costa do Marfim \u00e9 rica em agricultura (cacau, caf\u00e9, a\u00e7\u00facar, castanha de caju. \u00c9 tamb\u00e9m o maior produtor mundial de borracha). O pa\u00eds tamb\u00e9m produz hidrocarbonetos e minerais (ouro, cobre, ferro, mangan\u00eas e bauxita).<\/li>\n\n\n\n<li>A Costa do Marfim faz parte da Uni\u00e3o Econ\u00f3mica e Monet\u00e1ria da \u00c1frica Ocidental (UEMOA). Esta organiza\u00e7\u00e3o tem uma moeda comum, que mant\u00e9m a infla\u00e7\u00e3o sob controle.<\/li>\n\n\n\n<li>A infraestrutura est\u00e1 em processo de moderniza\u00e7\u00e3o.<\/li>\n\n\n\n<li>O pa\u00eds est\u00e1 a fazer melhorias cont\u00ednuas nos ambientes de neg\u00f3cios e governa\u00e7\u00e3o.<\/li>\n<\/ol>\n\n\n\n<h2 class=\"wp-block-heading p6\">Raz\u00f5es para expandir seu neg\u00f3cio no mercado<\/h2>\n\n\n\n<ol class=\"wp-block-list ol1\">\n<li>Agroneg\u00f3cio: A Costa do Marfim exporta mat\u00e9rias-primas. H\u00e1 potencial para empresas que desejam processar esses materiais dentro do pa\u00eds.<\/li>\n\n\n\n<li>The region imports the vast majority of its medical supplies. Thus, this sector has many opportunities, and as the population expands, the demand for healthcare will increase. Local <a href=\"https:\/\/www.sisinternational.com\/pt\/pericia\/industrias\/pesquisa-de-mercado-de-diagnostico-clinico\/\" title=\"Pesquisa de mercado de diagn\u00f3stico cl\u00ednico\"  data-wpil-monitor-id=\"8765\">diagnostics centers and clinics<\/a> are still scarce. Affluent people often travel abroad for treatment. There is potential for the private sector to expand healthcare capacity.<\/li>\n\n\n\n<li>Education is another area of interest for investors. There is a shortfall in capacity and growing demand in this sector. Many members of the young population leave the educational circuit early with few qualifications. There are gaps in theoretical training and business needs.&nbsp;Businesses can establish training centers to close those gaps.<\/li>\n<\/ol>\n\n\n\n<h2 class=\"wp-block-heading p3\">Sobre pesquisa de mercado na Costa do Marfim<\/h2>\n\n\n\n<p class=\"p5\">If you&#8217;re a business visionary who wants to work in Ivory Coast, <a href=\"https:\/\/www.sisinternational.com\/pt\/entre-em-contato-com-a-sis-international-market-research\/\" title=\"Contate-nos\"  data-wpil-monitor-id=\"8763\">A SIS International Research<\/a> is ideal for you. We arrange focus groups in different <a href=\"https:\/\/www.sisinternational.com\/pt\/o-efeito-das-culturas-de-mercado-nigerianas-nos-negocios\/\" title=\"O mercado nigeriano: o efeito da cultura nos neg\u00f3cios\"  data-wpil-monitor-id=\"7482\">business areas in Africa<\/a> and conduct Quantitative, Qualitative, and Strategy Research. We will collect essential information for you and your business. <a href=\"https:\/\/www.sisinternational.com\/pt\/principais-fatores-de-sucesso-na-pesquisa-de-mercado-automotivo\/\" title=\"Principais fatores de sucesso na pesquisa de mercado automotivo\"  data-wpil-monitor-id=\"8764\">Market Research ensures your success<\/a>.<\/p>\n\n\n\n<p class=\"p5\"><\/p>","protected":false},"excerpt":{"rendered":"<p>Pesquisa de mercado na Costa do Marfim Principais ind\u00fastrias A Costa do Marfim \u00e9 a express\u00e3o francesa da Costa do Marfim ou Costa do Marfim. Este pa\u00eds tem vindo a fazer crescer a sua economia apesar da instabilidade do seu governo pol\u00edtico. Seu setor agr\u00edcola est\u00e1 prosperando. A Costa do Marfim produz \u00f3leo de palma, gr\u00e3os de cacau, caf\u00e9, inhame e castanha de caju. Outras exporta\u00e7\u00f5es s\u00e3o petr\u00f3leo bruto, borracha,\u2026 <a title=\"Pesquisa de mercado na Costa do Marfim\" class=\"read-more\" href=\"https:\/\/www.sisinternational.com\/pt\/cobertura\/pesquisa-de-mercado-africa\/pesquisa-de-mercado-costa-do-marfim\/\" aria-label=\"Leia mais sobre Pesquisa de Mercado na Costa do Marfim\">Leia mais<\/a><\/p>","protected":false},"author":1,"featured_media":65173,"parent":14281,"menu_order":9,"comment_status":"closed","ping_status":"closed","template":"","meta":{"footnotes":""},"class_list":["post-37720","page","type-page","status-publish","has-post-thumbnail"],"_links":{"self":[{"href":"https:\/\/www.sisinternational.com\/pt\/wp-json\/wp\/v2\/pages\/37720","targetHints":{"allow":["GET"]}}],"collection":[{"href":"https:\/\/www.sisinternational.com\/pt\/wp-json\/wp\/v2\/pages"}],"about":[{"href":"https:\/\/www.sisinternational.com\/pt\/wp-json\/wp\/v2\/types\/page"}],"author":[{"embeddable":true,"href":"https:\/\/www.sisinternational.com\/pt\/wp-json\/wp\/v2\/users\/1"}],"replies":[{"embeddable":true,"href":"https:\/\/www.sisinternational.com\/pt\/wp-json\/wp\/v2\/comments?post=37720"}],"version-history":[{"count":5,"href":"https:\/\/www.sisinternational.com\/pt\/wp-json\/wp\/v2\/pages\/37720\/revisions"}],"predecessor-version":[{"id":81470,"href":"https:\/\/www.sisinternational.com\/pt\/wp-json\/wp\/v2\/pages\/37720\/revisions\/81470"}],"up":[{"embeddable":true,"href":"https:\/\/www.sisinternational.com\/pt\/wp-json\/wp\/v2\/pages\/14281"}],"wp:featuredmedia":[{"embeddable":true,"href":"https:\/\/www.sisinternational.com\/pt\/wp-json\/wp\/v2\/media\/65173"}],"wp:attachment":[{"href":"https:\/\/www.sisinternational.com\/pt\/wp-json\/wp\/v2\/media?parent=37720"}],"curies":[{"name":"wp","href":"https:\/\/api.w.org\/{rel}","templated":true}]}}