{"id":37718,"date":"2021-05-19T05:24:58","date_gmt":"2021-05-19T05:24:58","guid":{"rendered":"https:\/\/www.sisinternational.com\/?page_id=37718"},"modified":"2025-09-14T14:46:34","modified_gmt":"2025-09-14T18:46:34","slug":"pesquisa-de-mercado-angola","status":"publish","type":"page","link":"https:\/\/www.sisinternational.com\/pt\/cobertura\/pesquisa-de-mercado-africa\/pesquisa-de-mercado-angola\/","title":{"rendered":"Pesquisa de Mercado em Angola"},"content":{"rendered":"<h1 class=\"wp-block-heading\">Pesquisa de Mercado em Angola<\/h1>\n\n\n\n<figure class=\"gb-block-image gb-block-image-92ac5641\"><img loading=\"lazy\" decoding=\"async\" width=\"1024\" height=\"574\" class=\"gb-image gb-image-92ac5641\" src=\"https:\/\/www.sisinternational.com\/wp-content\/uploads\/2025\/08\/Angola-2-1024x574.jpg\" srcset=\"https:\/\/www.sisinternational.com\/wp-content\/uploads\/2025\/08\/Angola-2-1024x574.jpg 1024w, https:\/\/www.sisinternational.com\/wp-content\/uploads\/2025\/08\/Angola-2-300x168.jpg 300w, https:\/\/www.sisinternational.com\/wp-content\/uploads\/2025\/08\/Angola-2-768x430.jpg 768w, https:\/\/www.sisinternational.com\/wp-content\/uploads\/2025\/08\/Angola-2-18x10.jpg 18w, https:\/\/www.sisinternational.com\/wp-content\/uploads\/2025\/08\/Angola-2.jpg 1456w\" sizes=\"auto, (max-width: 1024px) 100vw, 1024px\" alt=\"Pesquisa e Estrat\u00e9gia de Mercado Internacional da SIS\"><\/figure>\n\n\n\n<p><\/p>\n\n\n\n<h2 class=\"wp-block-heading\">Principais ind\u00fastrias<\/h2>\n\n\n\n<p>Durante o per\u00edodo colonial, Angola foi a j\u00f3ia da coroa de Portugal. Deu \u00e0s pessoas o incentivo de que precisavam para investir na sua economia. Com isso, a economia come\u00e7ou a ter um r\u00e1pido crescimento na d\u00e9cada de 1970. As principais exporta\u00e7\u00f5es foram diamantes, caf\u00e9, petr\u00f3leo e sisal. Houve tamb\u00e9m o desenvolvimento da ind\u00fastria leve nas principais cidades.<\/p>\n\n\n\n<p>O crescimento da economia foi desigual porque os lucros iam para a \u201cclasse dos colonos\u201d. Devido a isso, as pessoas comuns tiveram que se concentrar na agricultura. Eles tiveram que baixar os pre\u00e7os dos produtos para ganhar a vida. Como resultado, conduziu Angola a um movimento nacionalista.<\/p>\n\n\n\n<h2 class=\"wp-block-heading\">Bairros<\/h2>\n\n\n\n<p>Angola \u00e9 um pa\u00eds do sudoeste da \u00c1frica. \u00c9 um pa\u00eds enorme com uma grande variedade de paisagens: montanhas, vales, florestas tropicais e terras semi\u00e1ridas.<\/p>\n\n\n\n<p>Luanda, a capital de Angola, \u00e9 uma vasta cidade portu\u00e1ria na costa norte. Mistura estilos de casas tradicionais africanas com edif\u00edcios de estilo colonial portugu\u00eas. Luanda tamb\u00e9m possui muitos arranha-c\u00e9us modernos.<\/p>\n\n\n\n<h2 class=\"wp-block-heading\">Tend\u00eancias<\/h2>\n\n\n\n<p>O cinema, o desporto e a m\u00fasica s\u00e3o uma grande parte da cultura de Angola. As ra\u00edzes africanas est\u00e3o patentes na m\u00fasica e na dan\u00e7a e est\u00e3o a moldar o discurso da l\u00edngua portuguesa. Est\u00e1 tamb\u00e9m na escrita angolana contempor\u00e2nea, particularmente nas obras de escritores nativos.<\/p>\n\n\n\n<p>O jogo mais popular em Angola \u00e9 o basquetebol. Sua sele\u00e7\u00e3o j\u00e1 venceu diversas vezes o AfroBasket e det\u00e9m o recorde de maior n\u00famero de t\u00edtulos. Sendo uma equipa de topo em \u00c1frica, \u00e9 um candidato regular aos Jogos Ol\u00edmpicos de Ver\u00e3o e ao Campeonato do Mundo da Fiba.<\/p>\n\n\n\n<p>No futebol, Angola acolheu a Ta\u00e7a das Na\u00e7\u00f5es Africanas de 2010. A selec\u00e7\u00e3o nacional de futebol de Angola chegou \u00e0 fase final do Campeonato do Mundo FIFA de 2006: a sua primeira apari\u00e7\u00e3o a esse n\u00edvel. Eles ganharam tr\u00eas Copas COSAFA e foram vice-campe\u00f5es no Campeonato das Na\u00e7\u00f5es Africanas de 2011.<\/p>\n\n\n\n<p>Angola participa h\u00e1 bastante tempo no Campeonato Mundial de Andebol Feminino. A na\u00e7\u00e3o tamb\u00e9m participa dos Jogos Ol\u00edmpicos de Ver\u00e3o h\u00e1 muito tempo.<\/p>\n\n\n\n<p>Pontos fortes no mercado<\/p>\n\n\n\n<h3 class=\"wp-block-heading\">1. Recursos naturais generosos<\/h3>\n\n\n\n<p>Angola possui vastos recursos minerais e de hidrocarbonetos e abundantes terras cultiv\u00e1veis. Tamb\u00e9m tem bom potencial para anos de energia hidrel\u00e9trica.<\/p>\n\n\n\n<h3 class=\"wp-block-heading\">2. A rela\u00e7\u00e3o comercial com a China.<\/h3>\n\n\n\n<p>Angola tem uma rela\u00e7\u00e3o comercial com a China para o desenvolvimento do seu pa\u00eds.<\/p>\n\n\n\n<h2 class=\"wp-block-heading\">Base de Consumidores<\/h2>\n\n\n\n<p>A maior parte da popula\u00e7\u00e3o angolana \u00e9 jovem, o que torna a base de consumidores consumidores jovem. Al\u00e9m disso, a maioria dessas pessoas vive em regi\u00f5es metropolitanas.<\/p>\n\n\n\n<p>The standard of living in Angola has improved as of late with financial development. Yet, on average, Angolans still have a low standard of living. Discretionary income is insufficient. A high volume of <a href=\"https:\/\/www.sisinternational.com\/pt\/pericia\/industrias\/voz-da-pesquisa-de-mercado-do-cliente-sobre-alimentos-e-bebidas\/\" title=\"Pesquisa de Mercado Voz do Cliente em Alimentos e Bebidas\"  data-wpil-monitor-id=\"7748\">customer spending is on food<\/a> and drink. Also, the food costs are high.<\/p>\n\n\n\n<p>If Angolans grow new foods instead of importing, this will ensure extra cash in the country. It can further enable a better standard of living. Thus, the fresh produce <a href=\"https:\/\/www.sisinternational.com\/pt\/pericia\/industrias\/pesquisa-de-mercado-de-mineracao-espacial\/\" title=\"Pesquisa de mercado de minera\u00e7\u00e3o espacial\"  data-wpil-monitor-id=\"7749\">market<\/a> in Angola has a lot of space to develop.<\/p>\n\n\n\n<p>O pa\u00eds est\u00e1 revisitando um programa de desenvolvimento. Este programa concentrar-se-\u00e1 nas \u00e1reas piscat\u00f3rias, extractivas, monet\u00e1rias e terrestres. A captura de peixes j\u00e1 aumentou.<\/p>\n\n\n\n<h2 class=\"wp-block-heading\">Raz\u00f5es para expandir seu neg\u00f3cio no mercado<\/h2>\n\n\n\n<figure class=\"gb-block-image gb-block-image-8764b699\"><img loading=\"lazy\" decoding=\"async\" width=\"1456\" height=\"816\" class=\"gb-image gb-image-8764b699\" src=\"https:\/\/www.sisinternational.com\/wp-content\/uploads\/2025\/08\/Angola-3.jpg\" alt=\"Pesquisa e Estrat\u00e9gia de Mercado Internacional da SIS\" title=\"Angola (3)\" srcset=\"https:\/\/www.sisinternational.com\/wp-content\/uploads\/2025\/08\/Angola-3.jpg 1456w, https:\/\/www.sisinternational.com\/wp-content\/uploads\/2025\/08\/Angola-3-300x168.jpg 300w, https:\/\/www.sisinternational.com\/wp-content\/uploads\/2025\/08\/Angola-3-1024x574.jpg 1024w, https:\/\/www.sisinternational.com\/wp-content\/uploads\/2025\/08\/Angola-3-768x430.jpg 768w, https:\/\/www.sisinternational.com\/wp-content\/uploads\/2025\/08\/Angola-3-18x10.jpg 18w\" sizes=\"auto, (max-width: 1456px) 100vw, 1456px\"><\/figure>\n\n\n\n<p><\/p>\n\n\n\n<h3 class=\"wp-block-heading\">1. Alguns setores industriais est\u00e3o isentos de impostos.<\/h3>\n\n\n\n<p>O governo est\u00e1 procurando:<\/p>\n\n\n\n<h3 class=\"wp-block-heading\">2. Diversifica\u00e7\u00e3o econ\u00f3mica<\/h3>\n\n\n\n<h3 class=\"wp-block-heading\">3. Modifica\u00e7\u00e3o de tecnologias modernas<\/h3>\n\n\n\n<h3 class=\"wp-block-heading\">4. As \u00e1reas financeira e social com maior potencial s\u00e3o:<\/h3>\n\n\n\n<ul class=\"wp-block-list\">\n<li>Agroneg\u00f3cio, Produ\u00e7\u00e3o Pecu\u00e1ria e Silvicultura<\/li>\n\n\n\n<li>Turismo<\/li>\n\n\n\n<li>Ind\u00fastrias de montagem e processamento<\/li>\n\n\n\n<li>Pesca e Aquicultura, incluindo manejo de peixes<\/li>\n\n\n\n<li>Transportes e Telecomunica\u00e7\u00f5es<\/li>\n\n\n\n<li>Escolaridade (Ensino Regular e Forma\u00e7\u00e3o T\u00e9cnico-Profissional)<\/li>\n\n\n\n<li>Apoio ao Desenvolvimento e Habita\u00e7\u00e3o<\/li>\n\n\n\n<li>Tecnologia de TI e Gest\u00e3o<\/li>\n\n\n\n<li>Assist\u00eancia M\u00e9dica (Medicina Preventiva e Ind\u00fastria Farmac\u00eautica)<\/li>\n<\/ul>\n\n\n\n<h2 class=\"wp-block-heading\">Sobre a Pesquisa de Mercado em Angola<\/h2>\n\n\n\n<p>Are you a business visionary looking to work in Angola? If so, you have come to the best place. We put together Focus Groups in the different African business areas, and we can also do Quantitative, Qualitative, and Strategy <a href=\"https:\/\/www.sisinternational.com\/pt\/pericia\/industrias\/pesquisa-de-mercado-de-organizacoes-de-pesquisa-contratada\/\" title=\"Pesquisa de mercado de organiza\u00e7\u00f5es de pesquisa de contrato\"  data-wpil-monitor-id=\"7747\">Research for your organization<\/a>. We tunnel through primary research, surveys, interviews, and articles. That is only the start. We collect essential information for you and your business.<\/p>\n\n\n\n<p><\/p>","protected":false},"excerpt":{"rendered":"<p>Pesquisa de Mercado em Angola Ind\u00fastrias Chave Durante o per\u00edodo colonial, Angola foi a j\u00f3ia da coroa de Portugal. Deu \u00e0s pessoas o incentivo de que precisavam para investir na sua economia. Com isso, a economia come\u00e7ou a ter um r\u00e1pido crescimento na d\u00e9cada de 1970. As principais exporta\u00e7\u00f5es foram diamantes, caf\u00e9, petr\u00f3leo e sisal. Houve tamb\u00e9m o desenvolvimento de\u2026 <a title=\"Pesquisa de Mercado em Angola\" class=\"read-more\" href=\"https:\/\/www.sisinternational.com\/pt\/cobertura\/pesquisa-de-mercado-africa\/pesquisa-de-mercado-angola\/\" aria-label=\"Leia mais sobre Pesquisa de Mercado em Angola\">Leia mais<\/a><\/p>","protected":false},"author":1,"featured_media":65244,"parent":14281,"menu_order":8,"comment_status":"closed","ping_status":"closed","template":"","meta":{"footnotes":""},"class_list":["post-37718","page","type-page","status-publish","has-post-thumbnail"],"_links":{"self":[{"href":"https:\/\/www.sisinternational.com\/pt\/wp-json\/wp\/v2\/pages\/37718","targetHints":{"allow":["GET"]}}],"collection":[{"href":"https:\/\/www.sisinternational.com\/pt\/wp-json\/wp\/v2\/pages"}],"about":[{"href":"https:\/\/www.sisinternational.com\/pt\/wp-json\/wp\/v2\/types\/page"}],"author":[{"embeddable":true,"href":"https:\/\/www.sisinternational.com\/pt\/wp-json\/wp\/v2\/users\/1"}],"replies":[{"embeddable":true,"href":"https:\/\/www.sisinternational.com\/pt\/wp-json\/wp\/v2\/comments?post=37718"}],"version-history":[{"count":3,"href":"https:\/\/www.sisinternational.com\/pt\/wp-json\/wp\/v2\/pages\/37718\/revisions"}],"predecessor-version":[{"id":81305,"href":"https:\/\/www.sisinternational.com\/pt\/wp-json\/wp\/v2\/pages\/37718\/revisions\/81305"}],"up":[{"embeddable":true,"href":"https:\/\/www.sisinternational.com\/pt\/wp-json\/wp\/v2\/pages\/14281"}],"wp:featuredmedia":[{"embeddable":true,"href":"https:\/\/www.sisinternational.com\/pt\/wp-json\/wp\/v2\/media\/65244"}],"wp:attachment":[{"href":"https:\/\/www.sisinternational.com\/pt\/wp-json\/wp\/v2\/media?parent=37718"}],"curies":[{"name":"wp","href":"https:\/\/api.w.org\/{rel}","templated":true}]}}