{"id":37716,"date":"2021-05-19T05:18:50","date_gmt":"2021-05-19T05:18:50","guid":{"rendered":"https:\/\/www.sisinternational.com\/?page_id=37716"},"modified":"2025-11-10T22:16:27","modified_gmt":"2025-11-11T03:16:27","slug":"pesquisa-de-mercado-camaroes","status":"publish","type":"page","link":"https:\/\/www.sisinternational.com\/pt\/cobertura\/pesquisa-de-mercado-africa\/pesquisa-de-mercado-camaroes\/","title":{"rendered":"Pesquisa de mercado nos Camar\u00f5es"},"content":{"rendered":"<h1 class=\"wp-block-heading\">Pesquisa de mercado nos Camar\u00f5es, \u00c1frica<\/h1>\n\n\n\n<figure class=\"gb-block-image gb-block-image-5bc7228c\"><img loading=\"lazy\" decoding=\"async\" width=\"1456\" height=\"816\" class=\"gb-image gb-image-5bc7228c\" src=\"https:\/\/www.sisinternational.com\/wp-content\/uploads\/2025\/08\/Cameroon-1.jpg\" alt=\"Pesquisa e Estrat\u00e9gia de Mercado Internacional da SIS\" title=\"Cameroon (1)\" srcset=\"https:\/\/www.sisinternational.com\/wp-content\/uploads\/2025\/08\/Cameroon-1.jpg 1456w, https:\/\/www.sisinternational.com\/wp-content\/uploads\/2025\/08\/Cameroon-1-300x168.jpg 300w, https:\/\/www.sisinternational.com\/wp-content\/uploads\/2025\/08\/Cameroon-1-1024x574.jpg 1024w, https:\/\/www.sisinternational.com\/wp-content\/uploads\/2025\/08\/Cameroon-1-768x430.jpg 768w, https:\/\/www.sisinternational.com\/wp-content\/uploads\/2025\/08\/Cameroon-1-18x10.jpg 18w\" sizes=\"auto, (max-width: 1456px) 100vw, 1456px\"><\/figure>\n\n\n\n<p><\/p>\n\n\n\n<hr class=\"wp-block-separator has-alpha-channel-opacity is-style-dots\"\/>\n\n\n\n<p>Situado no Golfo da Guin\u00e9 est\u00e1 o pa\u00eds dos Camar\u00f5es, imprensado entre a Nig\u00e9ria e a Rep\u00fablica Centro-Africana. O seu nome deriva do portugu\u00eas &#039;Camar\u00f5es&#039; (que significa camar\u00f5es). Algumas pessoas v\u00eaem-na como \u201c\u00c1frica em miniatura\u201d devido \u00e0 sua composi\u00e7\u00e3o geogr\u00e1fica e cultural diversificada. \u00c9 um pa\u00eds de renda baixa a m\u00e9dia, com uma popula\u00e7\u00e3o de mais de 25 milh\u00f5es (2018)<\/p>\n\n\n\n<p>As principais l\u00ednguas dos Camar\u00f5es s\u00e3o o franc\u00eas e o ingl\u00eas. A religi\u00e3o dominante \u00e9 o Cristianismo. A sua capital, Yaound\u00e9, fica no centro-sul do pa\u00eds. Tal como acontece com qualquer outra regi\u00e3o tropical, os Camar\u00f5es s\u00e3o h\u00famidos durante todo o ano. Tem temperaturas mais baixas em \u00e1reas montanhosas.<\/p>\n\n\n\n<h2 class=\"wp-block-heading\">Bairros<\/h2>\n\n\n\n<p>Al\u00e9m da capital Yaound\u00e9, outra regi\u00e3o digna de nota \u00e9 Douala. A qualidade de vida em ambas as cidades \u00e9 m\u00e9dia, com Douala tendo custos de vida mais caros.<\/p>\n\n\n\n<p>A amea\u00e7a mais proeminente \u00e0 seguran\u00e7a nos Camar\u00f5es s\u00e3o os ataques cont\u00ednuos do Boko Haram no norte. Estes ataques levaram a um aumento do n\u00famero de mortes e a frequentes situa\u00e7\u00f5es de refugiados.<\/p>\n\n\n\n<h2 class=\"wp-block-heading\">Tend\u00eancias<\/h2>\n\n\n\n<p>O sector agr\u00edcola representa mais de metade das receitas do pa\u00eds. Emprega 60% da popula\u00e7\u00e3o. As principais culturas comerciais dos Camar\u00f5es v\u00e3o desde culturas alimentares tradicionais at\u00e9 culturas para exporta\u00e7\u00e3o. A agricultura emprega pelo menos um adulto no agregado familiar m\u00e9dio dos Camar\u00f5es. Metade dos Camar\u00f5es vive num estado de pobreza num contexto de aumento da popula\u00e7\u00e3o.<\/p>\n\n\n\n<p>Most of the country\u2019s citizens eat large quantities of fruits and vegetables since they have, over time, linked health and well-being to healthy foods. This rise in demand has increased the <a href=\"https:\/\/www.sisinternational.com\/pt\/solucoes\/teste-de-sabor\/food-product-tests-in-ny\/\" title=\"Food Product Tests In NY\"  data-wpil-monitor-id=\"7893\">production of healthier choices of food<\/a> and crops.<\/p>\n\n\n\n<h2 class=\"wp-block-heading\">Benef\u00edcios e pontos fortes no mercado<\/h2>\n\n\n\n<p>Cameroon has the advantage of excellent climatic conditions, resulting in fertile soil for the growth of staple food crops. Another benefit is supportive government policies. Farmers and traders have freedom of movement, which has resulted in the <a href=\"https:\/\/www.sisinternational.com\/pt\/pericia\/industrias\/pesquisa-de-mercado-de-desenvolvimento-de-baixo-codigo\/\" title=\"Pesquisa de mercado de desenvolvimento de baixo c\u00f3digo\"  data-wpil-monitor-id=\"7892\">development of the market<\/a>. Sometimes producers and farmers cannot sell their <a href=\"https:\/\/www.sisinternational.com\/pt\/pericia\/curriculos-de-experiencia\/pesquisa-de-mercado-de-produtos-de-higiene-pessoal\/\" title=\"Pesquisa de mercado de produtos de cuidados pessoais\"  data-wpil-monitor-id=\"7890\">products on the local market<\/a>. The government does not prevent them from doing so on the international market.<\/p>\n\n\n\n<h2 class=\"wp-block-heading\">Base de Consumidores<\/h2>\n\n\n\n<p>Apesar dos desafios enfrentados, os Camar\u00f5es continuam a ser um dos pa\u00edses mais est\u00e1veis. A sua localiza\u00e7\u00e3o estrat\u00e9gica d\u00e1-lhe acesso ao mercado nigeriano. Tamb\u00e9m conta com potenciais consumidores de outras regi\u00f5es vizinhas. Sua localiza\u00e7\u00e3o tamb\u00e9m serve como um centro para grandes projetos futuros.<\/p>\n\n\n\n<p>Imports from the U.S., Europe, and China dominate some essential local goods. Cameroonians associate foreign products with quality. Middle-class people are the <a href=\"https:\/\/www.sisinternational.com\/pt\/pericia\/pesquisa-personalizada-primaria-2\/\" title=\"Pesquisa de mercado prim\u00e1rio\"  data-wpil-monitor-id=\"7891\">primary consumers in this market<\/a>.<\/p>\n\n\n\n<h2 class=\"wp-block-heading\">Raz\u00f5es para expandir seu neg\u00f3cio no mercado.<\/h2>\n\n\n\n<figure class=\"gb-block-image gb-block-image-ceb6ccd5\"><img loading=\"lazy\" decoding=\"async\" width=\"1456\" height=\"816\" class=\"gb-image gb-image-ceb6ccd5\" src=\"https:\/\/www.sisinternational.com\/wp-content\/uploads\/2025\/08\/Cameroon-2.jpg\" alt=\"Pesquisa e Estrat\u00e9gia de Mercado Internacional da SIS\" title=\"Cameroon (2)\" srcset=\"https:\/\/www.sisinternational.com\/wp-content\/uploads\/2025\/08\/Cameroon-2.jpg 1456w, https:\/\/www.sisinternational.com\/wp-content\/uploads\/2025\/08\/Cameroon-2-300x168.jpg 300w, https:\/\/www.sisinternational.com\/wp-content\/uploads\/2025\/08\/Cameroon-2-1024x574.jpg 1024w, https:\/\/www.sisinternational.com\/wp-content\/uploads\/2025\/08\/Cameroon-2-768x430.jpg 768w, https:\/\/www.sisinternational.com\/wp-content\/uploads\/2025\/08\/Cameroon-2-18x10.jpg 18w\" sizes=\"auto, (max-width: 1456px) 100vw, 1456px\"><\/figure>\n\n\n\n<p><\/p>\n\n\n\n<p>O progresso acontece por etapas e os Camar\u00f5es, como pa\u00eds, n\u00e3o s\u00e3o exce\u00e7\u00e3o. Os investimentos estrangeiros neste pa\u00eds resolver\u00e3o muitos problemas. Esses investimentos contribuem para desenvolvimentos em infra-estruturas, transportes e energia. Qualquer coisa que possa atualizar e levar o pa\u00eds mais longe \u00e9 bem-vinda.<\/p>\n\n\n\n<p>With thorough market research, a <a href=\"https:\/\/www.sisinternational.com\/pt\/top-5-benefits-of-qualitative-market-research-for-businesses\/\" title=\"Top 5 Benefits of Qualitative Market Research for Businesses\"  data-wpil-monitor-id=\"7895\">business will benefit<\/a> by setting roots in Cameroon. The country needs investment, and the market is ripe.<\/p>\n\n\n\n<h2 class=\"wp-block-heading\">Sobre pesquisa de mercado nos Camar\u00f5es<\/h2>\n\n\n\n<p>Cameroon is a market with promise. Choosing the right <a href=\"https:\/\/www.sisinternational.com\/pt\/publicacoes\/pesquisa-de-mercado-de-negocios-escalaveis-7-maneiras-de-construir-um-negocio-escalavel\/\" title=\"Pesquisa de mercado de neg\u00f3cios escal\u00e1veis: 7 maneiras de construir um neg\u00f3cio escal\u00e1vel\"  data-wpil-monitor-id=\"7894\">research group is vital for your business<\/a>. A company with a reliable <a href=\"https:\/\/www.sisinternational.com\/pt\/solucoes\/consultoria-estrategica\/pesquisa-de-mercado-de-rede-especializada\/\" title=\"Pesquisa de mercado de rede especializada\"  data-wpil-monitor-id=\"7889\">network of experienced research experts<\/a> is the best choice\u2014our researchers will use focus groups to assist you in making the best decisions.<\/p>\n\n\n\n<p>We use Qualitative, Quantitative, and Strategy Research, Surveys, and other data analysis tools to help you decide on your investment approach. You will receive the necessary insight to offer the right <a href=\"https:\/\/www.sisinternational.com\/pt\/solucoes\/teste-de-sabor\/servicos-de-teste-de-produtos-em-nova-york\/\" title=\"Servi\u00e7os de teste de produtos em Nova York\"  data-wpil-monitor-id=\"7897\">services and products<\/a>. Your goal is to meet the needs of Cameroonian consumers, and we will help you reach it.<\/p>","protected":false},"excerpt":{"rendered":"<p>Pesquisa de Mercado nos Camar\u00f5es, \u00c1frica Situado no Golfo da Guin\u00e9 est\u00e1 o pa\u00eds dos Camar\u00f5es, espremido entre a Nig\u00e9ria e a Rep\u00fablica Centro-Africana. O seu nome deriva do portugu\u00eas &#039;Camar\u00f5es&#039; (que significa camar\u00f5es). Algumas pessoas v\u00eaem-na como \u201c\u00c1frica em miniatura\u201d devido \u00e0 sua composi\u00e7\u00e3o geogr\u00e1fica e cultural diversificada. \u00c9 uma renda baixa a m\u00e9dia\u2026 <a title=\"Pesquisa de mercado nos Camar\u00f5es\" class=\"read-more\" href=\"https:\/\/www.sisinternational.com\/pt\/cobertura\/pesquisa-de-mercado-africa\/pesquisa-de-mercado-camaroes\/\" aria-label=\"Leia mais sobre Pesquisa de Mercado nos Camar\u00f5es\">Leia mais<\/a><\/p>","protected":false},"author":1,"featured_media":65272,"parent":14281,"menu_order":7,"comment_status":"closed","ping_status":"closed","template":"","meta":{"footnotes":""},"class_list":["post-37716","page","type-page","status-publish","has-post-thumbnail"],"_links":{"self":[{"href":"https:\/\/www.sisinternational.com\/pt\/wp-json\/wp\/v2\/pages\/37716","targetHints":{"allow":["GET"]}}],"collection":[{"href":"https:\/\/www.sisinternational.com\/pt\/wp-json\/wp\/v2\/pages"}],"about":[{"href":"https:\/\/www.sisinternational.com\/pt\/wp-json\/wp\/v2\/types\/page"}],"author":[{"embeddable":true,"href":"https:\/\/www.sisinternational.com\/pt\/wp-json\/wp\/v2\/users\/1"}],"replies":[{"embeddable":true,"href":"https:\/\/www.sisinternational.com\/pt\/wp-json\/wp\/v2\/comments?post=37716"}],"version-history":[{"count":3,"href":"https:\/\/www.sisinternational.com\/pt\/wp-json\/wp\/v2\/pages\/37716\/revisions"}],"predecessor-version":[{"id":81331,"href":"https:\/\/www.sisinternational.com\/pt\/wp-json\/wp\/v2\/pages\/37716\/revisions\/81331"}],"up":[{"embeddable":true,"href":"https:\/\/www.sisinternational.com\/pt\/wp-json\/wp\/v2\/pages\/14281"}],"wp:featuredmedia":[{"embeddable":true,"href":"https:\/\/www.sisinternational.com\/pt\/wp-json\/wp\/v2\/media\/65272"}],"wp:attachment":[{"href":"https:\/\/www.sisinternational.com\/pt\/wp-json\/wp\/v2\/media?parent=37716"}],"curies":[{"name":"wp","href":"https:\/\/api.w.org\/{rel}","templated":true}]}}