{"id":37714,"date":"2021-05-19T05:15:40","date_gmt":"2021-05-19T05:15:40","guid":{"rendered":"https:\/\/www.sisinternational.com\/?page_id=37714"},"modified":"2025-09-14T14:30:00","modified_gmt":"2025-09-14T18:30:00","slug":"pesquisa-de-mercado-cabo-verde","status":"publish","type":"page","link":"https:\/\/www.sisinternational.com\/pt\/cobertura\/pesquisa-de-mercado-africa\/pesquisa-de-mercado-cabo-verde\/","title":{"rendered":"Pesquisa de Mercado em Cabo Verde"},"content":{"rendered":"<h1 class=\"wp-block-heading\">Pesquisa de Mercado em Cabo Verde, \u00c1frica<\/h1>\n\n\n\n<figure class=\"gb-block-image gb-block-image-f976ab82\"><img loading=\"lazy\" decoding=\"async\" width=\"1456\" height=\"816\" class=\"gb-image gb-image-f976ab82\" src=\"https:\/\/www.sisinternational.com\/wp-content\/uploads\/2025\/08\/Cabo-Verde-2.jpg\" alt=\"Pesquisa e Estrat\u00e9gia de Mercado Internacional da SIS\" title=\"Cabo Verde (2)\" srcset=\"https:\/\/www.sisinternational.com\/wp-content\/uploads\/2025\/08\/Cabo-Verde-2.jpg 1456w, https:\/\/www.sisinternational.com\/wp-content\/uploads\/2025\/08\/Cabo-Verde-2-300x168.jpg 300w, https:\/\/www.sisinternational.com\/wp-content\/uploads\/2025\/08\/Cabo-Verde-2-1024x574.jpg 1024w, https:\/\/www.sisinternational.com\/wp-content\/uploads\/2025\/08\/Cabo-Verde-2-768x430.jpg 768w, https:\/\/www.sisinternational.com\/wp-content\/uploads\/2025\/08\/Cabo-Verde-2-18x10.jpg 18w\" sizes=\"auto, (max-width: 1456px) 100vw, 1456px\"><\/figure>\n\n\n\n<p><\/p>\n\n\n\n<p>Ao largo da costa de \u00c1frica ficam as ilhas de Cabo Verde ou Cabo Verde (Cabo Verde). Cabo Verde consiste num arquip\u00e9lago de quinze ilhas e ilhotas ao largo da costa oeste de \u00c1frica. Eles t\u00eam o nome do cabo mais ocidental da \u00c1frica, Cabo Verde, e cobrem uma \u00e1rea de 1.557 milhas quadradas.<\/p>\n\n\n\n<p>Nunca se pode exagerar a beleza de Cabo Verde. Estas ilhas apresentam uma magn\u00edfica variedade de paisagens. A l\u00edngua oficial \u00e9 o portugu\u00eas, mas tamb\u00e9m existe uma mistura do vern\u00e1culo africano.<\/p>\n\n\n\n<h2 class=\"wp-block-heading\">Principais ind\u00fastrias<\/h2>\n\n\n\n<p>O sector do turismo domina a economia destas ilhas. Eles tamb\u00e9m dependem da ind\u00fastria, agricultura, pesca e silvicultura. O turismo \u00e9 respons\u00e1vel por mais de 70% do PIB, com a agricultura e as pescas contribuindo apenas com 9%.<\/p>\n\n\n\n<p>This country has few natural resources. Yet, it boasts high living standards, which attract thousands of international immigrants and visitors. Information and communication technology <a href=\"https:\/\/www.sisinternational.com\/pt\/aumento-no-setor-de-educacao-durante-a-recessao\/\" title=\"Aumento do setor educacional durante a recess\u00e3o\"  data-wpil-monitor-id=\"7764\">sectors are on the rise<\/a>. Investment in these areas will yield many benefits.<\/p>\n\n\n\n<h2 class=\"wp-block-heading\">Bairros<\/h2>\n\n\n\n<p>Cabo Verde remains a safe and peaceful country with a friendly population. It boasts a low crime rate, though there have been a few incidents of theft within the tourism belt. On the island of Boavista, violent crimes against tourists are increasing. The other islands remain crime-free for tourists, who are mainly European. We caution visiting tourists to be safe and alert as they vacation in Cabo Verde.<\/p>\n\n\n\n<p>De todas as ilhas, a mais ensolarada \u00e9 a do Sal e a mais pequena \u00e9 a de Santa Luzia. A mais montanhosa \u00e9 S\u00e3o Nicolau e a mais populosa \u00e9 Sal Rei.<\/p>\n\n\n\n<h2 class=\"wp-block-heading\">Tend\u00eancias<\/h2>\n\n\n\n<p>Tourists flock to the Cabo Verde Islands for the warm tropical climate, using them as a winter escape. These volcanic islands boast wonderful music and extraordinary cuisine.<\/p>\n\n\n\n<p>The current population of Cabo Verde dwindled to approximately half a million over time. This departure is due to massive immigration movements as a result of historic droughts and volcanic activity.<\/p>\n\n\n\n<p>O clima tropical \u00e9 est\u00e1vel durante todo o ano, mas \u00e9 mais frio do que na maior parte da \u00c1frica Ocidental. A temperatura \u00e9 ideal para atividades tur\u00edsticas. Os visitantes podem desfrutar de caminhadas, esportes aqu\u00e1ticos e nata\u00e7\u00e3o.<\/p>\n\n\n\n<h2 class=\"wp-block-heading\">Benef\u00edcios e pontos fortes no mercado<\/h2>\n\n\n\n<p>Cabo Verde provides good <a href=\"https:\/\/www.sisinternational.com\/pt\/neuromarketing-para-pequenas-empresas\/\" title=\"Neuromarketing para pequenas empresas\"  data-wpil-monitor-id=\"7761\">business opportunities for small-<\/a> or medium-sized US companies. The physical infrastructure (airports, ports, roads, and hotels) is of high quality. The islands are a one-stop shop for foreign investors.<\/p>\n\n\n\n<p>The strength of the tourism <a href=\"https:\/\/www.sisinternational.com\/pt\/solucoes\/solucoes-de-branding-e-pesquisa-de-clientes\/pesquisa-de-mercado-de-cuidados-com-a-pele\/\" title=\"Pesquisa de mercado de cuidados com a pele | Consultoria na ind\u00fastria de beleza\"  data-wpil-monitor-id=\"7759\">industry lies in the exquisite beauty<\/a> of Cape Verde. The best locations are on the lovely beaches of Sal, Santa Maria, Santiago, and Boavista. As the tourism industry grows, so will the economy. Cabo Verde offers efficient <a href=\"https:\/\/www.sisinternational.com\/pt\/solucoes\/pesquisa-de-consultoria-em-estrategia-fintech\/pesquisa-de-mercado-de-servicos-bancarios-como-servico-e-consultoria-estrategica\/\" title=\"Pesquisa de mercado e consultoria estrat\u00e9gica de servi\u00e7os banc\u00e1rios como servi\u00e7o\"  data-wpil-monitor-id=\"7763\">banking and telecommunications services<\/a>. It also has a stable political environment.<\/p>\n\n\n\n<p>Os f\u00e9rteis vales da Ilha de Santo Ant\u00e3o s\u00e3o um ponto de visita obrigat\u00f3ria para os turistas. Esta ilha \u00e9 perfeita para a ind\u00fastria agr\u00edcola.<\/p>\n\n\n\n<h2 class=\"wp-block-heading\">Base de Consumidores<\/h2>\n\n\n\n<figure class=\"gb-block-image gb-block-image-3e5fb44a\"><img loading=\"lazy\" decoding=\"async\" width=\"1456\" height=\"816\" class=\"gb-image gb-image-3e5fb44a\" src=\"https:\/\/www.sisinternational.com\/wp-content\/uploads\/2025\/08\/Cabo-Verde-4.jpg\" alt=\"Pesquisa e Estrat\u00e9gia de Mercado Internacional da SIS\" title=\"Cabo Verde (4)\" srcset=\"https:\/\/www.sisinternational.com\/wp-content\/uploads\/2025\/08\/Cabo-Verde-4.jpg 1456w, https:\/\/www.sisinternational.com\/wp-content\/uploads\/2025\/08\/Cabo-Verde-4-300x168.jpg 300w, https:\/\/www.sisinternational.com\/wp-content\/uploads\/2025\/08\/Cabo-Verde-4-1024x574.jpg 1024w, https:\/\/www.sisinternational.com\/wp-content\/uploads\/2025\/08\/Cabo-Verde-4-768x430.jpg 768w, https:\/\/www.sisinternational.com\/wp-content\/uploads\/2025\/08\/Cabo-Verde-4-18x10.jpg 18w\" sizes=\"auto, (max-width: 1456px) 100vw, 1456px\"><\/figure>\n\n\n\n<p><\/p>\n\n\n\n<p>The economy of Cabo Verde thrives on the high consumption of its tourism services. The islands also depend on income from exports and imports. Also, the growing agriculture industry is evident. <a href=\"https:\/\/www.sisinternational.com\/pt\/pericia\/industrias\/pesquisa-de-mercado-da-industria-de-frutas\/\" title=\"Pesquisa de mercado da ind\u00fastria de frutas\"  data-wpil-monitor-id=\"7762\">Fruit and vegetable markets<\/a> grace almost every Cape Verde town.<\/p>\n\n\n\n<p>Os moradores locais dividem seu consumo total entre v\u00e1rios itens. Esses itens incluem alimentos, objetos pessoais, utens\u00edlios dom\u00e9sticos, equipamentos, recrea\u00e7\u00e3o e sa\u00fade.<\/p>\n\n\n\n<h2 class=\"wp-block-heading\">Raz\u00f5es para expandir seu neg\u00f3cio no mercado<\/h2>\n\n\n\n<p>Por que escolher Cabo Verde para fazer o seu neg\u00f3cio? Aqui est\u00e3o tr\u00eas raz\u00f5es pelas quais voc\u00ea deveria:<\/p>\n\n\n\n<ol class=\"wp-block-list\">\n<li>O turismo est\u00e1 prosperando<\/li>\n\n\n\n<li>O <a href=\"https:\/\/www.sisinternational.com\/pt\/pericia\/industrias\/pesquisa-de-mercado-imobiliario-comercial\/\" title=\"Pesquisa de mercado imobili\u00e1rio comercial\"  data-wpil-monitor-id=\"7758\">real estate market<\/a> is growing<\/li>\n\n\n\n<li>Esquemas de sucesso de gest\u00e3o de investimentos est\u00e3o dispon\u00edveis<\/li>\n<\/ol>\n\n\n\n<h2 class=\"wp-block-heading\">Sobre Pesquisa de Mercado em Cabo Verde<\/h2>\n\n\n\n<p>If by now you have decided to grow your <a href=\"https:\/\/www.sisinternational.com\/pt\/publicacoes\/pesquisa-de-mercado-de-negocios-escalaveis-7-maneiras-de-construir-um-negocio-escalavel\/\" title=\"Pesquisa de mercado de neg\u00f3cios escal\u00e1veis: 7 maneiras de construir um neg\u00f3cio escal\u00e1vel\"  data-wpil-monitor-id=\"7760\">business in the Cabo Verde market<\/a>, do so without fear. Our focus groups help you to maximize your potential as you begin to operate your business. We do surveys, and we offer Qualitative, Quantity, and Strategy research.<\/p>\n\n\n\n<p>Usamos fatos e n\u00fameros para compilar os dados de que voc\u00ea precisa para seguir em frente. Torne-se hoje um empreendedor cabo-verdiano!<\/p>\n\n\n\n<p><\/p>","protected":false},"excerpt":{"rendered":"<p>Pesquisa de Mercado em Cabo Verde, \u00c1frica Ao largo da costa de \u00c1frica encontram-se as Ilhas de Cabo Verde ou Cabo Verde (Cabo Verde). Cabo Verde consiste num arquip\u00e9lago de quinze ilhas e ilhotas ao largo da costa oeste de \u00c1frica. T\u00eam o nome do cabo mais ocidental de \u00c1frica, Cabo Verde, e cobrem uma \u00e1rea de 1557\u2026 <a title=\"Pesquisa de Mercado em Cabo Verde\" class=\"read-more\" href=\"https:\/\/www.sisinternational.com\/pt\/cobertura\/pesquisa-de-mercado-africa\/pesquisa-de-mercado-cabo-verde\/\" aria-label=\"Leia mais sobre Pesquisa de Mercado em Cabo Verde\">Leia mais<\/a><\/p>","protected":false},"author":1,"featured_media":65269,"parent":14281,"menu_order":6,"comment_status":"closed","ping_status":"closed","template":"","meta":{"footnotes":""},"class_list":["post-37714","page","type-page","status-publish","has-post-thumbnail"],"_links":{"self":[{"href":"https:\/\/www.sisinternational.com\/pt\/wp-json\/wp\/v2\/pages\/37714","targetHints":{"allow":["GET"]}}],"collection":[{"href":"https:\/\/www.sisinternational.com\/pt\/wp-json\/wp\/v2\/pages"}],"about":[{"href":"https:\/\/www.sisinternational.com\/pt\/wp-json\/wp\/v2\/types\/page"}],"author":[{"embeddable":true,"href":"https:\/\/www.sisinternational.com\/pt\/wp-json\/wp\/v2\/users\/1"}],"replies":[{"embeddable":true,"href":"https:\/\/www.sisinternational.com\/pt\/wp-json\/wp\/v2\/comments?post=37714"}],"version-history":[{"count":3,"href":"https:\/\/www.sisinternational.com\/pt\/wp-json\/wp\/v2\/pages\/37714\/revisions"}],"predecessor-version":[{"id":81308,"href":"https:\/\/www.sisinternational.com\/pt\/wp-json\/wp\/v2\/pages\/37714\/revisions\/81308"}],"up":[{"embeddable":true,"href":"https:\/\/www.sisinternational.com\/pt\/wp-json\/wp\/v2\/pages\/14281"}],"wp:featuredmedia":[{"embeddable":true,"href":"https:\/\/www.sisinternational.com\/pt\/wp-json\/wp\/v2\/media\/65269"}],"wp:attachment":[{"href":"https:\/\/www.sisinternational.com\/pt\/wp-json\/wp\/v2\/media?parent=37714"}],"curies":[{"name":"wp","href":"https:\/\/api.w.org\/{rel}","templated":true}]}}