{"id":37712,"date":"2021-05-19T05:08:38","date_gmt":"2021-05-19T05:08:38","guid":{"rendered":"https:\/\/www.sisinternational.com\/?page_id=37712"},"modified":"2025-09-14T14:28:09","modified_gmt":"2025-09-14T18:28:09","slug":"pesquisa-de-mercado-republica-centro-africana","status":"publish","type":"page","link":"https:\/\/www.sisinternational.com\/pt\/cobertura\/pesquisa-de-mercado-africa\/pesquisa-de-mercado-republica-centro-africana\/","title":{"rendered":"Pesquisa de Mercado na Rep\u00fablica Centro-Africana"},"content":{"rendered":"<h1 class=\"wp-block-heading\">Pesquisa de Mercado na Rep\u00fablica Centro-Africana<\/h1>\n\n\n\n<figure class=\"gb-block-image gb-block-image-074add71\"><img loading=\"lazy\" decoding=\"async\" width=\"1024\" height=\"574\" class=\"gb-image gb-image-074add71\" src=\"https:\/\/www.sisinternational.com\/wp-content\/uploads\/2025\/08\/Central-African-Republic-1-1024x574.jpg\" srcset=\"https:\/\/www.sisinternational.com\/wp-content\/uploads\/2025\/08\/Central-African-Republic-1-1024x574.jpg 1024w, https:\/\/www.sisinternational.com\/wp-content\/uploads\/2025\/08\/Central-African-Republic-1-300x168.jpg 300w, https:\/\/www.sisinternational.com\/wp-content\/uploads\/2025\/08\/Central-African-Republic-1-768x430.jpg 768w, https:\/\/www.sisinternational.com\/wp-content\/uploads\/2025\/08\/Central-African-Republic-1-18x10.jpg 18w, https:\/\/www.sisinternational.com\/wp-content\/uploads\/2025\/08\/Central-African-Republic-1.jpg 1456w\" sizes=\"auto, (max-width: 1024px) 100vw, 1024px\" alt=\"Pesquisa e Estrat\u00e9gia de Mercado Internacional da SIS\"><\/figure>\n\n\n\n<p><\/p>\n\n\n\n<h2 class=\"wp-block-heading\">Principais ind\u00fastrias<\/h2>\n\n\n\n<p>O maior ve\u00edculo econ\u00f3mico da Rep\u00fablica Centro-Africana \u00e9 a agricultura, contribuindo para o produto interno bruto da Rep\u00fablica e para o mercado de trabalho. O capital internacional, a silvicultura e a pesca tamb\u00e9m s\u00e3o fontes din\u00e2micas de divisas. O mesmo acontece com os diamantes, a madeira e as culturas comerciais, como o algod\u00e3o e o caf\u00e9.<\/p>\n\n\n\n<p>A B\u00e9lgica compra a maior parte das exporta\u00e7\u00f5es de diamantes da Rep\u00fablica Centro-Africana e a Fran\u00e7a compra a maior parte do caf\u00e9 e do tabaco. China, Alemanha e Ar\u00e1bia Saudita tamb\u00e9m s\u00e3o parceiros comerciais importantes. Todos eles contribuem para impulsionar a economia da Rep\u00fablica Centro-Africana.<\/p>\n\n\n\n<h2 class=\"wp-block-heading\">Bairros<\/h2>\n\n\n\n<p>A Rep\u00fablica Centro-Africana \u00e9 precisamente onde o seu nome diz: no meio da \u00c1frica. Faz fronteira com cinco pa\u00edses vizinhos: Camar\u00f5es, Chade, Rep\u00fablica Democr\u00e1tica do Congo, Rep\u00fablica do Congo e Sud\u00e3o do Sul.<\/p>\n\n\n\n<p>Cameroon sits to the <a href=\"https:\/\/www.sisinternational.com\/pt\/cobertura\/pesquisa-de-mercado-africa\/pesquisa-de-mercado-em-marrocos-norte-da-africa\/\" title=\"Pesquisa de Mercado em Marrocos, Continente Noroeste Africano\"  data-wpil-monitor-id=\"7715\">west of the Central African<\/a> Republic. Chad is to the north, and the Democratic Republic of Congo is to the south.<\/p>\n\n\n\n<p>A Rep\u00fablica do Congo tamb\u00e9m fica ao sul da Rep\u00fablica Centro-Africana e do Sud\u00e3o do Sul a leste.<\/p>\n\n\n\n<h2 class=\"wp-block-heading\">Tend\u00eancias<\/h2>\n\n\n\n<p>Os ricos recursos minerais da Rep\u00fablica Centro-Africana criam uma oportunidade. As empresas podem expandir a exporta\u00e7\u00e3o de commodities.<\/p>\n\n\n\n<p>Um projeto de gasoduto est\u00e1 em constru\u00e7\u00e3o. Quando conclu\u00eddo, aumentar\u00e1 a viabilidade da explora\u00e7\u00e3o de petr\u00f3leo. Ser\u00e1 mais f\u00e1cil e barato exportar reservas de petr\u00f3leo atrav\u00e9s dos vizinhos Camar\u00f5es.<\/p>\n\n\n\n<h2 class=\"wp-block-heading\">Benef\u00edcios e pontos fortes no mercado<\/h2>\n\n\n\n<p>A pandemia mundial paralisou muitas economias. A Rep\u00fablica Centro-Africana n\u00e3o \u00e9 exce\u00e7\u00e3o. V\u00e1rios pa\u00edses decidiram fechar as suas fronteiras para conter o v\u00edrus. Dado que a economia da Rep\u00fablica Centro-Africana \u00e9 baseada na agricultura, poderia sobreviver. Os desafios da exporta\u00e7\u00e3o de diamantes, madeira, caf\u00e9 e tabaco s\u00e3o mais f\u00e1ceis de gerir do que o turismo.<\/p>\n\n\n\n<p>Dito isto, a Rep\u00fablica Centro-Africana \u00e9 tamb\u00e9m um excelente destino tur\u00edstico. \u00c9 o local perfeito para o ecoturismo, com suas belezas naturais e biodiversidade.<\/p>\n\n\n\n<p>As liga\u00e7\u00f5es podem desempenhar um papel crucial. Por exemplo, o pa\u00eds produz madeira abundante para m\u00f3veis. Tamb\u00e9m cultiva caf\u00e9 e cacau, que os propriet\u00e1rios de resorts podem entrela\u00e7ar nas ofertas dos h\u00f3spedes.<\/p>\n\n\n\n<p>H\u00e1 esperan\u00e7a at\u00e9 mesmo para outros tipos de empreendimentos comerciais na Rep\u00fablica Centro-Africana. Os recursos naturais do pa\u00eds ajudar\u00e3o a manter os neg\u00f3cios funcionando.<\/p>\n\n\n\n<h2 class=\"wp-block-heading\">Raz\u00f5es para expandir seu neg\u00f3cio no mercado<\/h2>\n\n\n\n<p>The Central African Republic\u2019s economy is currently struggling. Once a new business gets to establish its <a href=\"https:\/\/www.sisinternational.com\/pt\/pericia\/curriculos-de-experiencia\/pesquisa-de-mercado-de-produtos-de-higiene-pessoal\/\" title=\"Pesquisa de mercado de produtos de cuidados pessoais\"  data-wpil-monitor-id=\"7710\">products in the market<\/a>, this will help to boost the economy.<\/p>\n\n\n\n<p>Ease of doing business. It\u2019s easy to set up a limited liability <a href=\"https:\/\/www.sisinternational.com\/pt\/solucoes\/solucoes-de-branding-e-pesquisa-de-clientes\/pesquisa-de-mercado-para-testes-de-produtos\/empresa-de-testes-de-localizacao-central-de-topo\/\" title=\"Melhor empresa de testes de localiza\u00e7\u00e3o central\"  data-wpil-monitor-id=\"7720\">company in the Central<\/a> African Republic. An LLC is the preferred legal entity, but the country offers other options. <a href=\"https:\/\/www.sisinternational.com\/pt\/abrir-um-negocio-na-turquia\/\" title=\"Abrir um neg\u00f3cio na Turquia\"  data-wpil-monitor-id=\"7723\">Businesses can also set<\/a> up as public limited companies, or they can open branches in the country.<\/p>\n\n\n\n<h2 class=\"wp-block-heading\">Sobre Pesquisa de Mercado na Rep\u00fablica Centro-Africana<\/h2>\n\n\n\n<p>Os recursos naturais da Rep\u00fablica Centro-Africana t\u00eam potencial. No entanto, o pa\u00eds enfrenta muitos obst\u00e1culos, como a desfloresta\u00e7\u00e3o e infra-estruturas prec\u00e1rias. Algumas delas, como a epidemia da SIDA e a instabilidade pol\u00edtica, podem bloquear o desenvolvimento econ\u00f3mico.<\/p>\n\n\n\n<p>Thus, focus groups play a crucial role in protecting investors. That\u2019s why it\u2019s important to conduct surveys on the <a href=\"https:\/\/www.sisinternational.com\/pt\/pericia\/industrias\/pesquisa-de-mercado-de-pais-de-mercado-fronteirico\/\" title=\"Pesquisa de mercado do pa\u00eds de mercado fronteiri\u00e7o\"  data-wpil-monitor-id=\"7708\">country to understand the market<\/a>. The Central African Republic\u2019s economy is still vulnerable. Thus, <a href=\"https:\/\/www.sisinternational.com\/pt\/solucoes\/solucoes-de-pesquisa-quantitativa-qualitativa\/recrutamento-de-pesquisa-qualitativa\/\" title=\"Recrutamento de Pesquisa Qualitativa\"  data-wpil-monitor-id=\"7713\">qualitative and quantitative research<\/a> will also help business owners. They can determine if they will be making a worthy investment into the economy.<\/p>\n\n\n\n<p><a href=\"https:\/\/www.sisinternational.com\/pt\/what-to-expect-in-your-first-year-entering-a-new-market-5-essential-strategies\/\" title=\"What to Expect in Your First Year Entering a New Market: 5 Essential Strategies\"  data-wpil-monitor-id=\"7717\">Strategy research is also essential<\/a>. It enables the investor to conduct a systematic study of the country\u2019s economy. For example, let\u2019s say the investor wants to construct a hotel. He or she will have to consider the resources that are already available in the country. They will also have to consider the timeline for the completion of the project.<\/p>\n\n\n\n<p>Voc\u00ea est\u00e1 pensando em investir na Rep\u00fablica Centro-Africana? Podemos fornecer pesquisas quantitativas, qualitativas e estrat\u00e9gicas para ajud\u00e1-lo a decidir. Contate-nos agora para uma consulta.<\/p>","protected":false},"excerpt":{"rendered":"<p>Pesquisa de mercado na Rep\u00fablica Centro-Africana: Fornecemos pesquisas quantitativas, qualitativas e estrat\u00e9gicas. Contate-nos agora para uma consulta.<\/p>","protected":false},"author":1,"featured_media":65162,"parent":14281,"menu_order":5,"comment_status":"closed","ping_status":"closed","template":"","meta":{"footnotes":""},"class_list":["post-37712","page","type-page","status-publish","has-post-thumbnail"],"_links":{"self":[{"href":"https:\/\/www.sisinternational.com\/pt\/wp-json\/wp\/v2\/pages\/37712","targetHints":{"allow":["GET"]}}],"collection":[{"href":"https:\/\/www.sisinternational.com\/pt\/wp-json\/wp\/v2\/pages"}],"about":[{"href":"https:\/\/www.sisinternational.com\/pt\/wp-json\/wp\/v2\/types\/page"}],"author":[{"embeddable":true,"href":"https:\/\/www.sisinternational.com\/pt\/wp-json\/wp\/v2\/users\/1"}],"replies":[{"embeddable":true,"href":"https:\/\/www.sisinternational.com\/pt\/wp-json\/wp\/v2\/comments?post=37712"}],"version-history":[{"count":3,"href":"https:\/\/www.sisinternational.com\/pt\/wp-json\/wp\/v2\/pages\/37712\/revisions"}],"predecessor-version":[{"id":81303,"href":"https:\/\/www.sisinternational.com\/pt\/wp-json\/wp\/v2\/pages\/37712\/revisions\/81303"}],"up":[{"embeddable":true,"href":"https:\/\/www.sisinternational.com\/pt\/wp-json\/wp\/v2\/pages\/14281"}],"wp:featuredmedia":[{"embeddable":true,"href":"https:\/\/www.sisinternational.com\/pt\/wp-json\/wp\/v2\/media\/65162"}],"wp:attachment":[{"href":"https:\/\/www.sisinternational.com\/pt\/wp-json\/wp\/v2\/media?parent=37712"}],"curies":[{"name":"wp","href":"https:\/\/api.w.org\/{rel}","templated":true}]}}