{"id":37710,"date":"2021-05-19T05:04:18","date_gmt":"2021-05-19T05:04:18","guid":{"rendered":"https:\/\/www.sisinternational.com\/?page_id=37710"},"modified":"2026-01-24T20:50:49","modified_gmt":"2026-01-25T01:50:49","slug":"pesquisa-de-mercado-na-eritreia","status":"publish","type":"page","link":"https:\/\/www.sisinternational.com\/pt\/cobertura\/pesquisa-de-mercado-africa\/pesquisa-de-mercado-na-eritreia\/","title":{"rendered":"Pesquisa de mercado na Eritreia, \u00c1frica"},"content":{"rendered":"<h1 class=\"wp-block-heading\">Pesquisa de mercado na Eritreia, \u00c1frica<\/h1>\n\n\n\n<figure class=\"gb-block-image gb-block-image-d29d71b3\"><img loading=\"lazy\" decoding=\"async\" width=\"1456\" height=\"816\" class=\"gb-image gb-image-d29d71b3\" src=\"https:\/\/www.sisinternational.com\/wp-content\/uploads\/2025\/08\/Eritrea-1.jpg\" alt=\"Pesquisa e Estrat\u00e9gia de Mercado Internacional da SIS\" title=\"Eritrea (1)\" srcset=\"https:\/\/www.sisinternational.com\/wp-content\/uploads\/2025\/08\/Eritrea-1.jpg 1456w, https:\/\/www.sisinternational.com\/wp-content\/uploads\/2025\/08\/Eritrea-1-300x168.jpg 300w, https:\/\/www.sisinternational.com\/wp-content\/uploads\/2025\/08\/Eritrea-1-1024x574.jpg 1024w, https:\/\/www.sisinternational.com\/wp-content\/uploads\/2025\/08\/Eritrea-1-768x430.jpg 768w, https:\/\/www.sisinternational.com\/wp-content\/uploads\/2025\/08\/Eritrea-1-18x10.jpg 18w\" sizes=\"auto, (max-width: 1456px) 100vw, 1456px\"><\/figure>\n\n\n\n<p><\/p>\n\n\n\n<p>Eritreia \u00e9 uma palavra derivada do latim \u201cMar Vermelho\u201d. \u00c9 tamb\u00e9m o nome dado \u00e0 pequena na\u00e7\u00e3o costeira encontrada no Mar Vermelho, no Chifre da \u00c1frica. Os pa\u00edses fronteiri\u00e7os da Eritreia s\u00e3o o Sud\u00e3o, a Eti\u00f3pia e o Djibuti.<\/p>\n\n\n\n<p>A Eritreia conquistou a sua independ\u00eancia da Eti\u00f3pia em 1993, mas desde ent\u00e3o continua a ser um dos pa\u00edses mais pobres de \u00c1frica. Este estado \u00e9 o resultado de secas, fomes e guerras recorrentes. Suas principais l\u00ednguas s\u00e3o o Tigrinya, o Tigre, o \u00e1rabe e o ingl\u00eas, e as principais religi\u00f5es s\u00e3o o Isl\u00e3 e o Cristianismo.<\/p>\n\n\n\n<h2 class=\"wp-block-heading\">Principais ind\u00fastrias<\/h2>\n\n\n\n<p>As principais ind\u00fastrias da Eritreia s\u00e3o t\u00eaxteis, processamento de alimentos, agricultura, minera\u00e7\u00e3o, pesca e sal. Al\u00e9m disso, h\u00e1 pouca atividade industrial. A agricultura \u00e9 o sustento da popula\u00e7\u00e3o. Outros setores est\u00e3o a crescer, como as atividades e servi\u00e7os relacionados com o mar.<\/p>\n\n\n\n<h2 class=\"wp-block-heading\">Bairros<\/h2>\n\n\n\n<p>Asmara, tamb\u00e9m conhecida como Asmera, \u00e9 a capital e maior cidade da Eritreia. As ruas da cidade s\u00e3o limpas e sem polui\u00e7\u00e3o do tr\u00e2nsito, e ela \u00e9 conhecida por sua beleza e d\u00e1 o visual de uma lembran\u00e7a do s\u00e9culo XX. Outras cidades importantes s\u00e3o os portos de Massawa e Assab.<\/p>\n\n\n\n<h2 class=\"wp-block-heading\">Tend\u00eancias<\/h2>\n\n\n\n<p>A Eritreia possui belas estruturas arquitet\u00f4nicas coloniais, algumas das melhores do mundo. A sua cultura permanece diversificada e apresenta um \u201ccaldeir\u00e3o\u201d de nove grupos \u00e9tnicos diferentes, cada um com as suas tradi\u00e7\u00f5es distintas. O pa\u00eds \u00e9 harmonioso e estes diferentes grupos apreciam-se e respeitam-se mutuamente.<\/p>\n\n\n\n<h2 class=\"wp-block-heading\">Pontos fortes do mercado<\/h2>\n\n\n\n<p>The strength of Eritrea\u2019s economy is in its unexploited natural resources. There is future <a href=\"https:\/\/www.sisinternational.com\/pt\/venezuela-oil-mining-industry-potential-strategic-forecast-2026-2036\/\" title=\"Venezuela Oil &amp; Mining Industry Potential: Strategic Forecast 2026-2036\"  data-wpil-monitor-id=\"8687\">potential in the oil industry<\/a> of this country. Speculation is rife that the Red Sea has oil deposits beneath it.<\/p>\n\n\n\n<p>Another source of <a href=\"https:\/\/www.sisinternational.com\/pt\/pericia\/industrias\/pesquisa-de-mercado-de-mineracao-espacial\/\" title=\"Pesquisa de mercado de minera\u00e7\u00e3o espacial\"  data-wpil-monitor-id=\"8690\">market<\/a> strength comes from the Bisha copper mine. This mine also has gold deposits.<\/p>\n\n\n\n<h2 class=\"wp-block-heading\">Base de Consumidores<\/h2>\n\n\n\n<p>Os bens de consumo essenciais s\u00e3o uma necessidade e uma escassez na Eritreia devido aos encerramentos recorrentes das fronteiras com os vizinhos Eti\u00f3pia e Sud\u00e3o. Tem havido um abastecimento inadequado de bens de consumo essenciais, como \u00e1gua pot\u00e1vel. Os eritreus tamb\u00e9m enfrentam escassez de combust\u00edveis para cozinhar e eletricidade. No entanto, mais produtos b\u00e1sicos conseguiram ultrapassar as restri\u00e7\u00f5es fronteiri\u00e7as da Eti\u00f3pia. O resultado s\u00e3o pre\u00e7os mais baixos ao consumidor.<\/p>\n\n\n\n<p>As autoridades da Eritreia negaram a exist\u00eancia de escassez de alimentos. Eles tamb\u00e9m recusaram ajuda externa. Assim, as importa\u00e7\u00f5es ilegais de alimentos est\u00e3o a aumentar, muitas vezes vendidas a pre\u00e7os extravagantes.<\/p>\n\n\n\n<h2 class=\"wp-block-heading\">Raz\u00f5es para expandir o seu neg\u00f3cio na Eritreia<\/h2>\n\n\n\n<figure class=\"gb-block-image gb-block-image-eb7e2c79\"><img loading=\"lazy\" decoding=\"async\" width=\"1456\" height=\"816\" class=\"gb-image gb-image-eb7e2c79\" src=\"https:\/\/www.sisinternational.com\/wp-content\/uploads\/2025\/08\/Eritrea-2.jpg\" alt=\"Pesquisa e Estrat\u00e9gia de Mercado Internacional da SIS\" title=\"Eritrea (2)\" srcset=\"https:\/\/www.sisinternational.com\/wp-content\/uploads\/2025\/08\/Eritrea-2.jpg 1456w, https:\/\/www.sisinternational.com\/wp-content\/uploads\/2025\/08\/Eritrea-2-300x168.jpg 300w, https:\/\/www.sisinternational.com\/wp-content\/uploads\/2025\/08\/Eritrea-2-1024x574.jpg 1024w, https:\/\/www.sisinternational.com\/wp-content\/uploads\/2025\/08\/Eritrea-2-768x430.jpg 768w, https:\/\/www.sisinternational.com\/wp-content\/uploads\/2025\/08\/Eritrea-2-18x10.jpg 18w\" sizes=\"auto, (max-width: 1456px) 100vw, 1456px\"><\/figure>\n\n\n\n<p><\/p>\n\n\n\n<p>Com base em fatos e n\u00fameros publicados, voc\u00ea tem muitos motivos para expandir seus neg\u00f3cios na Eritreia. Este pa\u00eds luta para atrair investimento estrangeiro por v\u00e1rios motivos. Enfrenta desafios como o controlo governamental e a corrup\u00e7\u00e3o e uma pequena for\u00e7a de trabalho. A Eritreia tamb\u00e9m sofreu migra\u00e7\u00e3o em massa. Depois, h\u00e1 a triste situa\u00e7\u00e3o causada pelos recorrentes conflitos fronteiri\u00e7os.<\/p>\n\n\n\n<p>Este estado de coisas levou \u00e0 iniciativa do governo de criar uma Autoridade da Zona Franca em Massawa. O objectivo \u00e9 atrair novos investidores nas \u00e1reas da energia, turismo e pescas. Existe potencial de investimento nos recursos minerais do pa\u00eds. A Eritreia possui pot\u00e1ssio, cobre, ouro, prata e zinco.<\/p>\n\n\n\n<p>Are you interested in investing in <a href=\"https:\/\/www.sisinternational.com\/pt\/solucoes\/pesquisa-de-mercado-de-ia-e-consultoria-estrategica\/mineracao-recursos-naturais-automacao-consultoria-em-inteligencia-artificial\/\" title=\"Automa\u00e7\u00e3o de Minera\u00e7\u00e3o e Recursos Naturais e Consultoria em IA\"  data-wpil-monitor-id=\"8685\">mining the country\u2019s natural resources<\/a>? It carries a vast potential for business growth.<\/p>\n\n\n\n<p>A Eritreia tem uma posi\u00e7\u00e3o estrat\u00e9gica na costa do Mar Vermelho. Proporciona exposi\u00e7\u00e3o perfeita a uma das rotas mar\u00edtimas mais movimentadas do mundo. A Eritreia pode estabelecer liga\u00e7\u00f5es com outras \u00e1reas da regi\u00e3o, o que \u00e9 ideal para o com\u00e9rcio.<\/p>\n\n\n\n<h2 class=\"wp-block-heading\">Sobre pesquisa de mercado na Eritreia<\/h2>\n\n\n\n<p>Have you made your decision? Have you decided to <a href=\"https:\/\/www.sisinternational.com\/pt\/solucoes\/pesquisa-de-consultoria-em-estrategia-fintech\/fundos-de-hedge-e-pesquisa-de-mercado-de-investimento\/\" title=\"Pesquisa de fundos de hedge e mercado de investimento\"  data-wpil-monitor-id=\"8688\">invest in the Eritrea market<\/a>? We are here to guide you through the process. We use Qualitative, Qualitative, and Strategy Research. We also do surveys to bring you the hard facts that will assist you in making the most informed decision.<\/p>\n\n\n\n<p>Our statistic results are reliable. We give you the best Strategy <a href=\"https:\/\/www.sisinternational.com\/pt\/pesquisa-de-mercado-na-africa\/\" title=\"Pesquisa de Mercado em \u00c1frica\"  data-wpil-monitor-id=\"2937\">research on the market<\/a>. It will help you discover opportunities for your business.<\/p>\n\n\n\n<p><\/p>","protected":false},"excerpt":{"rendered":"<p>Pesquisa de Mercado na Eritreia, \u00c1frica Eritreia \u00e9 uma palavra derivada do latim \u201cMar Vermelho\u201d. \u00c9 tamb\u00e9m o nome dado \u00e0 pequena na\u00e7\u00e3o costeira encontrada no Mar Vermelho, no Chifre da \u00c1frica. Os pa\u00edses fronteiri\u00e7os da Eritreia s\u00e3o o Sud\u00e3o, a Eti\u00f3pia e o Djibuti. A Eritreia conquistou a sua independ\u00eancia da Eti\u00f3pia em 1993, mas\u2026 <a title=\"Pesquisa de mercado na Eritreia, \u00c1frica\" class=\"read-more\" href=\"https:\/\/www.sisinternational.com\/pt\/cobertura\/pesquisa-de-mercado-africa\/pesquisa-de-mercado-na-eritreia\/\" aria-label=\"Leia mais sobre Pesquisa de Mercado na Eritreia, \u00c1frica\">Leia mais<\/a><\/p>","protected":false},"author":1,"featured_media":65183,"parent":14281,"menu_order":4,"comment_status":"closed","ping_status":"closed","template":"","meta":{"footnotes":""},"class_list":["post-37710","page","type-page","status-publish","has-post-thumbnail"],"_links":{"self":[{"href":"https:\/\/www.sisinternational.com\/pt\/wp-json\/wp\/v2\/pages\/37710","targetHints":{"allow":["GET"]}}],"collection":[{"href":"https:\/\/www.sisinternational.com\/pt\/wp-json\/wp\/v2\/pages"}],"about":[{"href":"https:\/\/www.sisinternational.com\/pt\/wp-json\/wp\/v2\/types\/page"}],"author":[{"embeddable":true,"href":"https:\/\/www.sisinternational.com\/pt\/wp-json\/wp\/v2\/users\/1"}],"replies":[{"embeddable":true,"href":"https:\/\/www.sisinternational.com\/pt\/wp-json\/wp\/v2\/comments?post=37710"}],"version-history":[{"count":4,"href":"https:\/\/www.sisinternational.com\/pt\/wp-json\/wp\/v2\/pages\/37710\/revisions"}],"predecessor-version":[{"id":81456,"href":"https:\/\/www.sisinternational.com\/pt\/wp-json\/wp\/v2\/pages\/37710\/revisions\/81456"}],"up":[{"embeddable":true,"href":"https:\/\/www.sisinternational.com\/pt\/wp-json\/wp\/v2\/pages\/14281"}],"wp:featuredmedia":[{"embeddable":true,"href":"https:\/\/www.sisinternational.com\/pt\/wp-json\/wp\/v2\/media\/65183"}],"wp:attachment":[{"href":"https:\/\/www.sisinternational.com\/pt\/wp-json\/wp\/v2\/media?parent=37710"}],"curies":[{"name":"wp","href":"https:\/\/api.w.org\/{rel}","templated":true}]}}