{"id":37590,"date":"2021-05-08T20:51:28","date_gmt":"2021-05-08T20:51:28","guid":{"rendered":"https:\/\/www.sisinternational.com\/?page_id=37590"},"modified":"2025-09-14T00:55:55","modified_gmt":"2025-09-14T04:55:55","slug":"market-research-in-benin","status":"publish","type":"page","link":"https:\/\/www.sisinternational.com\/pt\/coverage\/market-research-africa\/market-research-in-benin\/","title":{"rendered":"Pesquisa de mercado no Benin"},"content":{"rendered":"<h1 class=\"wp-block-heading p1\"><span class=\"s1\">Pesquisa de mercado no Benin<\/span><\/h1>\n\n\n\n<figure class=\"gb-block-image gb-block-image-3b7abe27\"><img loading=\"lazy\" decoding=\"async\" width=\"1456\" height=\"816\" class=\"gb-image gb-image-3b7abe27\" src=\"https:\/\/www.sisinternational.com\/wp-content\/uploads\/2025\/08\/Benin-1.jpg\" alt=\"SIS International Market Research &amp; Strategy\" title=\"Benin (1)\" srcset=\"https:\/\/www.sisinternational.com\/wp-content\/uploads\/2025\/08\/Benin-1.jpg 1456w, https:\/\/www.sisinternational.com\/wp-content\/uploads\/2025\/08\/Benin-1-300x168.jpg 300w, https:\/\/www.sisinternational.com\/wp-content\/uploads\/2025\/08\/Benin-1-1024x574.jpg 1024w, https:\/\/www.sisinternational.com\/wp-content\/uploads\/2025\/08\/Benin-1-768x430.jpg 768w, https:\/\/www.sisinternational.com\/wp-content\/uploads\/2025\/08\/Benin-1-18x10.jpg 18w\" sizes=\"auto, (max-width: 1456px) 100vw, 1456px\"><\/figure>\n\n\n\n<p><\/p>\n\n\n\n<h2 class=\"wp-block-heading p1\">Benin \u00e9 uma pequena rep\u00fablica localizada na \u00c1frica Ocidental.<\/h2>\n\n\n\n<p class=\"p1\">Os seus vizinhos continentais imediatos s\u00e3o o Togo, a Nig\u00e9ria, o Burkina Faso e o N\u00edger. A l\u00edngua oficial do pa\u00eds \u00e9 o franc\u00eas, mas existem cerca de 38 l\u00ednguas nacionais no total. Isso inclui idiomas populares como ingl\u00eas, \u00e1rabe e iorub\u00e1.<\/p>\n\n\n\n<h2 class=\"wp-block-heading p3\">Principais ind\u00fastrias<\/h2>\n\n\n\n<p class=\"p1\">A principal ind\u00fastria do Benin \u00e9 a agricultura. Os beninenses praticam agricultura de subsist\u00eancia. Os agricultores atendem primeiro \u00e0s necessidades familiares e locais. Em seguida, eles fornecem mercados regionais ou internacionais. Esses agricultores plantam culturas comerciais e cultivam frutas e nozes. Exportam algod\u00e3o descaro\u00e7ado e sementes de algod\u00e3o. Outras exporta\u00e7\u00f5es s\u00e3o castanha de caju, manteiga de karit\u00e9, \u00f3leo de cozinha e madeira serrada.<\/p>\n\n\n\n<h2 class=\"wp-block-heading p1\">Bairros<\/h2>\n\n\n\n<p class=\"p2\">Porto-Novo, tamb\u00e9m chamada de Hogbonu ou \u00c0j\u00e1sh\u00e9 Il\u00e9, \u00e9 a capital do Benin. Porto Novo pode nos contar muito sobre a cultura e a hist\u00f3ria do Benin. Em Porto Novo, voc\u00ea encontra o Museu de Etnografia, que guarda uma impressionante sele\u00e7\u00e3o de m\u00e1scaras iorub\u00e1s. O museu tamb\u00e9m possui muitos artefatos.<\/p>\n\n\n\n<p class=\"p2\">O Pal\u00e1cio do Rei Toffa retrata como vivia a realeza africana. No Jardin Place Jean Bayol, voc\u00ea encontrar\u00e1 uma est\u00e1tua do primeiro rei de Porto Novo. O Museu Da Silva e a Funda\u00e7\u00e3o Is\u00e9bay\u00e9 mostram a hist\u00f3ria do Benin. Tamb\u00e9m exibe a religi\u00e3o nativa do pa\u00eds \u2013 o vodu.<\/p>\n\n\n\n<p class=\"p2\">Cotonou \u00e9 a maior cidade do Benin. N\u00e3o \u00e9 a capital. No entanto, voc\u00ea encontrar\u00e1 a Sede do Governo em Cotonou. O mesmo acontece com v\u00e1rios edif\u00edcios e servi\u00e7os governamentais. Muitos consideram esta cidade a \u201ccapital econ\u00f3mica\u201d do Benin.<\/p>\n\n\n\n<h2 class=\"wp-block-heading p1\">Tend\u00eancias<\/h2>\n\n\n\n<p class=\"p2\">A arte desempenha um papel crucial na cultura beninense. Voc\u00ea encontrar\u00e1 esculturas, cer\u00e2micas, esculturas em madeira, m\u00e1scaras e tape\u00e7arias em qualquer vila. O povo do Benin preserva a sua cultura pr\u00e9-colonial atrav\u00e9s da arte. \u00c9 tamb\u00e9m como eles incorporam a cultura francesa.<\/p>\n\n\n\n<h2 class=\"wp-block-heading p1\">Oportunidades de mercado<\/h2>\n\n\n\n<p class=\"p2\">The Autonomous Port of Cotonou is the greatest strength of Benin&#8217;s Economy. It facilitates trade with Europe and the American continent and provides a gateway to Asia and other <a href=\"https:\/\/www.sisinternational.com\/pt\/coverage\/market-research-africa\/market-research-in-morocco-north-africa\/\" title=\"Pesquisa de Mercado em Marrocos, Continente Noroeste Africano\"  data-wpil-monitor-id=\"7707\">African<\/a> countries. This port is the fourth most important on the entire continent of Africa. It facilitates about 90% of Benin&#8217;s international trade.<\/p>\n\n\n\n<h2 class=\"wp-block-heading p1\">Base de Consumidores<\/h2>\n\n\n\n<p class=\"p2\">The people of Benin buy most of their meat and perishable items from <a href=\"https:\/\/www.sisinternational.com\/pt\/expertise\/industries\/small-and-medium-enterprise-market-research\/\" title=\"Pesquisa de mercado para pequenas e m\u00e9dias empresas\"  data-wpil-monitor-id=\"7705\">small wet markets<\/a>, which you will find in many of the villages. The shops and big markets or dry <a href=\"https:\/\/www.sisinternational.com\/pt\/publications\/buyer-behavior-after-coronavirus-new-consumer\/\" title=\"Comportamento do comprador ap\u00f3s o coronav\u00edrus \u2013 Pesquisa de mercado de consumo\"  data-wpil-monitor-id=\"7699\">markets provide consumers<\/a> with nonperishable items. Benin imports most of these nonperishable items. Because Benin is dependent on subsistence farming, these small <a href=\"https:\/\/www.sisinternational.com\/pt\/expertise\/industries\/airline-food-in-flight-catering-market-research\/\" title=\"Pesquisa de mercado de alimenta\u00e7\u00e3o em companhias a\u00e9reas e catering a bordo\"  data-wpil-monitor-id=\"7701\">markets are enough to cater<\/a> to the needs of the people.<\/p>\n\n\n\n<h2 class=\"wp-block-heading p1\">Raz\u00f5es para expandir o seu neg\u00f3cio no Benin<\/h2>\n\n\n\n<p class=\"p2\">Benin \u00e9 um pa\u00eds novo, ali\u00e1s, um dos mais recentes no cen\u00e1rio mundial. Ganhou a independ\u00eancia da Fran\u00e7a em 1960. A popula\u00e7\u00e3o do Benim est\u00e1 a crescer. A sua economia tamb\u00e9m.<\/p>\n\n\n\n<p class=\"p2\">H\u00e1 muito espa\u00e7o para desenvolvimento no Benim. Existem muitos bens e servi\u00e7os que voc\u00ea pode fornecer ao povo do Benin. Voc\u00ea obter\u00e1 neg\u00f3cios, especialmente se for o \u00fanico fornecedor deste servi\u00e7o ou mercadoria. Mesmo com o desenvolvimento do pa\u00eds, voc\u00ea j\u00e1 ter\u00e1 estabelecido uma base de clientes fi\u00e9is, sendo um dos primeiros neg\u00f3cios desse tipo. Ser madrugador permitir\u00e1 a longevidade do seu neg\u00f3cio. Seu neg\u00f3cio prosperar\u00e1 \u00e0 medida que a economia e a popula\u00e7\u00e3o do Benin crescerem.<\/p>\n\n\n\n<h2 class=\"wp-block-heading\">Sobre pesquisa de mercado no Benin<\/h2>\n\n\n\n<p>If you&#8217;re a business owner or executive interested in doing business in Benin, we\u2019ve got you. We organize <a href=\"https:\/\/www.sisinternational.com\/pt\/solutions\/focus-group-market-research\/\" title=\"Pesquisa de mercado com grupo focal\"  data-wpil-monitor-id=\"7694\">Focus Groups in the different African markets<\/a>. We can also undertake Quantitative, Qualitative, and <a href=\"https:\/\/www.sisinternational.com\/pt\/solutions\/travel-tourism-hospitality-consulting\/hotel-management-company-market-research-strategy-consulting\/\" title=\"Pesquisa de mercado e consultoria estrat\u00e9gica para empresas de gest\u00e3o hoteleira\"  data-wpil-monitor-id=\"7697\">Strategy Research for your company<\/a>. This information is pertinent for goal-making. It&#8217;s the first step to the <a href=\"https:\/\/www.sisinternational.com\/pt\/predictive-analytics\/\" title=\"Predictive Analytics: Your Crystal Ball for Business Success\"  data-wpil-monitor-id=\"7703\">success of your business<\/a> in Benin. We dig through survey findings, articles, statistics, and more, then we compile essential information for you and your business. We hope this article gives you the answers you&#8217;re looking for in your investment in Benin.<\/p>\n\n\n\n<p><\/p>","protected":false},"excerpt":{"rendered":"<p>Expanda seus neg\u00f3cios na \u00c1frica com pesquisa de mercado no Benin.<\/p>","protected":false},"author":1,"featured_media":65247,"parent":14281,"menu_order":2,"comment_status":"closed","ping_status":"closed","template":"","meta":{"footnotes":""},"class_list":["post-37590","page","type-page","status-publish","has-post-thumbnail"],"_links":{"self":[{"href":"https:\/\/www.sisinternational.com\/pt\/wp-json\/wp\/v2\/pages\/37590","targetHints":{"allow":["GET"]}}],"collection":[{"href":"https:\/\/www.sisinternational.com\/pt\/wp-json\/wp\/v2\/pages"}],"about":[{"href":"https:\/\/www.sisinternational.com\/pt\/wp-json\/wp\/v2\/types\/page"}],"author":[{"embeddable":true,"href":"https:\/\/www.sisinternational.com\/pt\/wp-json\/wp\/v2\/users\/1"}],"replies":[{"embeddable":true,"href":"https:\/\/www.sisinternational.com\/pt\/wp-json\/wp\/v2\/comments?post=37590"}],"version-history":[{"count":5,"href":"https:\/\/www.sisinternational.com\/pt\/wp-json\/wp\/v2\/pages\/37590\/revisions"}],"predecessor-version":[{"id":81297,"href":"https:\/\/www.sisinternational.com\/pt\/wp-json\/wp\/v2\/pages\/37590\/revisions\/81297"}],"up":[{"embeddable":true,"href":"https:\/\/www.sisinternational.com\/pt\/wp-json\/wp\/v2\/pages\/14281"}],"wp:featuredmedia":[{"embeddable":true,"href":"https:\/\/www.sisinternational.com\/pt\/wp-json\/wp\/v2\/media\/65247"}],"wp:attachment":[{"href":"https:\/\/www.sisinternational.com\/pt\/wp-json\/wp\/v2\/media?parent=37590"}],"curies":[{"name":"wp","href":"https:\/\/api.w.org\/{rel}","templated":true}]}}