{"id":37390,"date":"2021-05-02T00:33:25","date_gmt":"2021-05-02T00:33:25","guid":{"rendered":"https:\/\/www.sisinternational.com\/?page_id=37390"},"modified":"2026-03-16T23:17:06","modified_gmt":"2026-03-17T03:17:06","slug":"pesquisa-de-avaliacao-de-mercado","status":"publish","type":"page","link":"https:\/\/www.sisinternational.com\/pt\/market-entry-intelligence-page\/pesquisa-de-avaliacao-de-mercado\/","title":{"rendered":"Pesquisa de avalia\u00e7\u00e3o de mercado"},"content":{"rendered":"<h2 style=\"background: linear-gradient(to right, #001f3f 0%, #003d7a 30%, #1e90ff 70%, #74c0fc 100%); background: -webkit-linear-gradient(left, #001f3f 0%, #003d7a 30%, #1e90ff 70%, #74c0fc 100%); -webkit-background-clip: text; -webkit-text-fill-color: transparent; background-clip: text; font-size: 2.5rem; font-weight: 700; line-height: 1.2; display: inline-block; margin: 0;\">Pesquisa de avalia\u00e7\u00e3o de mercado<\/h2>\n\n\n\n<p><\/p>\n\n\n\n<figure class=\"gb-block-image gb-block-image-2cdc38c9\"><img loading=\"lazy\" decoding=\"async\" width=\"1456\" height=\"816\" class=\"gb-image gb-image-2cdc38c9\" src=\"https:\/\/www.sisinternational.com\/wp-content\/uploads\/2025\/08\/Strategy-consulting-20.jpg\" alt=\"Pesquisa e Estrat\u00e9gia de Mercado Internacional da SIS\" title=\"Strategy consulting (20)\" srcset=\"https:\/\/www.sisinternational.com\/wp-content\/uploads\/2025\/08\/Strategy-consulting-20.jpg 1456w, https:\/\/www.sisinternational.com\/wp-content\/uploads\/2025\/08\/Strategy-consulting-20-300x168.jpg 300w, https:\/\/www.sisinternational.com\/wp-content\/uploads\/2025\/08\/Strategy-consulting-20-1024x574.jpg 1024w, https:\/\/www.sisinternational.com\/wp-content\/uploads\/2025\/08\/Strategy-consulting-20-768x430.jpg 768w, https:\/\/www.sisinternational.com\/wp-content\/uploads\/2025\/08\/Strategy-consulting-20-18x10.jpg 18w\" sizes=\"auto, (max-width: 1456px) 100vw, 1456px\"><\/figure>\n\n\n\n<hr class=\"wp-block-separator has-alpha-channel-opacity is-style-dots\"\/>\n\n\n\n<h2 class=\"wp-block-heading\" id=\"businesses-are-experiencing-a-lot-of-pressure-due-to-rapid-market-changes\">As empresas est\u00e3o enfrentando muita press\u00e3o devido \u00e0s r\u00e1pidas mudan\u00e7as do mercado.<\/h2>\n\n\n\n<p>\u00c0 medida que avan\u00e7am para expandir os seus portf\u00f3lios de produtos e se aventuram em novos mercados, a necessidade de intelig\u00eancia de mercado n\u00e3o pode ser ignorada.<\/p>\n\n\n\n<p>A realiza\u00e7\u00e3o de uma avalia\u00e7\u00e3o de mercado ajuda os executivos a identificar oportunidades de crescimento, evitar riscos e desenvolver estrat\u00e9gias de marketing bem-sucedidas.<\/p>\n\n\n\n<p><\/p>\n\n\n\n<p><\/p>\n\n\n\n<div class=\"wp-block-columns has-global-color-9-color has-text-color has-background has-link-color wp-elements-3c95a7df760f47e3bb676623121367df is-layout-flex wp-container-core-columns-is-layout-9d6595d7 wp-block-columns-is-layout-flex\" style=\"background-color:#f7f9fa6e\">\n<div class=\"wp-block-column is-layout-flow wp-block-column-is-layout-flow\" style=\"flex-basis:18%\"><\/div>\n\n\n\n<div class=\"wp-block-column is-vertically-aligned-center is-layout-flow wp-block-column-is-layout-flow\" style=\"flex-basis:71.28%\">\n<div class=\"wp-block-rank-math-toc-block aligncenter has-global-color-9-color has-text-color has-link-color wp-elements-6a4b28161f501b837bf1ba82b4e087b0\" style=\"font-size:16px\" id=\"rank-math-toc\"><h2><br><strong>T<\/strong>able of Contents<\/h2><nav><ul><li class=\"\"><a href=\"#businesses-are-experiencing-a-lot-of-pressure-due-to-rapid-market-changes\">As empresas est\u00e3o enfrentando muita press\u00e3o devido \u00e0s r\u00e1pidas mudan\u00e7as do mercado.<\/a><\/li><li class=\"\"><a href=\"#importance-of-conducting-market-assessment\">Import\u00e2ncia de realizar avalia\u00e7\u00f5es de mercado<\/a><\/li><li class=\"\"><a href=\"#when-should-businesses-conduct-market-research\">Quando as empresas devem realizar pesquisas de mercado?<\/a><\/li><li class=\"\"><a href=\"#what-are-the-key-success-factors-in-market-research\">Quais s\u00e3o os principais fatores de sucesso na pesquisa de mercado?<\/a><\/li><li class=\"\"><a href=\"#trends-in-market-assessment\">Tend\u00eancias em avalia\u00e7\u00e3o de mercado<\/a><\/li><li class=\"\"><a href=\"#benefits-of-conducting-market-assessments\">Benef\u00edcios da realiza\u00e7\u00e3o de avalia\u00e7\u00f5es de mercado<\/a><\/li><\/ul><\/nav><\/div>\n<\/div>\n<\/div>\n\n\n\n<p><\/p>\n\n\n\n<h2 class=\"wp-block-heading\" id=\"importance-of-conducting-market-assessment\">Import\u00e2ncia de realizar avalia\u00e7\u00f5es de mercado<\/h2>\n\n\n\n<p>Um projeto de avalia\u00e7\u00e3o de mercado bem-sucedido resultar\u00e1 na compreens\u00e3o do mercado e do cliente. Ao responder a quest\u00f5es sobre a procura, satura\u00e7\u00e3o do mercado, pre\u00e7os e at\u00e9 indicadores econ\u00f3micos, a avalia\u00e7\u00e3o do mercado permite \u00e0s empresas:<\/p>\n\n\n\n<ul class=\"wp-block-list\">\n<li>Identifique clientes potenciais e seus h\u00e1bitos de compra<\/li>\n\n\n\n<li>Descubra se os clientes est\u00e3o dispostos a comprar um produto e podem pag\u00e1-lo<\/li>\n\n\n\n<li>Determine o tamanho do mercado e se ele est\u00e1 crescendo ou contraindo<\/li>\n\n\n\n<li>Identificar segmentos de mercado existentes e determinar em quais competir<\/li>\n\n\n\n<li>Verifique se um produto ou servi\u00e7o se enquadra no mercado<\/li>\n\n\n\n<li>Avalie a concorr\u00eancia existente e entenda os pontos fortes e fracos dos concorrentes<\/li>\n\n\n\n<li>Aproveite as oportunidades que proporcionam alto ROI<\/li>\n<\/ul>\n\n\n\n<h2 class=\"wp-block-heading\" id=\"when-should-businesses-conduct-market-research\">Quando as empresas devem realizar pesquisas de mercado?<\/h2>\n\n\n\n<p>Embora as empresas devam realizar pesquisas de mercado regularmente, a maioria delas o faz apenas quando se deparam com determinadas situa\u00e7\u00f5es. Aqui est\u00e3o alguns casos que muitas vezes levam as empresas a realizar uma avalia\u00e7\u00e3o de mercado:<\/p>\n\n\n\n<ul class=\"wp-block-list\">\n<li>Ao procurar criar uma proposta de venda exclusiva<\/li>\n\n\n\n<li>Ao testar suposi\u00e7\u00f5es feitas anteriormente<\/li>\n\n\n\n<li>Ao procurar restabelecer-se durante ou ap\u00f3s uma crise<\/li>\n\n\n\n<li>Ao procurar novas oportunidades de mercado para impulsionar o crescimento<\/li>\n\n\n\n<li>Ao procurar dados objetivos para ajudar a tomar decis\u00f5es de neg\u00f3cios de longo prazo<\/li>\n\n\n\n<li>Ao tentar projetar o futuro do mercado<\/li>\n<\/ul>\n\n\n\n<h2 class=\"wp-block-heading\" id=\"what-are-the-key-success-factors-in-market-research\">Quais s\u00e3o os principais fatores de sucesso na pesquisa de mercado?<\/h2>\n\n\n\n<p>Se n\u00e3o for bem planeado e executado, um projecto de avalia\u00e7\u00e3o de mercado pode ser uma tarefa dispendiosa que nem sequer produz dados significativos. Para obter o tipo de intelig\u00eancia de mercado que os executivos precisam para tomar decis\u00f5es com confian\u00e7a, os pesquisadores devem manter certos fatores em mente.<\/p>\n\n\n\n<p><strong>1. Defini\u00e7\u00e3o de metas de avalia\u00e7\u00e3o de mercado<\/strong><\/p>\n\n\n\n<p>Os projetos de avalia\u00e7\u00e3o de mercado devem ter um ou dois objetivos claros e espec\u00edficos. Quanto mais claros os objetivos, mais f\u00e1cil ser\u00e1 entend\u00ea-los e trabalhar para alcan\u00e7\u00e1-los.<\/p>\n\n\n\n<p>Isto \u00e9 importante porque os objetivos da pesquisa de mercado determinam tudo, desde as metodologias de pesquisa at\u00e9 o segmento de mercado e o p\u00fablico a ser avaliado.<\/p>\n\n\n\n<p><strong>2. Determine sua capacidade para realizar pesquisas de mercado<\/strong><\/p>\n\n\n\n<p>Os executivos devem avaliar a capacidade das suas equipes internas para realizar a an\u00e1lise de mercado planejada. Dependendo do objetivo da pesquisa, h\u00e1 situa\u00e7\u00f5es em que seria melhor fazer parceria com uma ag\u00eancia de pesquisa especializada.<\/p>\n\n\n\n<p>Essas ag\u00eancias contam com especialistas do setor localizados em todo o mundo que sabem o que procurar e como obter insights de fontes de informa\u00e7\u00e3o prim\u00e1rias e secund\u00e1rias.<\/p>\n\n\n\n<p><strong>3. Coletando os dados corretos<\/strong><\/p>\n\n\n\n<p>A coleta de dados \u00e9 uma parte cr\u00edtica da pesquisa de mercado. Como os dados s\u00e3o o que direcionar\u00e3o a estrat\u00e9gia e a tomada de decis\u00f5es, \u00e9 importante que os dados coletados sejam precisos e focados nos objetivos definidos de avalia\u00e7\u00e3o de mercado.<\/p>\n\n\n\n<p>Para obter dados de alta qualidade, os investigadores t\u00eam de escolher ferramentas de recolha de dados, atingir o p\u00fablico certo e descobrir o momento apropriado para conduzir a investiga\u00e7\u00e3o.<\/p>\n\n\n\n<p><strong>4. An\u00e1lise e Interpreta\u00e7\u00e3o de Dados<\/strong><\/p>\n\n\n\n<p>Analisar e interpretar dados de pesquisa requer as habilidades e ferramentas certas. Equipes com vis\u00e3o de neg\u00f3cios produzir\u00e3o melhores resultados, pois poder\u00e3o ver como tudo se encaixa e como tudo pode ser aplicado para atingir os objetivos de neg\u00f3cios.<\/p>\n\n\n\n<p>Para auxiliar na tomada de decis\u00f5es, os relat\u00f3rios de avalia\u00e7\u00e3o de mercado devem destacar informa\u00e7\u00f5es relevantes e ser de f\u00e1cil compreens\u00e3o. Devem mostrar como foram alcan\u00e7adas as conclus\u00f5es e como foram desenvolvidas estrat\u00e9gias a partir da intelig\u00eancia de mercado adquirida.<\/p>\n\n\n\n<h2 class=\"wp-block-heading\" id=\"trends-in-market-assessment\">Tend\u00eancias em avalia\u00e7\u00e3o de mercado<\/h2>\n\n\n\n<p>H\u00e1 uma aceita\u00e7\u00e3o de novas tecnologias para fins de investiga\u00e7\u00e3o, ao mesmo tempo que se pensa mais sobre como fazer com que mais inquiridos participem na investiga\u00e7\u00e3o. Algumas das tend\u00eancias em pesquisa de mercado incluem:<\/p>\n\n\n\n<p><strong>1. <a href=\"https:\/\/www.sisinternational.com\/pt\/solucoes\/inovacao\/pesquisa-de-mercado-agil\/\" title=\"Pesquisa de mercado \u00e1gil\" data-wpil-monitor-id=\"6111\">Pesquisa de mercado \u00e1gil<\/a><\/strong><\/p>\n\n\n\n<p>A pesquisa de mercado est\u00e1 se tornando t\u00e3o iterativa que o projeto nunca \u00e9 conclu\u00eddo por si s\u00f3. Em vez disso, continua em pequenos lotes, com cada tarefa baseada nas descobertas da anterior.<\/p>\n\n\n\n<p>Isto traz uma mudan\u00e7a nas metodologias e na utiliza\u00e7\u00e3o de ferramentas que auxiliam na recolha de dados num mercado em r\u00e1pida mudan\u00e7a. Para se beneficiarem de uma abordagem \u00e1gil \u00e0 pesquisa de mercado, as empresas precisam adotar processos \u00e1geis. Isso permite que eles usem facilmente os pequenos insights para o crescimento dos neg\u00f3cios.<\/p>\n\n\n\n<p><strong>2. Escuta Social<\/strong><\/p>\n\n\n\n<p>As pessoas vivem grande parte das suas vidas online, criando uma oportunidade para os investigadores recolherem dados atrav\u00e9s da escuta social. \u00c0 medida que as pessoas partilham abertamente informa\u00e7\u00f5es e opini\u00f5es pessoais nas plataformas sociais, os dados recolhidos atrav\u00e9s da escuta social podem revelar-se muito aut\u00eanticos.<\/p>\n\n\n\n<p>Alguns dos dados prim\u00e1rios que os pesquisadores podem coletar incluem:<\/p>\n\n\n\n<ul class=\"wp-block-list\">\n<li>Pontos problem\u00e1ticos do cliente e sugest\u00f5es para melhoria do produto<\/li>\n\n\n\n<li>Conscientiza\u00e7\u00e3o da marca e (err\u00f4neas) percep\u00e7\u00f5es<\/li>\n\n\n\n<li>Comportamentos de compra<\/li>\n\n\n\n<li>Gatilhos emocionais que impulsionam a a\u00e7\u00e3o do cliente<\/li>\n\n\n\n<li>Tend\u00eancias nos n\u00edveis micro e macro<\/li>\n<\/ul>\n\n\n\n<p><strong>3. Usando Intelig\u00eancia Artificial para Pesquisa de Mercado<\/strong><\/p>\n\n\n\n<p>\u00c0 medida que avan\u00e7amos em dire\u00e7\u00e3o ao rastreamento sem cookies, as empresas coletam dados de forma agressiva. Como o processamento e a an\u00e1lise de dados s\u00e3o mundanos e demorados, a IA provou ser uma solu\u00e7\u00e3o capaz.<\/p>\n\n\n\n<p>A IA est\u00e1 a ser utilizada para recolher dados de v\u00e1rios canais, classific\u00e1-los e analis\u00e1-los e gerar relat\u00f3rios que ajudam os decisores a tirar conclus\u00f5es mais rapidamente e a desenvolver as estrat\u00e9gias certas.<\/p>\n\n\n\n<p><strong>4. Pesquisa Longitudinal<\/strong><\/p>\n\n\n\n<p>Ao acompanhar um grupo espec\u00edfico de entrevistados durante um longo per\u00edodo de tempo, a pesquisa longitudinal permite aos pesquisadores coletar dados que os ajudam a construir uma compreens\u00e3o do mercado em n\u00edvel macro.<\/p>\n\n\n\n<p>Os dados coletados por meio do rastreamento longitudinal ajudam a identificar conex\u00f5es entre gatilhos e a\u00e7\u00f5es, causas e efeitos, e capacitam os pesquisadores a prever tend\u00eancias futuras com facilidade.<\/p>\n\n\n\n<h2 class=\"wp-block-heading\" id=\"benefits-of-conducting-market-assessments\">Benef\u00edcios da realiza\u00e7\u00e3o de avalia\u00e7\u00f5es de mercado<\/h2>\n\n\n\n<p>H\u00e1 muito a ganhar com a avalia\u00e7\u00e3o do mercado. O conhecimento profundo do mercado pode ajudar sua empresa a:<\/p>\n\n\n\n<ul class=\"wp-block-list\">\n<li>Conhe\u00e7a seus clientes e adapte suas ofertas de acordo<\/li>\n\n\n\n<li>Reduza o risco do neg\u00f3cio compreendendo a din\u00e2mica do mercado, os fatores de sucesso e as tend\u00eancias emergentes<\/li>\n\n\n\n<li>Identifique anomalias do setor e evite seus efeitos<\/li>\n\n\n\n<li>Otimize seus esfor\u00e7os e recursos de marketing para obter leads de alta qualidade<\/li>\n\n\n\n<li>Determine quais benchmarks usar para avaliar o sucesso do neg\u00f3cio<\/li>\n\n\n\n<li>Projete receitas de novos produtos ou planos de expans\u00e3o e tome as decis\u00f5es corretas<\/li>\n<\/ul>\n\n\n<h2>Localiza\u00e7\u00e3o de nossas instala\u00e7\u00f5es em Nova York<\/h2>\n<p><!-- \/wp:post-content --> <!-- wp:html --> <iframe loading=\"lazy\" src=\"https:\/\/www.google.com\/maps\/embed?pb=!1m18!1m12!1m3!1d3022.976188376966!2d-73.99130312499956!3d40.740549471389315!2m3!1f0!2f0!3f0!3m2!1i1024!2i768!4f13.1!3m3!1m2!1s0x89c259a15798c731%3A0xd695d09bdd495f25!2s11%20E%2022nd%20St%20FL%202%2C%20New%20York%2C%20NY%2010010%2C%20USA!5e0!3m2!1sen!2spe!4v1726171763526!5m2!1sen!2spe\" width=\"600\" height=\"450\" allowfullscreen=\"allowfullscreen\" data-mce-fragment=\"1\"><\/iframe> <!-- \/wp:html --> <!-- wp:paragraph --><\/p>\n<h3 class=\"wp-block-heading\">11 E 22nd Street, andar 2, Nova York, NY 10010 T: +1(212) 505-6805<\/h3>\n<hr \/>\n<h2><span style=\"font-weight: 400;\">Sobre SIS Internacional<\/span><\/h2>\n<p><a href=\"https:\/\/www.sisinternational.com\/pt\/\"><span style=\"font-weight: 400;\">SIS Internacional<\/span><\/a><span style=\"font-weight: 400;\"> oferece pesquisa quantitativa, qualitativa e estrat\u00e9gica. Fornecemos dados, ferramentas, estrat\u00e9gias, relat\u00f3rios e insights para a tomada de decis\u00f5es. Tamb\u00e9m realizamos entrevistas, pesquisas, grupos focais e outros m\u00e9todos e abordagens de Pesquisa de Mercado.<\/span><a href=\"https:\/\/www.sisinternational.com\/pt\/sobre-a-sis-international-research\/contact-sis-international-market-research\/\"><span style=\"font-weight: 400;\"> Entre em contato conosco<\/span><\/a><span style=\"font-weight: 400;\"> para o seu pr\u00f3ximo projeto de pesquisa de mercado.<\/span><\/p>\n<p><!-- wp:heading --><\/p>\n<h2 id=\"about-market-assessment-research\" class=\"wp-block-heading\">\u00a0<\/h2>\n<p><!-- \/wp:heading --><\/p>","protected":false},"excerpt":{"rendered":"<p>Descubra como voc\u00ea pode expandir seus neg\u00f3cios com a Pesquisa de Avalia\u00e7\u00e3o de Mercado.<\/p>","protected":false},"author":1,"featured_media":62554,"parent":84510,"menu_order":14,"comment_status":"closed","ping_status":"closed","template":"","meta":{"footnotes":""},"class_list":["post-37390","page","type-page","status-publish","has-post-thumbnail"],"_links":{"self":[{"href":"https:\/\/www.sisinternational.com\/pt\/wp-json\/wp\/v2\/pages\/37390","targetHints":{"allow":["GET"]}}],"collection":[{"href":"https:\/\/www.sisinternational.com\/pt\/wp-json\/wp\/v2\/pages"}],"about":[{"href":"https:\/\/www.sisinternational.com\/pt\/wp-json\/wp\/v2\/types\/page"}],"author":[{"embeddable":true,"href":"https:\/\/www.sisinternational.com\/pt\/wp-json\/wp\/v2\/users\/1"}],"replies":[{"embeddable":true,"href":"https:\/\/www.sisinternational.com\/pt\/wp-json\/wp\/v2\/comments?post=37390"}],"version-history":[{"count":10,"href":"https:\/\/www.sisinternational.com\/pt\/wp-json\/wp\/v2\/pages\/37390\/revisions"}],"predecessor-version":[{"id":84649,"href":"https:\/\/www.sisinternational.com\/pt\/wp-json\/wp\/v2\/pages\/37390\/revisions\/84649"}],"up":[{"embeddable":true,"href":"https:\/\/www.sisinternational.com\/pt\/wp-json\/wp\/v2\/pages\/84510"}],"wp:featuredmedia":[{"embeddable":true,"href":"https:\/\/www.sisinternational.com\/pt\/wp-json\/wp\/v2\/media\/62554"}],"wp:attachment":[{"href":"https:\/\/www.sisinternational.com\/pt\/wp-json\/wp\/v2\/media?parent=37390"}],"curies":[{"name":"wp","href":"https:\/\/api.w.org\/{rel}","templated":true}]}}