{"id":37069,"date":"2021-04-13T15:04:33","date_gmt":"2021-04-13T15:04:33","guid":{"rendered":"https:\/\/www.sisinternational.com\/?page_id=37069"},"modified":"2026-01-25T16:37:08","modified_gmt":"2026-01-25T21:37:08","slug":"pesquisa-de-mercado-industrial-2","status":"publish","type":"page","link":"https:\/\/www.sisinternational.com\/pt\/solucoes\/pesquisa-de-mercado-industrial-2\/","title":{"rendered":"Pesquisa de mercado de manufatura"},"content":{"rendered":"<h1 class=\"wp-block-heading\">Pesquisa de mercado de manufatura<\/h1>\n\n\n\n<figure class=\"gb-block-image gb-block-image-adda95e4\"><img loading=\"lazy\" decoding=\"async\" width=\"1456\" height=\"816\" class=\"gb-image gb-image-adda95e4\" src=\"https:\/\/www.sisinternational.com\/wp-content\/uploads\/2025\/08\/Manufacturing-7.jpg\" alt=\"Pesquisa e Estrat\u00e9gia de Mercado Internacional da SIS\" title=\"Manufacturing (7)\" srcset=\"https:\/\/www.sisinternational.com\/wp-content\/uploads\/2025\/08\/Manufacturing-7.jpg 1456w, https:\/\/www.sisinternational.com\/wp-content\/uploads\/2025\/08\/Manufacturing-7-300x168.jpg 300w, https:\/\/www.sisinternational.com\/wp-content\/uploads\/2025\/08\/Manufacturing-7-1024x574.jpg 1024w, https:\/\/www.sisinternational.com\/wp-content\/uploads\/2025\/08\/Manufacturing-7-768x430.jpg 768w, https:\/\/www.sisinternational.com\/wp-content\/uploads\/2025\/08\/Manufacturing-7-18x10.jpg 18w\" sizes=\"auto, (max-width: 1456px) 100vw, 1456px\"><\/figure>\n\n\n\n<p><\/p>\n\n\n\n<h2 class=\"wp-block-heading\">\u00c0 medida que a concorr\u00eancia entre os fabricantes aumenta, a inova\u00e7\u00e3o impulsionada pelas novas tecnologias torna-se a \u00fanica forma de manter a quota de mercado e crescer.<\/h2>\n\n\n\n<p>Dito isto, n\u00e3o se trata realmente de quem se move mais r\u00e1pido, mas de quem faz o movimento certo. A pesquisa de mercado de manufatura otimizar\u00e1 o crescimento e a lucratividade da sua empresa.<\/p>\n\n\n\n<h2 class=\"wp-block-heading p3\">Import\u00e2ncia da pesquisa de mercado de manufatura<\/h2>\n\n\n\n<p class=\"p1\">Due to the effects of a global disruption in trade, more and more manufacturers are seeing the need to diversify or expand into new markets. Expanding and launching new <a href=\"https:\/\/www.sisinternational.com\/pt\/pericia\/curriculos-de-experiencia\/pesquisa-de-mercado-de-produtos-de-higiene-pessoal\/\" title=\"Pesquisa de mercado de produtos de cuidados pessoais\"  data-wpil-monitor-id=\"11061\">products requires market<\/a> knowledge. With a team of experts across the globe, our <a class=\"wpil_keyword_link\" href=\"https:\/\/www.sisinternational.com\/pt\/solucoes\/solucoes-de-pesquisa-quantitativa-qualitativa\/pesquisa-de-mercado-industrial-2\/\"   title=\"Pesquisa de mercado de manufatura\" data-wpil-keyword-link=\"linked\"  data-wpil-monitor-id=\"427\">pesquisa de mercado industrial<\/a> initiatives help manufacturers by providing insights like:<\/p>\n\n\n\n<ul class=\"wp-block-list ul1\">\n<li>Suitable new <a href=\"https:\/\/www.sisinternational.com\/pt\/solucoes\/consultoria-estrategica\/pesquisa-de-mercado-de-produto-minimo-viavel\/\" title=\"Pesquisa de mercado de produto m\u00ednimo vi\u00e1vel\"  data-wpil-monitor-id=\"11062\">markets for their products<\/a><\/li>\n\n\n\n<li>Personas de compradores baseadas em dados de iniciadores e tomadores de decis\u00e3o<\/li>\n\n\n\n<li>Intelig\u00eancia de mercado para ajudar a entender a din\u00e2mica do mercado<\/li>\n\n\n\n<li><a href=\"https:\/\/www.sisinternational.com\/pt\/solucoes\/sis-crescimento-global\/estrategia-de-entrada-no-mercado\/\" title=\"Consultoria de entrada no mercado\"  data-wpil-monitor-id=\"11057\">Estrat\u00e9gias de entrada no mercado<\/a> that guarantee a sizable market share<\/li>\n\n\n\n<li><a href=\"https:\/\/www.sisinternational.com\/pt\/solucoes\/solucoes-de-pesquisa-quantitativa-qualitativa\/desk-research-for-competitive-analysis\/\" title=\"Desk Research for Competitive Analysis\"  data-wpil-monitor-id=\"11058\">Pesquisa e an\u00e1lise competitiva<\/a><\/li>\n\n\n\n<li>Canais de marketing e mensagens que repercutem no p\u00fablico-alvo<\/li>\n\n\n\n<li>Oportunidades de up-sell e vendas cruzadas<\/li>\n<\/ul>\n\n\n\n<h2 class=\"wp-block-heading p3\">Oportunidades e tend\u00eancias no setor manufatureiro<\/h2>\n\n\n\n<p class=\"p1\">Os fabricantes est\u00e3o a trabalhar arduamente para diversificar os seus produtos e estabelecer cadeias de abastecimento alternativas. Isso abriu oportunidades de fabrica\u00e7\u00e3o em novos locais. Com a \u00cdndia, a Mal\u00e1sia, Singapura e o Vietname a assumirem a lideran\u00e7a na regi\u00e3o APAC, o M\u00e9xico est\u00e1 a emergir como um potencial centro de produ\u00e7\u00e3o na \u00e1rea LATAM.<\/p>\n\n\n\n<p class=\"p1\">While the APAC hubs are competing against China through business-friendly government policies and cheap labor, Mexico is competing based on its proximity to the US.<\/p>\n\n\n\n<h2 class=\"wp-block-heading p5\">Principais tend\u00eancias em manufatura<\/h2>\n\n\n\n<p class=\"p1\">Para aumentar a receita e o crescimento da experi\u00eancia, os fabricantes est\u00e3o adotando novas t\u00e1ticas. O objetivo \u00e9 reduzir custos ou aumentar seus canais de receita.<\/p>\n\n\n\n<p class=\"p1\">Aqui est\u00e3o algumas das tend\u00eancias que os fabricantes est\u00e3o adotando.<\/p>\n\n\n\n<h3 class=\"wp-block-heading p1\"><b>1. Melhorando a visibilidade<\/b><\/h3>\n\n\n\n<p class=\"p1\">Visibility is a critical part of the <a href=\"https:\/\/sisaisolutions.com\/application-of-ai-in-manufacturing\/\" target=\"_blank\" rel=\"noopener\">manufacturing business<\/a> as it helps in decision-making. To improve visibility, manufacturers are investing in digital solutions for data capture and analysis across the entire manufacturing ecosystem. This will help them identify breakpoints and opportunities for improvement.<\/p>\n\n\n\n<h3 class=\"wp-block-heading p1\"><b>2. Fabrica\u00e7\u00e3o inteligente<\/b><\/h3>\n\n\n\n<p class=\"p1\">Forward-thinking <a href=\"https:\/\/www.sisinternational.com\/pt\/pesquisa-de-mercado-de-manufatura-inteligente\/\" title=\"Pesquisa de mercado de manufatura inteligente\" data-wpil-monitor-id=\"3628\">manufacturers<\/a> are working on \u201csmart factories\u201d where everything revolves around data. These manufacturers are moving from concept to reality by combining the power of data as well as different technologies and solutions to optimize the entire manufacturing process.<\/p>\n\n\n\n<h3 class=\"wp-block-heading p1\"><b>3. Automa\u00e7\u00e3o<\/b><\/h3>\n\n\n\n<p class=\"p1\">Na fabrica\u00e7\u00e3o, a automa\u00e7\u00e3o \u00e9 a solu\u00e7\u00e3o definitiva. Embora todos os esfor\u00e7os estejam a caminhar nesta dire\u00e7\u00e3o, o maior desafio \u00e9 a escassez de compet\u00eancias. Os fabricantes est\u00e3o a lidar com isto atrav\u00e9s da forma\u00e7\u00e3o dos seus funcion\u00e1rios em novas tecnologias, an\u00e1lise de dados e resolu\u00e7\u00e3o de problemas, ao mesmo tempo que criam ambientes de trabalho flex\u00edveis e din\u00e2micos.<\/p>\n\n\n\n<h3 class=\"wp-block-heading p1\"><b>4. Manuten\u00e7\u00e3o preditiva<\/b><\/h3>\n\n\n\n<p class=\"p1\">Uma das maiores causas de tempo de inatividade na fabrica\u00e7\u00e3o \u00e9 a quebra de equipamentos. Com a perda de produtividade surgem custos enormes e perdas potenciais, mesmo que a experi\u00eancia do cliente seja prejudicada devido a atrasos na entrega de pe\u00e7as OEM e produtos finais. Os fabricantes est\u00e3o recorrendo \u00e0 an\u00e1lise preditiva e \u00e0 manuten\u00e7\u00e3o para monitorar o desempenho dos equipamentos e reduzir interrup\u00e7\u00f5es n\u00e3o planejadas.<\/p>\n\n\n\n<h3 class=\"wp-block-heading p1\"><b>5. Fabrica\u00e7\u00e3o \u00e1gil<\/b><\/h3>\n\n\n\n<p class=\"p1\">Os fabricantes tamb\u00e9m est\u00e3o procurando maneiras de responder rapidamente \u00e0s necessidades dos clientes e aos desafios de neg\u00f3cios. Muitos CIOs e CTOs descobriram que adicionar uma camada de solu\u00e7\u00f5es \u00e1geis aos seus ERPs existentes os ajuda a alcan\u00e7ar resultados mais rapidamente. Os insights baseados em dados est\u00e3o levando a integra\u00e7\u00f5es de sistemas e atualiza\u00e7\u00f5es de processos, resultando em um tempo de retorno mais r\u00e1pido.<\/p>\n\n\n\n<h3 class=\"wp-block-heading p1\"><b>6. Ciberseguran\u00e7a na produ\u00e7\u00e3o<\/b><\/h3>\n\n\n\n<p class=\"p1\">Sendo os dados o ativo mais cr\u00edtico para os fabricantes, a seguran\u00e7a cibern\u00e9tica est\u00e1 a receber aten\u00e7\u00e3o especial. Com o aumento dos casos de ransomware, os fabricantes procuram investir nas solu\u00e7\u00f5es certas. A melhor op\u00e7\u00e3o ser\u00e1 contratar talentos cibern\u00e9ticos qualificados e, ao mesmo tempo, fazer parceria com fornecedores que tenham solu\u00e7\u00f5es comprovadas e programas de P&amp;D dedicados.<\/p>\n\n\n\n<h2 class=\"wp-block-heading p5\">Novas Tecnologias na Manufatura<\/h2>\n\n\n\n<p class=\"p1\">Os fabricantes est\u00e3o adotando novas tecnologias e solu\u00e7\u00f5es para reduzir custos, melhorar a efici\u00eancia e aumentar a lucratividade. Alguns deles incluem:<\/p>\n\n\n\n<h3 class=\"wp-block-heading p1\"><b>1. Rob\u00f4s na fabrica\u00e7\u00e3o<\/b><\/h3>\n\n\n\n<p class=\"p1\">Embora os rob\u00f4s j\u00e1 fa\u00e7am parte da produ\u00e7\u00e3o h\u00e1 algum tempo, algumas inova\u00e7\u00f5es est\u00e3o trazendo mudan\u00e7as. Por exemplo, os rob\u00f4s colaborativos (cobots) est\u00e3o a assumir tarefas perigosas e repetitivas, permitindo aos humanos trabalhar em solu\u00e7\u00f5es criativas e noutros trabalhos mais satisfat\u00f3rios.<\/p>\n\n\n\n<p class=\"p1\">Robots as a Service (RaaS) est\u00e1 reduzindo os custos de automa\u00e7\u00e3o ao fornecer rob\u00f4s para aluguel. Atrav\u00e9s do RaaS, os fabricantes estabelecidos podem esperar interrup\u00e7\u00f5es vindas das startups, tal como aconteceu no mundo do software quando o PaaS e o IaaS se tornaram realidade.<\/p>\n\n\n\n<h3 class=\"wp-block-heading p1\"><b>2. Blockchain na ind\u00fastria manufatureira<\/b><\/h3>\n\n\n\n<p class=\"p1\">Blockchain is quite a new technology in manufacturing. It is however being actively developed for use in manufacturing ecosystems by companies such as IBM, GE, and Samsung.<\/p>\n\n\n\n<p class=\"p1\">Blockchain ser\u00e1 usado para fazer cumprir as regulamenta\u00e7\u00f5es de controle de qualidade desde a fase de mat\u00e9rias-primas at\u00e9 o produto final. Tamb\u00e9m ser\u00e1 utilizado para proporcionar transpar\u00eancia e visibilidade adicional \u00e0s partes interessadas do ecossistema em toda a cadeia de valor.<\/p>\n\n\n\n<h3 class=\"wp-block-heading p1\"><b>3. Intelig\u00eancia Artificial na manufatura<\/b><\/h3>\n\n\n\n<p class=\"p1\"><a href=\"https:\/\/www.sisinternational.com\/pt\/solucoes\/pesquisa-de-mercado-de-ia-e-consultoria-estrategica\/consultoria-de-inteligencia-artificial-em-automacao-de-manufatura\/\" title=\"Consultoria em Automa\u00e7\u00e3o de Manufatura e Intelig\u00eancia Artificial\" data-wpil-monitor-id=\"11060\">Artificial Intelligence is finding applications in manufacturing<\/a> due to the availability of data. In many cases, AI is being implemented alongside robotics. Robots with AI capability will be the new frontier of competition. AI-capable robots can make perception-based decisions, making them far superior to traditional robots, which are limited to rule-based algorithms.<\/p>\n\n\n\n<h3 class=\"wp-block-heading p1\"><b>4. Internet das Coisas Industrial (IIoT)<\/b><\/h3>\n\n\n\n<p class=\"p1\">Com o lan\u00e7amento das redes 5G, os fabricantes podem finalmente come\u00e7ar <a href=\"https:\/\/www.zdnet.com\/article\/seven-tips-for-identifying-and-managing-iiot-deployment-costs\/\" target=\"_blank\" rel=\"noopener\">implementando IIoT<\/a>. Alguns fabricantes j\u00e1 est\u00e3o come\u00e7ando a atualizar sua infraestrutura de rede interna.<\/p>\n\n\n\n<p class=\"p1\">\u00c0 medida que os fabricantes de chips e sensores, bem como os desenvolvedores de software, trabalham para tornar a IIoT uma realidade, os fabricantes que est\u00e3o planejando o futuro ser\u00e3o capazes de se adaptar mais rapidamente quando todas as pe\u00e7as do quebra-cabe\u00e7a estiverem dispon\u00edveis.<\/p>\n\n\n\n<h2 class=\"wp-block-heading p3\">Benef\u00edcios da realiza\u00e7\u00e3o de pesquisas de mercado de manufatura<\/h2>\n\n\n\n<figure class=\"gb-block-image gb-block-image-a05cee9a\"><img loading=\"lazy\" decoding=\"async\" width=\"1456\" height=\"816\" class=\"gb-image gb-image-a05cee9a\" src=\"https:\/\/www.sisinternational.com\/wp-content\/uploads\/2025\/08\/Manufacturing-18.jpg\" alt=\"Pesquisa e Estrat\u00e9gia de Mercado Internacional da SIS\" title=\"Manufacturing (18)\" srcset=\"https:\/\/www.sisinternational.com\/wp-content\/uploads\/2025\/08\/Manufacturing-18.jpg 1456w, https:\/\/www.sisinternational.com\/wp-content\/uploads\/2025\/08\/Manufacturing-18-300x168.jpg 300w, https:\/\/www.sisinternational.com\/wp-content\/uploads\/2025\/08\/Manufacturing-18-1024x574.jpg 1024w, https:\/\/www.sisinternational.com\/wp-content\/uploads\/2025\/08\/Manufacturing-18-768x430.jpg 768w, https:\/\/www.sisinternational.com\/wp-content\/uploads\/2025\/08\/Manufacturing-18-18x10.jpg 18w\" sizes=\"auto, (max-width: 1456px) 100vw, 1456px\"><\/figure>\n\n\n\n<p><\/p>\n\n\n\n<p class=\"p1\">A pesquisa de mercado \u00e9 fundamental para o crescimento dos neg\u00f3cios. Esteja voc\u00ea procurando se restabelecer ou expandir para novos mercados, compreender o mercado \u00e9 fundamental. Considerando as necessidades em constante mudan\u00e7a dos clientes e a alta concorr\u00eancia, como fabricante, a pesquisa de mercado pode lhe proporcionar benef\u00edcios como:<\/p>\n\n\n\n<ul class=\"wp-block-list ul1\">\n<li>Primary insights that cannot be attained through secondary sources<\/li>\n\n\n\n<li>Conhecimento da ind\u00fastria emergente e das tend\u00eancias dos clientes<\/li>\n\n\n\n<li><a href=\"https:\/\/www.sisinternational.com\/pt\/solucoes\/sis-crescimento-global\/consultoria-estrategica-em-mercados-emergentes\/\" title=\"Consultoria em Estrat\u00e9gia para Mercados Emergentes\" data-wpil-monitor-id=\"11063\">Strategies for market<\/a> capture by uncovering competitor strengths and weaknesses<\/li>\n\n\n\n<li>Mitiga\u00e7\u00e3o de riscos<\/li>\n\n\n\n<li>Ideias de envolvimento do cliente para ajudar a permanecer relevante<\/li>\n\n\n\n<li>Benchmarking para avaliar e melhorar a produtividade e o crescimento<\/li>\n\n\n\n<li>Planejamento e execu\u00e7\u00e3o de estrat\u00e9gia para entrada no mercado e sucesso de marketing<\/li>\n<\/ul>\n\n\n\n<h2 class=\"wp-block-heading\">Sobre a pesquisa de mercado de manufatura<\/h2>\n\n\n\n<p class=\"p1\">As an investment meant to shed light on your growth potential, market research needs to be conducted by experienced experts. At <a href=\"https:\/\/www.sisinternational.com\/pt\/entre-em-contato-com-a-sis-international-market-research\/\" title=\"Contate-nos\" data-wpil-monitor-id=\"11056\">A SIS International Research<\/a>, we\u2019ve worked with top brands across the globe who always trust us to carry out market research for them.<\/p>\n\n\n\n<p class=\"p1\">Com <a href=\"https:\/\/www.sisinternational.com\/pt\/solucoes\/pesquisa-de-mercado-em-grupo-focal\/\" title=\"Pesquisa de mercado com grupo focal\" data-wpil-monitor-id=\"11059\">research strategies that include focus groups<\/a>, in-depth interviews, ethnography, market segmentation, competitive benchmarking, and choice modeling, we unearth the kind of insights you need to make the right business decision.<\/p>\n\n\n\n<p><\/p>","protected":false},"excerpt":{"rendered":"<p>A SIS International Research \u00e9 l\u00edder em pesquisa de mercado de manufatura. Fornecemos percep\u00e7\u00f5es, dados, consultoria e estrat\u00e9gias.<\/p>","protected":false},"author":1,"featured_media":63709,"parent":14457,"menu_order":21,"comment_status":"closed","ping_status":"closed","template":"","meta":{"footnotes":""},"class_list":["post-37069","page","type-page","status-publish","has-post-thumbnail"],"_links":{"self":[{"href":"https:\/\/www.sisinternational.com\/pt\/wp-json\/wp\/v2\/pages\/37069","targetHints":{"allow":["GET"]}}],"collection":[{"href":"https:\/\/www.sisinternational.com\/pt\/wp-json\/wp\/v2\/pages"}],"about":[{"href":"https:\/\/www.sisinternational.com\/pt\/wp-json\/wp\/v2\/types\/page"}],"author":[{"embeddable":true,"href":"https:\/\/www.sisinternational.com\/pt\/wp-json\/wp\/v2\/users\/1"}],"replies":[{"embeddable":true,"href":"https:\/\/www.sisinternational.com\/pt\/wp-json\/wp\/v2\/comments?post=37069"}],"version-history":[{"count":6,"href":"https:\/\/www.sisinternational.com\/pt\/wp-json\/wp\/v2\/pages\/37069\/revisions"}],"predecessor-version":[{"id":81809,"href":"https:\/\/www.sisinternational.com\/pt\/wp-json\/wp\/v2\/pages\/37069\/revisions\/81809"}],"up":[{"embeddable":true,"href":"https:\/\/www.sisinternational.com\/pt\/wp-json\/wp\/v2\/pages\/14457"}],"wp:featuredmedia":[{"embeddable":true,"href":"https:\/\/www.sisinternational.com\/pt\/wp-json\/wp\/v2\/media\/63709"}],"wp:attachment":[{"href":"https:\/\/www.sisinternational.com\/pt\/wp-json\/wp\/v2\/media?parent=37069"}],"curies":[{"name":"wp","href":"https:\/\/api.w.org\/{rel}","templated":true}]}}