{"id":36847,"date":"2021-03-03T02:39:56","date_gmt":"2021-03-03T02:39:56","guid":{"rendered":"https:\/\/www.sisinternational.com\/?page_id=36847"},"modified":"2025-10-30T22:53:58","modified_gmt":"2025-10-31T02:53:58","slug":"pesquisa-de-mercado-equador","status":"publish","type":"page","link":"https:\/\/www.sisinternational.com\/pt\/cobertura\/latin-america\/pesquisa-de-mercado-na-america-latina\/pesquisa-de-mercado-equador\/","title":{"rendered":"Pesquisa de mercado no Equador"},"content":{"rendered":"<h1 class=\"wp-block-heading\">Pesquisa de mercado no Equador<\/h1>\n\n\n\n<figure class=\"gb-block-image gb-block-image-81cc6e02\"><img loading=\"lazy\" decoding=\"async\" width=\"1456\" height=\"816\" class=\"gb-image gb-image-81cc6e02\" src=\"https:\/\/www.sisinternational.com\/wp-content\/uploads\/2025\/09\/Ecuador-3.jpg\" alt=\"Pesquisa e Estrat\u00e9gia de Mercado Internacional da SIS\" title=\"Ecuador (3)\" srcset=\"https:\/\/www.sisinternational.com\/wp-content\/uploads\/2025\/09\/Ecuador-3.jpg 1456w, https:\/\/www.sisinternational.com\/wp-content\/uploads\/2025\/09\/Ecuador-3-300x168.jpg 300w, https:\/\/www.sisinternational.com\/wp-content\/uploads\/2025\/09\/Ecuador-3-1024x574.jpg 1024w, https:\/\/www.sisinternational.com\/wp-content\/uploads\/2025\/09\/Ecuador-3-768x430.jpg 768w, https:\/\/www.sisinternational.com\/wp-content\/uploads\/2025\/09\/Ecuador-3-18x10.jpg 18w\" sizes=\"auto, (max-width: 1456px) 100vw, 1456px\"><\/figure>\n\n\n\n<p><\/p>\n\n\n\n<hr class=\"wp-block-separator has-alpha-channel-opacity is-style-dots\"\/>\n\n\n\n<h2 class=\"wp-block-heading\" id=\"with-a-name-derived-from-the-equator-ecuador-is-a-country-with-a-pretty-diversified-economy\">Com nome derivado do equador, o Equador \u00e9 um pa\u00eds com uma economia bastante diversificada.<\/h2>\n\n\n\n<p>Com uma popula\u00e7\u00e3o de 17 milh\u00f5es de habitantes, investir neste pa\u00eds garante a m\u00e3o de obra e o mercado necess\u00e1rios.<\/p>\n\n\n\n<p><\/p>\n\n\n\n<div class=\"wp-block-columns has-global-color-9-color has-text-color has-background has-link-color wp-elements-0e66d42729ec6df23d0029110023ffe0 is-layout-flex wp-container-core-columns-is-layout-9d6595d7 wp-block-columns-is-layout-flex\" style=\"background-color:#f7f9fa6e\">\n<div class=\"wp-block-column is-layout-flow wp-block-column-is-layout-flow\" style=\"flex-basis:18%\"><\/div>\n\n\n\n<div class=\"wp-block-column is-vertically-aligned-center is-layout-flow wp-block-column-is-layout-flow\" style=\"flex-basis:71.28%\">\n<div class=\"wp-block-rank-math-toc-block aligncenter has-global-color-9-color has-text-color has-link-color wp-elements-7781e3ec9523e89e02912c0e412aded7\" style=\"font-size:16px\" id=\"rank-math-toc\"><h2><br><strong>T<\/strong>able of Contents<\/h2><nav><ul><li class=\"\"><a href=\"#with-a-name-derived-from-the-equator-ecuador-is-a-country-with-a-pretty-diversified-economy\">Com nome derivado do equador, o Equador \u00e9 um pa\u00eds com uma economia bastante diversificada.<\/a><\/li><li class=\"\"><a href=\"#ecuadors-strategic-industries\">Ind\u00fastrias Estrat\u00e9gicas do Equador<\/a><\/li><li class=\"\"><a href=\"#investment-opportunities-in-ecuador\">Oportunidades de investimento no Equador<\/a><\/li><li class=\"\"><a href=\"#challenges-facing-ecuadors-economy\">Desafios enfrentados pela economia do Equador<\/a><\/li><li class=\"\"><a href=\"#ecuadors-economic-hubs\">Centros Econ\u00f4micos do Equador<\/a><\/li><\/ul><\/nav><\/div>\n<\/div>\n<\/div>\n\n\n\n<p><\/p>\n\n\n\n<h2 class=\"wp-block-heading\" id=\"ecuadors-strategic-industries\">Ind\u00fastrias Estrat\u00e9gicas do Equador<\/h2>\n\n\n\n<p>Depois de testemunhar mudan\u00e7as nas tend\u00eancias do mercado global, o Equador diversificou a sua economia atrav\u00e9s do desenvolvimento dos seus sectores de produ\u00e7\u00e3o e servi\u00e7os.<\/p>\n\n\n\n<h3 class=\"wp-block-heading\">Ind\u00fastria Petrol\u00edfera no Equador<\/h3>\n\n\n\n<figure class=\"gb-block-image gb-block-image-fc4f21a4\"><img loading=\"lazy\" decoding=\"async\" width=\"1456\" height=\"816\" class=\"gb-image gb-image-fc4f21a4\" src=\"https:\/\/www.sisinternational.com\/wp-content\/uploads\/2025\/09\/Ecuador-2.jpg\" alt=\"Pesquisa e Estrat\u00e9gia de Mercado Internacional da SIS\" title=\"Ecuador (2)\" srcset=\"https:\/\/www.sisinternational.com\/wp-content\/uploads\/2025\/09\/Ecuador-2.jpg 1456w, https:\/\/www.sisinternational.com\/wp-content\/uploads\/2025\/09\/Ecuador-2-300x168.jpg 300w, https:\/\/www.sisinternational.com\/wp-content\/uploads\/2025\/09\/Ecuador-2-1024x574.jpg 1024w, https:\/\/www.sisinternational.com\/wp-content\/uploads\/2025\/09\/Ecuador-2-768x430.jpg 768w, https:\/\/www.sisinternational.com\/wp-content\/uploads\/2025\/09\/Ecuador-2-18x10.jpg 18w\" sizes=\"auto, (max-width: 1456px) 100vw, 1456px\"><\/figure>\n\n\n\n<p><\/p>\n\n\n\n<p>Embora o Equador n\u00e3o esteja entre os principais produtores de petr\u00f3leo, o petr\u00f3leo bruto \u00e9 o seu produto de exporta\u00e7\u00e3o mais valioso. Produzindo cerca de meio milh\u00e3o de barris de petr\u00f3leo por dia, tem reservas comprovadas de petr\u00f3leo de quase 8,3 mil milh\u00f5es de barris.<\/p>\n\n\n\n<p>Embora a extrac\u00e7\u00e3o seja relativamente acess\u00edvel, o transporte do petr\u00f3leo aumenta muito o custo da exporta\u00e7\u00e3o. A infra-estrutura de oleodutos do pa\u00eds est\u00e1 a envelhecer, algo que poder\u00e1 afectar as receitas do pa\u00eds provenientes da ind\u00fastria petrol\u00edfera.<\/p>\n\n\n\n<h3 class=\"wp-block-heading\">Processamento de Alimentos no Equador<\/h3>\n\n\n\n<p>O processamento de alimentos representa mais de metade da ind\u00fastria n\u00e3o petrol\u00edfera, contribuindo com cerca de 10% para o PIB do pa\u00eds. A ind\u00fastria consiste tanto no processamento de alimentos s\u00f3lidos quanto no processamento e embalagem de bebidas.<br>Over half of the processed products are fish and meat, which are mostly for export. Processed cereals as well as <a href=\"https:\/\/www.sisinternational.com\/pt\/global-beverage-market\/\" title=\"Global Beverage Market: Market Dynamics, Growth Projections &amp; Consumer Insights\"  data-wpil-monitor-id=\"11306\">beverages are mostly for the local market<\/a>.<\/p>\n\n\n\n<h3 class=\"wp-block-heading\">Ind\u00fastria T\u00eaxtil no Equador<\/h3>\n\n\n\n<p>The textiles industry ranks second in employee numbers. It produced for the domestic <a href=\"https:\/\/www.sisinternational.com\/pt\/pericia\/industrias\/pesquisa-de-mercado-de-pais-de-mercado-fronteirico\/\" title=\"Pesquisa de mercado do pa\u00eds de mercado fronteiri\u00e7o\"  data-wpil-monitor-id=\"11307\">market until after the country<\/a> started using the US dollar as its currency.<\/p>\n\n\n\n<p>The industry has been growing at double-digit rates with its success attributed to producing both fabric and yarn. The <a href=\"https:\/\/www.sisinternational.com\/pt\/pericia\/industrias\/pesquisa-de-mercado-industrial\/\" title=\"Pesquisa e Estrat\u00e9gia de Mercado Industrial\"  data-wpil-monitor-id=\"11309\">industry is dominated by SMEs and market<\/a> entry is relatively easy. This has however made the industry highly competitive.<\/p>\n\n\n\n<h3 class=\"wp-block-heading\">Minera\u00e7\u00e3o no Equador<\/h3>\n\n\n\n<p>O Equador \u00e9 uma economia mineira cujos principais metais s\u00e3o o ouro e a prata. As maiores minas do pa\u00eds s\u00e3o as minas Zaruma e Cascabel. Zaruma produziu milh\u00f5es de on\u00e7as de ouro, enquanto Cascabel tem mais de 2 bilh\u00f5es de toneladas de minerais e recursos naturais.<\/p>\n\n\n\n<p>A minera\u00e7\u00e3o de cobre tem o potencial de melhorar significativamente as perspectivas econ\u00f3micas do Equador. Dado que o metal conduz calor e eletricidade de forma eficiente, a sua procura est\u00e1 a aumentar devido ao crescente interesse pelas energias renov\u00e1veis.<\/p>\n\n\n\n<p><\/p>\n\n\n\n<!DOCTYPE html>\n<html lang=\"en\">\n<head>\n    <meta charset=\"UTF-8\">\n    <meta name=\"viewport\" content=\"width=device-width, initial-scale=1.0\">\n    <title>Ecuador Market Data<\/title>\n    <style>\n        \/* Responsive Table & SIS International-inspired Styling\n          - Uses corporate blue and a clean, sans-serif font.\n          - Fully responsive design ensures no page distortion on any device.\n        *\/\n        \n        .sis-table-container {\n            font-family: -apple-system, BlinkMacSystemFont, \"Segoe UI\", Roboto, Helvetica, Arial, sans-serif;\n            margin: 2em 0;\n            width: 100%;\n            \/* Allows horizontal scroll on small screens to prevent page distortion *\/\n            overflow-x: auto;\n            -webkit-overflow-scrolling: touch; \/* Smooth scrolling on iOS *\/\n        }\n\n        .sis-table-container h3 {\n            font-size: 1.5rem; \/* 24px *\/\n            font-weight: 600;\n            color: #333;\n            margin-bottom: 0.75em;\n            padding: 0;\n        }\n\n        .sis-table {\n            width: 100%;\n            border-collapse: collapse;\n            min-width: 600px; \/* Ensures table structure holds, container scrolls if needed *\/\n        }\n\n        .sis-table th,\n        .sis-table td {\n            padding: 12px 15px;\n            text-align: left;\n            line-height: 1.5;\n        }\n\n        \/* Header Styling *\/\n        .sis-table thead th {\n            background-color: #005cbf; \/* SIS corporate blue *\/\n            color: #ffffff;\n            font-weight: 600;\n            font-size: 0.9rem; \n            text-transform: uppercase;\n            letter-spacing: 0.5px;\n        }\n\n        \/* Body Styling *\/\n        .sis-table tbody tr {\n            border-bottom: 1px solid #ddd;\n        }\n\n        .sis-table tbody tr:nth-of-type(even) {\n            background-color: #f8f8f8; \/* Light gray alternate rows *\/\n        }\n\n        .sis-table tbody tr:last-of-type {\n            border-bottom: 2px solid #005cbf; \/* Match header blue *\/\n        }\n\n        .sis-table td {\n            color: #444;\n            font-size: 0.95rem; \n            vertical-align: top;\n        }\n        \n        \/* Align data cells *\/\n        .sis-table td:nth-child(2) {\n            text-align: right;\n            white-space: nowrap; \/* Prevents long numbers from wrapping *\/\n        }\n         .sis-table th:nth-child(2) {\n            text-align: right;\n        }\n\n        .sis-table-container .source-caption {\n            margin-top: 10px;\n            font-size: 0.85rem; \n            color: #555;\n            font-style: italic;\n        }\n\n        .sis-table-container .source-caption a {\n            color: #005cbf; \/* Match brand blue *\/\n            text-decoration: none;\n        }\n\n        .sis-table-container .source-caption a:hover {\n            text-decoration: underline;\n        }\n    <\/style>\n<\/head>\n<body>\n\n    <!-- \n      HTML for WordPress:\n      Copy and paste the code from .sis-table-container start to end into a Custom HTML block.\n    -->\n    <div class=\"sis-table-container\">\n        \n        <h3>Ecuador: Key Economic and Market Indicators<\/h3>\n\n        <table class=\"sis-table\">\n            <thead>\n                <tr>\n                    <th>Indicator<\/th>\n                    <th>Value (Recent Estimate)<\/th>\n                <\/tr>\n            <\/thead>\n            <tbody>\n                <tr>\n                    <td>National Population<\/td>\n                    <td>Over 18.2 Million<\/td>\n                <\/tr>\n                <tr>\n                    <td>Official Currency<\/td>\n                    <td>U.S. Dollar (Dollarized Economy)<\/td>\n                <\/tr>\n                <tr>\n                    <td>Prospective GDP Growth Outlook<\/td>\n                    <td>Moderate growth projection<\/td>\n                <\/tr>\n                 <tr>\n                    <td>Leading Export Products<\/td>\n                    <td>Crude Petroleum, Bananas, Shrimp, Cut Flowers, Cacao<\/td>\n                <\/tr>\n                 <tr>\n                    <td>Remittances to GDP<\/td>\n                    <td>Significant Contributor (high reliance on external income)<\/td>\n                <\/tr>\n            <\/tbody>\n        <\/table>\n\n        <p class=\"source-caption\">\n             Source: Data compiled from <a href=\"https:\/\/www.worldbank.org\/en\/country\/ecuador\" target=\"_blank\" rel=\"noopener noreferrer\">The World Bank<\/a> and recent reports from the National Institute of Statistics and Censuses (<a href=\"https:\/\/www.ecuadorencifras.gob.ec\/\" target=\"_blank\" rel=\"noopener noreferrer\">INEC<\/a>).\n        <\/p>\n\n    <\/div>\n\n<\/body>\n<\/html>\n\n\n\n\n<p><\/p>\n\n\n\n<h2 class=\"wp-block-heading\" id=\"investment-opportunities-in-ecuador\">Oportunidades de investimento no Equador<\/h2>\n\n\n\n<p>O Equador disp\u00f5e de uma m\u00e3o-de-obra qualificada e da infra-estrutura adequada para apoiar a sua economia em crescimento. A infra-estrutura portu\u00e1ria movimenta v\u00e1rios milhares de navios que transportam exporta\u00e7\u00f5es do pa\u00eds, enquanto o Aeroporto Internacional de Quito e as estradas locais fornecem acesso \u00e0s principais \u00e1reas de crescimento.<\/p>\n\n\n\n<h3 class=\"wp-block-heading\">Oportunidades de minera\u00e7\u00e3o no Equador<\/h3>\n\n\n\n<p>Apesar de ser rico em metais b\u00e1sicos e preciosos, o Equador n\u00e3o \u00e9 um importante produtor mineral. O sector, contudo, tem potencial de crescimento e o governo abriu a ind\u00fastria a investidores estrangeiros.<\/p>\n\n\n\n<p>Other than going into mineral extraction, other <a href=\"https:\/\/www.sisinternational.com\/pt\/solucoes\/consultoria-estrategica\/pesquisa-de-mercado-de-mapeamento-de-oportunidades\/\" title=\"Pesquisa de mercado de mapeamento de oportunidades\" data-wpil-monitor-id=\"11311\">opportunities in this industry include mapping<\/a>, geophysics, providing mining and safety equipment as well as mining software.<\/p>\n\n\n\n<h3 class=\"wp-block-heading\">Oportunidades do agroneg\u00f3cio no Equador<\/h3>\n\n\n\n<p>O Equador \u00e9 um dos maiores produtores mundiais de bananas, gr\u00e3os de cacau e \u00f3leo de palma. O cultivo e a exporta\u00e7\u00e3o de banana proporcionam uma forte vantagem competitiva para a ind\u00fastria e criam um excedente comercial para o pa\u00eds. No entanto, h\u00e1 espa\u00e7o para aumentar a produ\u00e7\u00e3o e a rentabilidade.<\/p>\n\n\n\n<p>O neg\u00f3cio do vinho tamb\u00e9m pode prosperar no pa\u00eds devido \u00e0s condi\u00e7\u00f5es clim\u00e1ticas ideais para o cultivo da uva. O pa\u00eds tamb\u00e9m produz abacaxi, goiaba e laranja. Como o suco fresco \u00e9 comum no Equador, o neg\u00f3cio de exporta\u00e7\u00e3o pode ser uma escolha, aproveitando o baixo custo de produ\u00e7\u00e3o.<\/p>\n\n\n\n<h3 class=\"wp-block-heading\">Oportunidades de fabrica\u00e7\u00e3o no Equador<\/h3>\n\n\n\n<p>Ecuador imports a lot of machinery and computer equipment. <a href=\"https:\/\/www.sisinternational.com\/pt\/pericia\/industrias\/pesquisa-de-mercado-de-veiculos-eletricos\/\" title=\"Pesquisa de mercado de ve\u00edculos el\u00e9tricos\" data-wpil-monitor-id=\"11313\">Vehicles and electrical<\/a> equipment are also part of the country\u2019s top imports. This shows that there is an investment opportunity in the manufacturing of these products.<\/p>\n\n\n\n<h2 class=\"wp-block-heading\" id=\"challenges-facing-ecuadors-economy\">Desafios enfrentados pela economia do Equador<\/h2>\n\n\n\n<figure class=\"gb-block-image gb-block-image-a63a7e81\"><img loading=\"lazy\" decoding=\"async\" width=\"1456\" height=\"816\" class=\"gb-image gb-image-a63a7e81\" src=\"https:\/\/www.sisinternational.com\/wp-content\/uploads\/2025\/09\/Ecuador-1.jpg\" alt=\"Pesquisa e Estrat\u00e9gia de Mercado Internacional da SIS\" title=\"Ecuador (1)\" srcset=\"https:\/\/www.sisinternational.com\/wp-content\/uploads\/2025\/09\/Ecuador-1.jpg 1456w, https:\/\/www.sisinternational.com\/wp-content\/uploads\/2025\/09\/Ecuador-1-300x168.jpg 300w, https:\/\/www.sisinternational.com\/wp-content\/uploads\/2025\/09\/Ecuador-1-1024x574.jpg 1024w, https:\/\/www.sisinternational.com\/wp-content\/uploads\/2025\/09\/Ecuador-1-768x430.jpg 768w, https:\/\/www.sisinternational.com\/wp-content\/uploads\/2025\/09\/Ecuador-1-18x10.jpg 18w\" sizes=\"auto, (max-width: 1456px) 100vw, 1456px\"><\/figure>\n\n\n\n<p><\/p>\n\n\n\n<p>As regulamenta\u00e7\u00f5es fiscais e legais no Equador s\u00e3o complexas, o que pode tornar o planejamento de neg\u00f3cios um desafio. As leis s\u00e3o muitas vezes interpretadas e aplicadas de forma inconsistente, dificultando a execu\u00e7\u00e3o dos contratos. Isso se traduz em maior risco e custo de fazer neg\u00f3cios.<\/p>\n\n\n\n<h2 class=\"wp-block-heading\" id=\"ecuadors-economic-hubs\">Centros Econ\u00f4micos do Equador<\/h2>\n\n\n\n<p>Quito, a capital do pa\u00eds, \u00e9 um cluster para investidores nos setores manufatureiro e de servi\u00e7os. Sediando sedes e escrit\u00f3rios regionais de empresas nacionais e internacionais, a cidade \u00e9 o \u00f3bvio centro de neg\u00f3cios do pa\u00eds.<\/p>\n\n\n\n<p>A cidade de Guayaquil proporciona o ambiente adequado para investimentos na agricultura, transportes e turismo. A cidade de Cuenca \u00e9 \u00f3tima para o turismo com seus artefatos hist\u00f3ricos, arquitet\u00f4nicos e arqueol\u00f3gicos que impulsionam o setor.<\/p>\n\n\n\n<p>Para obter melhores chances de sucesso empresarial no Equador, os investidores devem visitar o pa\u00eds e estabelecer conex\u00f5es com parceiros comerciais locais. Dependendo da natureza do neg\u00f3cio a ser criado, trabalhar com um agente local pode ser a melhor op\u00e7\u00e3o.<\/p>\n\n\n\n<p><a href=\"https:\/\/www.sisinternational.com\/pt\/entre-em-contato-com-a-sis-international-market-research\/\" title=\"Contate-nos\" data-wpil-monitor-id=\"11300\">A SIS International Research<\/a> can help investors make the right investment decisions by providing deep market insights. We are experienced in researching consumer interests and trends and providing our clients with business intelligence and <a href=\"https:\/\/www.sisinternational.com\/pt\/solucoes\/sis-crescimento-global\/estrategia-de-entrada-no-mercado\/\" title=\"Consultoria de entrada no mercado\" data-wpil-monitor-id=\"11302\">estrat\u00e9gias de entrada no mercado<\/a> which always work.<\/p>\n\n\n<h2>Localiza\u00e7\u00e3o de nossas instala\u00e7\u00f5es em Nova York<\/h2>\n<p><!-- \/wp:post-content --> <!-- wp:html --> <iframe loading=\"lazy\" src=\"https:\/\/www.google.com\/maps\/embed?pb=!1m18!1m12!1m3!1d3022.976188376966!2d-73.99130312499956!3d40.740549471389315!2m3!1f0!2f0!3f0!3m2!1i1024!2i768!4f13.1!3m3!1m2!1s0x89c259a15798c731%3A0xd695d09bdd495f25!2s11%20E%2022nd%20St%20FL%202%2C%20New%20York%2C%20NY%2010010%2C%20USA!5e0!3m2!1sen!2spe!4v1726171763526!5m2!1sen!2spe\" width=\"600\" height=\"450\" allowfullscreen=\"allowfullscreen\" data-mce-fragment=\"1\"><\/iframe> <!-- \/wp:html --> <!-- wp:paragraph --><\/p>\n<h3 class=\"wp-block-heading\">11 E 22nd Street, andar 2, Nova York, NY 10010 T: +1(212) 505-6805<\/h3>\n<hr \/>\n<h2><span style=\"font-weight: 400;\">Sobre SIS Internacional<\/span><\/h2>\n<p><a href=\"https:\/\/www.sisinternational.com\/pt\/\"><span style=\"font-weight: 400;\">SIS Internacional<\/span><\/a><span style=\"font-weight: 400;\"> offers Quantitative, Qualitative, and Strategy Research. We provide data, tools, strategies, reports, and insights for decision-making. We also conduct interviews, surveys, focus groups, and other <a href=\"https:\/\/www.sisinternational.com\/pt\/quantitative-market-research-methods-and-techniques\/\" title=\"Quantitative Market Research Methods and Techniques\" data-wpil-monitor-id=\"11304\">Market Research methods<\/a> and approaches.<\/span><a href=\"https:\/\/www.sisinternational.com\/pt\/sobre-a-sis-international-research\/contact-sis-international-market-research\/\"><span style=\"font-weight: 400;\"> Entre em contato conosco<\/span><\/a><span style=\"font-weight: 400;\"> para o seu pr\u00f3ximo projeto de pesquisa de mercado.<\/span><\/p>\n<p><!-- wp:heading --><\/p>\n<h2 id=\"about-sis-international\" class=\"wp-block-heading\">\u00a0<\/h2><!-- \/wp:heading -->","protected":false},"excerpt":{"rendered":"<p>Fornecemos Pesquisa de Mercado no Equador, Am\u00e9rica do Sul.<\/p>","protected":false},"author":1,"featured_media":66263,"parent":14351,"menu_order":6,"comment_status":"closed","ping_status":"closed","template":"","meta":{"footnotes":""},"class_list":["post-36847","page","type-page","status-publish","has-post-thumbnail"],"_links":{"self":[{"href":"https:\/\/www.sisinternational.com\/pt\/wp-json\/wp\/v2\/pages\/36847","targetHints":{"allow":["GET"]}}],"collection":[{"href":"https:\/\/www.sisinternational.com\/pt\/wp-json\/wp\/v2\/pages"}],"about":[{"href":"https:\/\/www.sisinternational.com\/pt\/wp-json\/wp\/v2\/types\/page"}],"author":[{"embeddable":true,"href":"https:\/\/www.sisinternational.com\/pt\/wp-json\/wp\/v2\/users\/1"}],"replies":[{"embeddable":true,"href":"https:\/\/www.sisinternational.com\/pt\/wp-json\/wp\/v2\/comments?post=36847"}],"version-history":[{"count":6,"href":"https:\/\/www.sisinternational.com\/pt\/wp-json\/wp\/v2\/pages\/36847\/revisions"}],"predecessor-version":[{"id":81843,"href":"https:\/\/www.sisinternational.com\/pt\/wp-json\/wp\/v2\/pages\/36847\/revisions\/81843"}],"up":[{"embeddable":true,"href":"https:\/\/www.sisinternational.com\/pt\/wp-json\/wp\/v2\/pages\/14351"}],"wp:featuredmedia":[{"embeddable":true,"href":"https:\/\/www.sisinternational.com\/pt\/wp-json\/wp\/v2\/media\/66263"}],"wp:attachment":[{"href":"https:\/\/www.sisinternational.com\/pt\/wp-json\/wp\/v2\/media?parent=36847"}],"curies":[{"name":"wp","href":"https:\/\/api.w.org\/{rel}","templated":true}]}}