{"id":36735,"date":"2021-02-17T05:06:23","date_gmt":"2021-02-17T05:06:23","guid":{"rendered":"https:\/\/www.sisinternational.com\/?page_id=36735"},"modified":"2026-01-27T15:23:53","modified_gmt":"2026-01-27T20:23:53","slug":"pesquisa-de-mercado-na-argentina","status":"publish","type":"page","link":"https:\/\/www.sisinternational.com\/pt\/cobertura\/latin-america\/pesquisa-de-mercado-na-america-latina\/pesquisa-de-mercado-na-argentina\/","title":{"rendered":"Pesquisa de mesa na Argentina"},"content":{"rendered":"<h1 class=\"wp-block-heading\">Pesquisa de mesa na Argentina<\/h1>\n\n\n\n<figure class=\"gb-block-image gb-block-image-9ea6dda6\"><img loading=\"lazy\" decoding=\"async\" width=\"1456\" height=\"816\" class=\"gb-image gb-image-9ea6dda6\" src=\"https:\/\/www.sisinternational.com\/wp-content\/uploads\/2025\/09\/Argentina-1.jpg\" alt=\"Pesquisa e Estrat\u00e9gia de Mercado Internacional da SIS\" title=\"Argentina (1)\" srcset=\"https:\/\/www.sisinternational.com\/wp-content\/uploads\/2025\/09\/Argentina-1.jpg 1456w, https:\/\/www.sisinternational.com\/wp-content\/uploads\/2025\/09\/Argentina-1-300x168.jpg 300w, https:\/\/www.sisinternational.com\/wp-content\/uploads\/2025\/09\/Argentina-1-1024x574.jpg 1024w, https:\/\/www.sisinternational.com\/wp-content\/uploads\/2025\/09\/Argentina-1-768x430.jpg 768w, https:\/\/www.sisinternational.com\/wp-content\/uploads\/2025\/09\/Argentina-1-18x10.jpg 18w\" sizes=\"auto, (max-width: 1456px) 100vw, 1456px\"><\/figure>\n\n\n\n<p><\/p>\n\n\n\n<h3 class=\"wp-block-heading\">Entender as mudan\u00e7as econ\u00f4micas e as diversas prefer\u00eancias regionais da Argentina \u00e9 crucial. \u00c9 por isso que a pesquisa de mesa na Argentina d\u00e1 \u00e0s empresas as ferramentas de que precisam para ter sucesso.<\/h3>\n\n\n\n<p>O cen\u00e1rio empresarial da Argentina oferece imensas oportunidades, e a pesquisa documental \u00e9 uma ferramenta essencial para capitaliz\u00e1-las. Os fatores culturais e econ\u00f4micos \u00fanicos do pa\u00eds exigem uma abordagem personalizada que somente a pesquisa documental pode fornecer.<\/p>\n\n\n\n<h2 class=\"wp-block-heading\">O que \u00e9 pesquisa documental na Argentina e por que ela \u00e9 importante?<\/h2>\n\n\n\n<p>Through desk research in Argentina, businesses can gain insights into consumer needs, preferences, and behaviors, allowing them to adjust their products and services accordingly. This ensures that offerings resonate with the local audience. <a class=\"wpil_keyword_link\" href=\"https:\/\/www.sisinternational.com\/pt\/beneficios-da-pesquisa-documental-na-analise-de-mercado\/\"   title=\"Benef\u00edcios da pesquisa de mesa na an\u00e1lise de mercado\" data-wpil-keyword-link=\"linked\"  data-wpil-monitor-id=\"750\">Pesquisa de mesa<\/a> also helps companies identify industry trends, anticipate changes, and make informed strategic decisions.<\/p>\n\n\n\n<p>Desk research in <a href=\"https:\/\/www.sisinternational.com\/pt\/pericia\/industrias\/pesquisa-de-mercado-de-telemetria\/\" title=\"Pesquisa de mercado de telemetria\"  data-wpil-monitor-id=\"5710\">Argentina<\/a> helps businesses accurately assess market demand, identify target audiences, and tailor their offerings to meet local preferences. Argentina&#8217;s cultural diversity means that consumer behaviors and preferences can vary significantly between regions, making it important for brands to develop campaigns that connect with different segments.<\/p>\n\n\n\n<p>Al\u00e9m disso, a pesquisa de mesa fornece insights sobre o ambiente regulat\u00f3rio, os desafios econ\u00f4micos e o cen\u00e1rio competitivo da Argentina. Essas informa\u00e7\u00f5es ajudam as empresas a navegar por obst\u00e1culos potenciais e se posicionar de forma eficaz.<\/p>\n\n\n\n<h2 class=\"wp-block-heading\"><strong>Nossa an\u00e1lise e recomenda\u00e7\u00f5es atuais do mercado<\/strong><\/h2>\n\n\n\n<p>Recomendamos que as empresas adaptem suas ofertas para destacar op\u00e7\u00f5es de custo-benef\u00edcio, pr\u00e1ticas ecologicamente corretas e engajamento digital. Os setores de tecnologia, agricultura e turismo mostram forte potencial de crescimento, e a pesquisa de mesa na Argentina \u00e9 crucial para identificar oportunidades dentro dessas ind\u00fastrias.<\/p>\n\n\n\n<p>We also emphasize the importance of understanding Argentina&#8217;s regulatory landscape. Navigating local regulations can be challenging, and compliance is critical to avoiding setbacks. A proactive approach to regulatory <a href=\"https:\/\/www.sisinternational.com\/pt\/cobertura\/pesquisa-de-mercado-asia\/pesquisa-de-mercado-nauru\/\" title=\"Pesquisa de mercado em Nauru\"  data-wpil-monitor-id=\"5724\">research and market<\/a> analysis will help businesses establish a successful presence in Argentina.<\/p>\n\n\n\n<h2 class=\"wp-block-heading\"><strong>Principais atra\u00e7\u00f5es tur\u00edsticas da Argentina<\/strong><\/h2>\n\n\n\n<p>Pesquisa de mesa na Argentina destaca v\u00e1rias atra\u00e7\u00f5es tur\u00edsticas principais que atraem milh\u00f5es de visitantes a cada ano. Aqui est\u00e3o cinco atra\u00e7\u00f5es principais:<\/p>\n\n\n\n<ul class=\"wp-block-list\">\n<li><strong>Buenos Aires<\/strong>:A capital Buenos Aires \u00e9 conhecida por sua cultura vibrante, bairros hist\u00f3ricos como San Telmo e La Boca e locais ic\u00f4nicos como o Obelisco e o Teatro Col\u00f3n.<\/li>\n\n\n\n<li><strong>Cataratas do Igua\u00e7u<\/strong>: Uma das maravilhas naturais mais impressionantes do mundo, as Cataratas do Igua\u00e7u ficam na fronteira entre a Argentina e o Brasil. \u00c9 uma grande atra\u00e7\u00e3o para turistas que buscam paisagens de tirar o f\u00f4lego e aventura.<\/li>\n\n\n\n<li><strong>Patag\u00f4nia<\/strong>: Esta vasta regi\u00e3o oferece paisagens incr\u00edveis, desde geleiras em El Calafate at\u00e9 as montanhas de Bariloche. \u00c9 um destino de topo para entusiastas da natureza e aventureiros.<\/li>\n\n\n\n<li><strong>Mendoza<\/strong>: A regi\u00e3o vin\u00edcola de Mendoza \u00e9 famosa por seus vinhos Malbec e vinhedos c\u00eanicos. Ela atrai amantes de vinho e turistas interessados em vivenciar a cultura vin\u00edcola da Argentina.<\/li>\n\n\n\n<li><strong>Glaciar Perito Moreno<\/strong>: Localizado no Parque Nacional Los Glaciares, o Glaciar Perito Moreno \u00e9 um dos poucos glaciares em avan\u00e7o no mundo. \u00c9 uma atra\u00e7\u00e3o popular para turistas que visitam as regi\u00f5es do sul da Argentina.<\/li>\n<\/ul>\n\n\n\n<h2 class=\"wp-block-heading\">As Ind\u00fastrias Estrat\u00e9gicas da Argentina<\/h2>\n\n\n\n<p>A economia da Argentina \u00e9 impulsionada principalmente pelos setores de manufatura, agricultura e servi\u00e7os.<\/p>\n\n\n\n<h3 class=\"wp-block-heading\">Agricultura na Argentina<\/h3>\n\n\n\n<p>A Argentina \u00e9 uma produtora l\u00edder de alimentos no mundo. As ind\u00fastrias de produ\u00e7\u00e3o agr\u00edcola e pecu\u00e1ria do pa\u00eds exportam para os vizinhos Brasil e Chile, bem como para os Estados Unidos, Vietn\u00e3 e China.<\/p>\n\n\n\n<p>As principais exporta\u00e7\u00f5es da Argentina incluem farelo e \u00f3leo de soja, milho, trigo, farelo e carne bovina. A cria\u00e7\u00e3o de gado influenciou o crescimento dos neg\u00f3cios de couro e peles, incluindo o processamento local de couro. A Argentina tamb\u00e9m est\u00e1 entre os maiores produtores de vinho do mundo.<\/p>\n\n\n\n<h3 class=\"wp-block-heading\">Fabrica\u00e7\u00e3o na Argentina<\/h3>\n\n\n\n<p>A ind\u00fastria de manufatura \u00e9 uma grande contribuidora para o PIB da Argentina. Ela fabrica eletr\u00f4nicos e eletrodom\u00e9sticos para mercados locais e globais e tem experimentado algum crescimento. O aumento do uso da internet ajudou ainda mais a ind\u00fastria ao ampliar a base de clientes por meio do com\u00e9rcio eletr\u00f4nico.<br>Textile manufacturing has provided growth opportunities for the clothing sector. The country has a thriving fashion industry that creates a ready <a href=\"https:\/\/www.sisinternational.com\/pt\/analise-da-industria-textil\/\" title=\"Pesquisa de Mercado T\u00eaxtil\"  data-wpil-monitor-id=\"7325\">market for textile<\/a> manufacturers. There have also been gains from purchases by international fashion designers.<\/p>\n\n\n\n<h3 class=\"wp-block-heading\">Turismo na Argentina<\/h3>\n\n\n\n<p>O turismo est\u00e1 se tornando cada vez mais importante \u00e0 medida que o pa\u00eds constr\u00f3i sua ind\u00fastria de servi\u00e7os. Visitantes estrangeiros est\u00e3o ajudando a aumentar o turismo apoiando outros setores como hot\u00e9is, passeios e viagens. Os principais locais tur\u00edsticos incluem as Cataratas do Igua\u00e7u e as esta\u00e7\u00f5es de esqui de San Carlos de Bariloche. Buenos Aires, uma das cidades mais populosas da regi\u00e3o, recebe turistas que a visitam por sua heran\u00e7a cultural e carnavais. Visitantes que buscam aventura na Argentina visitam a Patag\u00f4nia e a Terra do Fogo.<\/p>\n\n\n\n<figure class=\"gb-block-image gb-block-image-17809ffc\"><img loading=\"lazy\" decoding=\"async\" width=\"1456\" height=\"816\" class=\"gb-image gb-image-17809ffc\" src=\"https:\/\/www.sisinternational.com\/wp-content\/uploads\/2025\/09\/Argentina-2.jpg\" alt=\"Pesquisa e Estrat\u00e9gia de Mercado Internacional da SIS\" title=\"Argentina (2)\" srcset=\"https:\/\/www.sisinternational.com\/wp-content\/uploads\/2025\/09\/Argentina-2.jpg 1456w, https:\/\/www.sisinternational.com\/wp-content\/uploads\/2025\/09\/Argentina-2-300x168.jpg 300w, https:\/\/www.sisinternational.com\/wp-content\/uploads\/2025\/09\/Argentina-2-1024x574.jpg 1024w, https:\/\/www.sisinternational.com\/wp-content\/uploads\/2025\/09\/Argentina-2-768x430.jpg 768w, https:\/\/www.sisinternational.com\/wp-content\/uploads\/2025\/09\/Argentina-2-18x10.jpg 18w\" sizes=\"auto, (max-width: 1456px) 100vw, 1456px\"><\/figure>\n\n\n\n<p><\/p>\n\n\n\n<h2 class=\"wp-block-heading\">Oportunidades de neg\u00f3cios na Argentina<\/h2>\n\n\n\n<p>Problemas econ\u00f4micos passados e as pol\u00edticas favor\u00e1veis aos neg\u00f3cios do governo est\u00e3o criando uma oportunidade para empresas estrangeiras investirem na Argentina. Os investidores tamb\u00e9m t\u00eam acesso a um mercado que inclui os pa\u00edses vizinhos da Am\u00e9rica Latina, j\u00e1 que a Argentina \u00e9 membro do Mercosul.<\/p>\n\n\n\n<h3 class=\"wp-block-heading\">Oportunidades no setor de TIC<\/h3>\n\n\n\n<p>Com uma popula\u00e7\u00e3o de mais de 40 milh\u00f5es, uma grande parcela dela jovem e educada, a Argentina \u00e9 tanto um mercado quanto uma fonte de capital humano para empresas. A penetra\u00e7\u00e3o e o uso da Internet s\u00e3o altos, e o governo est\u00e1 implementando pol\u00edticas voltadas para aumentar a absor\u00e7\u00e3o tecnol\u00f3gica.<\/p>\n\n\n\n<p>Os argentinos tamb\u00e9m demonstraram grande interesse no Bitcoin, o que fornece uma oportunidade para neg\u00f3cios de criptomoedas. Stablecoins podem ser usadas para diversificar investimentos, considerando as muitas vezes em que o Peso enfraqueceu em valor.<\/p>\n\n\n\n<h3 class=\"wp-block-heading\">Oportunidades de fabrica\u00e7\u00e3o na Argentina<\/h3>\n\n\n\n<p>Cerca de 50% das importa\u00e7\u00f5es da Argentina em valor consistem em m\u00e1quinas e equipamentos de transporte. Isso aponta para uma oferta insuficiente das ind\u00fastrias locais, o que \u00e9 em si uma oportunidade para as empresas de manufatura preencherem a lacuna.<\/p>\n\n\n\n<p>Provedores de servi\u00e7os financeiros internacionais se comprometeram a dar suporte a projetos de infraestrutura como novas estradas, portos e servi\u00e7os p\u00fablicos. Isso melhorar\u00e1 a log\u00edstica e ajudar\u00e1 as empresas a alcan\u00e7ar mais clientes locais e internacionais.<\/p>\n\n\n\n<h2 class=\"wp-block-heading\"><strong>Desafios de mercado na Argentina<\/strong><\/h2>\n\n\n\n<p>Apesar de suas oportunidades, a pesquisa de mesa na Argentina identifica v\u00e1rios desafios que as empresas devem navegar. Entre eles:<\/p>\n\n\n\n<ol start=\"1\" class=\"wp-block-list\">\n<li><strong>Instabilidade econ\u00f4mica<\/strong>: A Argentina tem enfrentado instabilidade econ\u00f4mica, incluindo infla\u00e7\u00e3o e flutua\u00e7\u00f5es cambiais, o que pode afetar as opera\u00e7\u00f5es comerciais.<\/li>\n\n\n\n<li><strong>Complexidade Regulat\u00f3ria<\/strong>:Navegar pelo ambiente regulat\u00f3rio da Argentina pode ser desafiador, principalmente para empresas estrangeiras n\u00e3o familiarizadas com as leis locais.<\/li>\n\n\n\n<li><strong>Impostos altos<\/strong>:As altas taxas de impostos da Argentina podem ser uma barreira para empresas que buscam estabelecer ou expandir opera\u00e7\u00f5es.<\/li>\n\n\n\n<li><strong>Acesso ao Financiamento<\/strong>: O acesso ao financiamento pode ser limitado, especialmente para pequenas e m\u00e9dias empresas, afetando sua capacidade de crescimento.<\/li>\n\n\n\n<li><strong>Desafios do mercado de trabalho<\/strong>:As leis trabalhistas na Argentina podem ser complexas, e as empresas podem enfrentar desafios relacionados a custos e regulamenta\u00e7\u00f5es trabalhistas.<\/li>\n\n\n\n<li><strong>Burocracia<\/strong>: Inefici\u00eancias burocr\u00e1ticas podem levar a atrasos nos processos de neg\u00f3cios, impactando a velocidade de entrada no mercado e as opera\u00e7\u00f5es.<\/li>\n\n\n\n<li><strong>Incerteza Pol\u00edtica<\/strong>: Mudan\u00e7as pol\u00edticas e incertezas podem afetar o ambiente de neg\u00f3cios, tornando importante que as empresas se mantenham informadas e se adaptem adequadamente.<\/li>\n<\/ol>\n\n\n\n<h2 class=\"wp-block-heading\">Principais clusters de neg\u00f3cios na Argentina<\/h2>\n\n\n\n<figure class=\"gb-block-image gb-block-image-65d442f1\"><img loading=\"lazy\" decoding=\"async\" width=\"1456\" height=\"816\" class=\"gb-image gb-image-65d442f1\" src=\"https:\/\/www.sisinternational.com\/wp-content\/uploads\/2025\/09\/Argentina-3.jpg\" alt=\"Pesquisa e Estrat\u00e9gia de Mercado Internacional da SIS\" title=\"Argentina (3)\" srcset=\"https:\/\/www.sisinternational.com\/wp-content\/uploads\/2025\/09\/Argentina-3.jpg 1456w, https:\/\/www.sisinternational.com\/wp-content\/uploads\/2025\/09\/Argentina-3-300x168.jpg 300w, https:\/\/www.sisinternational.com\/wp-content\/uploads\/2025\/09\/Argentina-3-1024x574.jpg 1024w, https:\/\/www.sisinternational.com\/wp-content\/uploads\/2025\/09\/Argentina-3-768x430.jpg 768w, https:\/\/www.sisinternational.com\/wp-content\/uploads\/2025\/09\/Argentina-3-18x10.jpg 18w\" sizes=\"auto, (max-width: 1456px) 100vw, 1456px\"><\/figure>\n\n\n\n<p><\/p>\n\n\n\n<p>The capital, Buenos Aires, is one of the best business locations in Argentina. Apart from its financial services and tech startups, its rich cultural life, museums, and monuments, and nightlife make it one of the top tourist destinations in the country.<\/p>\n\n\n\n<p>Os Pampas e C\u00f3rdoba s\u00e3o clusters estrat\u00e9gicos para empresas agr\u00edcolas e industriais, respectivamente.<\/p>\n\n\n\n<h2 class=\"wp-block-heading\"><strong>Como a Desk Research da SIS International na Argentina ajuda as empresas<\/strong><\/h2>\n\n\n\n<p>Mesa do SIS Internacional <a href=\"https:\/\/www.linkedin.com\/pulse\/how-market-research-enables-growth-ruth-stanat-phekf\/\" target=\"_blank\" rel=\"noopener\"><span style=\"font-weight: 400;\">pesquisar<\/span><\/a> na Argentina abrange setores-chave, prefer\u00eancias do consumidor e tend\u00eancias de mercado, ajudando empresas a desenvolver estrat\u00e9gias que ressoem com o mercado local. Ao fazer parceria com a SIS International, as empresas podem se beneficiar de:<\/p>\n\n\n\n<ul class=\"wp-block-list\">\n<li><strong>Melhor compreens\u00e3o do mercado<\/strong>: O SIS ajuda as empresas a entender completamente o mercado argentino, incluindo comportamentos dos consumidores locais e influ\u00eancias culturais.<\/li>\n\n\n\n<li><strong>Tomada de decis\u00e3o informada<\/strong>: Nossa equipe permite que as empresas tomem decis\u00f5es baseadas em dados que mitigam riscos e maximizam o sucesso no mercado argentino.<\/li>\n\n\n\n<li><strong>Vantagem Competitiva<\/strong>: Ajudamos empresas a identificar tend\u00eancias e oportunidades emergentes, garantindo que elas fiquem \u00e0 frente dos concorrentes e se posicionem estrategicamente na Argentina.<\/li>\n\n\n\n<li><strong>Desenvolvimento de estrat\u00e9gia localizada<\/strong>: A SIS International auxilia empresas no desenvolvimento de estrat\u00e9gias adaptadas \u00e0 diversidade cultural e econ\u00f4mica da Argentina, alinhando produtos e marketing com as prefer\u00eancias locais.<\/li>\n\n\n\n<li><strong>Orienta\u00e7\u00e3o Regulat\u00f3ria<\/strong>: Nossos especialistas ajudam as empresas a navegar no ambiente regulat\u00f3rio da Argentina, fornecendo insights sobre conformidade com as leis nacionais e regionais.<\/li>\n\n\n\n<li><strong>Entrada Eficaz no Mercado<\/strong>:Apoiamos empresas na elabora\u00e7\u00e3o de estrat\u00e9gias eficazes de entrada no mercado, incluindo a identifica\u00e7\u00e3o dos principais pontos de entrada e a compreens\u00e3o das redes de distribui\u00e7\u00e3o na Argentina.<\/li>\n\n\n\n<li><strong>Identifica\u00e7\u00e3o de Parceria<\/strong>: Nossa pesquisa ajuda empresas a identificar parceiros, fornecedores e distribuidores locais, fortalecendo sua presen\u00e7a de mercado na Argentina.<\/li>\n\n\n\n<li><strong>Solu\u00e7\u00f5es de Pesquisa Personalizadas<\/strong>: <a href=\"https:\/\/www.linkedin.com\/company\/sisinternationalresearch\/\" target=\"_blank\" rel=\"noopener\"><span style=\"font-weight: 400;\">SIS Internacional<\/span><\/a> oferece solu\u00e7\u00f5es de pesquisa personalizadas, projetadas para atender \u00e0s necessidades espec\u00edficas de cada neg\u00f3cio e garantir o alinhamento com as demandas do mercado local.<\/li>\n\n\n\n<li><strong>Mitiga\u00e7\u00e3o de riscos<\/strong>: Ajudamos empresas a identificar riscos potenciais, incluindo desafios regulat\u00f3rios e econ\u00f4micos, e a desenvolver estrat\u00e9gias para minimizar seu impacto nas opera\u00e7\u00f5es na Argentina.<\/li>\n\n\n\n<li><strong>Crescimento sustent\u00e1vel<\/strong>: <a href=\"https:\/\/twitter.com\/SISIntlResearch\" target=\"_blank\" rel=\"noopener\"><span style=\"font-weight: 400;\">SIS<\/span><\/a> fornece insights e estrat\u00e9gias focadas no crescimento e sustentabilidade de longo prazo, ajudando empresas a se alinharem com iniciativas locais, como transforma\u00e7\u00e3o digital e engajamento da comunidade.<\/li>\n<\/ul>\n\n\n\n<h2 class=\"wp-block-heading\"><strong>Sobre SIS Internacional<\/strong><\/h2>\n\n\n\n<p><a href=\"https:\/\/www.sisinternational.com\/pt\/\"><span style=\"font-weight: 400;\">SIS Internacional<\/span><\/a><span style=\"font-weight: 400;\"> oferece pesquisa quantitativa, qualitativa e estrat\u00e9gica. Fornecemos dados, ferramentas, estrat\u00e9gias, relat\u00f3rios e insights para a tomada de decis\u00f5es. Tamb\u00e9m realizamos entrevistas, pesquisas, grupos focais e outros m\u00e9todos e abordagens de Pesquisa de Mercado.<\/span><a href=\"https:\/\/www.sisinternational.com\/pt\/sobre-a-sis-international-research\/contact-sis-international-market-research\/\"><span style=\"font-weight: 400;\"> Entre em contato conosco<\/span><\/a><span style=\"font-weight: 400;\"> para o seu pr\u00f3ximo projeto de pesquisa de mercado.<\/span><\/p>\n\n\n\n<p><\/p>","protected":false},"excerpt":{"rendered":"<p>Oferecemos Pesquisa de Mercado na Argentina.<\/p>","protected":false},"author":1,"featured_media":66205,"parent":14351,"menu_order":3,"comment_status":"closed","ping_status":"closed","template":"","meta":{"footnotes":""},"class_list":["post-36735","page","type-page","status-publish","has-post-thumbnail"],"_links":{"self":[{"href":"https:\/\/www.sisinternational.com\/pt\/wp-json\/wp\/v2\/pages\/36735","targetHints":{"allow":["GET"]}}],"collection":[{"href":"https:\/\/www.sisinternational.com\/pt\/wp-json\/wp\/v2\/pages"}],"about":[{"href":"https:\/\/www.sisinternational.com\/pt\/wp-json\/wp\/v2\/types\/page"}],"author":[{"embeddable":true,"href":"https:\/\/www.sisinternational.com\/pt\/wp-json\/wp\/v2\/users\/1"}],"replies":[{"embeddable":true,"href":"https:\/\/www.sisinternational.com\/pt\/wp-json\/wp\/v2\/comments?post=36735"}],"version-history":[{"count":10,"href":"https:\/\/www.sisinternational.com\/pt\/wp-json\/wp\/v2\/pages\/36735\/revisions"}],"predecessor-version":[{"id":80972,"href":"https:\/\/www.sisinternational.com\/pt\/wp-json\/wp\/v2\/pages\/36735\/revisions\/80972"}],"up":[{"embeddable":true,"href":"https:\/\/www.sisinternational.com\/pt\/wp-json\/wp\/v2\/pages\/14351"}],"wp:featuredmedia":[{"embeddable":true,"href":"https:\/\/www.sisinternational.com\/pt\/wp-json\/wp\/v2\/media\/66205"}],"wp:attachment":[{"href":"https:\/\/www.sisinternational.com\/pt\/wp-json\/wp\/v2\/media?parent=36735"}],"curies":[{"name":"wp","href":"https:\/\/api.w.org\/{rel}","templated":true}]}}